{"id":6694,"date":"2025-10-26T09:23:21","date_gmt":"2025-10-26T09:23:21","guid":{"rendered":"https:\/\/aquaturo.eu\/?post_type=product&#038;p=6694"},"modified":"2025-11-12T10:26:57","modified_gmt":"2025-11-12T10:26:57","slug":"oasis-dgm2-bc-utomhus","status":"publish","type":"product","link":"https:\/\/aquaturo.eu\/sv\/produkter\/oasis-dgm2-bc-utomhus\/","title":{"rendered":"Utomhus vattenstation med tv\u00e5 dricksfont\u00e4ner"},"content":{"rendered":"<h3 style=\"font-size: 28px; font-weight: bold; margin-bottom: 16px; color: #007bff;\">Oasis DGM2-BC utomhus flaskp\u00e5fyllningsstation med tv\u00e5 dricksfont\u00e4ner<\/h3>\n<p class=\"translation-block\"><strong>Oasis DGM2-BC<\/strong> \u00e4r en universell utomhus vattenstation som kombinerar en flaskp\u00e5fyllningspunkt med tv\u00e5 sidoplacerade dricksfont\u00e4ner. Denna l\u00f6sning g\u00f6r det m\u00f6jligt f\u00f6r flera anv\u00e4ndare att fylla sina flaskor eller dricka samtidigt.<\/p>\n<p>Utformad f\u00f6r platser med h\u00f6g trafik som arenor, skolor, torg, rekreationsomr\u00e5den och parker, balanserar stationen funktionalitet och h\u00e5llbarhet. Vattenfl\u00f6det styrs av mekaniska tryckknappar och kr\u00e4ver ingen elektricitet, vilket g\u00f6r installation m\u00f6jlig varhelst det finns vattenanslutning.<\/p>\n<p>H\u00f6ljet i rostfritt st\u00e5l med pulverlackerad yta ger l\u00e5ngvarigt korrosionsskydd och v\u00e4dert\u00e5lig prestanda. Enheten finns i vitt eller gr\u00f6n, vilket g\u00f6r det enkelt att anpassa den till b\u00e5de moderna offentliga milj\u00f6er och naturliga utomhusmilj\u00f6er.<\/p>\n<h4 style=\"margin-top: 32px; font-weight: bold; color: #007bff;\">Viktiga funktioner<\/h4>\n<ul style=\"margin-top: 12px; margin-bottom: 24px; line-height: 1.6;\">\n<li>Trefunktion \u2013 flaskp\u00e5fyllningspunkt med tv\u00e5 dricksfont\u00e4ner<\/li>\n<li>Utformad f\u00f6r omr\u00e5den med h\u00f6g trafik \u2013 betj\u00e4nar flera anv\u00e4ndare samtidigt<\/li>\n<li>Mekanisk aktivering \u2013 tryckknappskontroll utan behov av elektricitet<\/li>\n<li>100-mikronsfilter \u2013 minskar sediment och orenheter<\/li>\n<li>H\u00e5llbar konstruktion i rostfritt st\u00e5l med pulverlackerad finish<\/li>\n<li>Finns i gr\u00f6n eller vit<\/li>\n<\/ul>\n<p style=\"opacity: 0.9;\" class=\"translation-block\"><strong>Oasis DGM2-BC<\/strong> \u00e4r ett funktionellt och hygieniskt val f\u00f6r livliga utomhusomr\u00e5den d\u00e4r bekv\u00e4mlighet, design och h\u00e5llbarhet \u00e4r viktiga.<\/p>","protected":false},"excerpt":{"rendered":"<article class=\"text-token-text-primary w-full focus:outline-none [--shadow-height:45px] has-data-writing-block:pointer-events-none has-data-writing-block:-mt-(--shadow-height) has-data-writing-block:pt-(--shadow-height) [&amp;:has([data-writing-block])&gt;*]:pointer-events-auto [content-visibility:auto] supports-[content-visibility:auto]:[contain-intrinsic-size:auto_100lvh] scroll-mt-[calc(var(--header-height)+min(200px,max(70px,20svh)))]\" dir=\"auto\" tabindex=\"-1\" data-turn-id=\"request-WEB:114413c0-aa75-4161-b4e0-db2b0fcd5f24-28\" data-testid=\"conversation-turn-58\" data-scroll-anchor=\"true\" data-turn=\"assistant\">\n<div class=\"text-base my-auto mx-auto pb-10 [--thread-content-margin:--spacing(4)] thread-sm:[--thread-content-margin:--spacing(6)] thread-lg:[--thread-content-margin:--spacing(16)] px-(--thread-content-margin)\">\n<div class=\"[--thread-content-max-width:40rem] thread-lg:[--thread-content-max-width:48rem] mx-auto max-w-(--thread-content-max-width) flex-1 group\/turn-messages focus-visible:outline-hidden relative flex w-full min-w-0 flex-col agent-turn\" tabindex=\"-1\">\n<div class=\"flex max-w-full flex-col grow\">\n<div class=\"min-h-8 text-message relative flex w-full flex-col items-end gap-2 text-start break-words whitespace-normal [.text-message+&amp;]:mt-1\" dir=\"auto\" data-message-author-role=\"assistant\" data-message-id=\"34c111b7-ff39-4c34-8346-5d441d15c5c1\" data-message-model-slug=\"gpt-5\">\n<div class=\"flex w-full flex-col gap-1 empty:hidden first:pt-[1px]\">\n<div class=\"markdown prose dark:prose-invert w-full break-words dark markdown-new-styling\">\n<p data-start=\"1738\" data-end=\"1843\" data-is-last-node=\"\" data-is-only-node=\"\">Utomhus flaskp\u00e5fyllare med tv\u00e5 dricksfont\u00e4ner f\u00f6r starkt trafikerade omr\u00e5den.<\/p>\n<\/div>\n<\/div>\n<\/div>\n<\/div>\n<\/div>\n<\/div>\n<\/article>","protected":false},"featured_media":6754,"comment_status":"closed","ping_status":"closed","template":"","meta":[],"product_brand":[],"product_cat":[127,128,71,99,87,157,156],"product_tag":[77,76,130,79,129],"class_list":{"0":"post-6694","1":"product","2":"type-product","3":"status-publish","4":"has-post-thumbnail","6":"product_cat-outdoor-water-stations","7":"product_cat-outdoor-freestanding","8":"product_cat-water-station-combos","9":"product_cat-manual-water-station-combos","10":"product_cat-dual-water-station-combos","11":"product_cat-freestanding-water-station-combos","12":"product_cat-outdoor-water-station-combos","13":"product_tag-filler","14":"product_tag-fountain","15":"product_tag-outdoor","16":"product_tag-station","17":"product_tag-vandal-resistant","19":"first","20":"instock","21":"featured","22":"taxable","23":"shipping-taxable","24":"purchasable","25":"product-type-variable","26":"has-default-attributes"},"yoast_head":"<!-- This site is optimized with the Yoast SEO plugin v26.9 - https:\/\/yoast.com\/product\/yoast-seo-wordpress\/ -->\n<title>Outdoor water station with two drinking fountains | aquaturo<\/title>\n<meta name=\"description\" content=\"Triple outdoor station with bottle filler and two fountains \u2013 a functional, hygienic solution for high-traffic public spaces.\" \/>\n<meta name=\"robots\" content=\"index, follow, max-snippet:-1, max-image-preview:large, max-video-preview:-1\" \/>\n<link rel=\"canonical\" href=\"https:\/\/aquaturo.eu\/sv\/produkter\/oasis-dgm2-bc-utomhus\/\" \/>\n<script type=\"application\/ld+json\" class=\"yoast-schema-graph\">{\"@context\":\"https:\/\/schema.org\",\"@graph\":[{\"@type\":\"WebPage\",\"@id\":\"https:\/\/aquaturo.eu\/shop\/oasis-dgm2-bc-outdoor\/\",\"url\":\"https:\/\/aquaturo.eu\/shop\/oasis-dgm2-bc-outdoor\/\",\"name\":\"Outdoor water station with two drinking fountains | aquaturo\",\"isPartOf\":{\"@id\":\"https:\/\/aquaturo.eu\/de\/#website\"},\"primaryImageOfPage\":{\"@id\":\"https:\/\/aquaturo.eu\/shop\/oasis-dgm2-bc-outdoor\/#primaryimage\"},\"image\":{\"@id\":\"https:\/\/aquaturo.eu\/shop\/oasis-dgm2-bc-outdoor\/#primaryimage\"},\"thumbnailUrl\":\"https:\/\/aquaturo.eu\/wp-content\/uploads\/2025\/10\/DGM2-BC-GRN.jpg\",\"datePublished\":\"2025-10-26T09:23:21+00:00\",\"dateModified\":\"2025-11-12T10:26:57+00:00\",\"description\":\"Triple outdoor station with bottle filler and two fountains \u2013 a functional, hygienic solution for high-traffic public spaces.\",\"breadcrumb\":{\"@id\":\"https:\/\/aquaturo.eu\/shop\/oasis-dgm2-bc-outdoor\/#breadcrumb\"},\"inLanguage\":\"sv-SE\",\"potentialAction\":[{\"@type\":\"ReadAction\",\"target\":[\"https:\/\/aquaturo.eu\/shop\/oasis-dgm2-bc-outdoor\/\"]}]},{\"@type\":\"ImageObject\",\"inLanguage\":\"sv-SE\",\"@id\":\"https:\/\/aquaturo.eu\/shop\/oasis-dgm2-bc-outdoor\/#primaryimage\",\"url\":\"https:\/\/aquaturo.eu\/wp-content\/uploads\/2025\/10\/DGM2-BC-GRN.jpg\",\"contentUrl\":\"https:\/\/aquaturo.eu\/wp-content\/uploads\/2025\/10\/DGM2-BC-GRN.jpg\",\"width\":1200,\"height\":1200,\"caption\":\"Oasis DGM2-BC-GRN green outdoor bottle filler with dual side drinking fountains, non-electric design\"},{\"@type\":\"BreadcrumbList\",\"@id\":\"https:\/\/aquaturo.eu\/shop\/oasis-dgm2-bc-outdoor\/#breadcrumb\",\"itemListElement\":[{\"@type\":\"ListItem\",\"position\":1,\"name\":\"Home\",\"item\":\"https:\/\/aquaturo.eu\/\"},{\"@type\":\"ListItem\",\"position\":2,\"name\":\"Shop\",\"item\":\"https:\/\/aquaturo.eu\/shop\/\"},{\"@type\":\"ListItem\",\"position\":3,\"name\":\"Outdoor water station with two drinking fountains\"}]},{\"@type\":\"WebSite\",\"@id\":\"https:\/\/aquaturo.eu\/de\/#website\",\"url\":\"https:\/\/aquaturo.eu\/de\/\",\"name\":\"aquaturo\",\"description\":\"\",\"publisher\":{\"@id\":\"https:\/\/aquaturo.eu\/de\/#organization\"},\"potentialAction\":[{\"@type\":\"SearchAction\",\"target\":{\"@type\":\"EntryPoint\",\"urlTemplate\":\"https:\/\/aquaturo.eu\/de\/?s={search_term_string}\"},\"query-input\":{\"@type\":\"PropertyValueSpecification\",\"valueRequired\":true,\"valueName\":\"search_term_string\"}}],\"inLanguage\":\"sv-SE\"},{\"@type\":\"Organization\",\"@id\":\"https:\/\/aquaturo.eu\/de\/#organization\",\"name\":\"aquaturo\",\"url\":\"https:\/\/aquaturo.eu\/de\/\",\"logo\":{\"@type\":\"ImageObject\",\"inLanguage\":\"sv-SE\",\"@id\":\"https:\/\/aquaturo.eu\/de\/#\/schema\/logo\/image\/\",\"url\":\"https:\/\/aquaturo.eu\/wp-content\/uploads\/2025\/11\/aquaturo-logo-txt.png\",\"contentUrl\":\"https:\/\/aquaturo.eu\/wp-content\/uploads\/2025\/11\/aquaturo-logo-txt.png\",\"width\":652,\"height\":142,\"caption\":\"aquaturo\"},\"image\":{\"@id\":\"https:\/\/aquaturo.eu\/de\/#\/schema\/logo\/image\/\"}}]}<\/script>\n<!-- \/ Yoast SEO plugin. -->","yoast_head_json":{"title":"Utomhus vattenstation med tv\u00e5 dricksfont\u00e4ner | aquaturo","description":"Trefunktionell utomhusstation med flaskp\u00e5fyllare och tv\u00e5 dricksfont\u00e4ner \u2013 en funktionell och hygienisk l\u00f6sning f\u00f6r offentliga ytor med h\u00f6g trafik.","robots":{"index":"index","follow":"follow","max-snippet":"max-snippet:-1","max-image-preview":"max-image-preview:large","max-video-preview":"max-video-preview:-1"},"canonical":"https:\/\/aquaturo.eu\/sv\/produkter\/oasis-dgm2-bc-utomhus\/","schema":{"@context":"https:\/\/schema.org","@graph":[{"@type":"WebPage","@id":"https:\/\/aquaturo.eu\/shop\/oasis-dgm2-bc-outdoor\/","url":"https:\/\/aquaturo.eu\/shop\/oasis-dgm2-bc-outdoor\/","name":"Utomhus vattenstation med tv\u00e5 dricksfont\u00e4ner | aquaturo","isPartOf":{"@id":"https:\/\/aquaturo.eu\/de\/#website"},"primaryImageOfPage":{"@id":"https:\/\/aquaturo.eu\/shop\/oasis-dgm2-bc-outdoor\/#primaryimage"},"image":{"@id":"https:\/\/aquaturo.eu\/shop\/oasis-dgm2-bc-outdoor\/#primaryimage"},"thumbnailUrl":"https:\/\/aquaturo.eu\/wp-content\/uploads\/2025\/10\/DGM2-BC-GRN.jpg","datePublished":"2025-10-26T09:23:21+00:00","dateModified":"2025-11-12T10:26:57+00:00","description":"Trefunktionell utomhusstation med flaskp\u00e5fyllare och tv\u00e5 dricksfont\u00e4ner \u2013 en funktionell och hygienisk l\u00f6sning f\u00f6r offentliga ytor med h\u00f6g trafik.","breadcrumb":{"@id":"https:\/\/aquaturo.eu\/shop\/oasis-dgm2-bc-outdoor\/#breadcrumb"},"inLanguage":"sv-SE","potentialAction":[{"@type":"ReadAction","target":["https:\/\/aquaturo.eu\/shop\/oasis-dgm2-bc-outdoor\/"]}]},{"@type":"ImageObject","inLanguage":"sv-SE","@id":"https:\/\/aquaturo.eu\/shop\/oasis-dgm2-bc-outdoor\/#primaryimage","url":"https:\/\/aquaturo.eu\/wp-content\/uploads\/2025\/10\/DGM2-BC-GRN.jpg","contentUrl":"https:\/\/aquaturo.eu\/wp-content\/uploads\/2025\/10\/DGM2-BC-GRN.jpg","width":1200,"height":1200,"caption":"Oasis DGM2-BC-GRN green outdoor bottle filler with dual side drinking fountains, non-electric design"},{"@type":"BreadcrumbList","@id":"https:\/\/aquaturo.eu\/shop\/oasis-dgm2-bc-outdoor\/#breadcrumb","itemListElement":[{"@type":"ListItem","position":1,"name":"Home","item":"https:\/\/aquaturo.eu\/"},{"@type":"ListItem","position":2,"name":"Shop","item":"https:\/\/aquaturo.eu\/shop\/"},{"@type":"ListItem","position":3,"name":"Outdoor water station with two drinking fountains"}]},{"@type":"WebSite","@id":"https:\/\/aquaturo.eu\/de\/#website","url":"https:\/\/aquaturo.eu\/de\/","name":"aquaturo","description":"","publisher":{"@id":"https:\/\/aquaturo.eu\/de\/#organization"},"potentialAction":[{"@type":"SearchAction","target":{"@type":"EntryPoint","urlTemplate":"https:\/\/aquaturo.eu\/de\/?s={search_term_string}"},"query-input":{"@type":"PropertyValueSpecification","valueRequired":true,"valueName":"search_term_string"}}],"inLanguage":"sv-SE"},{"@type":"Organization","@id":"https:\/\/aquaturo.eu\/de\/#organization","name":"aquaturo","url":"https:\/\/aquaturo.eu\/de\/","logo":{"@type":"ImageObject","inLanguage":"sv-SE","@id":"https:\/\/aquaturo.eu\/de\/#\/schema\/logo\/image\/","url":"https:\/\/aquaturo.eu\/wp-content\/uploads\/2025\/11\/aquaturo-logo-txt.png","contentUrl":"https:\/\/aquaturo.eu\/wp-content\/uploads\/2025\/11\/aquaturo-logo-txt.png","width":652,"height":142,"caption":"aquaturo"},"image":{"@id":"https:\/\/aquaturo.eu\/de\/#\/schema\/logo\/image\/"}}]}},"_links":{"self":[{"href":"https:\/\/aquaturo.eu\/sv\/wp-json\/wp\/v2\/product\/6694","targetHints":{"allow":["GET"]}}],"collection":[{"href":"https:\/\/aquaturo.eu\/sv\/wp-json\/wp\/v2\/product"}],"about":[{"href":"https:\/\/aquaturo.eu\/sv\/wp-json\/wp\/v2\/types\/product"}],"replies":[{"embeddable":true,"href":"https:\/\/aquaturo.eu\/sv\/wp-json\/wp\/v2\/comments?post=6694"}],"wp:featuredmedia":[{"embeddable":true,"href":"https:\/\/aquaturo.eu\/sv\/wp-json\/wp\/v2\/media\/6754"}],"wp:attachment":[{"href":"https:\/\/aquaturo.eu\/sv\/wp-json\/wp\/v2\/media?parent=6694"}],"wp:term":[{"taxonomy":"product_brand","embeddable":true,"href":"https:\/\/aquaturo.eu\/sv\/wp-json\/wp\/v2\/product_brand?post=6694"},{"taxonomy":"product_cat","embeddable":true,"href":"https:\/\/aquaturo.eu\/sv\/wp-json\/wp\/v2\/product_cat?post=6694"},{"taxonomy":"product_tag","embeddable":true,"href":"https:\/\/aquaturo.eu\/sv\/wp-json\/wp\/v2\/product_tag?post=6694"}],"curies":[{"name":"wp","href":"https:\/\/api.w.org\/{rel}","templated":true}]}}