{"id":6639,"date":"2025-10-26T09:22:57","date_gmt":"2025-10-26T09:22:57","guid":{"rendered":"https:\/\/aquaturo.eu\/?post_type=product&#038;p=6639"},"modified":"2025-11-12T11:23:37","modified_gmt":"2025-11-12T11:23:37","slug":"oasis-dricksfontan","status":"publish","type":"product","link":"https:\/\/aquaturo.eu\/sv\/produkter\/oasis-dricksfontan\/","title":{"rendered":"Oasis dricksfont\u00e4n"},"content":{"rendered":"<h2 style=\"color: #007bff;\">Oasis dricksfont\u00e4n<\/h2>\n<p>Oasis dricksfont\u00e4n \u00e4r en hygienfokuserad l\u00f6sning som finns i fyra konfigurationsalternativ. Du kan v\u00e4lja mellan ber\u00f6ringsfri sensordrift eller manuell aktivering, samt kylda eller icke-kylda modeller beroende p\u00e5 milj\u00f6 och anv\u00e4ndarkrav.<\/p>\n<p>Ber\u00f6ringsfri aktivering (tillval) g\u00f6r att anv\u00e4ndaren kan dricka utan kontakt med gemensamma ytor, vilket st\u00f6djer hygien i trafikerade offentliga milj\u00f6er. Kylda modeller levererar konsekvent kallt vatten i milj\u00f6er d\u00e4r friskt och kallt vatten f\u00f6rv\u00e4ntas under dagen.<\/p>\n<p>Freshield antimikrobiellt skydd minskar bakterie- och luktuppbyggnad p\u00e5 ytor som anv\u00e4nds ofta. Rostfri topplatta och f\u00f6rst\u00e4rkt intern konstruktion ger h\u00e5llbarhet och l\u00e5ng livsl\u00e4ngd, vilket g\u00f6r font\u00e4nen l\u00e4mplig f\u00f6r daglig anv\u00e4ndning i skolor, v\u00e5rdmilj\u00f6er, arbetsplatser, transportplatser och andra inomhusmilj\u00f6er.<\/p>\n<h3 style=\"color: #007bff;\">Viktiga funktioner<\/h3>\n<ul>\n<li>Ber\u00f6ringsfri (sensoraktiverad) eller manuell aktivering<\/li>\n<li>Kylda eller icke-kylda modeller<\/li>\n<li>Freshield antimikrobiellt skydd f\u00f6r att minska bakterier och luktbildning<\/li>\n<li>Rostfri topplatta med f\u00f6rst\u00e4rkt intern struktur f\u00f6r l\u00e5ng h\u00e5llbarhet<\/li>\n<li>Justerbar str\u00e5lh\u00f6jd f\u00f6r bekv\u00e4m anv\u00e4ndning<\/li>\n<li>Energieffektiv kylning (p\u00e5 kylda modeller)<\/li>\n<li>ADA-anpassade modeller f\u00f6r universell tillg\u00e4nglighet<\/li>\n<li>100-mikron sedimentfiltrering som hj\u00e4lper till att minska synliga partiklar<\/li>\n<li>Blyfria komponenter i vattenkontakt f\u00f6r anv\u00e4ndars\u00e4kerhet<\/li>\n<li class=\"translation-block\">Kompatibel med <a href=\"https:\/\/aquaturo.eu\/sv\/produkt\/oasis-green-filter\/\" target=\"_self\">Oasis Green filter<\/a> f\u00f6r f\u00f6rb\u00e4ttrad rening och b\u00e4ttre smak<\/li>\n<\/ul>\n<p>Oasis dricksfont\u00e4n ger ren, hygienisk och tillf\u00f6rlitlig vattenl\u00f6sning f\u00f6r inomhusmilj\u00f6er d\u00e4r handsfree-anv\u00e4ndning, tillg\u00e4nglighet och l\u00e5ngvarig prestanda \u00e4r viktiga.<\/p>","protected":false},"excerpt":{"rendered":"<p>Ber\u00f6ringsfri eller manuell dricksfont\u00e4n med valfri kylning, ger hygienisk och h\u00e5llbar vattenl\u00f6sning f\u00f6r inomhusmilj\u00f6er med h\u00f6g anv\u00e4ndning.<\/p>","protected":false},"featured_media":6674,"comment_status":"closed","ping_status":"closed","template":"","meta":[],"product_brand":[],"product_cat":[107,109,111,108],"product_tag":[74,102,103,76,79],"class_list":{"0":"post-6639","1":"product","2":"type-product","3":"status-publish","4":"has-post-thumbnail","6":"product_cat-water-fountains","7":"product_cat-manual-water-fountains","8":"product_cat-contactless-water-fountains","9":"product_cat-on-wall-water-fountains","10":"product_tag-contactless","11":"product_tag-cooled","12":"product_tag-filtered","13":"product_tag-fountain","14":"product_tag-station","16":"first","17":"instock","18":"taxable","19":"shipping-taxable","20":"purchasable","21":"product-type-variable"},"yoast_head":"<!-- This site is optimized with the Yoast SEO plugin v26.9 - https:\/\/yoast.com\/product\/yoast-seo-wordpress\/ -->\n<title>Oasis drinking fountain | aquaturo<\/title>\n<meta name=\"description\" content=\"Oasis on-wall drinking fountain with IR sensor and antimicrobial protection \u2013 a durable, hygienic solution for busy public space.\" \/>\n<meta name=\"robots\" content=\"index, follow, max-snippet:-1, max-image-preview:large, max-video-preview:-1\" \/>\n<link rel=\"canonical\" href=\"https:\/\/aquaturo.eu\/sv\/produkter\/oasis-dricksfontan\/\" \/>\n<script type=\"application\/ld+json\" class=\"yoast-schema-graph\">{\"@context\":\"https:\/\/schema.org\",\"@graph\":[{\"@type\":\"WebPage\",\"@id\":\"https:\/\/aquaturo.eu\/shop\/oasis-drinking-fountain\/\",\"url\":\"https:\/\/aquaturo.eu\/shop\/oasis-drinking-fountain\/\",\"name\":\"Oasis drinking fountain | aquaturo\",\"isPartOf\":{\"@id\":\"https:\/\/aquaturo.eu\/de\/#website\"},\"primaryImageOfPage\":{\"@id\":\"https:\/\/aquaturo.eu\/shop\/oasis-drinking-fountain\/#primaryimage\"},\"image\":{\"@id\":\"https:\/\/aquaturo.eu\/shop\/oasis-drinking-fountain\/#primaryimage\"},\"thumbnailUrl\":\"https:\/\/aquaturo.eu\/wp-content\/uploads\/2025\/10\/P8ACTY.jpg\",\"datePublished\":\"2025-10-26T09:22:57+00:00\",\"dateModified\":\"2025-11-12T11:23:37+00:00\",\"description\":\"Oasis on-wall drinking fountain with IR sensor and antimicrobial protection \u2013 a durable, hygienic solution for busy public space.\",\"breadcrumb\":{\"@id\":\"https:\/\/aquaturo.eu\/shop\/oasis-drinking-fountain\/#breadcrumb\"},\"inLanguage\":\"sv-SE\",\"potentialAction\":[{\"@type\":\"ReadAction\",\"target\":[\"https:\/\/aquaturo.eu\/shop\/oasis-drinking-fountain\/\"]}]},{\"@type\":\"ImageObject\",\"inLanguage\":\"sv-SE\",\"@id\":\"https:\/\/aquaturo.eu\/shop\/oasis-drinking-fountain\/#primaryimage\",\"url\":\"https:\/\/aquaturo.eu\/wp-content\/uploads\/2025\/10\/P8ACTY.jpg\",\"contentUrl\":\"https:\/\/aquaturo.eu\/wp-content\/uploads\/2025\/10\/P8ACTY.jpg\",\"width\":1200,\"height\":1200,\"caption\":\"Oasis Versacooler P8ACTY automatic touchless drinking fountain with IR sensor and cooling system\"},{\"@type\":\"BreadcrumbList\",\"@id\":\"https:\/\/aquaturo.eu\/shop\/oasis-drinking-fountain\/#breadcrumb\",\"itemListElement\":[{\"@type\":\"ListItem\",\"position\":1,\"name\":\"Home\",\"item\":\"https:\/\/aquaturo.eu\/\"},{\"@type\":\"ListItem\",\"position\":2,\"name\":\"Shop\",\"item\":\"https:\/\/aquaturo.eu\/shop\/\"},{\"@type\":\"ListItem\",\"position\":3,\"name\":\"Oasis drinking fountain\"}]},{\"@type\":\"WebSite\",\"@id\":\"https:\/\/aquaturo.eu\/de\/#website\",\"url\":\"https:\/\/aquaturo.eu\/de\/\",\"name\":\"aquaturo\",\"description\":\"\",\"publisher\":{\"@id\":\"https:\/\/aquaturo.eu\/de\/#organization\"},\"potentialAction\":[{\"@type\":\"SearchAction\",\"target\":{\"@type\":\"EntryPoint\",\"urlTemplate\":\"https:\/\/aquaturo.eu\/de\/?s={search_term_string}\"},\"query-input\":{\"@type\":\"PropertyValueSpecification\",\"valueRequired\":true,\"valueName\":\"search_term_string\"}}],\"inLanguage\":\"sv-SE\"},{\"@type\":\"Organization\",\"@id\":\"https:\/\/aquaturo.eu\/de\/#organization\",\"name\":\"aquaturo\",\"url\":\"https:\/\/aquaturo.eu\/de\/\",\"logo\":{\"@type\":\"ImageObject\",\"inLanguage\":\"sv-SE\",\"@id\":\"https:\/\/aquaturo.eu\/de\/#\/schema\/logo\/image\/\",\"url\":\"https:\/\/aquaturo.eu\/wp-content\/uploads\/2025\/11\/aquaturo-logo-txt.png\",\"contentUrl\":\"https:\/\/aquaturo.eu\/wp-content\/uploads\/2025\/11\/aquaturo-logo-txt.png\",\"width\":652,\"height\":142,\"caption\":\"aquaturo\"},\"image\":{\"@id\":\"https:\/\/aquaturo.eu\/de\/#\/schema\/logo\/image\/\"}}]}<\/script>\n<!-- \/ Yoast SEO plugin. -->","yoast_head_json":{"title":"Oasis dricksfont\u00e4n | aquaturo","description":"Oasis v\u00e4ggmonterad dricksfont\u00e4n med IR-sensor och antimikrobiellt skydd, en h\u00e5llbar och hygienisk l\u00f6sning f\u00f6r trafikerade offentliga milj\u00f6er.","robots":{"index":"index","follow":"follow","max-snippet":"max-snippet:-1","max-image-preview":"max-image-preview:large","max-video-preview":"max-video-preview:-1"},"canonical":"https:\/\/aquaturo.eu\/sv\/produkter\/oasis-dricksfontan\/","schema":{"@context":"https:\/\/schema.org","@graph":[{"@type":"WebPage","@id":"https:\/\/aquaturo.eu\/shop\/oasis-drinking-fountain\/","url":"https:\/\/aquaturo.eu\/shop\/oasis-drinking-fountain\/","name":"Oasis dricksfont\u00e4n | aquaturo","isPartOf":{"@id":"https:\/\/aquaturo.eu\/de\/#website"},"primaryImageOfPage":{"@id":"https:\/\/aquaturo.eu\/shop\/oasis-drinking-fountain\/#primaryimage"},"image":{"@id":"https:\/\/aquaturo.eu\/shop\/oasis-drinking-fountain\/#primaryimage"},"thumbnailUrl":"https:\/\/aquaturo.eu\/wp-content\/uploads\/2025\/10\/P8ACTY.jpg","datePublished":"2025-10-26T09:22:57+00:00","dateModified":"2025-11-12T11:23:37+00:00","description":"Oasis v\u00e4ggmonterad dricksfont\u00e4n med IR-sensor och antimikrobiellt skydd, en h\u00e5llbar och hygienisk l\u00f6sning f\u00f6r trafikerade offentliga milj\u00f6er.","breadcrumb":{"@id":"https:\/\/aquaturo.eu\/shop\/oasis-drinking-fountain\/#breadcrumb"},"inLanguage":"sv-SE","potentialAction":[{"@type":"ReadAction","target":["https:\/\/aquaturo.eu\/shop\/oasis-drinking-fountain\/"]}]},{"@type":"ImageObject","inLanguage":"sv-SE","@id":"https:\/\/aquaturo.eu\/shop\/oasis-drinking-fountain\/#primaryimage","url":"https:\/\/aquaturo.eu\/wp-content\/uploads\/2025\/10\/P8ACTY.jpg","contentUrl":"https:\/\/aquaturo.eu\/wp-content\/uploads\/2025\/10\/P8ACTY.jpg","width":1200,"height":1200,"caption":"Oasis Versacooler P8ACTY automatic touchless drinking fountain with IR sensor and cooling system"},{"@type":"BreadcrumbList","@id":"https:\/\/aquaturo.eu\/shop\/oasis-drinking-fountain\/#breadcrumb","itemListElement":[{"@type":"ListItem","position":1,"name":"Home","item":"https:\/\/aquaturo.eu\/"},{"@type":"ListItem","position":2,"name":"Shop","item":"https:\/\/aquaturo.eu\/shop\/"},{"@type":"ListItem","position":3,"name":"Oasis drinking fountain"}]},{"@type":"WebSite","@id":"https:\/\/aquaturo.eu\/de\/#website","url":"https:\/\/aquaturo.eu\/de\/","name":"aquaturo","description":"","publisher":{"@id":"https:\/\/aquaturo.eu\/de\/#organization"},"potentialAction":[{"@type":"SearchAction","target":{"@type":"EntryPoint","urlTemplate":"https:\/\/aquaturo.eu\/de\/?s={search_term_string}"},"query-input":{"@type":"PropertyValueSpecification","valueRequired":true,"valueName":"search_term_string"}}],"inLanguage":"sv-SE"},{"@type":"Organization","@id":"https:\/\/aquaturo.eu\/de\/#organization","name":"aquaturo","url":"https:\/\/aquaturo.eu\/de\/","logo":{"@type":"ImageObject","inLanguage":"sv-SE","@id":"https:\/\/aquaturo.eu\/de\/#\/schema\/logo\/image\/","url":"https:\/\/aquaturo.eu\/wp-content\/uploads\/2025\/11\/aquaturo-logo-txt.png","contentUrl":"https:\/\/aquaturo.eu\/wp-content\/uploads\/2025\/11\/aquaturo-logo-txt.png","width":652,"height":142,"caption":"aquaturo"},"image":{"@id":"https:\/\/aquaturo.eu\/de\/#\/schema\/logo\/image\/"}}]}},"_links":{"self":[{"href":"https:\/\/aquaturo.eu\/sv\/wp-json\/wp\/v2\/product\/6639","targetHints":{"allow":["GET"]}}],"collection":[{"href":"https:\/\/aquaturo.eu\/sv\/wp-json\/wp\/v2\/product"}],"about":[{"href":"https:\/\/aquaturo.eu\/sv\/wp-json\/wp\/v2\/types\/product"}],"replies":[{"embeddable":true,"href":"https:\/\/aquaturo.eu\/sv\/wp-json\/wp\/v2\/comments?post=6639"}],"wp:featuredmedia":[{"embeddable":true,"href":"https:\/\/aquaturo.eu\/sv\/wp-json\/wp\/v2\/media\/6674"}],"wp:attachment":[{"href":"https:\/\/aquaturo.eu\/sv\/wp-json\/wp\/v2\/media?parent=6639"}],"wp:term":[{"taxonomy":"product_brand","embeddable":true,"href":"https:\/\/aquaturo.eu\/sv\/wp-json\/wp\/v2\/product_brand?post=6639"},{"taxonomy":"product_cat","embeddable":true,"href":"https:\/\/aquaturo.eu\/sv\/wp-json\/wp\/v2\/product_cat?post=6639"},{"taxonomy":"product_tag","embeddable":true,"href":"https:\/\/aquaturo.eu\/sv\/wp-json\/wp\/v2\/product_tag?post=6639"}],"curies":[{"name":"wp","href":"https:\/\/api.w.org\/{rel}","templated":true}]}}