{"id":6612,"date":"2025-10-26T09:22:20","date_gmt":"2025-10-26T09:22:20","guid":{"rendered":"https:\/\/aquaturo.eu\/?post_type=product&#038;p=6612"},"modified":"2025-11-20T19:42:55","modified_gmt":"2025-11-20T19:42:55","slug":"oasis-versafiller-versacooler-kombi","status":"publish","type":"product","link":"https:\/\/aquaturo.eu\/sv\/produkter\/oasis-versafiller-versacooler-kombi\/","title":{"rendered":"Oasis flaskp\u00e5fyllningsstation med dricksfont\u00e4n"},"content":{"rendered":"<h2 style=\"color: #007bff;\">Oasis Versafiller\u2013Versacooler flaskp\u00e5fyllningsstation med dricksfont\u00e4n<\/h2>\n<p>Oasis \u00e4r ett hygienfokuserat vattensystem med tolv konfigurationsalternativ anpassat f\u00f6r olika milj\u00f6er och anv\u00e4ndarkrav.<\/p>\n<p class=\"translation-block\">Flaskp\u00e5fyllningsmodulen kan utrustas med valfri <a href=\"https:\/\/aquaturo.eu\/sv\/key-teknologier-i-moderna-vattenstationer\/\" target=\"_self\">Quasar UVC-LED<\/a> rening.<br>\nDu kan ocks\u00e5 v\u00e4lja mellan ber\u00f6ringsfri (sensoraktiverad) eller manuell drift beroende p\u00e5 milj\u00f6 och anv\u00e4ndarbehov.<\/p>\n<p>B\u00e5de flaskp\u00e5fyllaren och dricksfont\u00e4nen kan konfigureras med antingen kylt eller rumstempererat vatten.<\/p>\n<p>Denna flexibilitet g\u00f6r Oasis-systemet l\u00e4mpligt i milj\u00f6er som kr\u00e4ver tillf\u00f6rlitlig prestanda, tillg\u00e4nglighet och h\u00f6ga hygienkrav.<\/p>\n<p class=\"translation-block\">Den valfria Quasar UVC-LED-steriliseringen desinficerar vattnet direkt vid tappst\u00e4llet.<br>\nBer\u00f6ringsfri aktivering (tillval) \u00f6kar hygienen genom att eliminera behovet av att r\u00f6ra gemensamma ytor.<\/p>\n<p>Freshield antimikrobiellt skydd h\u00e4mmar bakterie- och luktuppbyggnad p\u00e5 kritiska ytor, medan h\u00f6ljet i rostfritt st\u00e5l ger h\u00e5llbarhet, l\u00e5ng livsl\u00e4ngd och ett rent, modernt utseende l\u00e4mpligt f\u00f6r offentliga milj\u00f6er.<\/p>\n<h3 style=\"color: #007bff;\">Viktiga funktioner<\/h3>\n<ul>\n<li>Ber\u00f6ringsfri eller manuell aktivering f\u00f6r b\u00e5de flaskp\u00e5fyllare och dricksfont\u00e4n<\/li>\n<li>Valfri Quasar UVC-LED-rening vid tappst\u00e4llet<\/li>\n<li class=\"translation-block\"><a href=\"https:\/\/aquaturo.eu\/sv\/digitala-flaskraknare-ett-smart-satt-att-folja-hallbarhet\/\" target=\"_self\">Smart display<\/a> med flaskr\u00e4knare och filternotiser (finns p\u00e5 automatiska flaskp\u00e5fyllningsmodeller)<\/li>\n<li>Automatisk tidsavst\u00e4ngning f\u00f6r kontrollerad flaskp\u00e5fyllning<\/li>\n<li>Kylt eller rumstempererat vatten<\/li>\n<li>Freshield antimikrobiellt skydd som minskar bakterier och lukt<\/li>\n<li>H\u00e5llbar konstruktion i rostfritt st\u00e5l med blyfri vattenv\u00e4g<\/li>\n<li>Integrerad dr\u00e4nering som motverkar st\u00e5ende vatten och minskar reng\u00f6ringsbehov<\/li>\n<li>ADA-anpassade konfigurationer f\u00f6r universell tillg\u00e4nglighet<\/li>\n<li>100-mikron sedimentfiltrering som minskar synliga partiklar<\/li>\n<li class=\"translation-block\">Kompatibel med <a href=\"https:\/\/aquaturo.eu\/sv\/produkt\/oasis-green-filter\/\" target=\"_self\">Oasis Green filter<\/a> f\u00f6r f\u00f6rb\u00e4ttrad rening och smak<\/li>\n<\/ul>\n<p>Oasis-systemet ger en hygienisk, h\u00e5llbar och anv\u00e4ndarv\u00e4nlig vattenl\u00f6sning i inomhusmilj\u00f6er d\u00e4r s\u00e4kerhet och renhet \u00e4r avg\u00f6rande, vilket g\u00f6r det idealiskt f\u00f6r sjukhus, laboratorier, skolor, livsmedelsproduktion, transporthubbar, kontor och andra platser med h\u00f6g trafik som kr\u00e4ver p\u00e5litlig och tillg\u00e4nglig vattenf\u00f6rs\u00f6rjning.<\/p>","protected":false},"excerpt":{"rendered":"<p>Ber\u00f6ringsfri eller manuell flaskp\u00e5fyllning med integrerad dricksfont\u00e4n som levererar kyld och ren vattenl\u00f6sning i inomhusmilj\u00f6er med h\u00f6g trafik och hj\u00e4lper till att minska plastavfall.<\/p>","protected":false},"featured_media":6669,"comment_status":"closed","ping_status":"closed","template":"","meta":[],"product_brand":[],"product_cat":[71,99,73,72],"product_tag":[102,77,103,76,79],"class_list":{"0":"post-6612","1":"product","2":"type-product","3":"status-publish","4":"has-post-thumbnail","6":"product_cat-water-station-combos","7":"product_cat-manual-water-station-combos","8":"product_cat-contactless-water-station-combos","9":"product_cat-on-wall-water-station-combos","10":"product_tag-cooled","11":"product_tag-filler","12":"product_tag-filtered","13":"product_tag-fountain","14":"product_tag-station","16":"first","17":"instock","18":"featured","19":"taxable","20":"shipping-taxable","21":"purchasable","22":"product-type-variable"},"yoast_head":"<!-- This site is optimized with the Yoast SEO plugin v26.9 - https:\/\/yoast.com\/product\/yoast-seo-wordpress\/ -->\n<title>Oasis water bottle filling station with drinking fountain | aquaturo<\/title>\n<meta name=\"description\" content=\"Hygienic bottle filling and drinking fountain combo with optional UVC-LED purification and cooling. Designed for high-traffic indoor environments.\" \/>\n<meta name=\"robots\" content=\"index, follow, max-snippet:-1, max-image-preview:large, max-video-preview:-1\" \/>\n<link rel=\"canonical\" href=\"https:\/\/aquaturo.eu\/sv\/produkter\/oasis-versafiller-versacooler-kombi\/\" \/>\n<script type=\"application\/ld+json\" class=\"yoast-schema-graph\">{\"@context\":\"https:\/\/schema.org\",\"@graph\":[{\"@type\":\"WebPage\",\"@id\":\"https:\/\/aquaturo.eu\/shop\/oasis-versafiller-versacooler-combo\/\",\"url\":\"https:\/\/aquaturo.eu\/shop\/oasis-versafiller-versacooler-combo\/\",\"name\":\"Oasis water bottle filling station with drinking fountain | aquaturo\",\"isPartOf\":{\"@id\":\"https:\/\/aquaturo.eu\/de\/#website\"},\"primaryImageOfPage\":{\"@id\":\"https:\/\/aquaturo.eu\/shop\/oasis-versafiller-versacooler-combo\/#primaryimage\"},\"image\":{\"@id\":\"https:\/\/aquaturo.eu\/shop\/oasis-versafiller-versacooler-combo\/#primaryimage\"},\"thumbnailUrl\":\"https:\/\/aquaturo.eu\/wp-content\/uploads\/2025\/10\/PWEBQ_SSAP8ACTY.jpg\",\"datePublished\":\"2025-10-26T09:22:20+00:00\",\"dateModified\":\"2025-11-20T19:42:55+00:00\",\"description\":\"Hygienic bottle filling and drinking fountain combo with optional UVC-LED purification and cooling. Designed for high-traffic indoor environments.\",\"breadcrumb\":{\"@id\":\"https:\/\/aquaturo.eu\/shop\/oasis-versafiller-versacooler-combo\/#breadcrumb\"},\"inLanguage\":\"sv-SE\",\"potentialAction\":[{\"@type\":\"ReadAction\",\"target\":[\"https:\/\/aquaturo.eu\/shop\/oasis-versafiller-versacooler-combo\/\"]}]},{\"@type\":\"ImageObject\",\"inLanguage\":\"sv-SE\",\"@id\":\"https:\/\/aquaturo.eu\/shop\/oasis-versafiller-versacooler-combo\/#primaryimage\",\"url\":\"https:\/\/aquaturo.eu\/wp-content\/uploads\/2025\/10\/PWEBQ_SSAP8ACTY.jpg\",\"contentUrl\":\"https:\/\/aquaturo.eu\/wp-content\/uploads\/2025\/10\/PWEBQ_SSAP8ACTY.jpg\",\"width\":1200,\"height\":1200,\"caption\":\"Oasis automatic bottle filler and drinking fountain wall-mounted set, model PWEBFY_SSA+P8ACTY\"},{\"@type\":\"BreadcrumbList\",\"@id\":\"https:\/\/aquaturo.eu\/shop\/oasis-versafiller-versacooler-combo\/#breadcrumb\",\"itemListElement\":[{\"@type\":\"ListItem\",\"position\":1,\"name\":\"Home\",\"item\":\"https:\/\/aquaturo.eu\/\"},{\"@type\":\"ListItem\",\"position\":2,\"name\":\"Shop\",\"item\":\"https:\/\/aquaturo.eu\/shop\/\"},{\"@type\":\"ListItem\",\"position\":3,\"name\":\"Oasis water bottle filling station with drinking fountain\"}]},{\"@type\":\"WebSite\",\"@id\":\"https:\/\/aquaturo.eu\/de\/#website\",\"url\":\"https:\/\/aquaturo.eu\/de\/\",\"name\":\"aquaturo\",\"description\":\"\",\"publisher\":{\"@id\":\"https:\/\/aquaturo.eu\/de\/#organization\"},\"potentialAction\":[{\"@type\":\"SearchAction\",\"target\":{\"@type\":\"EntryPoint\",\"urlTemplate\":\"https:\/\/aquaturo.eu\/de\/?s={search_term_string}\"},\"query-input\":{\"@type\":\"PropertyValueSpecification\",\"valueRequired\":true,\"valueName\":\"search_term_string\"}}],\"inLanguage\":\"sv-SE\"},{\"@type\":\"Organization\",\"@id\":\"https:\/\/aquaturo.eu\/de\/#organization\",\"name\":\"aquaturo\",\"url\":\"https:\/\/aquaturo.eu\/de\/\",\"logo\":{\"@type\":\"ImageObject\",\"inLanguage\":\"sv-SE\",\"@id\":\"https:\/\/aquaturo.eu\/de\/#\/schema\/logo\/image\/\",\"url\":\"https:\/\/aquaturo.eu\/wp-content\/uploads\/2025\/11\/aquaturo-logo-txt.png\",\"contentUrl\":\"https:\/\/aquaturo.eu\/wp-content\/uploads\/2025\/11\/aquaturo-logo-txt.png\",\"width\":652,\"height\":142,\"caption\":\"aquaturo\"},\"image\":{\"@id\":\"https:\/\/aquaturo.eu\/de\/#\/schema\/logo\/image\/\"}}]}<\/script>\n<!-- \/ Yoast SEO plugin. -->","yoast_head_json":{"title":"Oasis flaskp\u00e5fyllningsstation med dricksfont\u00e4n | aquaturo","description":"Hygienisk kombination av flaskp\u00e5fyllning och dricksfont\u00e4n med valfri UVC-LED-rening och kylning. Utformad f\u00f6r trafikerade inomhusmilj\u00f6er.","robots":{"index":"index","follow":"follow","max-snippet":"max-snippet:-1","max-image-preview":"max-image-preview:large","max-video-preview":"max-video-preview:-1"},"canonical":"https:\/\/aquaturo.eu\/sv\/produkter\/oasis-versafiller-versacooler-kombi\/","schema":{"@context":"https:\/\/schema.org","@graph":[{"@type":"WebPage","@id":"https:\/\/aquaturo.eu\/shop\/oasis-versafiller-versacooler-combo\/","url":"https:\/\/aquaturo.eu\/shop\/oasis-versafiller-versacooler-combo\/","name":"Oasis flaskp\u00e5fyllningsstation med dricksfont\u00e4n | aquaturo","isPartOf":{"@id":"https:\/\/aquaturo.eu\/de\/#website"},"primaryImageOfPage":{"@id":"https:\/\/aquaturo.eu\/shop\/oasis-versafiller-versacooler-combo\/#primaryimage"},"image":{"@id":"https:\/\/aquaturo.eu\/shop\/oasis-versafiller-versacooler-combo\/#primaryimage"},"thumbnailUrl":"https:\/\/aquaturo.eu\/wp-content\/uploads\/2025\/10\/PWEBQ_SSAP8ACTY.jpg","datePublished":"2025-10-26T09:22:20+00:00","dateModified":"2025-11-20T19:42:55+00:00","description":"Hygienisk kombination av flaskp\u00e5fyllning och dricksfont\u00e4n med valfri UVC-LED-rening och kylning. Utformad f\u00f6r trafikerade inomhusmilj\u00f6er.","breadcrumb":{"@id":"https:\/\/aquaturo.eu\/shop\/oasis-versafiller-versacooler-combo\/#breadcrumb"},"inLanguage":"sv-SE","potentialAction":[{"@type":"ReadAction","target":["https:\/\/aquaturo.eu\/shop\/oasis-versafiller-versacooler-combo\/"]}]},{"@type":"ImageObject","inLanguage":"sv-SE","@id":"https:\/\/aquaturo.eu\/shop\/oasis-versafiller-versacooler-combo\/#primaryimage","url":"https:\/\/aquaturo.eu\/wp-content\/uploads\/2025\/10\/PWEBQ_SSAP8ACTY.jpg","contentUrl":"https:\/\/aquaturo.eu\/wp-content\/uploads\/2025\/10\/PWEBQ_SSAP8ACTY.jpg","width":1200,"height":1200,"caption":"Oasis automatic bottle filler and drinking fountain wall-mounted set, model PWEBFY_SSA+P8ACTY"},{"@type":"BreadcrumbList","@id":"https:\/\/aquaturo.eu\/shop\/oasis-versafiller-versacooler-combo\/#breadcrumb","itemListElement":[{"@type":"ListItem","position":1,"name":"Home","item":"https:\/\/aquaturo.eu\/"},{"@type":"ListItem","position":2,"name":"Shop","item":"https:\/\/aquaturo.eu\/shop\/"},{"@type":"ListItem","position":3,"name":"Oasis water bottle filling station with drinking fountain"}]},{"@type":"WebSite","@id":"https:\/\/aquaturo.eu\/de\/#website","url":"https:\/\/aquaturo.eu\/de\/","name":"aquaturo","description":"","publisher":{"@id":"https:\/\/aquaturo.eu\/de\/#organization"},"potentialAction":[{"@type":"SearchAction","target":{"@type":"EntryPoint","urlTemplate":"https:\/\/aquaturo.eu\/de\/?s={search_term_string}"},"query-input":{"@type":"PropertyValueSpecification","valueRequired":true,"valueName":"search_term_string"}}],"inLanguage":"sv-SE"},{"@type":"Organization","@id":"https:\/\/aquaturo.eu\/de\/#organization","name":"aquaturo","url":"https:\/\/aquaturo.eu\/de\/","logo":{"@type":"ImageObject","inLanguage":"sv-SE","@id":"https:\/\/aquaturo.eu\/de\/#\/schema\/logo\/image\/","url":"https:\/\/aquaturo.eu\/wp-content\/uploads\/2025\/11\/aquaturo-logo-txt.png","contentUrl":"https:\/\/aquaturo.eu\/wp-content\/uploads\/2025\/11\/aquaturo-logo-txt.png","width":652,"height":142,"caption":"aquaturo"},"image":{"@id":"https:\/\/aquaturo.eu\/de\/#\/schema\/logo\/image\/"}}]}},"_links":{"self":[{"href":"https:\/\/aquaturo.eu\/sv\/wp-json\/wp\/v2\/product\/6612","targetHints":{"allow":["GET"]}}],"collection":[{"href":"https:\/\/aquaturo.eu\/sv\/wp-json\/wp\/v2\/product"}],"about":[{"href":"https:\/\/aquaturo.eu\/sv\/wp-json\/wp\/v2\/types\/product"}],"replies":[{"embeddable":true,"href":"https:\/\/aquaturo.eu\/sv\/wp-json\/wp\/v2\/comments?post=6612"}],"wp:featuredmedia":[{"embeddable":true,"href":"https:\/\/aquaturo.eu\/sv\/wp-json\/wp\/v2\/media\/6669"}],"wp:attachment":[{"href":"https:\/\/aquaturo.eu\/sv\/wp-json\/wp\/v2\/media?parent=6612"}],"wp:term":[{"taxonomy":"product_brand","embeddable":true,"href":"https:\/\/aquaturo.eu\/sv\/wp-json\/wp\/v2\/product_brand?post=6612"},{"taxonomy":"product_cat","embeddable":true,"href":"https:\/\/aquaturo.eu\/sv\/wp-json\/wp\/v2\/product_cat?post=6612"},{"taxonomy":"product_tag","embeddable":true,"href":"https:\/\/aquaturo.eu\/sv\/wp-json\/wp\/v2\/product_tag?post=6612"}],"curies":[{"name":"wp","href":"https:\/\/api.w.org\/{rel}","templated":true}]}}