{"id":6606,"date":"2025-10-26T09:22:19","date_gmt":"2025-10-26T09:22:19","guid":{"rendered":"https:\/\/aquaturo.eu\/?post_type=product&#038;p=6606"},"modified":"2025-11-16T09:01:18","modified_gmt":"2025-11-16T09:01:18","slug":"elkay-51300c","status":"publish","type":"product","link":"https:\/\/aquaturo.eu\/sv\/produkter\/elkay-51300c\/","title":{"rendered":"Elkay WaterSentry\u00ae vattenfilter"},"content":{"rendered":"<h3 style=\"font-size: 28px; font-weight: bold; margin-bottom: 16px; color: #007bff;\">Elkay 51300C vattenfilter<\/h3>\n<p class=\"translation-block\"><strong>Elkay 51300C<\/strong> \u00e4r ett ers\u00e4ttningsfilter avsett f\u00f6r anv\u00e4ndning med Elkay ezH2O flaskp\u00e5fyllningsstationer, Liv Pro vattenautomater och WaterSentry EWF3000 filtreringssystem. Det ger p\u00e5litlig rening genom att minska bly, klor, partiklar samt o\u00f6nskad smak och lukt.<\/p>\n<p>Filtret byts med en enkel kvartsvarvsmekanism, och den inbyggda automatiska avst\u00e4ngningsventilen stoppar vattenfl\u00f6det n\u00e4r filtret tas bort, vilket g\u00f6r underh\u00e5llet snabbt och rent. Ett filter ger upp till 11 400 liter filtrerat vatten eller ungef\u00e4r ett \u00e5rs anv\u00e4ndning beroende p\u00e5 vattenkvalitet och anv\u00e4ndningsniv\u00e5.<\/p>\n<h4 style=\"margin-top: 32px; font-weight: bold; color: #007bff;\">Viktiga funktioner<\/h4>\n<ul style=\"margin-top: 12px; margin-bottom: 24px; line-height: 1.6;\">\n<li>Kompatibelt med Elkay ezH2O, Liv Pro och WaterSentry EWF3000-system<\/li>\n<li>Filterlivsl\u00e4ngd \u2013 upp till 11 400 liter eller 12 m\u00e5naders anv\u00e4ndning (det som intr\u00e4ffar f\u00f6rst)<\/li>\n<li>Kvartsvarvsbyte \u2013 snabbt och enkelt filterbyte<\/li>\n<li>Automatisk avst\u00e4ngningsventil \u2013 stoppar vattenfl\u00f6det under filterbyte<\/li>\n<li>Certifierat enligt NSF 42 och 53 \u2013 minskar bly, partiklar (klass 1), klor, smak och lukt<\/li>\n<li>Certifierat enligt NSF\/ANSI 401 \u2013 minskar mikroplast<\/li>\n<li>Ger renare och b\u00e4ttre smakande dricksvatten<\/li>\n<\/ul>\n<p style=\"opacity: 0.9;\" class=\"translation-block\"><strong>Elkay 51300C<\/strong> \u00e4r ett p\u00e5litligt, enkelt och h\u00f6gpresterande filtreringsalternativ som st\u00f6djer rent dricksvatten i b\u00e5de kommersiella och privata milj\u00f6er.<\/p>","protected":false},"excerpt":{"rendered":"<p style=\"text-align: left;\">Ers\u00e4ttningsfilter f\u00f6r Elkay ezH2O, Liv Pro och WaterSentry-system.<\/p>","protected":false},"featured_media":6658,"comment_status":"closed","ping_status":"closed","template":"","meta":[],"product_brand":[],"product_cat":[68,70],"product_tag":[75,97],"class_list":{"0":"post-6606","1":"product","2":"type-product","3":"status-publish","4":"has-post-thumbnail","6":"product_cat-accessories","7":"product_cat-water-filters","8":"product_tag-elkay","9":"product_tag-filter","11":"first","12":"instock","13":"taxable","14":"shipping-taxable","15":"purchasable","16":"product-type-simple"},"yoast_head":"<!-- This site is optimized with the Yoast SEO plugin v26.9 - https:\/\/yoast.com\/product\/yoast-seo-wordpress\/ -->\n<title>Elkay WaterSentry\u00ae water filter | aquaturo<\/title>\n<meta name=\"description\" content=\"This filter is designed for ezH2O\u00ae Elkay bottle filling stations, Liv\u00ae Pro water dispensers, and universal EWF3000 WaterSentry\u00ae systems.\" \/>\n<meta name=\"robots\" content=\"index, follow, max-snippet:-1, max-image-preview:large, max-video-preview:-1\" \/>\n<link rel=\"canonical\" href=\"https:\/\/aquaturo.eu\/sv\/produkter\/elkay-51300c\/\" \/>\n<script type=\"application\/ld+json\" class=\"yoast-schema-graph\">{\"@context\":\"https:\/\/schema.org\",\"@graph\":[{\"@type\":\"WebPage\",\"@id\":\"https:\/\/aquaturo.eu\/shop\/elkay-51300c\/\",\"url\":\"https:\/\/aquaturo.eu\/shop\/elkay-51300c\/\",\"name\":\"Elkay WaterSentry\u00ae water filter | aquaturo\",\"isPartOf\":{\"@id\":\"https:\/\/aquaturo.eu\/de\/#website\"},\"primaryImageOfPage\":{\"@id\":\"https:\/\/aquaturo.eu\/shop\/elkay-51300c\/#primaryimage\"},\"image\":{\"@id\":\"https:\/\/aquaturo.eu\/shop\/elkay-51300c\/#primaryimage\"},\"thumbnailUrl\":\"https:\/\/aquaturo.eu\/wp-content\/uploads\/2025\/10\/51300C_RDR_2023_navy.jpeg\",\"datePublished\":\"2025-10-26T09:22:19+00:00\",\"dateModified\":\"2025-11-16T09:01:18+00:00\",\"description\":\"This filter is designed for ezH2O\u00ae Elkay bottle filling stations, Liv\u00ae Pro water dispensers, and universal EWF3000 WaterSentry\u00ae systems.\",\"breadcrumb\":{\"@id\":\"https:\/\/aquaturo.eu\/shop\/elkay-51300c\/#breadcrumb\"},\"inLanguage\":\"sv-SE\",\"potentialAction\":[{\"@type\":\"ReadAction\",\"target\":[\"https:\/\/aquaturo.eu\/shop\/elkay-51300c\/\"]}]},{\"@type\":\"ImageObject\",\"inLanguage\":\"sv-SE\",\"@id\":\"https:\/\/aquaturo.eu\/shop\/elkay-51300c\/#primaryimage\",\"url\":\"https:\/\/aquaturo.eu\/wp-content\/uploads\/2025\/10\/51300C_RDR_2023_navy.jpeg\",\"contentUrl\":\"https:\/\/aquaturo.eu\/wp-content\/uploads\/2025\/10\/51300C_RDR_2023_navy.jpeg\",\"width\":600,\"height\":600,\"caption\":\"Elkay 51300C WaterSentry\u00ae replacement filter cartridge\"},{\"@type\":\"BreadcrumbList\",\"@id\":\"https:\/\/aquaturo.eu\/shop\/elkay-51300c\/#breadcrumb\",\"itemListElement\":[{\"@type\":\"ListItem\",\"position\":1,\"name\":\"Home\",\"item\":\"https:\/\/aquaturo.eu\/\"},{\"@type\":\"ListItem\",\"position\":2,\"name\":\"Shop\",\"item\":\"https:\/\/aquaturo.eu\/shop\/\"},{\"@type\":\"ListItem\",\"position\":3,\"name\":\"Elkay WaterSentry\u00ae water filter\"}]},{\"@type\":\"WebSite\",\"@id\":\"https:\/\/aquaturo.eu\/de\/#website\",\"url\":\"https:\/\/aquaturo.eu\/de\/\",\"name\":\"aquaturo\",\"description\":\"\",\"publisher\":{\"@id\":\"https:\/\/aquaturo.eu\/de\/#organization\"},\"potentialAction\":[{\"@type\":\"SearchAction\",\"target\":{\"@type\":\"EntryPoint\",\"urlTemplate\":\"https:\/\/aquaturo.eu\/de\/?s={search_term_string}\"},\"query-input\":{\"@type\":\"PropertyValueSpecification\",\"valueRequired\":true,\"valueName\":\"search_term_string\"}}],\"inLanguage\":\"sv-SE\"},{\"@type\":\"Organization\",\"@id\":\"https:\/\/aquaturo.eu\/de\/#organization\",\"name\":\"aquaturo\",\"url\":\"https:\/\/aquaturo.eu\/de\/\",\"logo\":{\"@type\":\"ImageObject\",\"inLanguage\":\"sv-SE\",\"@id\":\"https:\/\/aquaturo.eu\/de\/#\/schema\/logo\/image\/\",\"url\":\"https:\/\/aquaturo.eu\/wp-content\/uploads\/2025\/11\/aquaturo-logo-txt.png\",\"contentUrl\":\"https:\/\/aquaturo.eu\/wp-content\/uploads\/2025\/11\/aquaturo-logo-txt.png\",\"width\":652,\"height\":142,\"caption\":\"aquaturo\"},\"image\":{\"@id\":\"https:\/\/aquaturo.eu\/de\/#\/schema\/logo\/image\/\"}}]}<\/script>\n<!-- \/ Yoast SEO plugin. -->","yoast_head_json":{"title":"Elkay WaterSentry\u00ae vattenfilter | aquaturo","description":"Detta filter \u00e4r avsett f\u00f6r ezH2O\u00ae Elkay flaskp\u00e5fyllningsstationer, Liv\u00ae Pro vattenautomater och universella EWF3000 WaterSentry\u00ae-system.","robots":{"index":"index","follow":"follow","max-snippet":"max-snippet:-1","max-image-preview":"max-image-preview:large","max-video-preview":"max-video-preview:-1"},"canonical":"https:\/\/aquaturo.eu\/sv\/produkter\/elkay-51300c\/","schema":{"@context":"https:\/\/schema.org","@graph":[{"@type":"WebPage","@id":"https:\/\/aquaturo.eu\/shop\/elkay-51300c\/","url":"https:\/\/aquaturo.eu\/shop\/elkay-51300c\/","name":"Elkay WaterSentry\u00ae vattenfilter | aquaturo","isPartOf":{"@id":"https:\/\/aquaturo.eu\/de\/#website"},"primaryImageOfPage":{"@id":"https:\/\/aquaturo.eu\/shop\/elkay-51300c\/#primaryimage"},"image":{"@id":"https:\/\/aquaturo.eu\/shop\/elkay-51300c\/#primaryimage"},"thumbnailUrl":"https:\/\/aquaturo.eu\/wp-content\/uploads\/2025\/10\/51300C_RDR_2023_navy.jpeg","datePublished":"2025-10-26T09:22:19+00:00","dateModified":"2025-11-16T09:01:18+00:00","description":"Detta filter \u00e4r avsett f\u00f6r ezH2O\u00ae Elkay flaskp\u00e5fyllningsstationer, Liv\u00ae Pro vattenautomater och universella EWF3000 WaterSentry\u00ae-system.","breadcrumb":{"@id":"https:\/\/aquaturo.eu\/shop\/elkay-51300c\/#breadcrumb"},"inLanguage":"sv-SE","potentialAction":[{"@type":"ReadAction","target":["https:\/\/aquaturo.eu\/shop\/elkay-51300c\/"]}]},{"@type":"ImageObject","inLanguage":"sv-SE","@id":"https:\/\/aquaturo.eu\/shop\/elkay-51300c\/#primaryimage","url":"https:\/\/aquaturo.eu\/wp-content\/uploads\/2025\/10\/51300C_RDR_2023_navy.jpeg","contentUrl":"https:\/\/aquaturo.eu\/wp-content\/uploads\/2025\/10\/51300C_RDR_2023_navy.jpeg","width":600,"height":600,"caption":"Elkay 51300C WaterSentry\u00ae replacement filter cartridge"},{"@type":"BreadcrumbList","@id":"https:\/\/aquaturo.eu\/shop\/elkay-51300c\/#breadcrumb","itemListElement":[{"@type":"ListItem","position":1,"name":"Home","item":"https:\/\/aquaturo.eu\/"},{"@type":"ListItem","position":2,"name":"Shop","item":"https:\/\/aquaturo.eu\/shop\/"},{"@type":"ListItem","position":3,"name":"Elkay WaterSentry\u00ae water filter"}]},{"@type":"WebSite","@id":"https:\/\/aquaturo.eu\/de\/#website","url":"https:\/\/aquaturo.eu\/de\/","name":"aquaturo","description":"","publisher":{"@id":"https:\/\/aquaturo.eu\/de\/#organization"},"potentialAction":[{"@type":"SearchAction","target":{"@type":"EntryPoint","urlTemplate":"https:\/\/aquaturo.eu\/de\/?s={search_term_string}"},"query-input":{"@type":"PropertyValueSpecification","valueRequired":true,"valueName":"search_term_string"}}],"inLanguage":"sv-SE"},{"@type":"Organization","@id":"https:\/\/aquaturo.eu\/de\/#organization","name":"aquaturo","url":"https:\/\/aquaturo.eu\/de\/","logo":{"@type":"ImageObject","inLanguage":"sv-SE","@id":"https:\/\/aquaturo.eu\/de\/#\/schema\/logo\/image\/","url":"https:\/\/aquaturo.eu\/wp-content\/uploads\/2025\/11\/aquaturo-logo-txt.png","contentUrl":"https:\/\/aquaturo.eu\/wp-content\/uploads\/2025\/11\/aquaturo-logo-txt.png","width":652,"height":142,"caption":"aquaturo"},"image":{"@id":"https:\/\/aquaturo.eu\/de\/#\/schema\/logo\/image\/"}}]}},"_links":{"self":[{"href":"https:\/\/aquaturo.eu\/sv\/wp-json\/wp\/v2\/product\/6606","targetHints":{"allow":["GET"]}}],"collection":[{"href":"https:\/\/aquaturo.eu\/sv\/wp-json\/wp\/v2\/product"}],"about":[{"href":"https:\/\/aquaturo.eu\/sv\/wp-json\/wp\/v2\/types\/product"}],"replies":[{"embeddable":true,"href":"https:\/\/aquaturo.eu\/sv\/wp-json\/wp\/v2\/comments?post=6606"}],"wp:featuredmedia":[{"embeddable":true,"href":"https:\/\/aquaturo.eu\/sv\/wp-json\/wp\/v2\/media\/6658"}],"wp:attachment":[{"href":"https:\/\/aquaturo.eu\/sv\/wp-json\/wp\/v2\/media?parent=6606"}],"wp:term":[{"taxonomy":"product_brand","embeddable":true,"href":"https:\/\/aquaturo.eu\/sv\/wp-json\/wp\/v2\/product_brand?post=6606"},{"taxonomy":"product_cat","embeddable":true,"href":"https:\/\/aquaturo.eu\/sv\/wp-json\/wp\/v2\/product_cat?post=6606"},{"taxonomy":"product_tag","embeddable":true,"href":"https:\/\/aquaturo.eu\/sv\/wp-json\/wp\/v2\/product_tag?post=6606"}],"curies":[{"name":"wp","href":"https:\/\/api.w.org\/{rel}","templated":true}]}}