{"id":3,"date":"2025-10-20T16:23:20","date_gmt":"2025-10-20T16:23:20","guid":{"rendered":"http:\/\/aquaturo.eu\/?page_id=3"},"modified":"2025-12-12T11:53:52","modified_gmt":"2025-12-12T11:53:52","slug":"integritetspolicy","status":"publish","type":"page","link":"https:\/\/aquaturo.eu\/sv\/integritetspolicy\/","title":{"rendered":"Integritetspolicy"},"content":{"rendered":"<p class=\"translation-block\"><strong>Senast uppdaterad: <\/strong>2025-11-07<br><strong>F\u00f6retag:<\/strong>\u00a0Teknovo UAB<br><strong>Webbplats:<\/strong>\u00a0<a href=\"https:\/\/aquaturo.eu\/sv\/\" target=\"_self\">https:\/\/aquaturo.eu<\/a><br><strong>Kontakta e-post:<\/strong>\u00a0<a href=\"mailto:info@aquaturo.eu\" target=\"_self\">info@aquaturo.eu<\/a><\/p>\n\n\n\n<p class=\"translation-block\">Denna integritetspolicy beskriver hur Teknovo UAB (\u201cvi\u201d, \u201coss\u201d, \u201cv\u00e5r\u201d) samlar in, anv\u00e4nder, delar och skyddar personuppgifter n\u00e4r du bes\u00f6ker eller interagerar med <strong>aquaturo.eu<\/strong>.<br>Vi arbetar i enlighet med dataskyddsf\u00f6rordningen (GDPR) och till\u00e4mpliga lagar inom Europeiska unionen och Republiken Litauen.<\/p>\n\n\n\n<hr class=\"wp-block-separator has-alpha-channel-opacity\"\/>\n\n\n\n<h2 class=\"wp-block-heading\"><strong>1. Personuppgifter vi samlar in<\/strong><\/h2>\n\n\n\n<p>Vi samlar endast in data som \u00e4r n\u00f6dv\u00e4ndig f\u00f6r kommunikation, aff\u00e4rsverksamhet och webbplatsens funktion.<\/p>\n\n\n\n<h3 class=\"wp-block-heading\"><strong>1.1. Data du l\u00e4mnar direkt<\/strong><\/h3>\n\n\n\n<p class=\"translation-block\">N\u00e4r du skickar ett kontaktformul\u00e4r eller kontaktar oss via e-post l\u00e4mnar du:<br>\u2013 Namn<br>\u2013 E-postadress<br>\u2013 Telefonnummer<br>\u2013 F\u00f6retagsnamn<br>\u2013 Meddelandets inneh\u00e5ll<\/p>\n\n\n\n<p class=\"translation-block\"><strong>\u00c4ndam\u00e5l:<\/strong> att besvara f\u00f6rfr\u00e5gningar, f\u00f6rbereda offerter, ge information och uppr\u00e4tth\u00e5lla aff\u00e4rskorrespondens.<\/p>\n\n\n\n<h3 class=\"wp-block-heading\"><strong>1.2. Automatiserad data (analys och teknisk data)<\/strong><\/h3>\n\n\n\n<p class=\"translation-block\">N\u00e4r du bes\u00f6ker v\u00e5r webbplats kan standardanalysverktyg (som Google Analytics) samla in:<br>\u2013 IP-adress (kan anonymiseras beroende p\u00e5 konfiguration)<br>\u2013 Webbl\u00e4sartyp och version<br>\u2013 Enhetsinformation<br>\u2013 Bes\u00f6kta sidor<br>\u2013 Tid p\u00e5 sidor<br>\u2013 H\u00e4nvisningsk\u00e4llor<br>\u2013 Grundl\u00e4ggande interaktionsdata<\/p>\n\n\n\n<p class=\"translation-block\"><strong>\u00c4ndam\u00e5l:<\/strong> \u00f6vervakning av webbplatsens prestanda, f\u00f6rb\u00e4ttrad funktionalitet och trafikanalys.<br>Vi anv\u00e4nder <strong>inte<\/strong> beteendeannonsering, remarketing, profilering eller nyhetsbrev.<\/p>\n\n\n\n<h3 class=\"wp-block-heading\"><strong>1.3. Cookies<\/strong><\/h3>\n\n\n\n<p class=\"translation-block\">V\u00e5r webbplats kan anv\u00e4nda cookies och liknande tekniker f\u00f6r att:<br>\u2013 m\u00f6jligg\u00f6ra grundl\u00e4ggande webbplatsfunktionalitet<br>\u2013 komma ih\u00e5g anv\u00e4ndarinst\u00e4llningar<br>\u2013 samla in aggregerad analysdata<\/p>\n\n\n\n<p class=\"translation-block\">Kategorier av cookies som anv\u00e4nds:<br>\u2013 <strong>N\u00f6dv\u00e4ndiga cookies:<\/strong> kr\u00e4vs f\u00f6r att webbplatsen ska fungera (kan inte inaktiveras).<br>\u2013 <strong>Analyscookies:<\/strong> alltid valfria och kr\u00e4ver ditt samtycke.<\/p>\n\n\n\n<p>Du kan justera cookieinst\u00e4llningar via cookie-bannern (om aktiv) eller i din webbl\u00e4sares inst\u00e4llningar.<\/p>\n\n\n\n<hr class=\"wp-block-separator has-alpha-channel-opacity\"\/>\n\n\n\n<h2 class=\"wp-block-heading\"><strong>2. R\u00e4ttslig grund f\u00f6r behandling<\/strong><\/h2>\n\n\n\n<p>Vi behandlar data baserat p\u00e5 f\u00f6ljande GDPR-grunder:<\/p>\n\n\n\n<p class=\"translation-block\">\u2013 <strong>Ber\u00e4ttigat intresse (Art. 6(1)(f))<\/strong>: att svara p\u00e5 f\u00f6rfr\u00e5gningar, s\u00e4kerst\u00e4lla webbplatss\u00e4kerhet och analys.<br>\u2013 <strong>\u00c5tg\u00e4rder innan avtal (Art. 6(1)(b))<\/strong>: att l\u00e4mna offerter eller information innan ett avtal ing\u00e5s.<br>\u2013 <strong>Samtycke (Art. 6(1)(a))<\/strong>: f\u00f6r icke-n\u00f6dv\u00e4ndiga cookies och valfria sp\u00e5rningsverktyg.<\/p>\n\n\n\n<p>Vi behandlar inte k\u00e4nsliga personuppgifter.<\/p>\n\n\n\n<hr class=\"wp-block-separator has-alpha-channel-opacity\"\/>\n\n\n\n<h2 class=\"wp-block-heading\"><strong>3. Hur vi anv\u00e4nder personuppgifter<\/strong><\/h2>\n\n\n\n<p>Vi anv\u00e4nder dina personuppgifter f\u00f6r tydligt definierade \u00e4ndam\u00e5l:<\/p>\n\n\n\n<p class=\"translation-block\">\u2013 Att svara p\u00e5 meddelanden och f\u00f6rfr\u00e5gningar<br>\u2013 Att ta fram offerter och produktinformation<br>\u2013 Att uppr\u00e4tth\u00e5lla aff\u00e4rskommunikation<br>\u2013 Att driva och f\u00f6rb\u00e4ttra webbplatsen<br>\u2013 Att s\u00e4kerst\u00e4lla s\u00e4kerhet och f\u00f6rebygga missbruk<br>\u2013 Att uppfylla juridiska skyldigheter (t.ex. bokf\u00f6ring)<\/p>\n\n\n\n<p>Vi anv\u00e4nder inte dina uppgifter f\u00f6r automatiserat beslutsfattande eller profilering.<\/p>\n\n\n\n<hr class=\"wp-block-separator has-alpha-channel-opacity\"\/>\n\n\n\n<h2 class=\"wp-block-heading\"><strong>4. Delning av data och tredje part<\/strong><\/h2>\n\n\n\n<p class=\"translation-block\">Vi <strong>s\u00e4ljer inte<\/strong> eller hyr ut personuppgifter.<\/p>\n\n\n\n<p>Data kan delas med betrodda tj\u00e4nsteleverant\u00f6rer om det kr\u00e4vs f\u00f6r normala verksamhetsprocesser:<\/p>\n\n\n\n<p class=\"translation-block\">\u2013 Webbhotell<br>\u2013 E-postleverant\u00f6r<br>\u2013 Analysleverant\u00f6rer (t.ex. Google Analytics)<br>\u2013 IT-underh\u00e5llsleverant\u00f6rer<br>\u2013 Myndigheter om lagen kr\u00e4ver det<\/p>\n\n\n\n<p>Alla tj\u00e4nsteleverant\u00f6rer arbetar enligt GDPR-kompatibla avtal och l\u00e4mpliga dataskyddsgarantier.<\/p>\n\n\n\n<hr class=\"wp-block-separator has-alpha-channel-opacity\"\/>\n\n\n\n<h2 class=\"wp-block-heading\"><strong>5. Lagring av data<\/strong><\/h2>\n\n\n\n<p>Vi lagrar personuppgifter baserat p\u00e5 behov:<\/p>\n\n\n\n<p class=\"translation-block\">\u2013 F\u00f6rfr\u00e5gningar och kommunikation: lagras s\u00e5 l\u00e4nge det kr\u00e4vs f\u00f6r kommunikation, offerter och aff\u00e4rs\u00e5taganden.<br>\u2013 Analysdata: lagras enligt Googles lagringsinst\u00e4llningar.<br>\u2013 Juridiska dokument (t.ex. fakturor): lagras enligt lagstadgade tidsperioder.<\/p>\n\n\n\n<p>Om du beg\u00e4r radering tar vi bort dina uppgifter s\u00e5vida inte lagen kr\u00e4ver att viss information sparas.<\/p>\n\n\n\n<hr class=\"wp-block-separator has-alpha-channel-opacity\"\/>\n\n\n\n<h2 class=\"wp-block-heading\"><strong>6. Dina GDPR-r\u00e4ttigheter<\/strong><\/h2>\n\n\n\n<p>Du har f\u00f6ljande r\u00e4ttigheter g\u00e4llande dina personuppgifter:<\/p>\n\n\n\n<p class=\"translation-block\">\u2013 <strong>R\u00e4tt till tillg\u00e5ng<\/strong> \u2013 beg\u00e4ra en kopia av dina uppgifter<br>\u2013 <strong>R\u00e4tt till r\u00e4ttelse<\/strong> \u2013 korrigera felaktig information<br>\u2013 <strong>R\u00e4tt till radering (\u201cr\u00e4tten att bli bortgl\u00f6md\u201d)<\/strong><br>\u2013 <strong>R\u00e4tt att inv\u00e4nda<\/strong> mot behandling<br>\u2013 <strong>R\u00e4tt till dataportabilitet<\/strong><br>\u2013 <strong>R\u00e4tt att begr\u00e4nsa behandling<\/strong><br>\u2013 <strong>R\u00e4tt att \u00e5terkalla samtycke<\/strong> (f\u00f6r cookies eller annan samtyckesbaserad behandling)<\/p>\n\n\n\n<p class=\"translation-block\">F\u00f6r att ut\u00f6va dina r\u00e4ttigheter, kontakta:\u00a0<strong><a href=\"mailto:info@aquaturo.eu\" target=\"_self\">info@aquaturo.eu<\/a><\/strong><\/p>\n\n\n\n<p>Vi kan beg\u00e4ra identitetsverifiering av s\u00e4kerhetssk\u00e4l.<\/p>\n\n\n\n<hr class=\"wp-block-separator has-alpha-channel-opacity\"\/>\n\n\n\n<h2 class=\"wp-block-heading\"><strong>7. Internationella \u00f6verf\u00f6ringar<\/strong><\/h2>\n\n\n\n<p>Om analysverktyg eller tj\u00e4nsteleverant\u00f6rer behandlar data utanf\u00f6r EU\/EES (t.ex. Google) skyddas \u00f6verf\u00f6ringar med GDPR-godk\u00e4nda skydds\u00e5tg\u00e4rder s\u00e5som:<\/p>\n\n\n\n<p class=\"translation-block\">\u2013 Standardavtalsklausuler (SCCs)<br>\u2013 Adekvansbeslut<br>\u2013 Ytterligare tekniska skydd (IP-anonymisering, kryptering)<\/p>\n\n\n\n<hr class=\"wp-block-separator has-alpha-channel-opacity\"\/>\n\n\n\n<h2 class=\"wp-block-heading\"><strong>8. Datas\u00e4kerhet<\/strong><\/h2>\n\n\n\n<p>Vi anv\u00e4nder rimliga tekniska och organisatoriska \u00e5tg\u00e4rder, inklusive:<\/p>\n\n\n\n<p class=\"translation-block\">\u2013 HTTPS-kryptering<br>\u2013 S\u00e4ker e-post och s\u00e4kra hostingleverant\u00f6rer<br>\u2013 \u00c5tkomstkontroll och begr\u00e4nsad intern \u00e5tkomst<br>\u2013 Regelbundna systemuppdateringar och \u00f6vervakning<\/p>\n\n\n\n<p>Inget onlinesystem kan garantera absolut s\u00e4kerhet, men vi f\u00f6ljer branschstandarder.<\/p>\n\n\n\n<hr class=\"wp-block-separator has-alpha-channel-opacity\"\/>\n\n\n\n<h2 class=\"wp-block-heading\"><strong>9. L\u00e4nkar till externa webbplatser<\/strong><\/h2>\n\n\n\n<p class=\"translation-block\">V\u00e5r webbplats kan inneh\u00e5lla l\u00e4nkar till tredjepartswebbplatser.<br>Vi ansvarar inte f\u00f6r deras sekretesspraxis eller inneh\u00e5ll.<\/p>\n\n\n\n<hr class=\"wp-block-separator has-alpha-channel-opacity\"\/>\n\n\n\n<h2 class=\"wp-block-heading\"><strong>10. \u00c4ndringar av denna policy<\/strong><\/h2>\n\n\n\n<p class=\"translation-block\">Vi kan uppdatera denna integritetspolicy vid behov.<br>Den senaste versionen finns alltid tillg\u00e4nglig p\u00e5 <strong>aquaturo.eu<\/strong>.<\/p>\n\n\n\n<hr class=\"wp-block-separator has-alpha-channel-opacity\"\/>\n\n\n\n<h2 class=\"wp-block-heading\"><strong>11. Kontaktinformation<\/strong><\/h2>\n\n\n\n<p>F\u00f6r fr\u00e5gor, beg\u00e4randen eller funderingar kring dataskydd:<\/p>\n\n\n\n<p class=\"translation-block\"><strong>Teknovo UAB<\/strong><br>E-post:\u00a0<strong><a href=\"mailto:info@aquaturo.eu\" target=\"_self\">info@aquaturo.eu<\/a><\/strong><br>Webbplats:\u00a0<strong><a href=\"https:\/\/aquaturo.eu\/sv\/\" target=\"_self\">https:\/\/aquaturo.eu<\/a><\/strong><\/p>\n\n\n\n<div style=\"height:100px\" aria-hidden=\"true\" class=\"wp-block-spacer\"><\/div>","protected":false},"excerpt":{"rendered":"<p>Last updated: 2025-11-07Company:\u00a0Teknovo UABWebsite:\u00a0https:\/\/aquaturo.euContact email:\u00a0info@aquaturo.eu This Privacy Policy describes how Teknovo UAB (\u201cwe\u201d, \u201cus\u201d, \u201cour\u201d) collects, uses, shares, and protects personal data when you visit or interact with\u00a0aquaturo.eu.We operate in accordance with the General Data Protection Regulation (GDPR) and applicable laws of the European Union and the Republic of Lithuania. 1. Personal Data We Collect [&hellip;]<\/p>","protected":false},"author":4,"featured_media":0,"parent":0,"menu_order":0,"comment_status":"closed","ping_status":"closed","template":"","meta":{"footnotes":""},"class_list":["post-3","page","type-page","status-publish","hentry"],"yoast_head":"<!-- This site is optimized with the Yoast SEO plugin v26.9 - https:\/\/yoast.com\/product\/yoast-seo-wordpress\/ -->\n<title>Privacy policy | aquaturo<\/title>\n<meta name=\"robots\" content=\"noindex, follow\" \/>\n<script type=\"application\/ld+json\" class=\"yoast-schema-graph\">{\"@context\":\"https:\/\/schema.org\",\"@graph\":[{\"@type\":\"WebPage\",\"@id\":\"https:\/\/aquaturo.eu\/privacy-policy\/\",\"url\":\"https:\/\/aquaturo.eu\/privacy-policy\/\",\"name\":\"Privacy policy | aquaturo\",\"isPartOf\":{\"@id\":\"https:\/\/aquaturo.eu\/de\/#website\"},\"datePublished\":\"2025-10-20T16:23:20+00:00\",\"dateModified\":\"2025-12-12T11:53:52+00:00\",\"breadcrumb\":{\"@id\":\"https:\/\/aquaturo.eu\/privacy-policy\/#breadcrumb\"},\"inLanguage\":\"sv-SE\",\"potentialAction\":[{\"@type\":\"ReadAction\",\"target\":[\"https:\/\/aquaturo.eu\/privacy-policy\/\"]}]},{\"@type\":\"BreadcrumbList\",\"@id\":\"https:\/\/aquaturo.eu\/privacy-policy\/#breadcrumb\",\"itemListElement\":[{\"@type\":\"ListItem\",\"position\":1,\"name\":\"Home\",\"item\":\"https:\/\/aquaturo.eu\/\"},{\"@type\":\"ListItem\",\"position\":2,\"name\":\"Privacy policy\"}]},{\"@type\":\"WebSite\",\"@id\":\"https:\/\/aquaturo.eu\/de\/#website\",\"url\":\"https:\/\/aquaturo.eu\/de\/\",\"name\":\"aquaturo\",\"description\":\"\",\"publisher\":{\"@id\":\"https:\/\/aquaturo.eu\/de\/#organization\"},\"potentialAction\":[{\"@type\":\"SearchAction\",\"target\":{\"@type\":\"EntryPoint\",\"urlTemplate\":\"https:\/\/aquaturo.eu\/de\/?s={search_term_string}\"},\"query-input\":{\"@type\":\"PropertyValueSpecification\",\"valueRequired\":true,\"valueName\":\"search_term_string\"}}],\"inLanguage\":\"sv-SE\"},{\"@type\":\"Organization\",\"@id\":\"https:\/\/aquaturo.eu\/de\/#organization\",\"name\":\"aquaturo\",\"url\":\"https:\/\/aquaturo.eu\/de\/\",\"logo\":{\"@type\":\"ImageObject\",\"inLanguage\":\"sv-SE\",\"@id\":\"https:\/\/aquaturo.eu\/de\/#\/schema\/logo\/image\/\",\"url\":\"https:\/\/aquaturo.eu\/wp-content\/uploads\/2025\/11\/aquaturo-logo-txt.png\",\"contentUrl\":\"https:\/\/aquaturo.eu\/wp-content\/uploads\/2025\/11\/aquaturo-logo-txt.png\",\"width\":652,\"height\":142,\"caption\":\"aquaturo\"},\"image\":{\"@id\":\"https:\/\/aquaturo.eu\/de\/#\/schema\/logo\/image\/\"}}]}<\/script>\n<!-- \/ Yoast SEO plugin. -->","yoast_head_json":{"title":"Integritetspolicy | aquaturo","robots":{"index":"noindex","follow":"follow"},"schema":{"@context":"https:\/\/schema.org","@graph":[{"@type":"WebPage","@id":"https:\/\/aquaturo.eu\/privacy-policy\/","url":"https:\/\/aquaturo.eu\/privacy-policy\/","name":"Integritetspolicy | aquaturo","isPartOf":{"@id":"https:\/\/aquaturo.eu\/de\/#website"},"datePublished":"2025-10-20T16:23:20+00:00","dateModified":"2025-12-12T11:53:52+00:00","breadcrumb":{"@id":"https:\/\/aquaturo.eu\/privacy-policy\/#breadcrumb"},"inLanguage":"sv-SE","potentialAction":[{"@type":"ReadAction","target":["https:\/\/aquaturo.eu\/privacy-policy\/"]}]},{"@type":"BreadcrumbList","@id":"https:\/\/aquaturo.eu\/privacy-policy\/#breadcrumb","itemListElement":[{"@type":"ListItem","position":1,"name":"Home","item":"https:\/\/aquaturo.eu\/"},{"@type":"ListItem","position":2,"name":"Privacy policy"}]},{"@type":"WebSite","@id":"https:\/\/aquaturo.eu\/de\/#website","url":"https:\/\/aquaturo.eu\/de\/","name":"aquaturo","description":"","publisher":{"@id":"https:\/\/aquaturo.eu\/de\/#organization"},"potentialAction":[{"@type":"SearchAction","target":{"@type":"EntryPoint","urlTemplate":"https:\/\/aquaturo.eu\/de\/?s={search_term_string}"},"query-input":{"@type":"PropertyValueSpecification","valueRequired":true,"valueName":"search_term_string"}}],"inLanguage":"sv-SE"},{"@type":"Organization","@id":"https:\/\/aquaturo.eu\/de\/#organization","name":"aquaturo","url":"https:\/\/aquaturo.eu\/de\/","logo":{"@type":"ImageObject","inLanguage":"sv-SE","@id":"https:\/\/aquaturo.eu\/de\/#\/schema\/logo\/image\/","url":"https:\/\/aquaturo.eu\/wp-content\/uploads\/2025\/11\/aquaturo-logo-txt.png","contentUrl":"https:\/\/aquaturo.eu\/wp-content\/uploads\/2025\/11\/aquaturo-logo-txt.png","width":652,"height":142,"caption":"aquaturo"},"image":{"@id":"https:\/\/aquaturo.eu\/de\/#\/schema\/logo\/image\/"}}]}},"_links":{"self":[{"href":"https:\/\/aquaturo.eu\/sv\/wp-json\/wp\/v2\/pages\/3","targetHints":{"allow":["GET"]}}],"collection":[{"href":"https:\/\/aquaturo.eu\/sv\/wp-json\/wp\/v2\/pages"}],"about":[{"href":"https:\/\/aquaturo.eu\/sv\/wp-json\/wp\/v2\/types\/page"}],"author":[{"embeddable":true,"href":"https:\/\/aquaturo.eu\/sv\/wp-json\/wp\/v2\/users\/4"}],"replies":[{"embeddable":true,"href":"https:\/\/aquaturo.eu\/sv\/wp-json\/wp\/v2\/comments?post=3"}],"version-history":[{"count":5,"href":"https:\/\/aquaturo.eu\/sv\/wp-json\/wp\/v2\/pages\/3\/revisions"}],"predecessor-version":[{"id":9065,"href":"https:\/\/aquaturo.eu\/sv\/wp-json\/wp\/v2\/pages\/3\/revisions\/9065"}],"wp:attachment":[{"href":"https:\/\/aquaturo.eu\/sv\/wp-json\/wp\/v2\/media?parent=3"}],"curies":[{"name":"wp","href":"https:\/\/api.w.org\/{rel}","templated":true}]}}