{"id":6606,"date":"2025-10-26T09:22:19","date_gmt":"2025-10-26T09:22:19","guid":{"rendered":"https:\/\/aquaturo.eu\/?post_type=product&#038;p=6606"},"modified":"2025-11-16T09:01:18","modified_gmt":"2025-11-16T09:01:18","slug":"elkay-51300c","status":"publish","type":"product","link":"https:\/\/aquaturo.eu\/pt\/loja\/elkay-51300c\/","title":{"rendered":"Filtro de \u00e1gua Elkay WaterSentry\u00ae"},"content":{"rendered":"<h3 style=\"font-size: 28px; font-weight: bold; margin-bottom: 16px; color: #007bff;\">Filtro de \u00e1gua Elkay 51300C<\/h3>\n<p class=\"translation-block\">O <strong>Elkay 51300C<\/strong> \u00e9 um filtro de substitui\u00e7\u00e3o desenvolvido para uso em esta\u00e7\u00f5es de enchimento de garrafas Elkay ezH2O, dispensadores Liv Pro e no sistema de filtragem WaterSentry EWF3000. Garante purifica\u00e7\u00e3o fi\u00e1vel ao reduzir chumbo, cloro, part\u00edculas e sabores e odores indesej\u00e1veis.<\/p>\n<p>A substitui\u00e7\u00e3o \u00e9 feita atrav\u00e9s de um mecanismo simples de um quarto de volta, e a v\u00e1lvula de fecho autom\u00e1tico integrada interrompe o fluxo de \u00e1gua quando o filtro \u00e9 removido, tornando a manuten\u00e7\u00e3o r\u00e1pida e limpa. Um \u00fanico filtro fornece at\u00e9 11.400 litros de \u00e1gua filtrada ou aproximadamente um ano de uso, dependendo da qualidade da \u00e1gua e do n\u00edvel de utiliza\u00e7\u00e3o.<\/p>\n<h4 style=\"margin-top: 32px; font-weight: bold; color: #007bff;\">Principais Funcionalidades<\/h4>\n<ul style=\"margin-top: 12px; margin-bottom: 24px; line-height: 1.6;\">\n<li>Compat\u00edvel com Elkay ezH2O, Liv Pro e sistemas WaterSentry EWF3000<\/li>\n<li>Vida \u00fatil do filtro \u2013 at\u00e9 11.400 litros ou 12 meses de utiliza\u00e7\u00e3o (o que ocorrer primeiro)<\/li>\n<li>Substitui\u00e7\u00e3o com um quarto de volta \u2013 troca r\u00e1pida e f\u00e1cil do filtro<\/li>\n<li>V\u00e1lvula de fecho autom\u00e1tico \u2013 interrompe o fluxo de \u00e1gua durante a substitui\u00e7\u00e3o<\/li>\n<li>Certificado NSF 42 e 53 \u2013 reduz chumbo, part\u00edculas Classe 1, cloro, sabor e odor<\/li>\n<li>Certificado NSF\/ANSI 401 \u2013 reduz micropl\u00e1sticos<\/li>\n<li>Fornece \u00e1gua pot\u00e1vel mais limpa e com melhor sabor<\/li>\n<\/ul>\n<p style=\"opacity: 0.9;\" class=\"translation-block\">O <strong>Elkay 51300C<\/strong> \u00e9 uma solu\u00e7\u00e3o de filtragem fi\u00e1vel, simples e de alto desempenho que apoia o fornecimento de \u00e1gua limpa em ambientes comerciais e residenciais.<\/p>","protected":false},"excerpt":{"rendered":"<p style=\"text-align: left;\">Filtro de substitui\u00e7\u00e3o para Elkay ezH2O, Liv Pro e sistemas WaterSentry.<\/p>","protected":false},"featured_media":6658,"comment_status":"closed","ping_status":"closed","template":"","meta":[],"product_brand":[],"product_cat":[68,70],"product_tag":[75,97],"class_list":{"0":"post-6606","1":"product","2":"type-product","3":"status-publish","4":"has-post-thumbnail","6":"product_cat-accessories","7":"product_cat-water-filters","8":"product_tag-elkay","9":"product_tag-filter","11":"first","12":"instock","13":"taxable","14":"shipping-taxable","15":"purchasable","16":"product-type-simple"},"yoast_head":"<!-- This site is optimized with the Yoast SEO plugin v26.9 - https:\/\/yoast.com\/product\/yoast-seo-wordpress\/ -->\n<title>Elkay WaterSentry\u00ae water filter | aquaturo<\/title>\n<meta name=\"description\" content=\"This filter is designed for ezH2O\u00ae Elkay bottle filling stations, Liv\u00ae Pro water dispensers, and universal EWF3000 WaterSentry\u00ae systems.\" \/>\n<meta name=\"robots\" content=\"index, follow, max-snippet:-1, max-image-preview:large, max-video-preview:-1\" \/>\n<link rel=\"canonical\" href=\"https:\/\/aquaturo.eu\/pt\/loja\/elkay-51300c\/\" \/>\n<script type=\"application\/ld+json\" class=\"yoast-schema-graph\">{\"@context\":\"https:\/\/schema.org\",\"@graph\":[{\"@type\":\"WebPage\",\"@id\":\"https:\/\/aquaturo.eu\/shop\/elkay-51300c\/\",\"url\":\"https:\/\/aquaturo.eu\/shop\/elkay-51300c\/\",\"name\":\"Elkay WaterSentry\u00ae water filter | aquaturo\",\"isPartOf\":{\"@id\":\"https:\/\/aquaturo.eu\/de\/#website\"},\"primaryImageOfPage\":{\"@id\":\"https:\/\/aquaturo.eu\/shop\/elkay-51300c\/#primaryimage\"},\"image\":{\"@id\":\"https:\/\/aquaturo.eu\/shop\/elkay-51300c\/#primaryimage\"},\"thumbnailUrl\":\"https:\/\/aquaturo.eu\/wp-content\/uploads\/2025\/10\/51300C_RDR_2023_navy.jpeg\",\"datePublished\":\"2025-10-26T09:22:19+00:00\",\"dateModified\":\"2025-11-16T09:01:18+00:00\",\"description\":\"This filter is designed for ezH2O\u00ae Elkay bottle filling stations, Liv\u00ae Pro water dispensers, and universal EWF3000 WaterSentry\u00ae systems.\",\"breadcrumb\":{\"@id\":\"https:\/\/aquaturo.eu\/shop\/elkay-51300c\/#breadcrumb\"},\"inLanguage\":\"pt-PT\",\"potentialAction\":[{\"@type\":\"ReadAction\",\"target\":[\"https:\/\/aquaturo.eu\/shop\/elkay-51300c\/\"]}]},{\"@type\":\"ImageObject\",\"inLanguage\":\"pt-PT\",\"@id\":\"https:\/\/aquaturo.eu\/shop\/elkay-51300c\/#primaryimage\",\"url\":\"https:\/\/aquaturo.eu\/wp-content\/uploads\/2025\/10\/51300C_RDR_2023_navy.jpeg\",\"contentUrl\":\"https:\/\/aquaturo.eu\/wp-content\/uploads\/2025\/10\/51300C_RDR_2023_navy.jpeg\",\"width\":600,\"height\":600,\"caption\":\"Elkay 51300C WaterSentry\u00ae replacement filter cartridge\"},{\"@type\":\"BreadcrumbList\",\"@id\":\"https:\/\/aquaturo.eu\/shop\/elkay-51300c\/#breadcrumb\",\"itemListElement\":[{\"@type\":\"ListItem\",\"position\":1,\"name\":\"Home\",\"item\":\"https:\/\/aquaturo.eu\/\"},{\"@type\":\"ListItem\",\"position\":2,\"name\":\"Shop\",\"item\":\"https:\/\/aquaturo.eu\/shop\/\"},{\"@type\":\"ListItem\",\"position\":3,\"name\":\"Elkay WaterSentry\u00ae water filter\"}]},{\"@type\":\"WebSite\",\"@id\":\"https:\/\/aquaturo.eu\/de\/#website\",\"url\":\"https:\/\/aquaturo.eu\/de\/\",\"name\":\"aquaturo\",\"description\":\"\",\"publisher\":{\"@id\":\"https:\/\/aquaturo.eu\/de\/#organization\"},\"potentialAction\":[{\"@type\":\"SearchAction\",\"target\":{\"@type\":\"EntryPoint\",\"urlTemplate\":\"https:\/\/aquaturo.eu\/de\/?s={search_term_string}\"},\"query-input\":{\"@type\":\"PropertyValueSpecification\",\"valueRequired\":true,\"valueName\":\"search_term_string\"}}],\"inLanguage\":\"pt-PT\"},{\"@type\":\"Organization\",\"@id\":\"https:\/\/aquaturo.eu\/de\/#organization\",\"name\":\"aquaturo\",\"url\":\"https:\/\/aquaturo.eu\/de\/\",\"logo\":{\"@type\":\"ImageObject\",\"inLanguage\":\"pt-PT\",\"@id\":\"https:\/\/aquaturo.eu\/de\/#\/schema\/logo\/image\/\",\"url\":\"https:\/\/aquaturo.eu\/wp-content\/uploads\/2025\/11\/aquaturo-logo-txt.png\",\"contentUrl\":\"https:\/\/aquaturo.eu\/wp-content\/uploads\/2025\/11\/aquaturo-logo-txt.png\",\"width\":652,\"height\":142,\"caption\":\"aquaturo\"},\"image\":{\"@id\":\"https:\/\/aquaturo.eu\/de\/#\/schema\/logo\/image\/\"}}]}<\/script>\n<!-- \/ Yoast SEO plugin. -->","yoast_head_json":{"title":"Filtro de \u00e1gua Elkay WaterSentry\u00ae | aquaturo","description":"Este filtro foi desenvolvido para esta\u00e7\u00f5es de enchimento de garrafas Elkay ezH2O\u00ae, dispensadores Liv\u00ae Pro e sistemas universais EWF3000 WaterSentry\u00ae.","robots":{"index":"index","follow":"follow","max-snippet":"max-snippet:-1","max-image-preview":"max-image-preview:large","max-video-preview":"max-video-preview:-1"},"canonical":"https:\/\/aquaturo.eu\/pt\/loja\/elkay-51300c\/","schema":{"@context":"https:\/\/schema.org","@graph":[{"@type":"WebPage","@id":"https:\/\/aquaturo.eu\/shop\/elkay-51300c\/","url":"https:\/\/aquaturo.eu\/shop\/elkay-51300c\/","name":"Filtro de \u00e1gua Elkay WaterSentry\u00ae | aquaturo","isPartOf":{"@id":"https:\/\/aquaturo.eu\/de\/#website"},"primaryImageOfPage":{"@id":"https:\/\/aquaturo.eu\/shop\/elkay-51300c\/#primaryimage"},"image":{"@id":"https:\/\/aquaturo.eu\/shop\/elkay-51300c\/#primaryimage"},"thumbnailUrl":"https:\/\/aquaturo.eu\/wp-content\/uploads\/2025\/10\/51300C_RDR_2023_navy.jpeg","datePublished":"2025-10-26T09:22:19+00:00","dateModified":"2025-11-16T09:01:18+00:00","description":"Este filtro foi desenvolvido para esta\u00e7\u00f5es de enchimento de garrafas Elkay ezH2O\u00ae, dispensadores Liv\u00ae Pro e sistemas universais EWF3000 WaterSentry\u00ae.","breadcrumb":{"@id":"https:\/\/aquaturo.eu\/shop\/elkay-51300c\/#breadcrumb"},"inLanguage":"pt-PT","potentialAction":[{"@type":"ReadAction","target":["https:\/\/aquaturo.eu\/shop\/elkay-51300c\/"]}]},{"@type":"ImageObject","inLanguage":"pt-PT","@id":"https:\/\/aquaturo.eu\/shop\/elkay-51300c\/#primaryimage","url":"https:\/\/aquaturo.eu\/wp-content\/uploads\/2025\/10\/51300C_RDR_2023_navy.jpeg","contentUrl":"https:\/\/aquaturo.eu\/wp-content\/uploads\/2025\/10\/51300C_RDR_2023_navy.jpeg","width":600,"height":600,"caption":"Elkay 51300C WaterSentry\u00ae replacement filter cartridge"},{"@type":"BreadcrumbList","@id":"https:\/\/aquaturo.eu\/shop\/elkay-51300c\/#breadcrumb","itemListElement":[{"@type":"ListItem","position":1,"name":"Home","item":"https:\/\/aquaturo.eu\/"},{"@type":"ListItem","position":2,"name":"Shop","item":"https:\/\/aquaturo.eu\/shop\/"},{"@type":"ListItem","position":3,"name":"Elkay WaterSentry\u00ae water filter"}]},{"@type":"WebSite","@id":"https:\/\/aquaturo.eu\/de\/#website","url":"https:\/\/aquaturo.eu\/de\/","name":"aquaturo","description":"","publisher":{"@id":"https:\/\/aquaturo.eu\/de\/#organization"},"potentialAction":[{"@type":"SearchAction","target":{"@type":"EntryPoint","urlTemplate":"https:\/\/aquaturo.eu\/de\/?s={search_term_string}"},"query-input":{"@type":"PropertyValueSpecification","valueRequired":true,"valueName":"search_term_string"}}],"inLanguage":"pt-PT"},{"@type":"Organization","@id":"https:\/\/aquaturo.eu\/de\/#organization","name":"aquaturo","url":"https:\/\/aquaturo.eu\/de\/","logo":{"@type":"ImageObject","inLanguage":"pt-PT","@id":"https:\/\/aquaturo.eu\/de\/#\/schema\/logo\/image\/","url":"https:\/\/aquaturo.eu\/wp-content\/uploads\/2025\/11\/aquaturo-logo-txt.png","contentUrl":"https:\/\/aquaturo.eu\/wp-content\/uploads\/2025\/11\/aquaturo-logo-txt.png","width":652,"height":142,"caption":"aquaturo"},"image":{"@id":"https:\/\/aquaturo.eu\/de\/#\/schema\/logo\/image\/"}}]}},"_links":{"self":[{"href":"https:\/\/aquaturo.eu\/pt\/wp-json\/wp\/v2\/product\/6606","targetHints":{"allow":["GET"]}}],"collection":[{"href":"https:\/\/aquaturo.eu\/pt\/wp-json\/wp\/v2\/product"}],"about":[{"href":"https:\/\/aquaturo.eu\/pt\/wp-json\/wp\/v2\/types\/product"}],"replies":[{"embeddable":true,"href":"https:\/\/aquaturo.eu\/pt\/wp-json\/wp\/v2\/comments?post=6606"}],"wp:featuredmedia":[{"embeddable":true,"href":"https:\/\/aquaturo.eu\/pt\/wp-json\/wp\/v2\/media\/6658"}],"wp:attachment":[{"href":"https:\/\/aquaturo.eu\/pt\/wp-json\/wp\/v2\/media?parent=6606"}],"wp:term":[{"taxonomy":"product_brand","embeddable":true,"href":"https:\/\/aquaturo.eu\/pt\/wp-json\/wp\/v2\/product_brand?post=6606"},{"taxonomy":"product_cat","embeddable":true,"href":"https:\/\/aquaturo.eu\/pt\/wp-json\/wp\/v2\/product_cat?post=6606"},{"taxonomy":"product_tag","embeddable":true,"href":"https:\/\/aquaturo.eu\/pt\/wp-json\/wp\/v2\/product_tag?post=6606"}],"curies":[{"name":"wp","href":"https:\/\/api.w.org\/{rel}","templated":true}]}}