{"id":6655,"date":"2025-10-26T09:22:58","date_gmt":"2025-10-26T09:22:58","guid":{"rendered":"https:\/\/aquaturo.eu\/?post_type=product&#038;p=6655"},"modified":"2025-11-12T11:01:25","modified_gmt":"2025-11-12T11:01:25","slug":"oasis-pcp","status":"publish","type":"product","link":"https:\/\/aquaturo.eu\/pl\/sklep\/oasis-pcp\/","title":{"rendered":"Wolnostoj\u0105ca stacja do nape\u0142niania butelek Oasis"},"content":{"rendered":"<h2 style=\"color: #007bff;\">Wolnostoj\u0105ca stacja do nape\u0142niania butelek Oasis<\/h2>\n<p class=\"translation-block\">Wolnostoj\u0105ca stacja do nape\u0142niania butelek Oasis zosta\u0142a zaprojektowana do publicznych i profesjonalnych przestrzeni wewn\u0119trznych, kt\u00f3re wymagaj\u0105 higienicznego, wygodnego i ci\u0105g\u0142ego dost\u0119pu do wody. Pod\u0142\u0105cza si\u0119 bezpo\u015brednio do sieci i jest dost\u0119pna w trzech konfiguracjach: z ch\u0142odzeniem lub bez ch\u0142odzenia oraz z lub bez dezynfekcji <a href=\"https:\/\/aquaturo.eu\/pl\/kluczowe-technologie-we-wspolczesnych-stacjach-wodnych\/\" target=\"_self\">Quasar UVC-LED<\/a>.<\/p>\n<p>Urz\u0105dzenie dzia\u0142a bezdotykowo dzi\u0119ki aktywacji podczerwieni\u0105, umo\u017cliwiaj\u0105c nape\u0142nianie butelek bez dotykania jakichkolwiek powierzchni. Ch\u0142odzenie (opcjonalnie) zapewnia sta\u0142y dost\u0119p do zimnej wody pitnej w ruchliwych przestrzeniach, a opcjonalny system Quasar UVC-LED dezynfekuje wod\u0119 bezpo\u015brednio w punkcie nalewania dla wy\u017cszych standard\u00f3w higieny.<\/p>\n<p>Du\u017ca przestrze\u0144 na butelki mie\u015bci r\u00f3\u017cne rozmiary butelek wielokrotnego u\u017cytku, dzi\u0119ki czemu stacja sprawdza si\u0119 w szko\u0142ach, miejscach pracy, obiektach sportowych, plac\u00f3wkach medycznych i innych intensywnie u\u017cytkowanych przestrzeniach wewn\u0119trznych. Ochrona antybakteryjna Freshield ogranicza rozw\u00f3j bakterii i powstawanie zapach\u00f3w na kluczowych powierzchniach, natomiast trwa\u0142a konstrukcja wewn\u0119trzna zapewnia d\u0142ugoterminow\u0105 niezawodno\u015b\u0107.<\/p>\n<h3 style=\"color: #007bff;\">Kluczowe funkcje<\/h3>\n<ul>\n<li>Bezdotykowa aktywacja podczerwieni\u0105 dla higienicznej obs\u0142ugi<\/li>\n<li>Opcje wody ch\u0142odzonej lub o temperaturze otoczenia<\/li>\n<li class=\"translation-block\">Opcjonalna dezynfekcja <a href=\"https:\/\/aquaturo.eu\/pl\/kluczowe-technologie-we-wspolczesnych-stacjach-wodnych\/\" target=\"_self\">Quasar UVC-LED<\/a> w punkcie nalewania<\/li>\n<li>Du\u017ca przestrze\u0144 na butelki, odpowiednia dla butelek sportowych i wielorazowych<\/li>\n<li>Licznik LED nape\u0142nie\u0144 wspieraj\u0105cy ograniczanie plastiku<\/li>\n<li>Ochrona antybakteryjna Freshield ograniczaj\u0105ca rozw\u00f3j bakterii i nieprzyjemnych zapach\u00f3w<\/li>\n<li>Zintegrowany system odprowadzania wody, aby zapobiega\u0107 zastojom i ogranicza\u0107 potrzeb\u0119 czyszczenia<\/li>\n<li>Filtracja osadu 100 mikron\u00f3w dla redukcji widocznych cz\u0105stek<\/li>\n<li>Komponenty maj\u0105ce kontakt z wod\u0105 wolne od o\u0142owiu dla bezpiecze\u0144stwa u\u017cytkownik\u00f3w<\/li>\n<li>Wytrzyma\u0142a stalowa rama zaprojektowana do ci\u0105g\u0142ej pracy w przestrzeniach publicznych<\/li>\n<li class=\"translation-block\">Kompatybilna z <a href=\"https:\/\/aquaturo.eu\/pl\/produkt\/oasis-green-filter\/\" target=\"_self\">filtrami Oasis Green<\/a> dla lepszej filtracji i poprawionego smaku<\/li>\n<\/ul>\n<p>Ta wolnostoj\u0105ca stacja wody pitnej zapewnia higieniczn\u0105, oszcz\u0119dn\u0105 i przyjazn\u0105 u\u017cytkownikowi alternatyw\u0119 dla dystrybutor\u00f3w butlowych, dzi\u0119ki czemu doskonale sprawdza si\u0119 w biurach, szko\u0142ach, si\u0142owniach, szpitalach, zak\u0142adach produkcyjnych i innych wn\u0119trzach nastawionych na niezawodno\u015b\u0107 i czysto\u015b\u0107.<\/p>","protected":false},"excerpt":{"rendered":"<p>Bezdotykowa wolnostoj\u0105ca stacja do nape\u0142niania butelek zapewniaj\u0105ca ch\u0142odn\u0105, filtrowan\u0105 wod\u0119 w intensywnie u\u017cytkowanych wn\u0119trzach przy jednoczesnym ograniczaniu plastiku jednorazowego.<\/p>","protected":false},"featured_media":6706,"comment_status":"closed","ping_status":"closed","template":"","meta":[],"product_brand":[],"product_cat":[81,82,122],"product_tag":[84,74,102,103,123,79],"class_list":{"0":"post-6655","1":"product","2":"type-product","3":"status-publish","4":"has-post-thumbnail","6":"product_cat-bottle-filling-stations","7":"product_cat-contactless-bottle-filling-stations","8":"product_cat-freestanding-bottle-filling-stations","9":"product_tag-bottle-fill","10":"product_tag-contactless","11":"product_tag-cooled","12":"product_tag-filtered","13":"product_tag-freestanding","14":"product_tag-station","16":"first","17":"instock","18":"taxable","19":"shipping-taxable","20":"purchasable","21":"product-type-variable"},"yoast_head":"<!-- This site is optimized with the Yoast SEO plugin v26.9 - https:\/\/yoast.com\/product\/yoast-seo-wordpress\/ -->\n<title>Oasis floor-standing bottle filling station | aquaturo<\/title>\n<meta name=\"description\" content=\"Floor-standing touchless water filling station with LED display, drainage, filtration option, and steel body \u2013 fits large bottles.\" \/>\n<meta name=\"robots\" content=\"index, follow, max-snippet:-1, max-image-preview:large, max-video-preview:-1\" \/>\n<link rel=\"canonical\" href=\"https:\/\/aquaturo.eu\/pl\/sklep\/oasis-pcp\/\" \/>\n<script type=\"application\/ld+json\" class=\"yoast-schema-graph\">{\"@context\":\"https:\/\/schema.org\",\"@graph\":[{\"@type\":\"WebPage\",\"@id\":\"https:\/\/aquaturo.eu\/shop\/oasis-pcp\/\",\"url\":\"https:\/\/aquaturo.eu\/shop\/oasis-pcp\/\",\"name\":\"Oasis floor-standing bottle filling station | aquaturo\",\"isPartOf\":{\"@id\":\"https:\/\/aquaturo.eu\/de\/#website\"},\"primaryImageOfPage\":{\"@id\":\"https:\/\/aquaturo.eu\/shop\/oasis-pcp\/#primaryimage\"},\"image\":{\"@id\":\"https:\/\/aquaturo.eu\/shop\/oasis-pcp\/#primaryimage\"},\"thumbnailUrl\":\"https:\/\/aquaturo.eu\/wp-content\/uploads\/2025\/10\/PCP8EBFY_SSA.jpg\",\"datePublished\":\"2025-10-26T09:22:58+00:00\",\"dateModified\":\"2025-11-12T11:01:25+00:00\",\"description\":\"Floor-standing touchless water filling station with LED display, drainage, filtration option, and steel body \u2013 fits large bottles.\",\"breadcrumb\":{\"@id\":\"https:\/\/aquaturo.eu\/shop\/oasis-pcp\/#breadcrumb\"},\"inLanguage\":\"pl-PL\",\"potentialAction\":[{\"@type\":\"ReadAction\",\"target\":[\"https:\/\/aquaturo.eu\/shop\/oasis-pcp\/\"]}]},{\"@type\":\"ImageObject\",\"inLanguage\":\"pl-PL\",\"@id\":\"https:\/\/aquaturo.eu\/shop\/oasis-pcp\/#primaryimage\",\"url\":\"https:\/\/aquaturo.eu\/wp-content\/uploads\/2025\/10\/PCP8EBFY_SSA.jpg\",\"contentUrl\":\"https:\/\/aquaturo.eu\/wp-content\/uploads\/2025\/10\/PCP8EBFY_SSA.jpg\",\"width\":1200,\"height\":1200,\"caption\":\"Oasis PCP8EBFY SSA free-standing water dispenser with touchless sensor and cooling for public spaces\"},{\"@type\":\"BreadcrumbList\",\"@id\":\"https:\/\/aquaturo.eu\/shop\/oasis-pcp\/#breadcrumb\",\"itemListElement\":[{\"@type\":\"ListItem\",\"position\":1,\"name\":\"Home\",\"item\":\"https:\/\/aquaturo.eu\/\"},{\"@type\":\"ListItem\",\"position\":2,\"name\":\"Shop\",\"item\":\"https:\/\/aquaturo.eu\/shop\/\"},{\"@type\":\"ListItem\",\"position\":3,\"name\":\"Oasis floor-standing bottle filling station\"}]},{\"@type\":\"WebSite\",\"@id\":\"https:\/\/aquaturo.eu\/de\/#website\",\"url\":\"https:\/\/aquaturo.eu\/de\/\",\"name\":\"aquaturo\",\"description\":\"\",\"publisher\":{\"@id\":\"https:\/\/aquaturo.eu\/de\/#organization\"},\"potentialAction\":[{\"@type\":\"SearchAction\",\"target\":{\"@type\":\"EntryPoint\",\"urlTemplate\":\"https:\/\/aquaturo.eu\/de\/?s={search_term_string}\"},\"query-input\":{\"@type\":\"PropertyValueSpecification\",\"valueRequired\":true,\"valueName\":\"search_term_string\"}}],\"inLanguage\":\"pl-PL\"},{\"@type\":\"Organization\",\"@id\":\"https:\/\/aquaturo.eu\/de\/#organization\",\"name\":\"aquaturo\",\"url\":\"https:\/\/aquaturo.eu\/de\/\",\"logo\":{\"@type\":\"ImageObject\",\"inLanguage\":\"pl-PL\",\"@id\":\"https:\/\/aquaturo.eu\/de\/#\/schema\/logo\/image\/\",\"url\":\"https:\/\/aquaturo.eu\/wp-content\/uploads\/2025\/11\/aquaturo-logo-txt.png\",\"contentUrl\":\"https:\/\/aquaturo.eu\/wp-content\/uploads\/2025\/11\/aquaturo-logo-txt.png\",\"width\":652,\"height\":142,\"caption\":\"aquaturo\"},\"image\":{\"@id\":\"https:\/\/aquaturo.eu\/de\/#\/schema\/logo\/image\/\"}}]}<\/script>\n<!-- \/ Yoast SEO plugin. -->","yoast_head_json":{"title":"Wolnostoj\u0105ca stacja do nape\u0142niania butelek Oasis | aquaturo","description":"Wolnostoj\u0105ca bezdotykowa stacja do uzupe\u0142niania wody z wy\u015bwietlaczem LED, odp\u0142ywem, opcjonaln\u0105 filtracj\u0105 i obudow\u0105 stalow\u0105 \u2013 mie\u015bci du\u017ce butelki.","robots":{"index":"index","follow":"follow","max-snippet":"max-snippet:-1","max-image-preview":"max-image-preview:large","max-video-preview":"max-video-preview:-1"},"canonical":"https:\/\/aquaturo.eu\/pl\/sklep\/oasis-pcp\/","schema":{"@context":"https:\/\/schema.org","@graph":[{"@type":"WebPage","@id":"https:\/\/aquaturo.eu\/shop\/oasis-pcp\/","url":"https:\/\/aquaturo.eu\/shop\/oasis-pcp\/","name":"Wolnostoj\u0105ca stacja do nape\u0142niania butelek Oasis | aquaturo","isPartOf":{"@id":"https:\/\/aquaturo.eu\/de\/#website"},"primaryImageOfPage":{"@id":"https:\/\/aquaturo.eu\/shop\/oasis-pcp\/#primaryimage"},"image":{"@id":"https:\/\/aquaturo.eu\/shop\/oasis-pcp\/#primaryimage"},"thumbnailUrl":"https:\/\/aquaturo.eu\/wp-content\/uploads\/2025\/10\/PCP8EBFY_SSA.jpg","datePublished":"2025-10-26T09:22:58+00:00","dateModified":"2025-11-12T11:01:25+00:00","description":"Wolnostoj\u0105ca bezdotykowa stacja do uzupe\u0142niania wody z wy\u015bwietlaczem LED, odp\u0142ywem, opcjonaln\u0105 filtracj\u0105 i obudow\u0105 stalow\u0105 \u2013 mie\u015bci du\u017ce butelki.","breadcrumb":{"@id":"https:\/\/aquaturo.eu\/shop\/oasis-pcp\/#breadcrumb"},"inLanguage":"pl-PL","potentialAction":[{"@type":"ReadAction","target":["https:\/\/aquaturo.eu\/shop\/oasis-pcp\/"]}]},{"@type":"ImageObject","inLanguage":"pl-PL","@id":"https:\/\/aquaturo.eu\/shop\/oasis-pcp\/#primaryimage","url":"https:\/\/aquaturo.eu\/wp-content\/uploads\/2025\/10\/PCP8EBFY_SSA.jpg","contentUrl":"https:\/\/aquaturo.eu\/wp-content\/uploads\/2025\/10\/PCP8EBFY_SSA.jpg","width":1200,"height":1200,"caption":"Oasis PCP8EBFY SSA free-standing water dispenser with touchless sensor and cooling for public spaces"},{"@type":"BreadcrumbList","@id":"https:\/\/aquaturo.eu\/shop\/oasis-pcp\/#breadcrumb","itemListElement":[{"@type":"ListItem","position":1,"name":"Home","item":"https:\/\/aquaturo.eu\/"},{"@type":"ListItem","position":2,"name":"Shop","item":"https:\/\/aquaturo.eu\/shop\/"},{"@type":"ListItem","position":3,"name":"Oasis floor-standing bottle filling station"}]},{"@type":"WebSite","@id":"https:\/\/aquaturo.eu\/de\/#website","url":"https:\/\/aquaturo.eu\/de\/","name":"aquaturo","description":"","publisher":{"@id":"https:\/\/aquaturo.eu\/de\/#organization"},"potentialAction":[{"@type":"SearchAction","target":{"@type":"EntryPoint","urlTemplate":"https:\/\/aquaturo.eu\/de\/?s={search_term_string}"},"query-input":{"@type":"PropertyValueSpecification","valueRequired":true,"valueName":"search_term_string"}}],"inLanguage":"pl-PL"},{"@type":"Organization","@id":"https:\/\/aquaturo.eu\/de\/#organization","name":"aquaturo","url":"https:\/\/aquaturo.eu\/de\/","logo":{"@type":"ImageObject","inLanguage":"pl-PL","@id":"https:\/\/aquaturo.eu\/de\/#\/schema\/logo\/image\/","url":"https:\/\/aquaturo.eu\/wp-content\/uploads\/2025\/11\/aquaturo-logo-txt.png","contentUrl":"https:\/\/aquaturo.eu\/wp-content\/uploads\/2025\/11\/aquaturo-logo-txt.png","width":652,"height":142,"caption":"aquaturo"},"image":{"@id":"https:\/\/aquaturo.eu\/de\/#\/schema\/logo\/image\/"}}]}},"_links":{"self":[{"href":"https:\/\/aquaturo.eu\/pl\/wp-json\/wp\/v2\/product\/6655","targetHints":{"allow":["GET"]}}],"collection":[{"href":"https:\/\/aquaturo.eu\/pl\/wp-json\/wp\/v2\/product"}],"about":[{"href":"https:\/\/aquaturo.eu\/pl\/wp-json\/wp\/v2\/types\/product"}],"replies":[{"embeddable":true,"href":"https:\/\/aquaturo.eu\/pl\/wp-json\/wp\/v2\/comments?post=6655"}],"wp:featuredmedia":[{"embeddable":true,"href":"https:\/\/aquaturo.eu\/pl\/wp-json\/wp\/v2\/media\/6706"}],"wp:attachment":[{"href":"https:\/\/aquaturo.eu\/pl\/wp-json\/wp\/v2\/media?parent=6655"}],"wp:term":[{"taxonomy":"product_brand","embeddable":true,"href":"https:\/\/aquaturo.eu\/pl\/wp-json\/wp\/v2\/product_brand?post=6655"},{"taxonomy":"product_cat","embeddable":true,"href":"https:\/\/aquaturo.eu\/pl\/wp-json\/wp\/v2\/product_cat?post=6655"},{"taxonomy":"product_tag","embeddable":true,"href":"https:\/\/aquaturo.eu\/pl\/wp-json\/wp\/v2\/product_tag?post=6655"}],"curies":[{"name":"wp","href":"https:\/\/api.w.org\/{rel}","templated":true}]}}