{"id":6653,"date":"2025-10-26T09:22:58","date_gmt":"2025-10-26T09:22:58","guid":{"rendered":"https:\/\/aquaturo.eu\/?post_type=product&#038;p=6653"},"modified":"2025-11-20T17:38:58","modified_gmt":"2025-11-20T17:38:58","slug":"oasis-mweb","status":"publish","type":"product","link":"https:\/\/aquaturo.eu\/pl\/sklep\/oasis-mweb\/","title":{"rendered":"Wbudowana stacja do nape\u0142niania butelek Oasis AquaPointe"},"content":{"rendered":"<h2 style=\"color: #007bff;\">Wbudowana stacja do nape\u0142niania butelek Oasis<\/h2>\n<p class=\"translation-block\">Ta wbudowana stacja do nape\u0142niania butelek <strong>Oasis MWEB<\/strong> zapewnia higieniczny i wygodny dost\u0119p do uzupe\u0142niania butelek w intensywnie u\u017cytkowanych przestrzeniach wewn\u0119trznych. Dost\u0119pna jest w dw\u00f3ch konfiguracjach: z lub bez dezynfekcji Quasar UVC-LED, co pozwala dopasowa\u0107 poziom ochrony higienicznej do konkretnego zastosowania i wymaga\u0144.<\/p>\n<p>Urz\u0105dzenie dzia\u0142a ca\u0142kowicie bezdotykowo dzi\u0119ki aktywacji podczerwieni\u0105, umo\u017cliwiaj\u0105c u\u017cytkownikom nape\u0142nianie butelek bez kontaktu z powierzchniami. Opcjonalny system Quasar UVC-LED dezynfekuje wod\u0119 w punkcie nalewania, wspieraj\u0105c wysoki poziom higieny w przestrzeniach publicznych i profesjonalnych.<\/p>\n<p>Przestronna strefa nape\u0142niania mie\u015bci r\u00f3\u017cne rozmiary butelek i bidon\u00f3w sportowych, a zintegrowany odp\u0142yw zapobiega zastojom wody i zmniejsza potrzeby czyszczenia. Monta\u017c w \u015bcianie sprawdza si\u0119 w korytarzach, strefach fitness, biurach, szko\u0142ach, budynkach opieki zdrowotnej i innych wsp\u00f3lnych przestrzeniach, w kt\u00f3rych liczy si\u0119 niezawodny dost\u0119p do wody pitnej.<\/p>\n<p>Model dostarcza wod\u0119 o temperaturze otoczenia jako standard i mo\u017ce by\u0107 po\u0142\u0105czony z ch\u0142odziark\u0105 Oasis (opcjonalnie), je\u015bli potrzebna jest woda ch\u0142odzona.<\/p>\n<h3 style=\"color: #007bff;\">Kluczowe funkcje<\/h3>\n<ul>\n<li>Bezdotykowa aktywacja na podczerwie\u0144 dla higienicznego nape\u0142niania butelek<\/li>\n<li class=\"translation-block\">Opcjonalna dezynfekcja <a href=\"https:\/\/aquaturo.eu\/pl\/kluczowe-technologie-we-wspolczesnych-stacjach-wodnych\/\" target=\"_self\">Quasar UVC-LED<\/a> w punkcie nalewania<\/li>\n<li>Przestronna strefa nape\u0142niania \u2013 odpowiednia dla du\u017cych butelek i bidon\u00f3w sportowych<\/li>\n<li>Zintegrowany odp\u0142yw zapobiegaj\u0105cy zastojom wody i zmniejszaj\u0105cy potrzeb\u0119 czyszczenia<\/li>\n<li class=\"translation-block\"><a href=\"https:\/\/aquaturo.eu\/pl\/digitalowe-liczniki-butelek-inteligentny-sposob-na-sledzenie-zrownowazenia\/\" target=\"_self\">Cyfrowy licznik nape\u0142nie\u0144<\/a> wspieraj\u0105cy redukcj\u0119 plastiku<\/li>\n<li>Ochrona antybakteryjna Freshield ograniczaj\u0105ca rozw\u00f3j bakterii i zapach\u00f3w<\/li>\n<li>Filtr osadu 100 mikron\u00f3w ograniczaj\u0105cy widoczne cz\u0105stki<\/li>\n<li class=\"translation-block\">Mo\u017cliwo\u015b\u0107 po\u0142\u0105czenia z <a href=\"https:\/\/aquaturo.eu\/pl\/kategoria-produktu\/akcesoria\/chlodziarki-do-wody\/\" target=\"_self\">ch\u0142odziark\u0105 Oasis<\/a> w celu uzyskania wody ch\u0142odzonej (opcjonalnie)<\/li>\n<li>Wytrzyma\u0142a stalowa rama zaprojektowana do ci\u0105g\u0142ej pracy w przestrzeniach publicznych<\/li>\n<li>Komponenty maj\u0105ce kontakt z wod\u0105 wolne od o\u0142owiu dla bezpiecze\u0144stwa u\u017cytkownik\u00f3w<\/li>\n<li class=\"translation-block\">Kompatybilna z <a href=\"https:\/\/aquaturo.eu\/pl\/produkt\/oasis-green-filter\/\" target=\"_self\">filtrami Oasis Green<\/a> dla lepszej filtracji i poprawionego smaku<\/li>\n<\/ul>\n<p class=\"translation-block\">Ta wbudowana stacja do nape\u0142niania butelek <strong>Oasis MWEB<\/strong> oferuje higieniczne, praktyczne i przyjazne u\u017cytkownikowi rozwi\u0105zanie w zakresie wody pitnej dla przestrzeni publicznych i profesjonalnych, w kt\u00f3rych niezawodne, bezdotykowe nape\u0142nianie jest kluczowe.<\/p>","protected":false},"excerpt":{"rendered":"<p>Bezdotykowa wbudowana stacja do nape\u0142niania butelek z opcjonaln\u0105 dezynfekcj\u0105 Quasar, zapewniaj\u0105ca higieniczne uzupe\u0142nianie wody w intensywnie u\u017cytkowanych wn\u0119trzach.<\/p>","protected":false},"featured_media":6704,"comment_status":"closed","ping_status":"closed","template":"","meta":[],"product_brand":[],"product_cat":[81,82,83],"product_tag":[84,74,103,79,90],"class_list":{"0":"post-6653","1":"product","2":"type-product","3":"status-publish","4":"has-post-thumbnail","6":"product_cat-bottle-filling-stations","7":"product_cat-contactless-bottle-filling-stations","8":"product_cat-in-wall-bottle-filling-stations","9":"product_tag-bottle-fill","10":"product_tag-contactless","11":"product_tag-filtered","12":"product_tag-station","13":"product_tag-wall","15":"first","16":"instock","17":"taxable","18":"shipping-taxable","19":"purchasable","20":"product-type-variable"},"yoast_head":"<!-- This site is optimized with the Yoast SEO plugin v26.9 - https:\/\/yoast.com\/product\/yoast-seo-wordpress\/ -->\n<title>Oasis AquaPointe in-wall bottle filling station | aquaturo<\/title>\n<meta name=\"description\" content=\"In-wall Oasis touchless water station with UV-C LED disinfection, drainage, filter, and counter \u2013 a sustainable, hygienic solution for public spaces.\" \/>\n<meta name=\"robots\" content=\"index, follow, max-snippet:-1, max-image-preview:large, max-video-preview:-1\" \/>\n<link rel=\"canonical\" href=\"https:\/\/aquaturo.eu\/pl\/sklep\/oasis-mweb\/\" \/>\n<script type=\"application\/ld+json\" class=\"yoast-schema-graph\">{\"@context\":\"https:\/\/schema.org\",\"@graph\":[{\"@type\":\"WebPage\",\"@id\":\"https:\/\/aquaturo.eu\/shop\/oasis-mweb\/\",\"url\":\"https:\/\/aquaturo.eu\/shop\/oasis-mweb\/\",\"name\":\"Oasis AquaPointe in-wall bottle filling station | aquaturo\",\"isPartOf\":{\"@id\":\"https:\/\/aquaturo.eu\/de\/#website\"},\"primaryImageOfPage\":{\"@id\":\"https:\/\/aquaturo.eu\/shop\/oasis-mweb\/#primaryimage\"},\"image\":{\"@id\":\"https:\/\/aquaturo.eu\/shop\/oasis-mweb\/#primaryimage\"},\"thumbnailUrl\":\"https:\/\/aquaturo.eu\/wp-content\/uploads\/2025\/10\/MWEBQ_SSA.jpg\",\"datePublished\":\"2025-10-26T09:22:58+00:00\",\"dateModified\":\"2025-11-20T17:38:58+00:00\",\"description\":\"In-wall Oasis touchless water station with UV-C LED disinfection, drainage, filter, and counter \u2013 a sustainable, hygienic solution for public spaces.\",\"breadcrumb\":{\"@id\":\"https:\/\/aquaturo.eu\/shop\/oasis-mweb\/#breadcrumb\"},\"inLanguage\":\"pl-PL\",\"potentialAction\":[{\"@type\":\"ReadAction\",\"target\":[\"https:\/\/aquaturo.eu\/shop\/oasis-mweb\/\"]}]},{\"@type\":\"ImageObject\",\"inLanguage\":\"pl-PL\",\"@id\":\"https:\/\/aquaturo.eu\/shop\/oasis-mweb\/#primaryimage\",\"url\":\"https:\/\/aquaturo.eu\/wp-content\/uploads\/2025\/10\/MWEBQ_SSA.jpg\",\"contentUrl\":\"https:\/\/aquaturo.eu\/wp-content\/uploads\/2025\/10\/MWEBQ_SSA.jpg\",\"width\":1200,\"height\":1200,\"caption\":\"Oasis AquaPointe MWEBQ SSA compact wall-mounted touchless bottle filler with Quasar\u00ae UVC LED disinfection\"},{\"@type\":\"BreadcrumbList\",\"@id\":\"https:\/\/aquaturo.eu\/shop\/oasis-mweb\/#breadcrumb\",\"itemListElement\":[{\"@type\":\"ListItem\",\"position\":1,\"name\":\"Home\",\"item\":\"https:\/\/aquaturo.eu\/\"},{\"@type\":\"ListItem\",\"position\":2,\"name\":\"Shop\",\"item\":\"https:\/\/aquaturo.eu\/shop\/\"},{\"@type\":\"ListItem\",\"position\":3,\"name\":\"Oasis AquaPointe in-wall bottle filling station\"}]},{\"@type\":\"WebSite\",\"@id\":\"https:\/\/aquaturo.eu\/de\/#website\",\"url\":\"https:\/\/aquaturo.eu\/de\/\",\"name\":\"aquaturo\",\"description\":\"\",\"publisher\":{\"@id\":\"https:\/\/aquaturo.eu\/de\/#organization\"},\"potentialAction\":[{\"@type\":\"SearchAction\",\"target\":{\"@type\":\"EntryPoint\",\"urlTemplate\":\"https:\/\/aquaturo.eu\/de\/?s={search_term_string}\"},\"query-input\":{\"@type\":\"PropertyValueSpecification\",\"valueRequired\":true,\"valueName\":\"search_term_string\"}}],\"inLanguage\":\"pl-PL\"},{\"@type\":\"Organization\",\"@id\":\"https:\/\/aquaturo.eu\/de\/#organization\",\"name\":\"aquaturo\",\"url\":\"https:\/\/aquaturo.eu\/de\/\",\"logo\":{\"@type\":\"ImageObject\",\"inLanguage\":\"pl-PL\",\"@id\":\"https:\/\/aquaturo.eu\/de\/#\/schema\/logo\/image\/\",\"url\":\"https:\/\/aquaturo.eu\/wp-content\/uploads\/2025\/11\/aquaturo-logo-txt.png\",\"contentUrl\":\"https:\/\/aquaturo.eu\/wp-content\/uploads\/2025\/11\/aquaturo-logo-txt.png\",\"width\":652,\"height\":142,\"caption\":\"aquaturo\"},\"image\":{\"@id\":\"https:\/\/aquaturo.eu\/de\/#\/schema\/logo\/image\/\"}}]}<\/script>\n<!-- \/ Yoast SEO plugin. -->","yoast_head_json":{"title":"Nawierzchniowa stacja do nape\u0142niania butelek Oasis AquaPointe | aquaturo","description":"Wbudowana bezdotykowa stacja Oasis z UV-C LED, odp\u0142ywem i licznikiem \u2013 higieniczne rozwi\u0105zanie do przestrzeni publicznych.","robots":{"index":"index","follow":"follow","max-snippet":"max-snippet:-1","max-image-preview":"max-image-preview:large","max-video-preview":"max-video-preview:-1"},"canonical":"https:\/\/aquaturo.eu\/pl\/sklep\/oasis-mweb\/","schema":{"@context":"https:\/\/schema.org","@graph":[{"@type":"WebPage","@id":"https:\/\/aquaturo.eu\/shop\/oasis-mweb\/","url":"https:\/\/aquaturo.eu\/shop\/oasis-mweb\/","name":"Nawierzchniowa stacja do nape\u0142niania butelek Oasis AquaPointe | aquaturo","isPartOf":{"@id":"https:\/\/aquaturo.eu\/de\/#website"},"primaryImageOfPage":{"@id":"https:\/\/aquaturo.eu\/shop\/oasis-mweb\/#primaryimage"},"image":{"@id":"https:\/\/aquaturo.eu\/shop\/oasis-mweb\/#primaryimage"},"thumbnailUrl":"https:\/\/aquaturo.eu\/wp-content\/uploads\/2025\/10\/MWEBQ_SSA.jpg","datePublished":"2025-10-26T09:22:58+00:00","dateModified":"2025-11-20T17:38:58+00:00","description":"Wbudowana bezdotykowa stacja Oasis z UV-C LED, odp\u0142ywem i licznikiem \u2013 higieniczne rozwi\u0105zanie do przestrzeni publicznych.","breadcrumb":{"@id":"https:\/\/aquaturo.eu\/shop\/oasis-mweb\/#breadcrumb"},"inLanguage":"pl-PL","potentialAction":[{"@type":"ReadAction","target":["https:\/\/aquaturo.eu\/shop\/oasis-mweb\/"]}]},{"@type":"ImageObject","inLanguage":"pl-PL","@id":"https:\/\/aquaturo.eu\/shop\/oasis-mweb\/#primaryimage","url":"https:\/\/aquaturo.eu\/wp-content\/uploads\/2025\/10\/MWEBQ_SSA.jpg","contentUrl":"https:\/\/aquaturo.eu\/wp-content\/uploads\/2025\/10\/MWEBQ_SSA.jpg","width":1200,"height":1200,"caption":"Oasis AquaPointe MWEBQ SSA compact wall-mounted touchless bottle filler with Quasar\u00ae UVC LED disinfection"},{"@type":"BreadcrumbList","@id":"https:\/\/aquaturo.eu\/shop\/oasis-mweb\/#breadcrumb","itemListElement":[{"@type":"ListItem","position":1,"name":"Home","item":"https:\/\/aquaturo.eu\/"},{"@type":"ListItem","position":2,"name":"Shop","item":"https:\/\/aquaturo.eu\/shop\/"},{"@type":"ListItem","position":3,"name":"Oasis AquaPointe in-wall bottle filling station"}]},{"@type":"WebSite","@id":"https:\/\/aquaturo.eu\/de\/#website","url":"https:\/\/aquaturo.eu\/de\/","name":"aquaturo","description":"","publisher":{"@id":"https:\/\/aquaturo.eu\/de\/#organization"},"potentialAction":[{"@type":"SearchAction","target":{"@type":"EntryPoint","urlTemplate":"https:\/\/aquaturo.eu\/de\/?s={search_term_string}"},"query-input":{"@type":"PropertyValueSpecification","valueRequired":true,"valueName":"search_term_string"}}],"inLanguage":"pl-PL"},{"@type":"Organization","@id":"https:\/\/aquaturo.eu\/de\/#organization","name":"aquaturo","url":"https:\/\/aquaturo.eu\/de\/","logo":{"@type":"ImageObject","inLanguage":"pl-PL","@id":"https:\/\/aquaturo.eu\/de\/#\/schema\/logo\/image\/","url":"https:\/\/aquaturo.eu\/wp-content\/uploads\/2025\/11\/aquaturo-logo-txt.png","contentUrl":"https:\/\/aquaturo.eu\/wp-content\/uploads\/2025\/11\/aquaturo-logo-txt.png","width":652,"height":142,"caption":"aquaturo"},"image":{"@id":"https:\/\/aquaturo.eu\/de\/#\/schema\/logo\/image\/"}}]}},"_links":{"self":[{"href":"https:\/\/aquaturo.eu\/pl\/wp-json\/wp\/v2\/product\/6653","targetHints":{"allow":["GET"]}}],"collection":[{"href":"https:\/\/aquaturo.eu\/pl\/wp-json\/wp\/v2\/product"}],"about":[{"href":"https:\/\/aquaturo.eu\/pl\/wp-json\/wp\/v2\/types\/product"}],"replies":[{"embeddable":true,"href":"https:\/\/aquaturo.eu\/pl\/wp-json\/wp\/v2\/comments?post=6653"}],"wp:featuredmedia":[{"embeddable":true,"href":"https:\/\/aquaturo.eu\/pl\/wp-json\/wp\/v2\/media\/6704"}],"wp:attachment":[{"href":"https:\/\/aquaturo.eu\/pl\/wp-json\/wp\/v2\/media?parent=6653"}],"wp:term":[{"taxonomy":"product_brand","embeddable":true,"href":"https:\/\/aquaturo.eu\/pl\/wp-json\/wp\/v2\/product_brand?post=6653"},{"taxonomy":"product_cat","embeddable":true,"href":"https:\/\/aquaturo.eu\/pl\/wp-json\/wp\/v2\/product_cat?post=6653"},{"taxonomy":"product_tag","embeddable":true,"href":"https:\/\/aquaturo.eu\/pl\/wp-json\/wp\/v2\/product_tag?post=6653"}],"curies":[{"name":"wp","href":"https:\/\/api.w.org\/{rel}","templated":true}]}}