{"id":6651,"date":"2025-10-26T09:22:58","date_gmt":"2025-10-26T09:22:58","guid":{"rendered":"https:\/\/aquaturo.eu\/?post_type=product&#038;p=6651"},"modified":"2025-11-16T11:10:08","modified_gmt":"2025-11-16T11:10:08","slug":"oasis-rlf8y","status":"publish","type":"product","link":"https:\/\/aquaturo.eu\/pl\/sklep\/oasis-rlf8y\/","title":{"rendered":"Oasis RLF8Y ch\u0142odziarka do wody"},"content":{"rendered":"<h3 style=\"font-size: 28px; font-weight: bold; margin-bottom: 16px; color: #007bff;\">Oasis RLF8Y ch\u0142odziarka do wody<\/h3>\n<p class=\"translation-block\"><strong>Oasis RLF8Y<\/strong> to wysokowydajna zdalna ch\u0142odziarka do wody zaprojektowana do zapewniania ci\u0105g\u0142ej dostawy zimnej wody pitnej w \u015brodowiskach o du\u017cym nat\u0119\u017ceniu ruchu. Mo\u017cna j\u0105 instalowa\u0107 poza zasi\u0119giem wzroku, na przyk\u0142ad za \u015bcian\u0105 lub w pomieszczeniu technicznym, co pozwala utrzyma\u0107 przestrzenie publiczne czyste, otwarte i estetyczne, bez rezygnacji z pe\u0142nej wydajno\u015bci ch\u0142odzenia.<\/p>\n<p>Model ten idealnie sprawdza si\u0119 w szko\u0142ach, szpitalach, si\u0142owniach, stadionach i innych obiektach, gdzie przez ca\u0142y dzie\u0144 potrzebne s\u0105 du\u017ce ilo\u015bci zimnej wody bez widocznej jednostki ch\u0142odz\u0105cej w pomieszczeniu.<\/p>\n<h4 style=\"margin-top: 32px; font-weight: bold; color: #007bff;\">Kluczowe funkcje<\/h4>\n<ul style=\"margin-top: 12px; margin-bottom: 24px; line-height: 1.6;\">\n<li>Wysoka wydajno\u015b\u0107 ch\u0142odzenia \u2013 do 60 l\/h przy temperaturach oko\u0142o 10\u00b0C<\/li>\n<li>Instalacja zdalna \u2013 monta\u017c za \u015bcian\u0105 lub w pomieszczeniach technicznych dla zachowania czystej przestrzeni<\/li>\n<li>Wytrzyma\u0142a metalowa obudowa \u2013 zaprojektowana z my\u015bl\u0105 o sta\u0142ej wydajno\u015bci i d\u0142ugiej \u017cywotno\u015bci<\/li>\n<li>Bezo\u0142owiowy tor wodny \u2013 wszystkie materia\u0142y stykaj\u0105ce si\u0119 z wod\u0105 spe\u0142niaj\u0105 rygorystyczne normy higieniczne<\/li>\n<li>\u0141atwa integracja \u2013 kompatybilna z fontannami wody pitnej, nape\u0142niaczami butelek i dystrybutorami<\/li>\n<li>Automatyczny termostat \u2013 utrzymuje stabiln\u0105 temperatur\u0119 zimnej wody<\/li>\n<li>Energooszcz\u0119dny uk\u0142ad ch\u0142odzenia \u2013 zoptymalizowany do ci\u0105g\u0142ej, ale ekonomicznej pracy<\/li>\n<li>Stworzona do miejsc o du\u017cym ruchu \u2013 niezawodna praca ka\u017cdego dnia<\/li>\n<\/ul>\n<p style=\"opacity: 0.9;\" class=\"translation-block\"><strong>Oasis RLF8Y<\/strong> to mocna, oszcz\u0119dzaj\u0105ca miejsce ch\u0142odziarka do wody, idealna dla obiekt\u00f3w wymagaj\u0105cych niezawodnych, du\u017cych ilo\u015bci zimnej wody pitnej bez kompromis\u00f3w w wygl\u0105dzie czy uk\u0142adzie przestrzeni.<\/p>","protected":false},"excerpt":{"rendered":"<article class=\"text-token-text-primary w-full focus:outline-none [--shadow-height:45px] has-data-writing-block:pointer-events-none has-data-writing-block:-mt-(--shadow-height) has-data-writing-block:pt-(--shadow-height) [&amp;:has([data-writing-block])&gt;*]:pointer-events-auto [content-visibility:auto] supports-[content-visibility:auto]:[contain-intrinsic-size:auto_100lvh] scroll-mt-[calc(var(--header-height)+min(200px,max(70px,20svh)))]\" dir=\"auto\" tabindex=\"-1\" data-turn-id=\"request-WEB:114413c0-aa75-4161-b4e0-db2b0fcd5f24-38\" data-testid=\"conversation-turn-78\" data-scroll-anchor=\"true\" data-turn=\"assistant\">\n<div class=\"text-base my-auto mx-auto pb-10 [--thread-content-margin:--spacing(4)] thread-sm:[--thread-content-margin:--spacing(6)] thread-lg:[--thread-content-margin:--spacing(16)] px-(--thread-content-margin)\">\n<div class=\"[--thread-content-max-width:40rem] thread-lg:[--thread-content-max-width:48rem] mx-auto max-w-(--thread-content-max-width) flex-1 group\/turn-messages focus-visible:outline-hidden relative flex w-full min-w-0 flex-col agent-turn\" tabindex=\"-1\">\n<div class=\"flex max-w-full flex-col grow\">\n<div class=\"min-h-8 text-message relative flex w-full flex-col items-end gap-2 text-start break-words whitespace-normal [.text-message+&amp;]:mt-1\" dir=\"auto\" data-message-author-role=\"assistant\" data-message-id=\"23bbfc0c-3c42-44e2-9d86-a0aab45c6050\" data-message-model-slug=\"gpt-5\">\n<div class=\"flex w-full flex-col gap-1 empty:hidden first:pt-[1px]\">\n<div class=\"markdown prose dark:prose-invert w-full break-words dark markdown-new-styling\">\n<p data-start=\"0\" data-end=\"86\" data-is-last-node=\"\" data-is-only-node=\"\">Wysokowydajna ch\u0142odziarka zdalna do du\u017cej ilo\u015bci zimnej wody.<\/p>\n<\/div>\n<\/div>\n<\/div>\n<\/div>\n<\/div>\n<\/div>\n<\/article>","protected":false},"featured_media":6702,"comment_status":"closed","ping_status":"closed","template":"","meta":[],"product_brand":[],"product_cat":[68,119],"product_tag":[78,80],"class_list":{"0":"post-6651","1":"product","2":"type-product","3":"status-publish","4":"has-post-thumbnail","6":"product_cat-accessories","7":"product_cat-water-coolers","8":"product_tag-cold-water","9":"product_tag-water-cooler","11":"first","12":"instock","13":"taxable","14":"shipping-taxable","15":"purchasable","16":"product-type-simple"},"yoast_head":"<!-- This site is optimized with the Yoast SEO plugin v26.9 - https:\/\/yoast.com\/product\/yoast-seo-wordpress\/ -->\n<title>Oasis RLF8Y water chiller | aquaturo<\/title>\n<meta name=\"description\" content=\"Powerful remote water chiller delivers up to 60 L of cold water per hour \u2013 ideal for high-traffic areas and concealed installations.\" \/>\n<meta name=\"robots\" content=\"index, follow, max-snippet:-1, max-image-preview:large, max-video-preview:-1\" \/>\n<link rel=\"canonical\" href=\"https:\/\/aquaturo.eu\/pl\/sklep\/oasis-rlf8y\/\" \/>\n<script type=\"application\/ld+json\" class=\"yoast-schema-graph\">{\"@context\":\"https:\/\/schema.org\",\"@graph\":[{\"@type\":\"WebPage\",\"@id\":\"https:\/\/aquaturo.eu\/shop\/oasis-rlf8y\/\",\"url\":\"https:\/\/aquaturo.eu\/shop\/oasis-rlf8y\/\",\"name\":\"Oasis RLF8Y water chiller | aquaturo\",\"isPartOf\":{\"@id\":\"https:\/\/aquaturo.eu\/de\/#website\"},\"primaryImageOfPage\":{\"@id\":\"https:\/\/aquaturo.eu\/shop\/oasis-rlf8y\/#primaryimage\"},\"image\":{\"@id\":\"https:\/\/aquaturo.eu\/shop\/oasis-rlf8y\/#primaryimage\"},\"thumbnailUrl\":\"https:\/\/aquaturo.eu\/wp-content\/uploads\/2025\/10\/RLF8Y.jpg\",\"datePublished\":\"2025-10-26T09:22:58+00:00\",\"dateModified\":\"2025-11-16T11:10:08+00:00\",\"description\":\"Powerful remote water chiller delivers up to 60 L of cold water per hour \u2013 ideal for high-traffic areas and concealed installations.\",\"breadcrumb\":{\"@id\":\"https:\/\/aquaturo.eu\/shop\/oasis-rlf8y\/#breadcrumb\"},\"inLanguage\":\"pl-PL\",\"potentialAction\":[{\"@type\":\"ReadAction\",\"target\":[\"https:\/\/aquaturo.eu\/shop\/oasis-rlf8y\/\"]}]},{\"@type\":\"ImageObject\",\"inLanguage\":\"pl-PL\",\"@id\":\"https:\/\/aquaturo.eu\/shop\/oasis-rlf8y\/#primaryimage\",\"url\":\"https:\/\/aquaturo.eu\/wp-content\/uploads\/2025\/10\/RLF8Y.jpg\",\"contentUrl\":\"https:\/\/aquaturo.eu\/wp-content\/uploads\/2025\/10\/RLF8Y.jpg\",\"width\":1200,\"height\":1200,\"caption\":\"Oasis RLF8Y high-capacity remote water chiller for fountains and bottle fillers\"},{\"@type\":\"BreadcrumbList\",\"@id\":\"https:\/\/aquaturo.eu\/shop\/oasis-rlf8y\/#breadcrumb\",\"itemListElement\":[{\"@type\":\"ListItem\",\"position\":1,\"name\":\"Home\",\"item\":\"https:\/\/aquaturo.eu\/\"},{\"@type\":\"ListItem\",\"position\":2,\"name\":\"Shop\",\"item\":\"https:\/\/aquaturo.eu\/shop\/\"},{\"@type\":\"ListItem\",\"position\":3,\"name\":\"Oasis RLF8Y water chiller\"}]},{\"@type\":\"WebSite\",\"@id\":\"https:\/\/aquaturo.eu\/de\/#website\",\"url\":\"https:\/\/aquaturo.eu\/de\/\",\"name\":\"aquaturo\",\"description\":\"\",\"publisher\":{\"@id\":\"https:\/\/aquaturo.eu\/de\/#organization\"},\"potentialAction\":[{\"@type\":\"SearchAction\",\"target\":{\"@type\":\"EntryPoint\",\"urlTemplate\":\"https:\/\/aquaturo.eu\/de\/?s={search_term_string}\"},\"query-input\":{\"@type\":\"PropertyValueSpecification\",\"valueRequired\":true,\"valueName\":\"search_term_string\"}}],\"inLanguage\":\"pl-PL\"},{\"@type\":\"Organization\",\"@id\":\"https:\/\/aquaturo.eu\/de\/#organization\",\"name\":\"aquaturo\",\"url\":\"https:\/\/aquaturo.eu\/de\/\",\"logo\":{\"@type\":\"ImageObject\",\"inLanguage\":\"pl-PL\",\"@id\":\"https:\/\/aquaturo.eu\/de\/#\/schema\/logo\/image\/\",\"url\":\"https:\/\/aquaturo.eu\/wp-content\/uploads\/2025\/11\/aquaturo-logo-txt.png\",\"contentUrl\":\"https:\/\/aquaturo.eu\/wp-content\/uploads\/2025\/11\/aquaturo-logo-txt.png\",\"width\":652,\"height\":142,\"caption\":\"aquaturo\"},\"image\":{\"@id\":\"https:\/\/aquaturo.eu\/de\/#\/schema\/logo\/image\/\"}}]}<\/script>\n<!-- \/ Yoast SEO plugin. -->","yoast_head_json":{"title":"Oasis RLF8Y ch\u0142odziarka do wody | aquaturo","description":"Wydajna ch\u0142odziarka zdalna dostarcza do 60 l zimnej wody na godzin\u0119, idealna do miejsc o du\u017cym nat\u0119\u017ceniu ruchu i instalacji ukrytych.","robots":{"index":"index","follow":"follow","max-snippet":"max-snippet:-1","max-image-preview":"max-image-preview:large","max-video-preview":"max-video-preview:-1"},"canonical":"https:\/\/aquaturo.eu\/pl\/sklep\/oasis-rlf8y\/","schema":{"@context":"https:\/\/schema.org","@graph":[{"@type":"WebPage","@id":"https:\/\/aquaturo.eu\/shop\/oasis-rlf8y\/","url":"https:\/\/aquaturo.eu\/shop\/oasis-rlf8y\/","name":"Oasis RLF8Y ch\u0142odziarka do wody | aquaturo","isPartOf":{"@id":"https:\/\/aquaturo.eu\/de\/#website"},"primaryImageOfPage":{"@id":"https:\/\/aquaturo.eu\/shop\/oasis-rlf8y\/#primaryimage"},"image":{"@id":"https:\/\/aquaturo.eu\/shop\/oasis-rlf8y\/#primaryimage"},"thumbnailUrl":"https:\/\/aquaturo.eu\/wp-content\/uploads\/2025\/10\/RLF8Y.jpg","datePublished":"2025-10-26T09:22:58+00:00","dateModified":"2025-11-16T11:10:08+00:00","description":"Wydajna ch\u0142odziarka zdalna dostarcza do 60 l zimnej wody na godzin\u0119, idealna do miejsc o du\u017cym nat\u0119\u017ceniu ruchu i instalacji ukrytych.","breadcrumb":{"@id":"https:\/\/aquaturo.eu\/shop\/oasis-rlf8y\/#breadcrumb"},"inLanguage":"pl-PL","potentialAction":[{"@type":"ReadAction","target":["https:\/\/aquaturo.eu\/shop\/oasis-rlf8y\/"]}]},{"@type":"ImageObject","inLanguage":"pl-PL","@id":"https:\/\/aquaturo.eu\/shop\/oasis-rlf8y\/#primaryimage","url":"https:\/\/aquaturo.eu\/wp-content\/uploads\/2025\/10\/RLF8Y.jpg","contentUrl":"https:\/\/aquaturo.eu\/wp-content\/uploads\/2025\/10\/RLF8Y.jpg","width":1200,"height":1200,"caption":"Oasis RLF8Y high-capacity remote water chiller for fountains and bottle fillers"},{"@type":"BreadcrumbList","@id":"https:\/\/aquaturo.eu\/shop\/oasis-rlf8y\/#breadcrumb","itemListElement":[{"@type":"ListItem","position":1,"name":"Home","item":"https:\/\/aquaturo.eu\/"},{"@type":"ListItem","position":2,"name":"Shop","item":"https:\/\/aquaturo.eu\/shop\/"},{"@type":"ListItem","position":3,"name":"Oasis RLF8Y water chiller"}]},{"@type":"WebSite","@id":"https:\/\/aquaturo.eu\/de\/#website","url":"https:\/\/aquaturo.eu\/de\/","name":"aquaturo","description":"","publisher":{"@id":"https:\/\/aquaturo.eu\/de\/#organization"},"potentialAction":[{"@type":"SearchAction","target":{"@type":"EntryPoint","urlTemplate":"https:\/\/aquaturo.eu\/de\/?s={search_term_string}"},"query-input":{"@type":"PropertyValueSpecification","valueRequired":true,"valueName":"search_term_string"}}],"inLanguage":"pl-PL"},{"@type":"Organization","@id":"https:\/\/aquaturo.eu\/de\/#organization","name":"aquaturo","url":"https:\/\/aquaturo.eu\/de\/","logo":{"@type":"ImageObject","inLanguage":"pl-PL","@id":"https:\/\/aquaturo.eu\/de\/#\/schema\/logo\/image\/","url":"https:\/\/aquaturo.eu\/wp-content\/uploads\/2025\/11\/aquaturo-logo-txt.png","contentUrl":"https:\/\/aquaturo.eu\/wp-content\/uploads\/2025\/11\/aquaturo-logo-txt.png","width":652,"height":142,"caption":"aquaturo"},"image":{"@id":"https:\/\/aquaturo.eu\/de\/#\/schema\/logo\/image\/"}}]}},"_links":{"self":[{"href":"https:\/\/aquaturo.eu\/pl\/wp-json\/wp\/v2\/product\/6651","targetHints":{"allow":["GET"]}}],"collection":[{"href":"https:\/\/aquaturo.eu\/pl\/wp-json\/wp\/v2\/product"}],"about":[{"href":"https:\/\/aquaturo.eu\/pl\/wp-json\/wp\/v2\/types\/product"}],"replies":[{"embeddable":true,"href":"https:\/\/aquaturo.eu\/pl\/wp-json\/wp\/v2\/comments?post=6651"}],"wp:featuredmedia":[{"embeddable":true,"href":"https:\/\/aquaturo.eu\/pl\/wp-json\/wp\/v2\/media\/6702"}],"wp:attachment":[{"href":"https:\/\/aquaturo.eu\/pl\/wp-json\/wp\/v2\/media?parent=6651"}],"wp:term":[{"taxonomy":"product_brand","embeddable":true,"href":"https:\/\/aquaturo.eu\/pl\/wp-json\/wp\/v2\/product_brand?post=6651"},{"taxonomy":"product_cat","embeddable":true,"href":"https:\/\/aquaturo.eu\/pl\/wp-json\/wp\/v2\/product_cat?post=6651"},{"taxonomy":"product_tag","embeddable":true,"href":"https:\/\/aquaturo.eu\/pl\/wp-json\/wp\/v2\/product_tag?post=6651"}],"curies":[{"name":"wp","href":"https:\/\/api.w.org\/{rel}","templated":true}]}}