{"id":6650,"date":"2025-10-26T09:22:58","date_gmt":"2025-10-26T09:22:58","guid":{"rendered":"https:\/\/aquaturo.eu\/?post_type=product&#038;p=6650"},"modified":"2025-11-12T10:57:57","modified_gmt":"2025-11-12T10:57:57","slug":"oasis-r2y","status":"publish","type":"product","link":"https:\/\/aquaturo.eu\/pl\/sklep\/oasis-r2y\/","title":{"rendered":"Oasis R2Y ch\u0142odziarka do wody"},"content":{"rendered":"<h3 style=\"font-size: 28px; font-weight: bold; margin-bottom: 16px; color: #007bff;\">Oasis R2Y ch\u0142odziarka do wody<\/h3>\n<p class=\"translation-block\"><strong>Oasis R2Y<\/strong> to kompaktowa, cicha i wydajna ch\u0142odziarka do wody zaprojektowana do dostarczania zimnej wody do zewn\u0119trznych system\u00f3w picia, takich jak fontanny wody pitnej i nape\u0142niacze butelek. Jej niewielkie wymiary u\u0142atwiaj\u0105 monta\u017c w ograniczonych przestrzeniach, zapewniaj\u0105c jednocze\u015bnie stabiln\u0105 wydajno\u015b\u0107 ch\u0142odzenia. Idealna do biur, szk\u00f3\u0142, budynk\u00f3w publicznych i obiekt\u00f3w komercyjnych potrzebuj\u0105cych orze\u017awiaj\u0105cej zimnej wody bez du\u017cego, wolnostoj\u0105cego dystrybutora.<\/p>\n<h4 style=\"margin-top: 32px; font-weight: bold; color: #007bff;\">Kluczowe funkcje<\/h4>\n<ul style=\"margin-top: 12px; margin-bottom: 24px; line-height: 1.6;\">\n<li>Wydajno\u015b\u0107 ch\u0142odzenia do 19,5 l\/h \u2013 dostarcza wod\u0119 o temperaturze nawet 10\u00b0C<\/li>\n<li>Kompaktowa konstrukcja \u2013 tylko 28 cm szeroko\u015bci dla \u0142atwej instalacji<\/li>\n<li>Cicha praca \u2013 odpowiednia do biur i przestrzeni publicznych<\/li>\n<li>Wytrzyma\u0142a obudowa ze stali ocynkowanej \u2013 zaprojektowana z my\u015bl\u0105 o d\u0142ugiej \u017cywotno\u015bci<\/li>\n<li>Uniwersalna kompatybilno\u015b\u0107 \u2013 wsp\u00f3\u0142pracuje z fontannami wody pitnej i nape\u0142niaczami butelek Oasis<\/li>\n<li>Energooszcz\u0119dny uk\u0142ad ch\u0142odz\u0105cy \u2013 uruchamia si\u0119 tylko w razie potrzeby<\/li>\n<li>Konstrukcja bez o\u0142owiu \u2013 wszystkie elementy maj\u0105ce kontakt z wod\u0105 nie zawieraj\u0105 dodatk\u00f3w o\u0142owiu<\/li>\n<li>Niska potrzeba serwisowa \u2013 \u0142atwa instalacja i prosta obs\u0142uga<\/li>\n<\/ul>\n<p style=\"opacity: 0.9;\" class=\"translation-block\"><strong>Oasis R2Y<\/strong> to praktyczna, wydajna i oszcz\u0119dzaj\u0105ca miejsce ch\u0142odziarka do wody dla miejsc wymagaj\u0105cych niezawodnie zimnej wody pitnej ka\u017cdego dnia.<\/p>","protected":false},"excerpt":{"rendered":"<article class=\"text-token-text-primary w-full focus:outline-none [--shadow-height:45px] has-data-writing-block:pointer-events-none has-data-writing-block:-mt-(--shadow-height) has-data-writing-block:pt-(--shadow-height) [&amp;:has([data-writing-block])&gt;*]:pointer-events-auto [content-visibility:auto] supports-[content-visibility:auto]:[contain-intrinsic-size:auto_100lvh] scroll-mt-[calc(var(--header-height)+min(200px,max(70px,20svh)))]\" dir=\"auto\" tabindex=\"-1\" data-turn-id=\"request-WEB:114413c0-aa75-4161-b4e0-db2b0fcd5f24-37\" data-testid=\"conversation-turn-76\" data-scroll-anchor=\"true\" data-turn=\"assistant\">\n<div class=\"text-base my-auto mx-auto pb-10 [--thread-content-margin:--spacing(4)] thread-sm:[--thread-content-margin:--spacing(6)] thread-lg:[--thread-content-margin:--spacing(16)] px-(--thread-content-margin)\">\n<div class=\"[--thread-content-max-width:40rem] thread-lg:[--thread-content-max-width:48rem] mx-auto max-w-(--thread-content-max-width) flex-1 group\/turn-messages focus-visible:outline-hidden relative flex w-full min-w-0 flex-col agent-turn\" tabindex=\"-1\">\n<div class=\"flex max-w-full flex-col grow\">\n<div class=\"min-h-8 text-message relative flex w-full flex-col items-end gap-2 text-start break-words whitespace-normal [.text-message+&amp;]:mt-1\" dir=\"auto\" data-message-author-role=\"assistant\" data-message-id=\"d1409767-5fbb-450a-b010-58205b034f81\" data-message-model-slug=\"gpt-5\">\n<div class=\"flex w-full flex-col gap-1 empty:hidden first:pt-[1px]\">\n<div class=\"markdown prose dark:prose-invert w-full break-words dark markdown-new-styling\">\n<p data-start=\"0\" data-end=\"109\" data-is-last-node=\"\" data-is-only-node=\"\">Kompaktowa podblatowa ch\u0142odziarka do wody do zasilania zimn\u0105 wod\u0105 fontann wody pitnej i nape\u0142niaczy butelek.<\/p>\n<\/div>\n<\/div>\n<\/div>\n<\/div>\n<\/div>\n<\/div>\n<\/article>","protected":false},"featured_media":6701,"comment_status":"closed","ping_status":"closed","template":"","meta":[],"product_brand":[],"product_cat":[68,119],"product_tag":[78,80],"class_list":{"0":"post-6650","1":"product","2":"type-product","3":"status-publish","4":"has-post-thumbnail","6":"product_cat-accessories","7":"product_cat-water-coolers","8":"product_tag-cold-water","9":"product_tag-water-cooler","11":"first","12":"instock","13":"taxable","14":"shipping-taxable","15":"purchasable","16":"product-type-simple"},"yoast_head":"<!-- This site is optimized with the Yoast SEO plugin v26.9 - https:\/\/yoast.com\/product\/yoast-seo-wordpress\/ -->\n<title>Oasis R2Y water chiller | aquaturo<\/title>\n<meta name=\"description\" content=\"Silent, compact water chiller keeps water cool up to 10 \u00b0C \u2013 ideal for offices and public spaces, compatible with various dispensers.\" \/>\n<meta name=\"robots\" content=\"index, follow, max-snippet:-1, max-image-preview:large, max-video-preview:-1\" \/>\n<link rel=\"canonical\" href=\"https:\/\/aquaturo.eu\/pl\/sklep\/oasis-r2y\/\" \/>\n<script type=\"application\/ld+json\" class=\"yoast-schema-graph\">{\"@context\":\"https:\/\/schema.org\",\"@graph\":[{\"@type\":\"WebPage\",\"@id\":\"https:\/\/aquaturo.eu\/shop\/oasis-r2y\/\",\"url\":\"https:\/\/aquaturo.eu\/shop\/oasis-r2y\/\",\"name\":\"Oasis R2Y water chiller | aquaturo\",\"isPartOf\":{\"@id\":\"https:\/\/aquaturo.eu\/de\/#website\"},\"primaryImageOfPage\":{\"@id\":\"https:\/\/aquaturo.eu\/shop\/oasis-r2y\/#primaryimage\"},\"image\":{\"@id\":\"https:\/\/aquaturo.eu\/shop\/oasis-r2y\/#primaryimage\"},\"thumbnailUrl\":\"https:\/\/aquaturo.eu\/wp-content\/uploads\/2025\/10\/R2Y.jpg\",\"datePublished\":\"2025-10-26T09:22:58+00:00\",\"dateModified\":\"2025-11-12T10:57:57+00:00\",\"description\":\"Silent, compact water chiller keeps water cool up to 10 \u00b0C \u2013 ideal for offices and public spaces, compatible with various dispensers.\",\"breadcrumb\":{\"@id\":\"https:\/\/aquaturo.eu\/shop\/oasis-r2y\/#breadcrumb\"},\"inLanguage\":\"pl-PL\",\"potentialAction\":[{\"@type\":\"ReadAction\",\"target\":[\"https:\/\/aquaturo.eu\/shop\/oasis-r2y\/\"]}]},{\"@type\":\"ImageObject\",\"inLanguage\":\"pl-PL\",\"@id\":\"https:\/\/aquaturo.eu\/shop\/oasis-r2y\/#primaryimage\",\"url\":\"https:\/\/aquaturo.eu\/wp-content\/uploads\/2025\/10\/R2Y.jpg\",\"contentUrl\":\"https:\/\/aquaturo.eu\/wp-content\/uploads\/2025\/10\/R2Y.jpg\",\"width\":1200,\"height\":1200,\"caption\":\"Oasis R2Y Slimline compact undercounter water cooler with 20 L\/h capacity\"},{\"@type\":\"BreadcrumbList\",\"@id\":\"https:\/\/aquaturo.eu\/shop\/oasis-r2y\/#breadcrumb\",\"itemListElement\":[{\"@type\":\"ListItem\",\"position\":1,\"name\":\"Home\",\"item\":\"https:\/\/aquaturo.eu\/\"},{\"@type\":\"ListItem\",\"position\":2,\"name\":\"Shop\",\"item\":\"https:\/\/aquaturo.eu\/shop\/\"},{\"@type\":\"ListItem\",\"position\":3,\"name\":\"Oasis R2Y water chiller\"}]},{\"@type\":\"WebSite\",\"@id\":\"https:\/\/aquaturo.eu\/de\/#website\",\"url\":\"https:\/\/aquaturo.eu\/de\/\",\"name\":\"aquaturo\",\"description\":\"\",\"publisher\":{\"@id\":\"https:\/\/aquaturo.eu\/de\/#organization\"},\"potentialAction\":[{\"@type\":\"SearchAction\",\"target\":{\"@type\":\"EntryPoint\",\"urlTemplate\":\"https:\/\/aquaturo.eu\/de\/?s={search_term_string}\"},\"query-input\":{\"@type\":\"PropertyValueSpecification\",\"valueRequired\":true,\"valueName\":\"search_term_string\"}}],\"inLanguage\":\"pl-PL\"},{\"@type\":\"Organization\",\"@id\":\"https:\/\/aquaturo.eu\/de\/#organization\",\"name\":\"aquaturo\",\"url\":\"https:\/\/aquaturo.eu\/de\/\",\"logo\":{\"@type\":\"ImageObject\",\"inLanguage\":\"pl-PL\",\"@id\":\"https:\/\/aquaturo.eu\/de\/#\/schema\/logo\/image\/\",\"url\":\"https:\/\/aquaturo.eu\/wp-content\/uploads\/2025\/11\/aquaturo-logo-txt.png\",\"contentUrl\":\"https:\/\/aquaturo.eu\/wp-content\/uploads\/2025\/11\/aquaturo-logo-txt.png\",\"width\":652,\"height\":142,\"caption\":\"aquaturo\"},\"image\":{\"@id\":\"https:\/\/aquaturo.eu\/de\/#\/schema\/logo\/image\/\"}}]}<\/script>\n<!-- \/ Yoast SEO plugin. -->","yoast_head_json":{"title":"Oasis R2Y ch\u0142odziarka do wody | aquaturo","description":"Cicha, kompaktowa ch\u0142odziarka do wody utrzymuje temperatur\u0119 do 10\u00b0C, idealna do biur i przestrzeni publicznych, kompatybilna z r\u00f3\u017cnymi dystrybutorami.","robots":{"index":"index","follow":"follow","max-snippet":"max-snippet:-1","max-image-preview":"max-image-preview:large","max-video-preview":"max-video-preview:-1"},"canonical":"https:\/\/aquaturo.eu\/pl\/sklep\/oasis-r2y\/","schema":{"@context":"https:\/\/schema.org","@graph":[{"@type":"WebPage","@id":"https:\/\/aquaturo.eu\/shop\/oasis-r2y\/","url":"https:\/\/aquaturo.eu\/shop\/oasis-r2y\/","name":"Oasis R2Y ch\u0142odziarka do wody | aquaturo","isPartOf":{"@id":"https:\/\/aquaturo.eu\/de\/#website"},"primaryImageOfPage":{"@id":"https:\/\/aquaturo.eu\/shop\/oasis-r2y\/#primaryimage"},"image":{"@id":"https:\/\/aquaturo.eu\/shop\/oasis-r2y\/#primaryimage"},"thumbnailUrl":"https:\/\/aquaturo.eu\/wp-content\/uploads\/2025\/10\/R2Y.jpg","datePublished":"2025-10-26T09:22:58+00:00","dateModified":"2025-11-12T10:57:57+00:00","description":"Cicha, kompaktowa ch\u0142odziarka do wody utrzymuje temperatur\u0119 do 10\u00b0C, idealna do biur i przestrzeni publicznych, kompatybilna z r\u00f3\u017cnymi dystrybutorami.","breadcrumb":{"@id":"https:\/\/aquaturo.eu\/shop\/oasis-r2y\/#breadcrumb"},"inLanguage":"pl-PL","potentialAction":[{"@type":"ReadAction","target":["https:\/\/aquaturo.eu\/shop\/oasis-r2y\/"]}]},{"@type":"ImageObject","inLanguage":"pl-PL","@id":"https:\/\/aquaturo.eu\/shop\/oasis-r2y\/#primaryimage","url":"https:\/\/aquaturo.eu\/wp-content\/uploads\/2025\/10\/R2Y.jpg","contentUrl":"https:\/\/aquaturo.eu\/wp-content\/uploads\/2025\/10\/R2Y.jpg","width":1200,"height":1200,"caption":"Oasis R2Y Slimline compact undercounter water cooler with 20 L\/h capacity"},{"@type":"BreadcrumbList","@id":"https:\/\/aquaturo.eu\/shop\/oasis-r2y\/#breadcrumb","itemListElement":[{"@type":"ListItem","position":1,"name":"Home","item":"https:\/\/aquaturo.eu\/"},{"@type":"ListItem","position":2,"name":"Shop","item":"https:\/\/aquaturo.eu\/shop\/"},{"@type":"ListItem","position":3,"name":"Oasis R2Y water chiller"}]},{"@type":"WebSite","@id":"https:\/\/aquaturo.eu\/de\/#website","url":"https:\/\/aquaturo.eu\/de\/","name":"aquaturo","description":"","publisher":{"@id":"https:\/\/aquaturo.eu\/de\/#organization"},"potentialAction":[{"@type":"SearchAction","target":{"@type":"EntryPoint","urlTemplate":"https:\/\/aquaturo.eu\/de\/?s={search_term_string}"},"query-input":{"@type":"PropertyValueSpecification","valueRequired":true,"valueName":"search_term_string"}}],"inLanguage":"pl-PL"},{"@type":"Organization","@id":"https:\/\/aquaturo.eu\/de\/#organization","name":"aquaturo","url":"https:\/\/aquaturo.eu\/de\/","logo":{"@type":"ImageObject","inLanguage":"pl-PL","@id":"https:\/\/aquaturo.eu\/de\/#\/schema\/logo\/image\/","url":"https:\/\/aquaturo.eu\/wp-content\/uploads\/2025\/11\/aquaturo-logo-txt.png","contentUrl":"https:\/\/aquaturo.eu\/wp-content\/uploads\/2025\/11\/aquaturo-logo-txt.png","width":652,"height":142,"caption":"aquaturo"},"image":{"@id":"https:\/\/aquaturo.eu\/de\/#\/schema\/logo\/image\/"}}]}},"_links":{"self":[{"href":"https:\/\/aquaturo.eu\/pl\/wp-json\/wp\/v2\/product\/6650","targetHints":{"allow":["GET"]}}],"collection":[{"href":"https:\/\/aquaturo.eu\/pl\/wp-json\/wp\/v2\/product"}],"about":[{"href":"https:\/\/aquaturo.eu\/pl\/wp-json\/wp\/v2\/types\/product"}],"replies":[{"embeddable":true,"href":"https:\/\/aquaturo.eu\/pl\/wp-json\/wp\/v2\/comments?post=6650"}],"wp:featuredmedia":[{"embeddable":true,"href":"https:\/\/aquaturo.eu\/pl\/wp-json\/wp\/v2\/media\/6701"}],"wp:attachment":[{"href":"https:\/\/aquaturo.eu\/pl\/wp-json\/wp\/v2\/media?parent=6650"}],"wp:term":[{"taxonomy":"product_brand","embeddable":true,"href":"https:\/\/aquaturo.eu\/pl\/wp-json\/wp\/v2\/product_brand?post=6650"},{"taxonomy":"product_cat","embeddable":true,"href":"https:\/\/aquaturo.eu\/pl\/wp-json\/wp\/v2\/product_cat?post=6650"},{"taxonomy":"product_tag","embeddable":true,"href":"https:\/\/aquaturo.eu\/pl\/wp-json\/wp\/v2\/product_tag?post=6650"}],"curies":[{"name":"wp","href":"https:\/\/api.w.org\/{rel}","templated":true}]}}