{"id":6647,"date":"2025-10-26T09:22:58","date_gmt":"2025-10-26T09:22:58","guid":{"rendered":"https:\/\/aquaturo.eu\/?post_type=product&#038;p=6647"},"modified":"2025-11-12T10:56:28","modified_gmt":"2025-11-12T10:56:28","slug":"oasis-ceramiczny-filtr","status":"publish","type":"product","link":"https:\/\/aquaturo.eu\/pl\/sklep\/oasis-ceramiczny-filtr\/","title":{"rendered":"Filtr ceramiczny Oasis"},"content":{"rendered":"<h3 style=\"font-size: 28px; font-weight: bold; margin-bottom: 16px; color: #007bff;\">Wk\u0142ad filtra ceramicznego Oasis<\/h3>\n<p class=\"translation-block\"><strong>Filtr ceramiczny<\/strong> to jednorazowy wk\u0142ad filtracyjny wykonany z porowatej ceramiki z dodatkiem srebra, w pe\u0142ni kompatybilny ze wszystkimi obudowami Oasis Green Filter. Zapewnia naturaln\u0105, bezchemiczn\u0105 filtracj\u0119, fizycznie blokuj\u0105c bakterie, mikroorganizmy i drobny sedyment dzi\u0119ki ultradrobnej strukturze por\u00f3w ceramicznych.<\/p>\n<p>Mikroskopijne pory zatrzymuj\u0105 zanieczyszczenia, takie jak bakterie, cysty i drobne cz\u0105stki, a srebro w strukturze ceramiki hamuje rozw\u00f3j bakterii na powierzchni filtra, zapewniaj\u0105c higieniczn\u0105 prac\u0119 nawet przy d\u0142u\u017cszym u\u017cytkowaniu.<\/p>\n<h4 style=\"margin-top: 32px; font-weight: bold; color: #007bff;\">Kluczowe funkcje<\/h4>\n<ul style=\"margin-top: 12px; margin-bottom: 24px; line-height: 1.6;\">\n<li>Naturalna filtracja ceramiczna \u2013 blokuje bakterie, cysty i drobny sedyment<\/li>\n<li>Impregnacja srebrem \u2013 ogranicza rozw\u00f3j bakterii na powierzchni filtra<\/li>\n<li>Bez chemii \u2013 brak dodatk\u00f3w i brak z\u0142o\u017ca w\u0119glowego<\/li>\n<li>Kompatybilny z wszystkimi obudowami Oasis Green Filter<\/li>\n<li>Odpowiedni do zastosowa\u0144 domowych i komercyjnych<\/li>\n<\/ul>\n<h4 style=\"margin-top: 32px; font-weight: bold; color: #007bff;\">Informacje techniczne<\/h4>\n<ul style=\"margin-top: 12px; margin-bottom: 24px; line-height: 1.6;\">\n<li class=\"translation-block\">Kompatybilno\u015b\u0107 \u2013 wszystkie systemy <a href=\"https:\/\/aquaturo.eu\/pl\/produkt\/oasis-green-filter\/\" target=\"_self\">Green Filtr<\/a> (EZ Clip i Ez Turn)<\/li>\n<li>Stopie\u0144 filtracji \u2013 0.5 \u00b5m<\/li>\n<li>Wydajno\u015b\u0107 \u2013 do oko\u0142o 10 000 litr\u00f3w<\/li>\n<li>Medium filtracyjne \u2013 ceramika impregnowana srebrem<\/li>\n<li>\u017bywotno\u015b\u0107 \u2013 do 6 miesi\u0119cy w zale\u017cno\u015bci od jako\u015bci wody i stopnia zapychania<\/li>\n<li>Zastosowanie \u2013 usuwanie cz\u0105stek, bakterii i cyst<\/li>\n<\/ul>\n<p style=\"opacity: 0.9;\">Wk\u0142ad ceramiczny zapewnia naturaln\u0105, bezchemiczn\u0105 ochron\u0119, gwarantuj\u0105c czystsz\u0105, bezpieczniejsz\u0105 i bardziej higieniczn\u0105 wod\u0119 pitn\u0105 do codziennego lub komercyjnego u\u017cytku.<\/p>","protected":false},"excerpt":{"rendered":"<p>Naturalna filtracja ceramiczna dla bakterii, cyst i drobnego sedymentu.<\/p>","protected":false},"featured_media":6698,"comment_status":"closed","ping_status":"closed","template":"","meta":[],"product_brand":[],"product_cat":[68,70],"product_tag":[117,118,97,116],"class_list":{"0":"post-6647","1":"product","2":"type-product","3":"status-publish","4":"has-post-thumbnail","6":"product_cat-accessories","7":"product_cat-water-filters","8":"product_tag-cartridge","9":"product_tag-changeable","10":"product_tag-filter","11":"product_tag-oasis","13":"first","14":"instock","15":"taxable","16":"shipping-taxable","17":"purchasable","18":"product-type-simple"},"yoast_head":"<!-- This site is optimized with the Yoast SEO plugin v26.9 - https:\/\/yoast.com\/product\/yoast-seo-wordpress\/ -->\n<title>Oasis Ceramic filter | aquaturo<\/title>\n<meta name=\"description\" content=\"Silver ion ceramic filter removes bacteria, microorganisms and fine sediments without chemicals - ensuring safe, clean drinking water.\" \/>\n<meta name=\"robots\" content=\"index, follow, max-snippet:-1, max-image-preview:large, max-video-preview:-1\" \/>\n<link rel=\"canonical\" href=\"https:\/\/aquaturo.eu\/pl\/sklep\/oasis-ceramiczny-filtr\/\" \/>\n<script type=\"application\/ld+json\" class=\"yoast-schema-graph\">{\"@context\":\"https:\/\/schema.org\",\"@graph\":[{\"@type\":\"WebPage\",\"@id\":\"https:\/\/aquaturo.eu\/shop\/oasis-ceramic-filter\/\",\"url\":\"https:\/\/aquaturo.eu\/shop\/oasis-ceramic-filter\/\",\"name\":\"Oasis Ceramic filter | aquaturo\",\"isPartOf\":{\"@id\":\"https:\/\/aquaturo.eu\/de\/#website\"},\"primaryImageOfPage\":{\"@id\":\"https:\/\/aquaturo.eu\/shop\/oasis-ceramic-filter\/#primaryimage\"},\"image\":{\"@id\":\"https:\/\/aquaturo.eu\/shop\/oasis-ceramic-filter\/#primaryimage\"},\"thumbnailUrl\":\"https:\/\/aquaturo.eu\/wp-content\/uploads\/2025\/10\/ceramic.jpg\",\"datePublished\":\"2025-10-26T09:22:58+00:00\",\"dateModified\":\"2025-11-12T10:56:28+00:00\",\"description\":\"Silver ion ceramic filter removes bacteria, microorganisms and fine sediments without chemicals - ensuring safe, clean drinking water.\",\"breadcrumb\":{\"@id\":\"https:\/\/aquaturo.eu\/shop\/oasis-ceramic-filter\/#breadcrumb\"},\"inLanguage\":\"pl-PL\",\"potentialAction\":[{\"@type\":\"ReadAction\",\"target\":[\"https:\/\/aquaturo.eu\/shop\/oasis-ceramic-filter\/\"]}]},{\"@type\":\"ImageObject\",\"inLanguage\":\"pl-PL\",\"@id\":\"https:\/\/aquaturo.eu\/shop\/oasis-ceramic-filter\/#primaryimage\",\"url\":\"https:\/\/aquaturo.eu\/wp-content\/uploads\/2025\/10\/ceramic.jpg\",\"contentUrl\":\"https:\/\/aquaturo.eu\/wp-content\/uploads\/2025\/10\/ceramic.jpg\",\"width\":1200,\"height\":1200,\"caption\":\"Green Filter Ceramic \u2013 antibacterial silver-impregnated ceramic water filter for bacteria and sediment removal\"},{\"@type\":\"BreadcrumbList\",\"@id\":\"https:\/\/aquaturo.eu\/shop\/oasis-ceramic-filter\/#breadcrumb\",\"itemListElement\":[{\"@type\":\"ListItem\",\"position\":1,\"name\":\"Home\",\"item\":\"https:\/\/aquaturo.eu\/\"},{\"@type\":\"ListItem\",\"position\":2,\"name\":\"Shop\",\"item\":\"https:\/\/aquaturo.eu\/shop\/\"},{\"@type\":\"ListItem\",\"position\":3,\"name\":\"Oasis Ceramic filter\"}]},{\"@type\":\"WebSite\",\"@id\":\"https:\/\/aquaturo.eu\/de\/#website\",\"url\":\"https:\/\/aquaturo.eu\/de\/\",\"name\":\"aquaturo\",\"description\":\"\",\"publisher\":{\"@id\":\"https:\/\/aquaturo.eu\/de\/#organization\"},\"potentialAction\":[{\"@type\":\"SearchAction\",\"target\":{\"@type\":\"EntryPoint\",\"urlTemplate\":\"https:\/\/aquaturo.eu\/de\/?s={search_term_string}\"},\"query-input\":{\"@type\":\"PropertyValueSpecification\",\"valueRequired\":true,\"valueName\":\"search_term_string\"}}],\"inLanguage\":\"pl-PL\"},{\"@type\":\"Organization\",\"@id\":\"https:\/\/aquaturo.eu\/de\/#organization\",\"name\":\"aquaturo\",\"url\":\"https:\/\/aquaturo.eu\/de\/\",\"logo\":{\"@type\":\"ImageObject\",\"inLanguage\":\"pl-PL\",\"@id\":\"https:\/\/aquaturo.eu\/de\/#\/schema\/logo\/image\/\",\"url\":\"https:\/\/aquaturo.eu\/wp-content\/uploads\/2025\/11\/aquaturo-logo-txt.png\",\"contentUrl\":\"https:\/\/aquaturo.eu\/wp-content\/uploads\/2025\/11\/aquaturo-logo-txt.png\",\"width\":652,\"height\":142,\"caption\":\"aquaturo\"},\"image\":{\"@id\":\"https:\/\/aquaturo.eu\/de\/#\/schema\/logo\/image\/\"}}]}<\/script>\n<!-- \/ Yoast SEO plugin. -->","yoast_head_json":{"title":"Filtr ceramiczny Oasis | aquaturo","description":"Filtr ceramiczny z jonami srebra usuwa bakterie i drobny osad bez u\u017cycia chemii.","robots":{"index":"index","follow":"follow","max-snippet":"max-snippet:-1","max-image-preview":"max-image-preview:large","max-video-preview":"max-video-preview:-1"},"canonical":"https:\/\/aquaturo.eu\/pl\/sklep\/oasis-ceramiczny-filtr\/","schema":{"@context":"https:\/\/schema.org","@graph":[{"@type":"WebPage","@id":"https:\/\/aquaturo.eu\/shop\/oasis-ceramic-filter\/","url":"https:\/\/aquaturo.eu\/shop\/oasis-ceramic-filter\/","name":"Filtr ceramiczny Oasis | aquaturo","isPartOf":{"@id":"https:\/\/aquaturo.eu\/de\/#website"},"primaryImageOfPage":{"@id":"https:\/\/aquaturo.eu\/shop\/oasis-ceramic-filter\/#primaryimage"},"image":{"@id":"https:\/\/aquaturo.eu\/shop\/oasis-ceramic-filter\/#primaryimage"},"thumbnailUrl":"https:\/\/aquaturo.eu\/wp-content\/uploads\/2025\/10\/ceramic.jpg","datePublished":"2025-10-26T09:22:58+00:00","dateModified":"2025-11-12T10:56:28+00:00","description":"Filtr ceramiczny z jonami srebra usuwa bakterie i drobny osad bez u\u017cycia chemii.","breadcrumb":{"@id":"https:\/\/aquaturo.eu\/shop\/oasis-ceramic-filter\/#breadcrumb"},"inLanguage":"pl-PL","potentialAction":[{"@type":"ReadAction","target":["https:\/\/aquaturo.eu\/shop\/oasis-ceramic-filter\/"]}]},{"@type":"ImageObject","inLanguage":"pl-PL","@id":"https:\/\/aquaturo.eu\/shop\/oasis-ceramic-filter\/#primaryimage","url":"https:\/\/aquaturo.eu\/wp-content\/uploads\/2025\/10\/ceramic.jpg","contentUrl":"https:\/\/aquaturo.eu\/wp-content\/uploads\/2025\/10\/ceramic.jpg","width":1200,"height":1200,"caption":"Green Filter Ceramic \u2013 antibacterial silver-impregnated ceramic water filter for bacteria and sediment removal"},{"@type":"BreadcrumbList","@id":"https:\/\/aquaturo.eu\/shop\/oasis-ceramic-filter\/#breadcrumb","itemListElement":[{"@type":"ListItem","position":1,"name":"Home","item":"https:\/\/aquaturo.eu\/"},{"@type":"ListItem","position":2,"name":"Shop","item":"https:\/\/aquaturo.eu\/shop\/"},{"@type":"ListItem","position":3,"name":"Oasis Ceramic filter"}]},{"@type":"WebSite","@id":"https:\/\/aquaturo.eu\/de\/#website","url":"https:\/\/aquaturo.eu\/de\/","name":"aquaturo","description":"","publisher":{"@id":"https:\/\/aquaturo.eu\/de\/#organization"},"potentialAction":[{"@type":"SearchAction","target":{"@type":"EntryPoint","urlTemplate":"https:\/\/aquaturo.eu\/de\/?s={search_term_string}"},"query-input":{"@type":"PropertyValueSpecification","valueRequired":true,"valueName":"search_term_string"}}],"inLanguage":"pl-PL"},{"@type":"Organization","@id":"https:\/\/aquaturo.eu\/de\/#organization","name":"aquaturo","url":"https:\/\/aquaturo.eu\/de\/","logo":{"@type":"ImageObject","inLanguage":"pl-PL","@id":"https:\/\/aquaturo.eu\/de\/#\/schema\/logo\/image\/","url":"https:\/\/aquaturo.eu\/wp-content\/uploads\/2025\/11\/aquaturo-logo-txt.png","contentUrl":"https:\/\/aquaturo.eu\/wp-content\/uploads\/2025\/11\/aquaturo-logo-txt.png","width":652,"height":142,"caption":"aquaturo"},"image":{"@id":"https:\/\/aquaturo.eu\/de\/#\/schema\/logo\/image\/"}}]}},"_links":{"self":[{"href":"https:\/\/aquaturo.eu\/pl\/wp-json\/wp\/v2\/product\/6647","targetHints":{"allow":["GET"]}}],"collection":[{"href":"https:\/\/aquaturo.eu\/pl\/wp-json\/wp\/v2\/product"}],"about":[{"href":"https:\/\/aquaturo.eu\/pl\/wp-json\/wp\/v2\/types\/product"}],"replies":[{"embeddable":true,"href":"https:\/\/aquaturo.eu\/pl\/wp-json\/wp\/v2\/comments?post=6647"}],"wp:featuredmedia":[{"embeddable":true,"href":"https:\/\/aquaturo.eu\/pl\/wp-json\/wp\/v2\/media\/6698"}],"wp:attachment":[{"href":"https:\/\/aquaturo.eu\/pl\/wp-json\/wp\/v2\/media?parent=6647"}],"wp:term":[{"taxonomy":"product_brand","embeddable":true,"href":"https:\/\/aquaturo.eu\/pl\/wp-json\/wp\/v2\/product_brand?post=6647"},{"taxonomy":"product_cat","embeddable":true,"href":"https:\/\/aquaturo.eu\/pl\/wp-json\/wp\/v2\/product_cat?post=6647"},{"taxonomy":"product_tag","embeddable":true,"href":"https:\/\/aquaturo.eu\/pl\/wp-json\/wp\/v2\/product_tag?post=6647"}],"curies":[{"name":"wp","href":"https:\/\/api.w.org\/{rel}","templated":true}]}}