{"id":6693,"date":"2025-10-26T09:23:21","date_gmt":"2025-10-26T09:23:21","guid":{"rendered":"https:\/\/aquaturo.eu\/?post_type=product&#038;p=6693"},"modified":"2025-11-12T10:26:07","modified_gmt":"2025-11-12T10:26:07","slug":"oasis-dwm-bc-ara","status":"publish","type":"product","link":"https:\/\/aquaturo.eu\/lv\/katalogs\/oasis-dwm-bc-ara\/","title":{"rendered":"\u0100ra pie sienas stiprin\u0101ma pude\u013cu uzpildes stacija"},"content":{"rendered":"<h3 style=\"font-size: 28px; font-weight: bold; margin-bottom: 16px; color: #007bff;\">Oasis DWM-BC \u0101ra pie sienas stiprin\u0101ma pude\u013cu uzpildes stacija<\/h3>\n<p class=\"translation-block\"><strong>Oasis DWM-BC<\/strong> ir pie sienas stiprin\u0101ma \u0101ra pude\u013cu uzpildes stacija, kas izstr\u0101d\u0101ta ilgtermi\u0146a iztur\u012bbai un nevainojamai integr\u0101cijai sabiedriskaj\u0101 vid\u0113. T\u0101s kompaktais un ilgtsp\u0113j\u012bgais dizains ir lieliski piem\u0113rots parkiem, skol\u0101m, stadionam, atp\u016btas tak\u0101m un kopienu zon\u0101m.<\/p>\n<p>Stacija darbojas bez elektr\u012bbas, t\u0101p\u0113c to var uzst\u0101d\u012bt att\u0101l\u0101s vai ener\u0123ijas zi\u0146\u0101 jut\u012bg\u0101s viet\u0101s. Meh\u0101niska spiedpoga nodro\u0161ina vienk\u0101r\u0161u un intuit\u012bvu lieto\u0161anu, bet ieb\u016bv\u0113tais 100 mikronu filtrs pal\u012bdz nodro\u0161in\u0101t t\u012bru un svaigu dzeramo \u016bdeni.<\/p>\n<p>Izgatavota no ner\u016bs\u0113jo\u0161\u0101 t\u0113rauda ar aizsarg\u0101jo\u0161u pulverkr\u0101sas p\u0101rkl\u0101jumu, \u0161\u012b stacija saglab\u0101 veiktsp\u0113ju un izskatu jebkuros laikapst\u0101k\u013cos. T\u0101s kompaktais dizains padara to par praktisku un uzticamu izv\u0113li infrastrukt\u016bras projektiem, kuriem nepiecie\u0161ama minim\u0101la apkope un ilgtsp\u0113j\u012bga v\u0113rt\u012bba.<\/p>\n<h4 style=\"margin-top: 32px; font-weight: bold; color: #007bff;\">Galven\u0101s \u012bpa\u0161\u012bbas<\/h4>\n<ul style=\"margin-top: 12px; margin-bottom: 24px; line-height: 1.6;\">\n<li>Pie sienas stiprin\u0101ms dizains \u2013 efekt\u012bva vietas izmanto\u0161ana un vienk\u0101r\u0161a uzst\u0101d\u012b\u0161ana \u0101rvid\u0113<\/li>\n<li>Meh\u0101niska spiedpogas darb\u012bba \u2013 vienk\u0101r\u0161a un uzticama sist\u0113ma<\/li>\n<li>Nav nepiecie\u0161ama elektr\u012bba \u2013 piem\u0113rota att\u0101l\u0101m \u0101ra viet\u0101m<\/li>\n<li>100 mikronu filtrs \u2013 nodro\u0161ina t\u012bru dzeramo \u016bdeni un samazina nogulsnes<\/li>\n<li>Iztur\u012bga ner\u016bs\u0113jo\u0161\u0101 t\u0113rauda konstrukcija ar pulverkr\u0101sas p\u0101rkl\u0101jumu.<\/li>\n<li>M\u016bsdien\u012bgs un praktisks dizains \u2013 ide\u0101li piem\u0113rots parkiem, skol\u0101m, stadionam un sabiedrisk\u0101m zon\u0101m<\/li>\n<li>Divas kr\u0101su izv\u0113les \u2013 za\u013ca vai balta<\/li>\n<\/ul>\n<p style=\"opacity: 0.9;\" class=\"translation-block\"><strong>Oasis DWM-BC<\/strong> ir ilgtsp\u0113j\u012bgs, uzticams un vizu\u0101li piel\u0101gojams risin\u0101jums jebkurai \u0101ra videi.<\/p>","protected":false},"excerpt":{"rendered":"<article class=\"text-token-text-primary w-full focus:outline-none [--shadow-height:45px] has-data-writing-block:pointer-events-none has-data-writing-block:-mt-(--shadow-height) has-data-writing-block:pt-(--shadow-height) [&amp;:has([data-writing-block])&gt;*]:pointer-events-auto [content-visibility:auto] supports-[content-visibility:auto]:[contain-intrinsic-size:auto_100lvh] scroll-mt-[calc(var(--header-height)+min(200px,max(70px,20svh)))]\" dir=\"auto\" tabindex=\"-1\" data-turn-id=\"request-WEB:114413c0-aa75-4161-b4e0-db2b0fcd5f24-22\" data-testid=\"conversation-turn-46\" data-scroll-anchor=\"true\" data-turn=\"assistant\">\n<div class=\"text-base my-auto mx-auto pb-10 [--thread-content-margin:--spacing(4)] thread-sm:[--thread-content-margin:--spacing(6)] thread-lg:[--thread-content-margin:--spacing(16)] px-(--thread-content-margin)\">\n<div class=\"[--thread-content-max-width:40rem] thread-lg:[--thread-content-max-width:48rem] mx-auto max-w-(--thread-content-max-width) flex-1 group\/turn-messages focus-visible:outline-hidden relative flex w-full min-w-0 flex-col agent-turn\" tabindex=\"-1\">\n<div class=\"flex max-w-full flex-col grow\">\n<div class=\"min-h-8 text-message relative flex w-full flex-col items-end gap-2 text-start break-words whitespace-normal [.text-message+&amp;]:mt-1\" dir=\"auto\" data-message-author-role=\"assistant\" data-message-id=\"6c992cad-bd02-49fc-b5a2-a619d1faafc5\" data-message-model-slug=\"gpt-5\">\n<div class=\"flex w-full flex-col gap-1 empty:hidden first:pt-[1px]\">\n<div class=\"markdown prose dark:prose-invert w-full break-words dark markdown-new-styling\">\n<p data-start=\"1610\" data-end=\"1684\" data-is-last-node=\"\" data-is-only-node=\"\">Pie sienas stiprin\u0101ms \u0101ra pudel\u0113s pild\u012bt\u0101js sabiedrisk\u0101m un atp\u016btas zon\u0101m.<\/p>\n<\/div>\n<\/div>\n<\/div>\n<\/div>\n<\/div>\n<\/div>\n<\/article>","protected":false},"featured_media":6752,"comment_status":"closed","ping_status":"closed","template":"","meta":[],"product_brand":[],"product_cat":[127,158,81,113,93,126],"product_tag":[84,95,130,132,79,129],"class_list":{"0":"post-6693","1":"product","2":"type-product","3":"status-publish","4":"has-post-thumbnail","6":"product_cat-outdoor-water-stations","7":"product_cat-outdoor-on-wall","8":"product_cat-bottle-filling-stations","9":"product_cat-manual-bottle-filling-stations","10":"product_cat-on-wall-bottle-filling-stations","11":"product_cat-outdoor-bottle-filling-stations","12":"product_tag-bottle-fill","13":"product_tag-on-wall","14":"product_tag-outdoor","15":"product_tag-parks","16":"product_tag-station","17":"product_tag-vandal-resistant","19":"first","20":"instock","21":"taxable","22":"shipping-taxable","23":"purchasable","24":"product-type-variable","25":"has-default-attributes"},"yoast_head":"<!-- This site is optimized with the Yoast SEO plugin v26.9 - https:\/\/yoast.com\/product\/yoast-seo-wordpress\/ -->\n<title>On-wall outdoor bottle filling station | aquaturo<\/title>\n<meta name=\"description\" content=\"Compact and durable on-wall outdoor bottle filler \u2013 a hygienic, modern solution for schools, parks, and other public spaces.\" \/>\n<meta name=\"robots\" content=\"index, follow, max-snippet:-1, max-image-preview:large, max-video-preview:-1\" \/>\n<link rel=\"canonical\" href=\"https:\/\/aquaturo.eu\/lv\/katalogs\/oasis-dwm-bc-ara\/\" \/>\n<script type=\"application\/ld+json\" class=\"yoast-schema-graph\">{\"@context\":\"https:\/\/schema.org\",\"@graph\":[{\"@type\":\"WebPage\",\"@id\":\"https:\/\/aquaturo.eu\/shop\/oasis-dwm-bc-outdoor\/\",\"url\":\"https:\/\/aquaturo.eu\/shop\/oasis-dwm-bc-outdoor\/\",\"name\":\"On-wall outdoor bottle filling station | aquaturo\",\"isPartOf\":{\"@id\":\"https:\/\/aquaturo.eu\/de\/#website\"},\"primaryImageOfPage\":{\"@id\":\"https:\/\/aquaturo.eu\/shop\/oasis-dwm-bc-outdoor\/#primaryimage\"},\"image\":{\"@id\":\"https:\/\/aquaturo.eu\/shop\/oasis-dwm-bc-outdoor\/#primaryimage\"},\"thumbnailUrl\":\"https:\/\/aquaturo.eu\/wp-content\/uploads\/2025\/10\/DWM-BC-GRN.jpg\",\"datePublished\":\"2025-10-26T09:23:21+00:00\",\"dateModified\":\"2025-11-12T10:26:07+00:00\",\"description\":\"Compact and durable on-wall outdoor bottle filler \u2013 a hygienic, modern solution for schools, parks, and other public spaces.\",\"breadcrumb\":{\"@id\":\"https:\/\/aquaturo.eu\/shop\/oasis-dwm-bc-outdoor\/#breadcrumb\"},\"inLanguage\":\"lv-LV\",\"potentialAction\":[{\"@type\":\"ReadAction\",\"target\":[\"https:\/\/aquaturo.eu\/shop\/oasis-dwm-bc-outdoor\/\"]}]},{\"@type\":\"ImageObject\",\"inLanguage\":\"lv-LV\",\"@id\":\"https:\/\/aquaturo.eu\/shop\/oasis-dwm-bc-outdoor\/#primaryimage\",\"url\":\"https:\/\/aquaturo.eu\/wp-content\/uploads\/2025\/10\/DWM-BC-GRN.jpg\",\"contentUrl\":\"https:\/\/aquaturo.eu\/wp-content\/uploads\/2025\/10\/DWM-BC-GRN.jpg\",\"width\":1200,\"height\":1200,\"caption\":\"Oasis DWM-BC-GRN green wall-mounted outdoor bottle filler, non-electric design\"},{\"@type\":\"BreadcrumbList\",\"@id\":\"https:\/\/aquaturo.eu\/shop\/oasis-dwm-bc-outdoor\/#breadcrumb\",\"itemListElement\":[{\"@type\":\"ListItem\",\"position\":1,\"name\":\"Home\",\"item\":\"https:\/\/aquaturo.eu\/\"},{\"@type\":\"ListItem\",\"position\":2,\"name\":\"Shop\",\"item\":\"https:\/\/aquaturo.eu\/shop\/\"},{\"@type\":\"ListItem\",\"position\":3,\"name\":\"Outdoor on-wall bottle filling station\"}]},{\"@type\":\"WebSite\",\"@id\":\"https:\/\/aquaturo.eu\/de\/#website\",\"url\":\"https:\/\/aquaturo.eu\/de\/\",\"name\":\"aquaturo\",\"description\":\"\",\"publisher\":{\"@id\":\"https:\/\/aquaturo.eu\/de\/#organization\"},\"potentialAction\":[{\"@type\":\"SearchAction\",\"target\":{\"@type\":\"EntryPoint\",\"urlTemplate\":\"https:\/\/aquaturo.eu\/de\/?s={search_term_string}\"},\"query-input\":{\"@type\":\"PropertyValueSpecification\",\"valueRequired\":true,\"valueName\":\"search_term_string\"}}],\"inLanguage\":\"lv-LV\"},{\"@type\":\"Organization\",\"@id\":\"https:\/\/aquaturo.eu\/de\/#organization\",\"name\":\"aquaturo\",\"url\":\"https:\/\/aquaturo.eu\/de\/\",\"logo\":{\"@type\":\"ImageObject\",\"inLanguage\":\"lv-LV\",\"@id\":\"https:\/\/aquaturo.eu\/de\/#\/schema\/logo\/image\/\",\"url\":\"https:\/\/aquaturo.eu\/wp-content\/uploads\/2025\/11\/aquaturo-logo-txt.png\",\"contentUrl\":\"https:\/\/aquaturo.eu\/wp-content\/uploads\/2025\/11\/aquaturo-logo-txt.png\",\"width\":652,\"height\":142,\"caption\":\"aquaturo\"},\"image\":{\"@id\":\"https:\/\/aquaturo.eu\/de\/#\/schema\/logo\/image\/\"}}]}<\/script>\n<!-- \/ Yoast SEO plugin. -->","yoast_head_json":{"title":"\u0100ra pie sienas stiprin\u0101ma pude\u013cu uzpildes stacija | aquaturo","description":"Kompakta un iztur\u012bga \u0101ra sienas uzpildes stacija \u2013 higi\u0113nisks, m\u016bsdien\u012bgs risin\u0101jums skol\u0101m, parkiem un cit\u0101m publisk\u0101m telp\u0101m.","robots":{"index":"index","follow":"follow","max-snippet":"max-snippet:-1","max-image-preview":"max-image-preview:large","max-video-preview":"max-video-preview:-1"},"canonical":"https:\/\/aquaturo.eu\/lv\/katalogs\/oasis-dwm-bc-ara\/","schema":{"@context":"https:\/\/schema.org","@graph":[{"@type":"WebPage","@id":"https:\/\/aquaturo.eu\/shop\/oasis-dwm-bc-outdoor\/","url":"https:\/\/aquaturo.eu\/shop\/oasis-dwm-bc-outdoor\/","name":"\u0100ra pie sienas stiprin\u0101ma pude\u013cu uzpildes stacija | aquaturo","isPartOf":{"@id":"https:\/\/aquaturo.eu\/de\/#website"},"primaryImageOfPage":{"@id":"https:\/\/aquaturo.eu\/shop\/oasis-dwm-bc-outdoor\/#primaryimage"},"image":{"@id":"https:\/\/aquaturo.eu\/shop\/oasis-dwm-bc-outdoor\/#primaryimage"},"thumbnailUrl":"https:\/\/aquaturo.eu\/wp-content\/uploads\/2025\/10\/DWM-BC-GRN.jpg","datePublished":"2025-10-26T09:23:21+00:00","dateModified":"2025-11-12T10:26:07+00:00","description":"Kompakta un iztur\u012bga \u0101ra sienas uzpildes stacija \u2013 higi\u0113nisks, m\u016bsdien\u012bgs risin\u0101jums skol\u0101m, parkiem un cit\u0101m publisk\u0101m telp\u0101m.","breadcrumb":{"@id":"https:\/\/aquaturo.eu\/shop\/oasis-dwm-bc-outdoor\/#breadcrumb"},"inLanguage":"lv-LV","potentialAction":[{"@type":"ReadAction","target":["https:\/\/aquaturo.eu\/shop\/oasis-dwm-bc-outdoor\/"]}]},{"@type":"ImageObject","inLanguage":"lv-LV","@id":"https:\/\/aquaturo.eu\/shop\/oasis-dwm-bc-outdoor\/#primaryimage","url":"https:\/\/aquaturo.eu\/wp-content\/uploads\/2025\/10\/DWM-BC-GRN.jpg","contentUrl":"https:\/\/aquaturo.eu\/wp-content\/uploads\/2025\/10\/DWM-BC-GRN.jpg","width":1200,"height":1200,"caption":"Oasis DWM-BC-GRN green wall-mounted outdoor bottle filler, non-electric design"},{"@type":"BreadcrumbList","@id":"https:\/\/aquaturo.eu\/shop\/oasis-dwm-bc-outdoor\/#breadcrumb","itemListElement":[{"@type":"ListItem","position":1,"name":"Home","item":"https:\/\/aquaturo.eu\/"},{"@type":"ListItem","position":2,"name":"Shop","item":"https:\/\/aquaturo.eu\/shop\/"},{"@type":"ListItem","position":3,"name":"Outdoor on-wall bottle filling station"}]},{"@type":"WebSite","@id":"https:\/\/aquaturo.eu\/de\/#website","url":"https:\/\/aquaturo.eu\/de\/","name":"aquaturo","description":"","publisher":{"@id":"https:\/\/aquaturo.eu\/de\/#organization"},"potentialAction":[{"@type":"SearchAction","target":{"@type":"EntryPoint","urlTemplate":"https:\/\/aquaturo.eu\/de\/?s={search_term_string}"},"query-input":{"@type":"PropertyValueSpecification","valueRequired":true,"valueName":"search_term_string"}}],"inLanguage":"lv-LV"},{"@type":"Organization","@id":"https:\/\/aquaturo.eu\/de\/#organization","name":"aquaturo","url":"https:\/\/aquaturo.eu\/de\/","logo":{"@type":"ImageObject","inLanguage":"lv-LV","@id":"https:\/\/aquaturo.eu\/de\/#\/schema\/logo\/image\/","url":"https:\/\/aquaturo.eu\/wp-content\/uploads\/2025\/11\/aquaturo-logo-txt.png","contentUrl":"https:\/\/aquaturo.eu\/wp-content\/uploads\/2025\/11\/aquaturo-logo-txt.png","width":652,"height":142,"caption":"aquaturo"},"image":{"@id":"https:\/\/aquaturo.eu\/de\/#\/schema\/logo\/image\/"}}]}},"_links":{"self":[{"href":"https:\/\/aquaturo.eu\/lv\/wp-json\/wp\/v2\/product\/6693","targetHints":{"allow":["GET"]}}],"collection":[{"href":"https:\/\/aquaturo.eu\/lv\/wp-json\/wp\/v2\/product"}],"about":[{"href":"https:\/\/aquaturo.eu\/lv\/wp-json\/wp\/v2\/types\/product"}],"replies":[{"embeddable":true,"href":"https:\/\/aquaturo.eu\/lv\/wp-json\/wp\/v2\/comments?post=6693"}],"wp:featuredmedia":[{"embeddable":true,"href":"https:\/\/aquaturo.eu\/lv\/wp-json\/wp\/v2\/media\/6752"}],"wp:attachment":[{"href":"https:\/\/aquaturo.eu\/lv\/wp-json\/wp\/v2\/media?parent=6693"}],"wp:term":[{"taxonomy":"product_brand","embeddable":true,"href":"https:\/\/aquaturo.eu\/lv\/wp-json\/wp\/v2\/product_brand?post=6693"},{"taxonomy":"product_cat","embeddable":true,"href":"https:\/\/aquaturo.eu\/lv\/wp-json\/wp\/v2\/product_cat?post=6693"},{"taxonomy":"product_tag","embeddable":true,"href":"https:\/\/aquaturo.eu\/lv\/wp-json\/wp\/v2\/product_tag?post=6693"}],"curies":[{"name":"wp","href":"https:\/\/api.w.org\/{rel}","templated":true}]}}