{"id":6649,"date":"2025-10-26T09:22:58","date_gmt":"2025-10-26T09:22:58","guid":{"rendered":"https:\/\/aquaturo.eu\/?post_type=product&#038;p=6649"},"modified":"2025-11-12T10:56:19","modified_gmt":"2025-11-12T10:56:19","slug":"oasis-remedi-filtrs","status":"publish","type":"product","link":"https:\/\/aquaturo.eu\/lv\/katalogs\/oasis-remedi-filtrs\/","title":{"rendered":"Oasis\u202fRemedi filtrs"},"content":{"rendered":"<h3 style=\"font-size: 28px; font-weight: bold; margin-bottom: 16px; color: #007bff;\">Oasis\u202fRemedi filtr\u0113\u0161anas k\u0101rtrid\u017es<\/h3>\n<p class=\"translation-block\"><strong>Remedi filtrs<\/strong> ir augstas veiktsp\u0113jas daudzsl\u0101\u0146u filtr\u0113\u0161anas k\u0101rtrid\u017es, kas izmanto n\u0101kam\u0101s paaudzes nano-struktur\u0113to elektro-adh\u0113zijas tehnolo\u0123iju. At\u0161\u0137ir\u012bb\u0101 no standarta filtriem, kas da\u013ci\u0146as no\u0137er tikai meh\u0101niski, \u0161is filtrs elektro\u0137\u012bmiski piesaista piemais\u012bjumus, \u013caujot efekt\u012bvi no\u0146emt v\u012brusus, bakt\u0113rijas, smagos met\u0101lus un submikronas organisk\u0101s vielas.<\/p>\n<p>Neatkar\u012bgi tikai no poru lieluma, Remedi filtr\u0113\u0161anas process notver piemais\u012bjumus, kas ir tik mazi k\u0101 0,02 mikroni. Tas nodro\u0161ina izcilu att\u012br\u012b\u0161anas veiktsp\u0113ju \u2013 tiek no\u0146emti l\u012bdz 99,9999\u202f% piemais\u012bjumu, kas liel\u0101ki par 0,2\u202f\u00b5m, un l\u012bdz 99,997\u202f% piemais\u012bjumu, kas liel\u0101ki par 0,02\u202f\u00b5m.<\/p>\n<p>Ir pieejamas divas versijas:<\/p>\n<ul style=\"margin-top: 12px; margin-bottom: 24px; line-height: 1.6;\">\n<li class=\"translation-block\"><strong>Remedi<\/strong> \u2013 maksim\u0101la aizsardz\u012bba pret v\u012brusiem, bakt\u0113rij\u0101m, smagajiem met\u0101liem un organiskajiem piemais\u012bjumiem<\/li>\n<li class=\"translation-block\"><strong>Remedi + Fosf\u0101ts<\/strong> \u2013 nodro\u0161ina aizsardz\u012bbu pret ka\u013c\u0137akmens veido\u0161anos sist\u0113m\u0101s ar cietu vai karstu \u016bdeni<\/li>\n<\/ul>\n<p>Tas padara Remedi piem\u0113rotu m\u0101j\u0101m, komerci\u0101l\u0101m telp\u0101m, vesel\u012bbas apr\u016bpes iest\u0101d\u0113m un r\u016bpniec\u012bbas pielietojumiem, kur \u016bdens t\u012br\u012bba un dro\u0161\u012bba ir b\u016btiska.<\/p>\n<h4 style=\"margin-top: 32px; font-weight: bold; color: #007bff;\">Galven\u0101s \u012bpa\u0161\u012bbas<\/h4>\n<ul style=\"margin-top: 12px; margin-bottom: 24px; line-height: 1.6;\">\n<li>Modern\u0101 elektro-adh\u0113zijas filtr\u0113\u0161ana \u2013 notver da\u013ci\u0146as, kas ir daudz smalk\u0101kas nek\u0101 standarta filtri<\/li>\n<li>No\u0146em v\u012brusus, bakt\u0113rijas, smagos met\u0101lus un \u0137\u012bmisk\u0101s piemais\u012bjums<\/li>\n<li>Papildu fosf\u0101ta piedeva \u2013 samazina ka\u013c\u0137akmeni ciet\u0101 \u016bdens sist\u0113m\u0101s<\/li>\n<li>Sader\u012bgs ar visiem \u201eOasis Green Filter\u201c modul\u0101rajiem korpusiem<\/li>\n<li>Izstr\u0101d\u0101ts gan m\u0101jas, gan komerci\u0101laj\u0101m \u016bdens sist\u0113m\u0101m<\/li>\n<\/ul>\n<h4 style=\"margin-top: 32px; font-weight: bold; color: #007bff;\">Tehnisk\u0101 inform\u0101cija<\/h4>\n<ul style=\"margin-top: 12px; margin-bottom: 24px; line-height: 1.6;\">\n<li class=\"translation-block\">Savietojam\u012bba \u2013 visas <a href=\"https:\/\/aquaturo.eu\/lv\/produkti\/oasis-green-filtri\/\" target=\"_self\">Green Filter<\/a> sist\u0113mas (EZ Clip un Quarter-turn)<\/li>\n<li>Mikronu notver\u0161anas veiktsp\u0113ja \u2013 l\u012bdz aptuveni 0,02 \u00b5m, izmantojot elektro-adh\u0113ziju<\/li>\n<li class=\"translation-block\">Jauda:<br>\n~10 598\u202fl hlora, gar\u0161as, arom\u0101ta, v\u012brusu un bakt\u0113riju samazin\u0101\u0161anai<br>\n~756 400\u202fl farmaceitisko un \u0137\u012bmisko piemais\u012bjumu samazin\u0101\u0161anai<br>\n~1 230\u202fl svina samazin\u0101\u0161anai<\/li>\n<li>Filtr\u0113\u0161anas materi\u0101ls \u2013 nano\u0161\u0137iedras + elektro-adh\u0113zijas matrica + papildu fosf\u0101ta granulas<\/li>\n<li>Pielietojums \u2013 moderna \u016bdens att\u012br\u012b\u0161ana m\u0101jas, komerci\u0101l\u0101s un r\u016bpniec\u012bbas vid\u0113s<\/li>\n<li>Kalpo\u0161anas laiks \u2013 l\u012bdz 6 m\u0113ne\u0161iem, atkar\u012bb\u0101 no \u016bdens kvalit\u0101tes<\/li>\n<\/ul>\n<p style=\"opacity: 0.9;\">Remedi nodro\u0161ina nozares vado\u0161o att\u012br\u012b\u0161anas veiktsp\u0113ju, sniedzot dro\u0161u, t\u012bru un uzticamu \u016bdeni tur, kur kvalit\u0101te ir vissvar\u012bg\u0101k\u0101.<\/p>","protected":false},"excerpt":{"rendered":"<p>Nano filtr\u0113\u0161anas k\u0101rtrid\u017es v\u012brusiem, bakt\u0113rij\u0101m, met\u0101liem un \u012bpa\u0161i smalkiem piemais\u012bjumiem<\/p>","protected":false},"featured_media":6700,"comment_status":"closed","ping_status":"closed","template":"","meta":[],"product_brand":[],"product_cat":[68,70],"product_tag":[117,118,97,116],"class_list":{"0":"post-6649","1":"product","2":"type-product","3":"status-publish","4":"has-post-thumbnail","6":"product_cat-accessories","7":"product_cat-water-filters","8":"product_tag-cartridge","9":"product_tag-changeable","10":"product_tag-filter","11":"product_tag-oasis","13":"first","14":"instock","15":"featured","16":"taxable","17":"shipping-taxable","18":"purchasable","19":"product-type-variable"},"yoast_head":"<!-- This site is optimized with the Yoast SEO plugin v26.9 - https:\/\/yoast.com\/product\/yoast-seo-wordpress\/ -->\n<title>Oasis Remedi filter | aquaturo<\/title>\n<meta name=\"description\" content=\"Advanced Remedi filter removes viruses, bacteria, heavy metals and organic compounds - ensuring top-quality water filtration.\" \/>\n<meta name=\"robots\" content=\"index, follow, max-snippet:-1, max-image-preview:large, max-video-preview:-1\" \/>\n<link rel=\"canonical\" href=\"https:\/\/aquaturo.eu\/lv\/katalogs\/oasis-remedi-filtrs\/\" \/>\n<script type=\"application\/ld+json\" class=\"yoast-schema-graph\">{\"@context\":\"https:\/\/schema.org\",\"@graph\":[{\"@type\":\"WebPage\",\"@id\":\"https:\/\/aquaturo.eu\/shop\/oasis-remedi-filter\/\",\"url\":\"https:\/\/aquaturo.eu\/shop\/oasis-remedi-filter\/\",\"name\":\"Oasis Remedi filter | aquaturo\",\"isPartOf\":{\"@id\":\"https:\/\/aquaturo.eu\/de\/#website\"},\"primaryImageOfPage\":{\"@id\":\"https:\/\/aquaturo.eu\/shop\/oasis-remedi-filter\/#primaryimage\"},\"image\":{\"@id\":\"https:\/\/aquaturo.eu\/shop\/oasis-remedi-filter\/#primaryimage\"},\"thumbnailUrl\":\"https:\/\/aquaturo.eu\/wp-content\/uploads\/2025\/10\/remedi.jpg\",\"datePublished\":\"2025-10-26T09:22:58+00:00\",\"dateModified\":\"2025-11-12T10:56:19+00:00\",\"description\":\"Advanced Remedi filter removes viruses, bacteria, heavy metals and organic compounds - ensuring top-quality water filtration.\",\"breadcrumb\":{\"@id\":\"https:\/\/aquaturo.eu\/shop\/oasis-remedi-filter\/#breadcrumb\"},\"inLanguage\":\"lv-LV\",\"potentialAction\":[{\"@type\":\"ReadAction\",\"target\":[\"https:\/\/aquaturo.eu\/shop\/oasis-remedi-filter\/\"]}]},{\"@type\":\"ImageObject\",\"inLanguage\":\"lv-LV\",\"@id\":\"https:\/\/aquaturo.eu\/shop\/oasis-remedi-filter\/#primaryimage\",\"url\":\"https:\/\/aquaturo.eu\/wp-content\/uploads\/2025\/10\/remedi.jpg\",\"contentUrl\":\"https:\/\/aquaturo.eu\/wp-content\/uploads\/2025\/10\/remedi.jpg\",\"width\":1200,\"height\":1200,\"caption\":\"Green Filter Remedi \u2013 advanced water filter with nano-technology for viruses, heavy metals, and nanoparticles\"},{\"@type\":\"BreadcrumbList\",\"@id\":\"https:\/\/aquaturo.eu\/shop\/oasis-remedi-filter\/#breadcrumb\",\"itemListElement\":[{\"@type\":\"ListItem\",\"position\":1,\"name\":\"Home\",\"item\":\"https:\/\/aquaturo.eu\/\"},{\"@type\":\"ListItem\",\"position\":2,\"name\":\"Shop\",\"item\":\"https:\/\/aquaturo.eu\/shop\/\"},{\"@type\":\"ListItem\",\"position\":3,\"name\":\"Oasis Remedi filter\"}]},{\"@type\":\"WebSite\",\"@id\":\"https:\/\/aquaturo.eu\/de\/#website\",\"url\":\"https:\/\/aquaturo.eu\/de\/\",\"name\":\"aquaturo\",\"description\":\"\",\"publisher\":{\"@id\":\"https:\/\/aquaturo.eu\/de\/#organization\"},\"potentialAction\":[{\"@type\":\"SearchAction\",\"target\":{\"@type\":\"EntryPoint\",\"urlTemplate\":\"https:\/\/aquaturo.eu\/de\/?s={search_term_string}\"},\"query-input\":{\"@type\":\"PropertyValueSpecification\",\"valueRequired\":true,\"valueName\":\"search_term_string\"}}],\"inLanguage\":\"lv-LV\"},{\"@type\":\"Organization\",\"@id\":\"https:\/\/aquaturo.eu\/de\/#organization\",\"name\":\"aquaturo\",\"url\":\"https:\/\/aquaturo.eu\/de\/\",\"logo\":{\"@type\":\"ImageObject\",\"inLanguage\":\"lv-LV\",\"@id\":\"https:\/\/aquaturo.eu\/de\/#\/schema\/logo\/image\/\",\"url\":\"https:\/\/aquaturo.eu\/wp-content\/uploads\/2025\/11\/aquaturo-logo-txt.png\",\"contentUrl\":\"https:\/\/aquaturo.eu\/wp-content\/uploads\/2025\/11\/aquaturo-logo-txt.png\",\"width\":652,\"height\":142,\"caption\":\"aquaturo\"},\"image\":{\"@id\":\"https:\/\/aquaturo.eu\/de\/#\/schema\/logo\/image\/\"}}]}<\/script>\n<!-- \/ Yoast SEO plugin. -->","yoast_head_json":{"title":"Oasis\u202fRemedi filtrs | aquaturo","description":"Moderns Remedi filtrs no\u0146em v\u012brusus, bakt\u0113rijas, met\u0101lus un organiku, nodro\u0161ina augstu \u016bdens kvalit\u0101ti ikdien\u0101.","robots":{"index":"index","follow":"follow","max-snippet":"max-snippet:-1","max-image-preview":"max-image-preview:large","max-video-preview":"max-video-preview:-1"},"canonical":"https:\/\/aquaturo.eu\/lv\/katalogs\/oasis-remedi-filtrs\/","schema":{"@context":"https:\/\/schema.org","@graph":[{"@type":"WebPage","@id":"https:\/\/aquaturo.eu\/shop\/oasis-remedi-filter\/","url":"https:\/\/aquaturo.eu\/shop\/oasis-remedi-filter\/","name":"Oasis\u202fRemedi filtrs | aquaturo","isPartOf":{"@id":"https:\/\/aquaturo.eu\/de\/#website"},"primaryImageOfPage":{"@id":"https:\/\/aquaturo.eu\/shop\/oasis-remedi-filter\/#primaryimage"},"image":{"@id":"https:\/\/aquaturo.eu\/shop\/oasis-remedi-filter\/#primaryimage"},"thumbnailUrl":"https:\/\/aquaturo.eu\/wp-content\/uploads\/2025\/10\/remedi.jpg","datePublished":"2025-10-26T09:22:58+00:00","dateModified":"2025-11-12T10:56:19+00:00","description":"Moderns Remedi filtrs no\u0146em v\u012brusus, bakt\u0113rijas, met\u0101lus un organiku, nodro\u0161ina augstu \u016bdens kvalit\u0101ti ikdien\u0101.","breadcrumb":{"@id":"https:\/\/aquaturo.eu\/shop\/oasis-remedi-filter\/#breadcrumb"},"inLanguage":"lv-LV","potentialAction":[{"@type":"ReadAction","target":["https:\/\/aquaturo.eu\/shop\/oasis-remedi-filter\/"]}]},{"@type":"ImageObject","inLanguage":"lv-LV","@id":"https:\/\/aquaturo.eu\/shop\/oasis-remedi-filter\/#primaryimage","url":"https:\/\/aquaturo.eu\/wp-content\/uploads\/2025\/10\/remedi.jpg","contentUrl":"https:\/\/aquaturo.eu\/wp-content\/uploads\/2025\/10\/remedi.jpg","width":1200,"height":1200,"caption":"Green Filter Remedi \u2013 advanced water filter with nano-technology for viruses, heavy metals, and nanoparticles"},{"@type":"BreadcrumbList","@id":"https:\/\/aquaturo.eu\/shop\/oasis-remedi-filter\/#breadcrumb","itemListElement":[{"@type":"ListItem","position":1,"name":"Home","item":"https:\/\/aquaturo.eu\/"},{"@type":"ListItem","position":2,"name":"Shop","item":"https:\/\/aquaturo.eu\/shop\/"},{"@type":"ListItem","position":3,"name":"Oasis Remedi filter"}]},{"@type":"WebSite","@id":"https:\/\/aquaturo.eu\/de\/#website","url":"https:\/\/aquaturo.eu\/de\/","name":"aquaturo","description":"","publisher":{"@id":"https:\/\/aquaturo.eu\/de\/#organization"},"potentialAction":[{"@type":"SearchAction","target":{"@type":"EntryPoint","urlTemplate":"https:\/\/aquaturo.eu\/de\/?s={search_term_string}"},"query-input":{"@type":"PropertyValueSpecification","valueRequired":true,"valueName":"search_term_string"}}],"inLanguage":"lv-LV"},{"@type":"Organization","@id":"https:\/\/aquaturo.eu\/de\/#organization","name":"aquaturo","url":"https:\/\/aquaturo.eu\/de\/","logo":{"@type":"ImageObject","inLanguage":"lv-LV","@id":"https:\/\/aquaturo.eu\/de\/#\/schema\/logo\/image\/","url":"https:\/\/aquaturo.eu\/wp-content\/uploads\/2025\/11\/aquaturo-logo-txt.png","contentUrl":"https:\/\/aquaturo.eu\/wp-content\/uploads\/2025\/11\/aquaturo-logo-txt.png","width":652,"height":142,"caption":"aquaturo"},"image":{"@id":"https:\/\/aquaturo.eu\/de\/#\/schema\/logo\/image\/"}}]}},"_links":{"self":[{"href":"https:\/\/aquaturo.eu\/lv\/wp-json\/wp\/v2\/product\/6649","targetHints":{"allow":["GET"]}}],"collection":[{"href":"https:\/\/aquaturo.eu\/lv\/wp-json\/wp\/v2\/product"}],"about":[{"href":"https:\/\/aquaturo.eu\/lv\/wp-json\/wp\/v2\/types\/product"}],"replies":[{"embeddable":true,"href":"https:\/\/aquaturo.eu\/lv\/wp-json\/wp\/v2\/comments?post=6649"}],"wp:featuredmedia":[{"embeddable":true,"href":"https:\/\/aquaturo.eu\/lv\/wp-json\/wp\/v2\/media\/6700"}],"wp:attachment":[{"href":"https:\/\/aquaturo.eu\/lv\/wp-json\/wp\/v2\/media?parent=6649"}],"wp:term":[{"taxonomy":"product_brand","embeddable":true,"href":"https:\/\/aquaturo.eu\/lv\/wp-json\/wp\/v2\/product_brand?post=6649"},{"taxonomy":"product_cat","embeddable":true,"href":"https:\/\/aquaturo.eu\/lv\/wp-json\/wp\/v2\/product_cat?post=6649"},{"taxonomy":"product_tag","embeddable":true,"href":"https:\/\/aquaturo.eu\/lv\/wp-json\/wp\/v2\/product_tag?post=6649"}],"curies":[{"name":"wp","href":"https:\/\/api.w.org\/{rel}","templated":true}]}}