{"id":6645,"date":"2025-10-26T09:22:58","date_gmt":"2025-10-26T09:22:58","guid":{"rendered":"https:\/\/aquaturo.eu\/?post_type=product&#038;p=6645"},"modified":"2025-11-12T10:56:40","modified_gmt":"2025-11-12T10:56:40","slug":"oasis-nogulsnu-filtrs","status":"publish","type":"product","link":"https:\/\/aquaturo.eu\/lv\/katalogs\/oasis-nogulsnu-filtrs\/","title":{"rendered":"Oasis nogulumu filtrs"},"content":{"rendered":"<h3 style=\"font-size: 28px; font-weight: bold; margin-bottom: 16px; color: #007bff;\">Oasis nogulumu filtra kasete<\/h3>\n<p class=\"translation-block\"><strong>Nogulumu filtrs<\/strong> \u2013 pirmais filtr\u0113\u0161anas posms j\u016bsu atk\u0101rtoti lietojamam Oasis Green Filter korpusam. Efekt\u012bvi no\u0146em smiltis, putek\u013cus, r\u016bsa, d\u016b\u0146as un citus nogulumus, nodro\u0161inot t\u012bru, dro\u0161u un gar\u0161\u012bgu \u016bdeni katr\u0101 kr\u0101na pilien\u0101. Viegli lietojams, vienk\u0101r\u0161i main\u0101ms un ilgtsp\u0113j\u012bga alternat\u012bva vienreizlietojamiem filtriem.<\/p>\n<p>Nogulumu uzkr\u0101\u0161an\u0101s nov\u0113r\u0161ana pal\u012bdz aizsarg\u0101t santehnikas sist\u0113mas, sild\u012b\u0161anas elementus, kafijas autom\u0101tus, v\u0101r\u012b\u0161anas iek\u0101rtas un citu apr\u012bkojumu. Izmantojot nogulumu filtru k\u0101 pirmo filtr\u0113\u0161anas posmu, tiek pagarin\u0101ts visu n\u0101kamo filtr\u0113\u0161anas komponentu kalpo\u0161anas laiks un samazin\u0101tas uztur\u0113\u0161anas izmaksas.<\/p>\n<h4 style=\"margin-top: 32px; font-weight: bold; color: #007bff;\">Galven\u0101s \u012bpa\u0161\u012bbas<\/h4>\n<ul style=\"margin-top: 12px; margin-bottom: 24px; line-height: 1.6;\">\n<li>Pirm\u0101 filtr\u0113\u0161anas posma aizsardz\u012bba \u2013 no\u0146em redzamas da\u013ci\u0146as un suspend\u0113t\u0101s ciet\u0101s vielas<\/li>\n<li>Uzlabo sist\u0113mas veiktsp\u0113ju \u2013 aizsarg\u0101 sekund\u0101ros filtrus no aizs\u0113r\u0113\u0161anas<\/li>\n<li>Pal\u012bdz uztur\u0113t \u016bdens caursp\u012bd\u012bgumu un vienm\u0113r\u012bgumu<\/li>\n<li>Pagarina iek\u0101rtu un filtru kalpo\u0161anas laiku \u2013 samazina nodilumu un uztur\u0113\u0161anas nepiecie\u0161am\u012bbu<\/li>\n<\/ul>\n<h4 style=\"margin-top: 32px; font-weight: bold; color: #007bff;\">Tehnisk\u0101 inform\u0101cija<\/h4>\n<ul style=\"margin-top: 12px; margin-bottom: 24px; line-height: 1.6;\">\n<li class=\"translation-block\">Savietojam\u012bba \u2013 visas <a href=\"https:\/\/aquaturo.eu\/lv\/produkti\/oasis-green-filtri\/\" target=\"_self\">Green Filter<\/a> sist\u0113mas (EZ Clip un Quarter-turn)<\/li>\n<li>Mikronu klase \u2013 5 \u00b5m<\/li>\n<li>Nogulumu ietilp\u012bba \u2013 aptuveni 60 g<\/li>\n<li>Materi\u0101ls \u2013 polipropil\u0113na \u0161\u0137iedra<\/li>\n<li>Filtr\u0113\u0161anas metode \u2013 meh\u0101niska da\u013ci\u0146u no\u0146em\u0161ana<\/li>\n<li>Parast\u0101 lieto\u0161ana \u2013 priek\u0161filtr\u0113\u0161ana dzeramajam \u016bdenim un ier\u012b\u010du aizsardz\u012bbai<\/li>\n<li>Kalpo\u0161anas laiks \u2013 l\u012bdz 6 m\u0113ne\u0161iem, atkar\u012bb\u0101 no \u016bdens kvalit\u0101tes<\/li>\n<\/ul>\n<p style=\"opacity: 0.9;\">Nogulumu kasete nodro\u0161ina uzticamu un efekt\u012bvu pirm\u0101 filtr\u0113\u0161anas posma darb\u012bbu, garant\u0113jot t\u012br\u0101ku \u016bdeni un uzlabotu visas Oasis Green Filter sist\u0113mas veiktsp\u0113ju.<\/p>","protected":false},"excerpt":{"rendered":"<p>Pirm\u0101 posma nogulumu filtrs smil\u0161u, r\u016bsas un s\u012bku da\u013ci\u0146u no\u0146em\u0161anai.<\/p>","protected":false},"featured_media":6696,"comment_status":"closed","ping_status":"closed","template":"","meta":[],"product_brand":[],"product_cat":[68,70],"product_tag":[117,118,97,116],"class_list":{"0":"post-6645","1":"product","2":"type-product","3":"status-publish","4":"has-post-thumbnail","6":"product_cat-accessories","7":"product_cat-water-filters","8":"product_tag-cartridge","9":"product_tag-changeable","10":"product_tag-filter","11":"product_tag-oasis","13":"first","14":"instock","15":"taxable","16":"shipping-taxable","17":"purchasable","18":"product-type-simple"},"yoast_head":"<!-- This site is optimized with the Yoast SEO plugin v26.9 - https:\/\/yoast.com\/product\/yoast-seo-wordpress\/ -->\n<title>Oasis Sediment filter | aquaturo<\/title>\n<meta name=\"description\" content=\"First-stage sediment filter - efficient replaceable cartridge that protects water systems from sand, rust, and other solid particles.\" \/>\n<meta name=\"robots\" content=\"index, follow, max-snippet:-1, max-image-preview:large, max-video-preview:-1\" \/>\n<link rel=\"canonical\" href=\"https:\/\/aquaturo.eu\/lv\/katalogs\/oasis-nogulsnu-filtrs\/\" \/>\n<script type=\"application\/ld+json\" class=\"yoast-schema-graph\">{\"@context\":\"https:\/\/schema.org\",\"@graph\":[{\"@type\":\"WebPage\",\"@id\":\"https:\/\/aquaturo.eu\/shop\/oasis-sediment-filter\/\",\"url\":\"https:\/\/aquaturo.eu\/shop\/oasis-sediment-filter\/\",\"name\":\"Oasis Sediment filter | aquaturo\",\"isPartOf\":{\"@id\":\"https:\/\/aquaturo.eu\/de\/#website\"},\"primaryImageOfPage\":{\"@id\":\"https:\/\/aquaturo.eu\/shop\/oasis-sediment-filter\/#primaryimage\"},\"image\":{\"@id\":\"https:\/\/aquaturo.eu\/shop\/oasis-sediment-filter\/#primaryimage\"},\"thumbnailUrl\":\"https:\/\/aquaturo.eu\/wp-content\/uploads\/2025\/10\/sediment.jpg\",\"datePublished\":\"2025-10-26T09:22:58+00:00\",\"dateModified\":\"2025-11-12T10:56:40+00:00\",\"description\":\"First-stage sediment filter - efficient replaceable cartridge that protects water systems from sand, rust, and other solid particles.\",\"breadcrumb\":{\"@id\":\"https:\/\/aquaturo.eu\/shop\/oasis-sediment-filter\/#breadcrumb\"},\"inLanguage\":\"lv-LV\",\"potentialAction\":[{\"@type\":\"ReadAction\",\"target\":[\"https:\/\/aquaturo.eu\/shop\/oasis-sediment-filter\/\"]}]},{\"@type\":\"ImageObject\",\"inLanguage\":\"lv-LV\",\"@id\":\"https:\/\/aquaturo.eu\/shop\/oasis-sediment-filter\/#primaryimage\",\"url\":\"https:\/\/aquaturo.eu\/wp-content\/uploads\/2025\/10\/sediment.jpg\",\"contentUrl\":\"https:\/\/aquaturo.eu\/wp-content\/uploads\/2025\/10\/sediment.jpg\",\"width\":1200,\"height\":1200,\"caption\":\"Green Filter Sediment \u2013 first-stage filter removing fine particles, rust, and impurities up to 5 microns\"},{\"@type\":\"BreadcrumbList\",\"@id\":\"https:\/\/aquaturo.eu\/shop\/oasis-sediment-filter\/#breadcrumb\",\"itemListElement\":[{\"@type\":\"ListItem\",\"position\":1,\"name\":\"Home\",\"item\":\"https:\/\/aquaturo.eu\/\"},{\"@type\":\"ListItem\",\"position\":2,\"name\":\"Shop\",\"item\":\"https:\/\/aquaturo.eu\/shop\/\"},{\"@type\":\"ListItem\",\"position\":3,\"name\":\"Oasis Sediment filter\"}]},{\"@type\":\"WebSite\",\"@id\":\"https:\/\/aquaturo.eu\/de\/#website\",\"url\":\"https:\/\/aquaturo.eu\/de\/\",\"name\":\"aquaturo\",\"description\":\"\",\"publisher\":{\"@id\":\"https:\/\/aquaturo.eu\/de\/#organization\"},\"potentialAction\":[{\"@type\":\"SearchAction\",\"target\":{\"@type\":\"EntryPoint\",\"urlTemplate\":\"https:\/\/aquaturo.eu\/de\/?s={search_term_string}\"},\"query-input\":{\"@type\":\"PropertyValueSpecification\",\"valueRequired\":true,\"valueName\":\"search_term_string\"}}],\"inLanguage\":\"lv-LV\"},{\"@type\":\"Organization\",\"@id\":\"https:\/\/aquaturo.eu\/de\/#organization\",\"name\":\"aquaturo\",\"url\":\"https:\/\/aquaturo.eu\/de\/\",\"logo\":{\"@type\":\"ImageObject\",\"inLanguage\":\"lv-LV\",\"@id\":\"https:\/\/aquaturo.eu\/de\/#\/schema\/logo\/image\/\",\"url\":\"https:\/\/aquaturo.eu\/wp-content\/uploads\/2025\/11\/aquaturo-logo-txt.png\",\"contentUrl\":\"https:\/\/aquaturo.eu\/wp-content\/uploads\/2025\/11\/aquaturo-logo-txt.png\",\"width\":652,\"height\":142,\"caption\":\"aquaturo\"},\"image\":{\"@id\":\"https:\/\/aquaturo.eu\/de\/#\/schema\/logo\/image\/\"}}]}<\/script>\n<!-- \/ Yoast SEO plugin. -->","yoast_head_json":{"title":"Oasis nogulumu filtrs | aquaturo","description":"Pirm\u0101 posma nogul\u0161\u0146u filtrs \u2013 efekt\u012bva main\u0101ma kasete, kas pasarg\u0101 \u016bdens sist\u0113mas no smilt\u012bm, r\u016bsas un ciet\u0101m da\u013ci\u0146\u0101m.","robots":{"index":"index","follow":"follow","max-snippet":"max-snippet:-1","max-image-preview":"max-image-preview:large","max-video-preview":"max-video-preview:-1"},"canonical":"https:\/\/aquaturo.eu\/lv\/katalogs\/oasis-nogulsnu-filtrs\/","schema":{"@context":"https:\/\/schema.org","@graph":[{"@type":"WebPage","@id":"https:\/\/aquaturo.eu\/shop\/oasis-sediment-filter\/","url":"https:\/\/aquaturo.eu\/shop\/oasis-sediment-filter\/","name":"Oasis nogulumu filtrs | aquaturo","isPartOf":{"@id":"https:\/\/aquaturo.eu\/de\/#website"},"primaryImageOfPage":{"@id":"https:\/\/aquaturo.eu\/shop\/oasis-sediment-filter\/#primaryimage"},"image":{"@id":"https:\/\/aquaturo.eu\/shop\/oasis-sediment-filter\/#primaryimage"},"thumbnailUrl":"https:\/\/aquaturo.eu\/wp-content\/uploads\/2025\/10\/sediment.jpg","datePublished":"2025-10-26T09:22:58+00:00","dateModified":"2025-11-12T10:56:40+00:00","description":"Pirm\u0101 posma nogul\u0161\u0146u filtrs \u2013 efekt\u012bva main\u0101ma kasete, kas pasarg\u0101 \u016bdens sist\u0113mas no smilt\u012bm, r\u016bsas un ciet\u0101m da\u013ci\u0146\u0101m.","breadcrumb":{"@id":"https:\/\/aquaturo.eu\/shop\/oasis-sediment-filter\/#breadcrumb"},"inLanguage":"lv-LV","potentialAction":[{"@type":"ReadAction","target":["https:\/\/aquaturo.eu\/shop\/oasis-sediment-filter\/"]}]},{"@type":"ImageObject","inLanguage":"lv-LV","@id":"https:\/\/aquaturo.eu\/shop\/oasis-sediment-filter\/#primaryimage","url":"https:\/\/aquaturo.eu\/wp-content\/uploads\/2025\/10\/sediment.jpg","contentUrl":"https:\/\/aquaturo.eu\/wp-content\/uploads\/2025\/10\/sediment.jpg","width":1200,"height":1200,"caption":"Green Filter Sediment \u2013 first-stage filter removing fine particles, rust, and impurities up to 5 microns"},{"@type":"BreadcrumbList","@id":"https:\/\/aquaturo.eu\/shop\/oasis-sediment-filter\/#breadcrumb","itemListElement":[{"@type":"ListItem","position":1,"name":"Home","item":"https:\/\/aquaturo.eu\/"},{"@type":"ListItem","position":2,"name":"Shop","item":"https:\/\/aquaturo.eu\/shop\/"},{"@type":"ListItem","position":3,"name":"Oasis Sediment filter"}]},{"@type":"WebSite","@id":"https:\/\/aquaturo.eu\/de\/#website","url":"https:\/\/aquaturo.eu\/de\/","name":"aquaturo","description":"","publisher":{"@id":"https:\/\/aquaturo.eu\/de\/#organization"},"potentialAction":[{"@type":"SearchAction","target":{"@type":"EntryPoint","urlTemplate":"https:\/\/aquaturo.eu\/de\/?s={search_term_string}"},"query-input":{"@type":"PropertyValueSpecification","valueRequired":true,"valueName":"search_term_string"}}],"inLanguage":"lv-LV"},{"@type":"Organization","@id":"https:\/\/aquaturo.eu\/de\/#organization","name":"aquaturo","url":"https:\/\/aquaturo.eu\/de\/","logo":{"@type":"ImageObject","inLanguage":"lv-LV","@id":"https:\/\/aquaturo.eu\/de\/#\/schema\/logo\/image\/","url":"https:\/\/aquaturo.eu\/wp-content\/uploads\/2025\/11\/aquaturo-logo-txt.png","contentUrl":"https:\/\/aquaturo.eu\/wp-content\/uploads\/2025\/11\/aquaturo-logo-txt.png","width":652,"height":142,"caption":"aquaturo"},"image":{"@id":"https:\/\/aquaturo.eu\/de\/#\/schema\/logo\/image\/"}}]}},"_links":{"self":[{"href":"https:\/\/aquaturo.eu\/lv\/wp-json\/wp\/v2\/product\/6645","targetHints":{"allow":["GET"]}}],"collection":[{"href":"https:\/\/aquaturo.eu\/lv\/wp-json\/wp\/v2\/product"}],"about":[{"href":"https:\/\/aquaturo.eu\/lv\/wp-json\/wp\/v2\/types\/product"}],"replies":[{"embeddable":true,"href":"https:\/\/aquaturo.eu\/lv\/wp-json\/wp\/v2\/comments?post=6645"}],"wp:featuredmedia":[{"embeddable":true,"href":"https:\/\/aquaturo.eu\/lv\/wp-json\/wp\/v2\/media\/6696"}],"wp:attachment":[{"href":"https:\/\/aquaturo.eu\/lv\/wp-json\/wp\/v2\/media?parent=6645"}],"wp:term":[{"taxonomy":"product_brand","embeddable":true,"href":"https:\/\/aquaturo.eu\/lv\/wp-json\/wp\/v2\/product_brand?post=6645"},{"taxonomy":"product_cat","embeddable":true,"href":"https:\/\/aquaturo.eu\/lv\/wp-json\/wp\/v2\/product_cat?post=6645"},{"taxonomy":"product_tag","embeddable":true,"href":"https:\/\/aquaturo.eu\/lv\/wp-json\/wp\/v2\/product_tag?post=6645"}],"curies":[{"name":"wp","href":"https:\/\/api.w.org\/{rel}","templated":true}]}}