{"id":6640,"date":"2025-10-26T09:22:58","date_gmt":"2025-10-26T09:22:58","guid":{"rendered":"https:\/\/aquaturo.eu\/?post_type=product&#038;p=6640"},"modified":"2025-11-12T10:51:49","modified_gmt":"2025-11-12T10:51:49","slug":"oasis-divlimenu-dzerama-udens-struklaka","status":"publish","type":"product","link":"https:\/\/aquaturo.eu\/lv\/katalogs\/oasis-divlimenu-dzerama-udens-struklaka\/","title":{"rendered":"Oasis divk\u0101r\u0161\u0101 dzeram\u0101 \u016bdens str\u016bklaka"},"content":{"rendered":"<h2 style=\"color: #007bff;\">Oasis divu l\u012bme\u0146u dzeram\u0101 \u016bdens str\u016bklaka<\/h2>\n<p>Oasis divu l\u012bme\u0146u dzeram\u0101 \u016bdens str\u016bklaka ir uzticams risin\u0101jums noslogot\u0101m iek\u0161telp\u0101m. Tai ir divas da\u017e\u0101da augstuma str\u016bklakas, nodro\u0161inot \u0113rtu piek\u013cuvi b\u0113rniem, pieaugu\u0161ajiem un cilv\u0113kiem ar ierobe\u017eot\u0101m p\u0101rvieto\u0161an\u0101s sp\u0113j\u0101m. Sist\u0113ma pieejama div\u0101s konfigur\u0101cij\u0101s: ar dzes\u0113\u0161anu vai bez t\u0101s, atkar\u012bb\u0101 no telpas un veiktsp\u0113jas pras\u012bb\u0101m.<\/p>\n<p>Abas str\u016bklakas aktiviz\u0113 iztur\u012bgas spiedpogas, kas nodro\u0161ina \u0113rtu lieto\u0161anu no jebkuras puses. Izv\u0113les dzes\u0113\u0161anas sist\u0113ma nodro\u0161ina past\u0101v\u012bgi atdzes\u0113tu \u016bdeni noslogot\u0101m publisk\u0101m telp\u0101m, savuk\u0101rt \u201cFreshield\u201d antimikrobi\u0101l\u0101 aizsardz\u012bba pal\u012bdz samazin\u0101t bakt\u0113riju un arom\u0101tu uzkr\u0101\u0161anos uz bie\u017ei aizskart\u0101m virsm\u0101m.<\/p>\n<p>Ner\u016bs\u0113jo\u0161\u0101 t\u0113rauda apdare un pastiprin\u0101t\u0101 konstrukcija nodro\u0161ina ilgm\u016b\u017e\u012bbu, padarot divu l\u012bme\u0146u Oasis piem\u0113rotu skol\u0101m, slimn\u012bc\u0101m, darbaviet\u0101m, sporta objektiem, kopienas centriem un cit\u0101m publisk\u0101m iek\u0161telp\u0101m.<\/p>\n<h3 style=\"color: #007bff;\">Galven\u0101s \u012bpa\u0161\u012bbas<\/h3>\n<ul>\n<li>Divu augstumu dizains \u0113rtai un pieejamai lieto\u0161anai<\/li>\n<li>Spiedpogu aktiviz\u0101cija ar vad\u012bbu katr\u0101 pus\u0113<\/li>\n<li>Izv\u0113les dzes\u0113\u0161ana, nodro\u0161inot atsvaidzino\u0161u atdzes\u0113tu \u016bdeni<\/li>\n<li>\u201cFreshield\u201d antimikrobi\u0101l\u0101 aizsardz\u012bba, kas pal\u012bdz samazin\u0101t bakt\u0113riju un arom\u0101tu uzkr\u0101\u0161anos<\/li>\n<li>100 mikronu nogul\u0161\u0146u siets, kas pal\u012bdz samazin\u0101t redzam\u0101s da\u013ci\u0146as<\/li>\n<li>Bezsvina \u016bdens saskares komponenti lietot\u0101ju dro\u0161\u012bbai<\/li>\n<li>Ner\u016bs\u0113jo\u0161\u0101 t\u0113rauda apdare iztur\u012bbai un notur\u012bbai ikdienas lieto\u0161an\u0101<\/li>\n<li>Energoefekt\u012bva dzes\u0113\u0161anas sist\u0113ma (dzes\u0113tajos mode\u013cos)<\/li>\n<li>Stiprin\u0101ma pie sienas, lai ietaup\u012btu vietu<\/li>\n<li>ADA pras\u012bb\u0101m atbilsto\u0161s dizains univers\u0101lai piek\u013cuvei<\/li>\n<li class=\"translation-block\">Savietojama ar <a href=\"https:\/\/aquaturo.eu\/lv\/produkti\/oasis-green-filtri\/\" target=\"_self\">Oasis Green filtriem<\/a> - uzlabotai att\u012br\u012b\u0161anai un gar\u0161ai<\/li>\n<\/ul>\n<p>Oasis divu l\u012bme\u0146u dzeram\u0101 \u016bdens str\u016bklaka nodro\u0161ina uzticamu, higi\u0113nisku un pieejamu \u016bdens padevi publisk\u0101m un komerci\u0101l\u0101m iek\u0161telp\u0101m, kur b\u016btiska ir uzticam\u012bba un vienk\u0101r\u0161a lieto\u0161ana.<\/p>","protected":false},"excerpt":{"rendered":"<p>Divu l\u012bme\u0146u dzeram\u0101 \u016bdens str\u016bklaka ar izv\u0113les dzes\u0113\u0161anu un antimikrobi\u0101lo aizsardz\u012bbu \u2013 iztur\u012bgam, pieejamam \u016bdens nodro\u0161in\u0101jumam noslogot\u0101s iek\u0161telp\u0101s.<\/p>","protected":false},"featured_media":6675,"comment_status":"closed","ping_status":"closed","template":"","meta":[],"product_brand":[],"product_cat":[107,109,112,108],"product_tag":[102,103,76,79,110],"class_list":{"0":"post-6640","1":"product","2":"type-product","3":"status-publish","4":"has-post-thumbnail","6":"product_cat-water-fountains","7":"product_cat-manual-water-fountains","8":"product_cat-dual-water-fountains","9":"product_cat-on-wall-water-fountains","10":"product_tag-cooled","11":"product_tag-filtered","12":"product_tag-fountain","13":"product_tag-station","14":"product_tag-with-button","16":"first","17":"instock","18":"featured","19":"taxable","20":"shipping-taxable","21":"purchasable","22":"product-type-variable"},"yoast_head":"<!-- This site is optimized with the Yoast SEO plugin v26.9 - https:\/\/yoast.com\/product\/yoast-seo-wordpress\/ -->\n<title>Oasis dual drinking fountain | aquaturo<\/title>\n<meta name=\"description\" content=\"Bi-level wall-mounted drinking fountain with antimicrobial protection and optional cooling \u2013 a reliable, hygienic solution for high-traffic public spaces.\" \/>\n<meta name=\"robots\" content=\"index, follow, max-snippet:-1, max-image-preview:large, max-video-preview:-1\" \/>\n<link rel=\"canonical\" href=\"https:\/\/aquaturo.eu\/lv\/katalogs\/oasis-divlimenu-dzerama-udens-struklaka\/\" \/>\n<script type=\"application\/ld+json\" class=\"yoast-schema-graph\">{\"@context\":\"https:\/\/schema.org\",\"@graph\":[{\"@type\":\"WebPage\",\"@id\":\"https:\/\/aquaturo.eu\/shop\/oasis-dual-drinking-fountain\/\",\"url\":\"https:\/\/aquaturo.eu\/shop\/oasis-dual-drinking-fountain\/\",\"name\":\"Oasis dual drinking fountain | aquaturo\",\"isPartOf\":{\"@id\":\"https:\/\/aquaturo.eu\/de\/#website\"},\"primaryImageOfPage\":{\"@id\":\"https:\/\/aquaturo.eu\/shop\/oasis-dual-drinking-fountain\/#primaryimage\"},\"image\":{\"@id\":\"https:\/\/aquaturo.eu\/shop\/oasis-dual-drinking-fountain\/#primaryimage\"},\"thumbnailUrl\":\"https:\/\/aquaturo.eu\/wp-content\/uploads\/2025\/10\/P8ACSLY.jpg\",\"datePublished\":\"2025-10-26T09:22:58+00:00\",\"dateModified\":\"2025-11-12T10:51:49+00:00\",\"description\":\"Bi-level wall-mounted drinking fountain with antimicrobial protection and optional cooling \u2013 a reliable, hygienic solution for high-traffic public spaces.\",\"breadcrumb\":{\"@id\":\"https:\/\/aquaturo.eu\/shop\/oasis-dual-drinking-fountain\/#breadcrumb\"},\"inLanguage\":\"lv-LV\",\"potentialAction\":[{\"@type\":\"ReadAction\",\"target\":[\"https:\/\/aquaturo.eu\/shop\/oasis-dual-drinking-fountain\/\"]}]},{\"@type\":\"ImageObject\",\"inLanguage\":\"lv-LV\",\"@id\":\"https:\/\/aquaturo.eu\/shop\/oasis-dual-drinking-fountain\/#primaryimage\",\"url\":\"https:\/\/aquaturo.eu\/wp-content\/uploads\/2025\/10\/P8ACSLY.jpg\",\"contentUrl\":\"https:\/\/aquaturo.eu\/wp-content\/uploads\/2025\/10\/P8ACSLY.jpg\",\"width\":1200,\"height\":1200,\"caption\":\"Oasis Versacooler P8ACSLY dual-height mechanical drinking fountain with cooling system for public spaces\"},{\"@type\":\"BreadcrumbList\",\"@id\":\"https:\/\/aquaturo.eu\/shop\/oasis-dual-drinking-fountain\/#breadcrumb\",\"itemListElement\":[{\"@type\":\"ListItem\",\"position\":1,\"name\":\"Home\",\"item\":\"https:\/\/aquaturo.eu\/\"},{\"@type\":\"ListItem\",\"position\":2,\"name\":\"Shop\",\"item\":\"https:\/\/aquaturo.eu\/shop\/\"},{\"@type\":\"ListItem\",\"position\":3,\"name\":\"Oasis dual drinking fountain\"}]},{\"@type\":\"WebSite\",\"@id\":\"https:\/\/aquaturo.eu\/de\/#website\",\"url\":\"https:\/\/aquaturo.eu\/de\/\",\"name\":\"aquaturo\",\"description\":\"\",\"publisher\":{\"@id\":\"https:\/\/aquaturo.eu\/de\/#organization\"},\"potentialAction\":[{\"@type\":\"SearchAction\",\"target\":{\"@type\":\"EntryPoint\",\"urlTemplate\":\"https:\/\/aquaturo.eu\/de\/?s={search_term_string}\"},\"query-input\":{\"@type\":\"PropertyValueSpecification\",\"valueRequired\":true,\"valueName\":\"search_term_string\"}}],\"inLanguage\":\"lv-LV\"},{\"@type\":\"Organization\",\"@id\":\"https:\/\/aquaturo.eu\/de\/#organization\",\"name\":\"aquaturo\",\"url\":\"https:\/\/aquaturo.eu\/de\/\",\"logo\":{\"@type\":\"ImageObject\",\"inLanguage\":\"lv-LV\",\"@id\":\"https:\/\/aquaturo.eu\/de\/#\/schema\/logo\/image\/\",\"url\":\"https:\/\/aquaturo.eu\/wp-content\/uploads\/2025\/11\/aquaturo-logo-txt.png\",\"contentUrl\":\"https:\/\/aquaturo.eu\/wp-content\/uploads\/2025\/11\/aquaturo-logo-txt.png\",\"width\":652,\"height\":142,\"caption\":\"aquaturo\"},\"image\":{\"@id\":\"https:\/\/aquaturo.eu\/de\/#\/schema\/logo\/image\/\"}}]}<\/script>\n<!-- \/ Yoast SEO plugin. -->","yoast_head_json":{"title":"Oasis divk\u0101r\u0161\u0101 dzeram\u0101 \u016bdens str\u016bklaka | aquaturo","description":"Divl\u012bme\u0146u sienas str\u016bklaka ar antimikrobi\u0101lu virsmu un izv\u0113les dzes\u0113\u0161anu \u2013 iztur\u012bgs, higi\u0113nisks risin\u0101jums noslogot\u0101m publisk\u0101m telp\u0101m.","robots":{"index":"index","follow":"follow","max-snippet":"max-snippet:-1","max-image-preview":"max-image-preview:large","max-video-preview":"max-video-preview:-1"},"canonical":"https:\/\/aquaturo.eu\/lv\/katalogs\/oasis-divlimenu-dzerama-udens-struklaka\/","schema":{"@context":"https:\/\/schema.org","@graph":[{"@type":"WebPage","@id":"https:\/\/aquaturo.eu\/shop\/oasis-dual-drinking-fountain\/","url":"https:\/\/aquaturo.eu\/shop\/oasis-dual-drinking-fountain\/","name":"Oasis divk\u0101r\u0161\u0101 dzeram\u0101 \u016bdens str\u016bklaka | aquaturo","isPartOf":{"@id":"https:\/\/aquaturo.eu\/de\/#website"},"primaryImageOfPage":{"@id":"https:\/\/aquaturo.eu\/shop\/oasis-dual-drinking-fountain\/#primaryimage"},"image":{"@id":"https:\/\/aquaturo.eu\/shop\/oasis-dual-drinking-fountain\/#primaryimage"},"thumbnailUrl":"https:\/\/aquaturo.eu\/wp-content\/uploads\/2025\/10\/P8ACSLY.jpg","datePublished":"2025-10-26T09:22:58+00:00","dateModified":"2025-11-12T10:51:49+00:00","description":"Divl\u012bme\u0146u sienas str\u016bklaka ar antimikrobi\u0101lu virsmu un izv\u0113les dzes\u0113\u0161anu \u2013 iztur\u012bgs, higi\u0113nisks risin\u0101jums noslogot\u0101m publisk\u0101m telp\u0101m.","breadcrumb":{"@id":"https:\/\/aquaturo.eu\/shop\/oasis-dual-drinking-fountain\/#breadcrumb"},"inLanguage":"lv-LV","potentialAction":[{"@type":"ReadAction","target":["https:\/\/aquaturo.eu\/shop\/oasis-dual-drinking-fountain\/"]}]},{"@type":"ImageObject","inLanguage":"lv-LV","@id":"https:\/\/aquaturo.eu\/shop\/oasis-dual-drinking-fountain\/#primaryimage","url":"https:\/\/aquaturo.eu\/wp-content\/uploads\/2025\/10\/P8ACSLY.jpg","contentUrl":"https:\/\/aquaturo.eu\/wp-content\/uploads\/2025\/10\/P8ACSLY.jpg","width":1200,"height":1200,"caption":"Oasis Versacooler P8ACSLY dual-height mechanical drinking fountain with cooling system for public spaces"},{"@type":"BreadcrumbList","@id":"https:\/\/aquaturo.eu\/shop\/oasis-dual-drinking-fountain\/#breadcrumb","itemListElement":[{"@type":"ListItem","position":1,"name":"Home","item":"https:\/\/aquaturo.eu\/"},{"@type":"ListItem","position":2,"name":"Shop","item":"https:\/\/aquaturo.eu\/shop\/"},{"@type":"ListItem","position":3,"name":"Oasis dual drinking fountain"}]},{"@type":"WebSite","@id":"https:\/\/aquaturo.eu\/de\/#website","url":"https:\/\/aquaturo.eu\/de\/","name":"aquaturo","description":"","publisher":{"@id":"https:\/\/aquaturo.eu\/de\/#organization"},"potentialAction":[{"@type":"SearchAction","target":{"@type":"EntryPoint","urlTemplate":"https:\/\/aquaturo.eu\/de\/?s={search_term_string}"},"query-input":{"@type":"PropertyValueSpecification","valueRequired":true,"valueName":"search_term_string"}}],"inLanguage":"lv-LV"},{"@type":"Organization","@id":"https:\/\/aquaturo.eu\/de\/#organization","name":"aquaturo","url":"https:\/\/aquaturo.eu\/de\/","logo":{"@type":"ImageObject","inLanguage":"lv-LV","@id":"https:\/\/aquaturo.eu\/de\/#\/schema\/logo\/image\/","url":"https:\/\/aquaturo.eu\/wp-content\/uploads\/2025\/11\/aquaturo-logo-txt.png","contentUrl":"https:\/\/aquaturo.eu\/wp-content\/uploads\/2025\/11\/aquaturo-logo-txt.png","width":652,"height":142,"caption":"aquaturo"},"image":{"@id":"https:\/\/aquaturo.eu\/de\/#\/schema\/logo\/image\/"}}]}},"_links":{"self":[{"href":"https:\/\/aquaturo.eu\/lv\/wp-json\/wp\/v2\/product\/6640","targetHints":{"allow":["GET"]}}],"collection":[{"href":"https:\/\/aquaturo.eu\/lv\/wp-json\/wp\/v2\/product"}],"about":[{"href":"https:\/\/aquaturo.eu\/lv\/wp-json\/wp\/v2\/types\/product"}],"replies":[{"embeddable":true,"href":"https:\/\/aquaturo.eu\/lv\/wp-json\/wp\/v2\/comments?post=6640"}],"wp:featuredmedia":[{"embeddable":true,"href":"https:\/\/aquaturo.eu\/lv\/wp-json\/wp\/v2\/media\/6675"}],"wp:attachment":[{"href":"https:\/\/aquaturo.eu\/lv\/wp-json\/wp\/v2\/media?parent=6640"}],"wp:term":[{"taxonomy":"product_brand","embeddable":true,"href":"https:\/\/aquaturo.eu\/lv\/wp-json\/wp\/v2\/product_brand?post=6640"},{"taxonomy":"product_cat","embeddable":true,"href":"https:\/\/aquaturo.eu\/lv\/wp-json\/wp\/v2\/product_cat?post=6640"},{"taxonomy":"product_tag","embeddable":true,"href":"https:\/\/aquaturo.eu\/lv\/wp-json\/wp\/v2\/product_tag?post=6640"}],"curies":[{"name":"wp","href":"https:\/\/api.w.org\/{rel}","templated":true}]}}