{"id":6614,"date":"2025-10-26T09:22:20","date_gmt":"2025-10-26T09:22:20","guid":{"rendered":"https:\/\/aquaturo.eu\/?post_type=product&#038;p=6614"},"modified":"2026-02-12T13:44:31","modified_gmt":"2026-02-12T13:44:31","slug":"oasis-versafiller-versacooler-divlimenu-kombo","status":"publish","type":"product","link":"https:\/\/aquaturo.eu\/lv\/katalogs\/oasis-versafiller-versacooler-divlimenu-kombo\/","title":{"rendered":"Oasis pude\u013cu uzpildes stacija ar diviem str\u016bklakiem"},"content":{"rendered":"<h2 style=\"color: #007bff;\">Oasis pude\u013cu uzpildes stacija ar diviem dzeramajiem str\u016bklakiem<\/h2>\n<p class=\"translation-block\">\u0160\u012b Oasis hidrat\u0101cijas stacija apvieno pude\u013cu uzpildes moduli ar diviem dzeramajiem str\u016bklakiem, nodro\u0161inot t\u012bru, viegli pieejamu un uzticamu \u016bdens pieg\u0101di publisk\u0101s un profesion\u0101l\u0101s iek\u0161telpu viet\u0101s. T\u0101 pieejama se\u0161\u0101s konfigur\u0101cij\u0101s, \u013caujot izv\u0113l\u0113ties bekontaktu vai manu\u0101lu pude\u013cu uzpildes aktiviz\u0113\u0161anu, atdzes\u0113ta vai neatdzes\u0113ta \u016bdens mode\u013cus un papildu Quasar UVC-LED att\u012br\u012b\u0161anu.<\/p>\n<p>Pude\u013cu uzpildes moduli var izv\u0113l\u0113ties k\u0101 bekontaktu (aktiviz\u0113jamu ar sensoru) vai manu\u0101lu ar pogu. Papildu Quasar UVC-LED att\u012br\u012b\u0161ana dezinfekc\u0113 \u016bdeni tie\u0161i pie izsnieg\u0161anas punkta, nodro\u0161inot augstus higi\u0113nas standartus. Digit\u0101lais papildin\u0101\u0161anas skait\u012bt\u0101js (da\u017eos mode\u013cos) veicina ilgtsp\u0113j\u012bbu, par\u0101dot, cik daudz plastmasas pudeles ir ietaup\u012btas.<\/p>\n<p>Divu dzeram\u0101 str\u016bklaka modulis pied\u0101v\u0101 divus piek\u013cuves augstumus, nodro\u0161inot \u0113rtu lieto\u0161anu pieaugu\u0161ajiem, b\u0113rniem un person\u0101m ar ierobe\u017eotu mobilit\u0101ti. Ab\u0101m str\u016bklak\u0101m ir iztur\u012bgi pogu vad\u012bbas meh\u0101nismi, kas garant\u0113 uzticamu ilgtermi\u0146a lieto\u0161anu.<\/p>\n<p>Freshield antibakteri\u0101l\u0101 aizsardz\u012bba pal\u012bdz samazin\u0101t bakt\u0113riju un smaku uzkr\u0101\u0161anos uz galvenajiem virsm\u0101m. Ner\u016bs\u0113jo\u0161\u0101 t\u0113rauda \u0101rpuse un iek\u0161\u0113j\u0101 konstrukcija ir veidota nep\u0101rtrauktai ikdienas lieto\u0161anai t\u0101d\u0101s viet\u0101s k\u0101 skolas, vesel\u012bbas apr\u016bpes iest\u0101des, darbavietas, transporta mezgli, sporta centri un citas publisk\u0101s iek\u0161telpu vietas.<\/p>\n<h3 style=\"color: #007bff;\">Galven\u0101s \u012bpa\u0161\u012bbas<\/h3>\n<ul>\n<li>Bekontaktu (aktiviz\u0113jams ar sensoru) vai manu\u0101la pude\u013cu uzpilde<\/li>\n<li>Divi dzeramie str\u016bklaki \u0113rtai un pieejamai lieto\u0161anai<\/li>\n<li>Papildu Quasar UVC-LED att\u012br\u012b\u0161ana pie pude\u013cu uzpildes punkta<\/li>\n<li>Dzes\u0113ta vai nedzes\u0113ta \u016bdens mode\u013ci<\/li>\n<li>Digit\u0101lais papildin\u0101\u0161anas skait\u012bt\u0101js (manu\u0101lajos mode\u013cos) ilgtsp\u0113j\u012bbas veicin\u0101\u0161anai<\/li>\n<li>\u201cFreshield\u201d antimikrobi\u0101l\u0101 aizsardz\u012bba, kas pal\u012bdz samazin\u0101t bakt\u0113riju un arom\u0101tu uzkr\u0101\u0161anos<\/li>\n<li>Iztur\u012bga ner\u016bs\u0113jo\u0161\u0101 t\u0113rauda konstrukcija intens\u012bvai publiskai lieto\u0161anai<\/li>\n<li>Str\u016bklakas aktiviz\u0113\u0161ana ar pogu \u2013 vienk\u0101r\u0161ai un uzticamai lieto\u0161anai<\/li>\n<li>Integr\u0113ta notek\u016bde\u0146u sist\u0113ma, kas nov\u0113r\u0161 st\u0101vo\u0161a \u016bdens uzkr\u0101\u0161anos un samazina t\u012br\u012b\u0161anas nepiecie\u0161am\u012bbu<\/li>\n<li>ADA standartiem atbilsto\u0161as konfigur\u0101cijas univers\u0101lai pieejam\u012bbai<\/li>\n<li class=\"translation-block\">Savietojama ar <a href=\"https:\/\/aquaturo.eu\/lv\/produkti\/oasis-green-filtri\/\" target=\"_self\">Oasis Green filtriem<\/a> - uzlabotai att\u012br\u012b\u0161anai un gar\u0161ai<\/li>\n<\/ul>\n<p>\u0160\u012b Oasis hidrat\u0101cijas stacija nodro\u0161ina higi\u0113nisku pude\u013cu uzpildi un pieejamu dzeramo \u016bdeni vid\u0113s, kur svar\u012bga t\u012br\u012bba, uzticam\u012bba un lietot\u0101ja komforts.<\/p>","protected":false},"excerpt":{"rendered":"<p>Bekontaktu vai manu\u0101la pude\u013cu uzpilde ar diviem dzeramajiem str\u016bklakiem, nodro\u0161inot atdzes\u0113tu, higi\u0113nisku \u016bdens pieg\u0101di augstas satiksmes iek\u0161telpu publiskaj\u0101s viet\u0101s.<\/p>","protected":false},"featured_media":6672,"comment_status":"closed","ping_status":"closed","template":"","meta":[],"product_brand":[],"product_cat":[71,99,73,87,72],"product_tag":[102,77,103,76,79],"class_list":{"0":"post-6614","1":"product","2":"type-product","3":"status-publish","4":"has-post-thumbnail","6":"product_cat-water-station-combos","7":"product_cat-manual-water-station-combos","8":"product_cat-contactless-water-station-combos","9":"product_cat-dual-water-station-combos","10":"product_cat-on-wall-water-station-combos","11":"product_tag-cooled","12":"product_tag-filler","13":"product_tag-filtered","14":"product_tag-fountain","15":"product_tag-station","17":"first","18":"instock","19":"taxable","20":"shipping-taxable","21":"purchasable","22":"product-type-variable","23":"has-default-attributes"},"yoast_head":"<!-- This site is optimized with the Yoast SEO plugin v26.9 - https:\/\/yoast.com\/product\/yoast-seo-wordpress\/ -->\n<title>Oasis bottle filling station with dual fountains | aquaturo<\/title>\n<meta name=\"description\" content=\"Dual drinking fountains with contactless bottle filling to support safe, sustainable hydration in busy public and commercial spaces.\" \/>\n<meta name=\"robots\" content=\"index, follow, max-snippet:-1, max-image-preview:large, max-video-preview:-1\" \/>\n<link rel=\"canonical\" href=\"https:\/\/aquaturo.eu\/lv\/katalogs\/oasis-versafiller-versacooler-divlimenu-kombo\/\" \/>\n<script type=\"application\/ld+json\" class=\"yoast-schema-graph\">{\"@context\":\"https:\/\/schema.org\",\"@graph\":[{\"@type\":\"WebPage\",\"@id\":\"https:\/\/aquaturo.eu\/shop\/oasis-versafiller-versacooler-bi-level-combo\/\",\"url\":\"https:\/\/aquaturo.eu\/shop\/oasis-versafiller-versacooler-bi-level-combo\/\",\"name\":\"Oasis bottle filling station with dual fountains | aquaturo\",\"isPartOf\":{\"@id\":\"https:\/\/aquaturo.eu\/de\/#website\"},\"primaryImageOfPage\":{\"@id\":\"https:\/\/aquaturo.eu\/shop\/oasis-versafiller-versacooler-bi-level-combo\/#primaryimage\"},\"image\":{\"@id\":\"https:\/\/aquaturo.eu\/shop\/oasis-versafiller-versacooler-bi-level-combo\/#primaryimage\"},\"thumbnailUrl\":\"https:\/\/aquaturo.eu\/wp-content\/uploads\/2025\/10\/PWEBQ_SSAP8ACSLY.jpg\",\"datePublished\":\"2025-10-26T09:22:20+00:00\",\"dateModified\":\"2026-02-12T13:44:31+00:00\",\"description\":\"Dual drinking fountains with contactless bottle filling to support safe, sustainable hydration in busy public and commercial spaces.\",\"breadcrumb\":{\"@id\":\"https:\/\/aquaturo.eu\/shop\/oasis-versafiller-versacooler-bi-level-combo\/#breadcrumb\"},\"inLanguage\":\"lv-LV\",\"potentialAction\":[{\"@type\":\"ReadAction\",\"target\":[\"https:\/\/aquaturo.eu\/shop\/oasis-versafiller-versacooler-bi-level-combo\/\"]}]},{\"@type\":\"ImageObject\",\"inLanguage\":\"lv-LV\",\"@id\":\"https:\/\/aquaturo.eu\/shop\/oasis-versafiller-versacooler-bi-level-combo\/#primaryimage\",\"url\":\"https:\/\/aquaturo.eu\/wp-content\/uploads\/2025\/10\/PWEBQ_SSAP8ACSLY.jpg\",\"contentUrl\":\"https:\/\/aquaturo.eu\/wp-content\/uploads\/2025\/10\/PWEBQ_SSAP8ACSLY.jpg\",\"width\":1200,\"height\":1200,\"caption\":\"Oasis Versafiller PWEBQ SSA and Versacooler P8ACSLY water station with Quasar\u2122 UVC-LED disinfection and dual fountains\"},{\"@type\":\"BreadcrumbList\",\"@id\":\"https:\/\/aquaturo.eu\/shop\/oasis-versafiller-versacooler-bi-level-combo\/#breadcrumb\",\"itemListElement\":[{\"@type\":\"ListItem\",\"position\":1,\"name\":\"Home\",\"item\":\"https:\/\/aquaturo.eu\/\"},{\"@type\":\"ListItem\",\"position\":2,\"name\":\"Shop\",\"item\":\"https:\/\/aquaturo.eu\/shop\/\"},{\"@type\":\"ListItem\",\"position\":3,\"name\":\"Oasis bottle filling station with dual fountains\"}]},{\"@type\":\"WebSite\",\"@id\":\"https:\/\/aquaturo.eu\/de\/#website\",\"url\":\"https:\/\/aquaturo.eu\/de\/\",\"name\":\"aquaturo\",\"description\":\"\",\"publisher\":{\"@id\":\"https:\/\/aquaturo.eu\/de\/#organization\"},\"potentialAction\":[{\"@type\":\"SearchAction\",\"target\":{\"@type\":\"EntryPoint\",\"urlTemplate\":\"https:\/\/aquaturo.eu\/de\/?s={search_term_string}\"},\"query-input\":{\"@type\":\"PropertyValueSpecification\",\"valueRequired\":true,\"valueName\":\"search_term_string\"}}],\"inLanguage\":\"lv-LV\"},{\"@type\":\"Organization\",\"@id\":\"https:\/\/aquaturo.eu\/de\/#organization\",\"name\":\"aquaturo\",\"url\":\"https:\/\/aquaturo.eu\/de\/\",\"logo\":{\"@type\":\"ImageObject\",\"inLanguage\":\"lv-LV\",\"@id\":\"https:\/\/aquaturo.eu\/de\/#\/schema\/logo\/image\/\",\"url\":\"https:\/\/aquaturo.eu\/wp-content\/uploads\/2025\/11\/aquaturo-logo-txt.png\",\"contentUrl\":\"https:\/\/aquaturo.eu\/wp-content\/uploads\/2025\/11\/aquaturo-logo-txt.png\",\"width\":652,\"height\":142,\"caption\":\"aquaturo\"},\"image\":{\"@id\":\"https:\/\/aquaturo.eu\/de\/#\/schema\/logo\/image\/\"}}]}<\/script>\n<!-- \/ Yoast SEO plugin. -->","yoast_head_json":{"title":"Oasis pude\u013cu uzpildes stacija ar diviem str\u016bklakiem | aquaturo","description":"Divas str\u016bklakas ar bezkontakta uzpildi \u2013 dro\u0161s un ilgtsp\u0113j\u012bgs hidr\u0101cijas risin\u0101jums noslogot\u0101m publisk\u0101m un komerctelp\u0101m.","robots":{"index":"index","follow":"follow","max-snippet":"max-snippet:-1","max-image-preview":"max-image-preview:large","max-video-preview":"max-video-preview:-1"},"canonical":"https:\/\/aquaturo.eu\/lv\/katalogs\/oasis-versafiller-versacooler-divlimenu-kombo\/","schema":{"@context":"https:\/\/schema.org","@graph":[{"@type":"WebPage","@id":"https:\/\/aquaturo.eu\/shop\/oasis-versafiller-versacooler-bi-level-combo\/","url":"https:\/\/aquaturo.eu\/shop\/oasis-versafiller-versacooler-bi-level-combo\/","name":"Oasis pude\u013cu uzpildes stacija ar diviem str\u016bklakiem | aquaturo","isPartOf":{"@id":"https:\/\/aquaturo.eu\/de\/#website"},"primaryImageOfPage":{"@id":"https:\/\/aquaturo.eu\/shop\/oasis-versafiller-versacooler-bi-level-combo\/#primaryimage"},"image":{"@id":"https:\/\/aquaturo.eu\/shop\/oasis-versafiller-versacooler-bi-level-combo\/#primaryimage"},"thumbnailUrl":"https:\/\/aquaturo.eu\/wp-content\/uploads\/2025\/10\/PWEBQ_SSAP8ACSLY.jpg","datePublished":"2025-10-26T09:22:20+00:00","dateModified":"2026-02-12T13:44:31+00:00","description":"Divas str\u016bklakas ar bezkontakta uzpildi \u2013 dro\u0161s un ilgtsp\u0113j\u012bgs hidr\u0101cijas risin\u0101jums noslogot\u0101m publisk\u0101m un komerctelp\u0101m.","breadcrumb":{"@id":"https:\/\/aquaturo.eu\/shop\/oasis-versafiller-versacooler-bi-level-combo\/#breadcrumb"},"inLanguage":"lv-LV","potentialAction":[{"@type":"ReadAction","target":["https:\/\/aquaturo.eu\/shop\/oasis-versafiller-versacooler-bi-level-combo\/"]}]},{"@type":"ImageObject","inLanguage":"lv-LV","@id":"https:\/\/aquaturo.eu\/shop\/oasis-versafiller-versacooler-bi-level-combo\/#primaryimage","url":"https:\/\/aquaturo.eu\/wp-content\/uploads\/2025\/10\/PWEBQ_SSAP8ACSLY.jpg","contentUrl":"https:\/\/aquaturo.eu\/wp-content\/uploads\/2025\/10\/PWEBQ_SSAP8ACSLY.jpg","width":1200,"height":1200,"caption":"Oasis Versafiller PWEBQ SSA and Versacooler P8ACSLY water station with Quasar\u2122 UVC-LED disinfection and dual fountains"},{"@type":"BreadcrumbList","@id":"https:\/\/aquaturo.eu\/shop\/oasis-versafiller-versacooler-bi-level-combo\/#breadcrumb","itemListElement":[{"@type":"ListItem","position":1,"name":"Home","item":"https:\/\/aquaturo.eu\/"},{"@type":"ListItem","position":2,"name":"Shop","item":"https:\/\/aquaturo.eu\/shop\/"},{"@type":"ListItem","position":3,"name":"Oasis bottle filling station with dual fountains"}]},{"@type":"WebSite","@id":"https:\/\/aquaturo.eu\/de\/#website","url":"https:\/\/aquaturo.eu\/de\/","name":"aquaturo","description":"","publisher":{"@id":"https:\/\/aquaturo.eu\/de\/#organization"},"potentialAction":[{"@type":"SearchAction","target":{"@type":"EntryPoint","urlTemplate":"https:\/\/aquaturo.eu\/de\/?s={search_term_string}"},"query-input":{"@type":"PropertyValueSpecification","valueRequired":true,"valueName":"search_term_string"}}],"inLanguage":"lv-LV"},{"@type":"Organization","@id":"https:\/\/aquaturo.eu\/de\/#organization","name":"aquaturo","url":"https:\/\/aquaturo.eu\/de\/","logo":{"@type":"ImageObject","inLanguage":"lv-LV","@id":"https:\/\/aquaturo.eu\/de\/#\/schema\/logo\/image\/","url":"https:\/\/aquaturo.eu\/wp-content\/uploads\/2025\/11\/aquaturo-logo-txt.png","contentUrl":"https:\/\/aquaturo.eu\/wp-content\/uploads\/2025\/11\/aquaturo-logo-txt.png","width":652,"height":142,"caption":"aquaturo"},"image":{"@id":"https:\/\/aquaturo.eu\/de\/#\/schema\/logo\/image\/"}}]}},"_links":{"self":[{"href":"https:\/\/aquaturo.eu\/lv\/wp-json\/wp\/v2\/product\/6614","targetHints":{"allow":["GET"]}}],"collection":[{"href":"https:\/\/aquaturo.eu\/lv\/wp-json\/wp\/v2\/product"}],"about":[{"href":"https:\/\/aquaturo.eu\/lv\/wp-json\/wp\/v2\/types\/product"}],"replies":[{"embeddable":true,"href":"https:\/\/aquaturo.eu\/lv\/wp-json\/wp\/v2\/comments?post=6614"}],"wp:featuredmedia":[{"embeddable":true,"href":"https:\/\/aquaturo.eu\/lv\/wp-json\/wp\/v2\/media\/6672"}],"wp:attachment":[{"href":"https:\/\/aquaturo.eu\/lv\/wp-json\/wp\/v2\/media?parent=6614"}],"wp:term":[{"taxonomy":"product_brand","embeddable":true,"href":"https:\/\/aquaturo.eu\/lv\/wp-json\/wp\/v2\/product_brand?post=6614"},{"taxonomy":"product_cat","embeddable":true,"href":"https:\/\/aquaturo.eu\/lv\/wp-json\/wp\/v2\/product_cat?post=6614"},{"taxonomy":"product_tag","embeddable":true,"href":"https:\/\/aquaturo.eu\/lv\/wp-json\/wp\/v2\/product_tag?post=6614"}],"curies":[{"name":"wp","href":"https:\/\/api.w.org\/{rel}","templated":true}]}}