{"id":6612,"date":"2025-10-26T09:22:20","date_gmt":"2025-10-26T09:22:20","guid":{"rendered":"https:\/\/aquaturo.eu\/?post_type=product&#038;p=6612"},"modified":"2025-11-20T19:42:55","modified_gmt":"2025-11-20T19:42:55","slug":"oasis-versafiller-versacooler-kombo","status":"publish","type":"product","link":"https:\/\/aquaturo.eu\/lv\/katalogs\/oasis-versafiller-versacooler-kombo\/","title":{"rendered":"Oasis pude\u013cu uzpildes stacija ar dzeram\u0101 str\u016bklaku"},"content":{"rendered":"<h2 style=\"color: #007bff;\">Oasis Versafiller\u2013Versacooler pude\u013cu uzpildes stacija ar dzeram\u0101 str\u016bklaku<\/h2>\n<p>Oasis ir augstas higi\u0113nas hidrat\u0101cijas sist\u0113ma, pieejama divpadsmit konfigur\u0101cij\u0101s, lai atbilstu da\u017e\u0101d\u0101m vid\u0113m un lietot\u0101ju vajadz\u012bb\u0101m.<\/p>\n<p class=\"translation-block\">Pude\u013cu uzpildes moduli var papildu integr\u0113t ar Quasar UVC-LED att\u012br\u012b\u0161anu.\nT\u0101pat var izv\u0113l\u0113ties bekontaktu (aktiviz\u0113jamu ar sensoru) vai manu\u0101lu darb\u012bbu atkar\u012bb\u0101 no vides un lietot\u0101ju vajadz\u012bb\u0101m.<\/p>\n<p>Gan pude\u013cu uzpildes, gan dzeram\u0101 str\u016bklaka modu\u013ci var tikt izv\u0113l\u0113ti ar atdzes\u0113tu vai istabas temperat\u016bras \u016bdeni.<\/p>\n<p>\u0160\u012b elast\u012bba padara Oasis sist\u0113mu piem\u0113rotu vid\u0113m, kur nepiecie\u0161ama uzticama darb\u012bba, pieejam\u012bba un stingri higi\u0113nas standarti.<\/p>\n<p class=\"translation-block\">Papildu Quasar UVC-LED steriliz\u0101cija dezinfekc\u0113 \u016bdeni tie\u0161i pie izsnieg\u0161anas punkta.\nBekontaktu aktiviz\u0113\u0161ana (p\u0113c izv\u0113les) nodro\u0161ina higi\u0113nu, nov\u0113r\u0161ot nepiecie\u0161am\u012bbu pieskarties koplietot\u0101m virsm\u0101m.<\/p>\n<p>Freshield antibakteri\u0101l\u0101 aizsardz\u012bba pal\u012bdz ierobe\u017eot bakt\u0113riju un smaku uzkr\u0101\u0161anos uz galvenajiem virsm\u0101m, savuk\u0101rt ner\u016bs\u0113jo\u0161\u0101 t\u0113rauda korpuss nodro\u0161ina iztur\u012bbu, ilglaic\u012bgumu un t\u012bru, m\u016bsdien\u012bgu izskatu, piem\u0113rotu publisk\u0101m viet\u0101m.<\/p>\n<h3 style=\"color: #007bff;\">Galven\u0101s \u012bpa\u0161\u012bbas<\/h3>\n<ul>\n<li>Bekontaktu vai manu\u0101la aktiviz\u0113\u0161anas opcija pieejama gan pude\u013cu uzpildes, gan str\u016bklakas modu\u013ciem.<\/li>\n<li>Papildu Quasar UVC-LED att\u012br\u012b\u0161ana pie izsnieg\u0161anas punkta<\/li>\n<li class=\"translation-block\">Viedais displejs ar pude\u013cu skait\u012bt\u0101ju un filtra pazi\u0146ojumiem (pieejams autom\u0101tiskajos pude\u013cu uzpildes mode\u013cos)<\/li>\n<li>Autom\u0101tiska laika izsl\u0113g\u0161ana kontrol\u0113tai pude\u013cu uzpildei<\/li>\n<li>Atdzes\u0113ts vai istabas temperat\u016bras \u016bdens<\/li>\n<li>Freshield antibakteri\u0101l\u0101 aizsardz\u012bba, kas samazina bakt\u0113riju un smaku uzkr\u0101\u0161anos<\/li>\n<li>Iztur\u012bga ner\u016bs\u0113jo\u0161\u0101 t\u0113rauda konstrukcija ar \u016bdens ce\u013cu bez svina<\/li>\n<li>Integr\u0113ta notek\u016bde\u0146u sist\u0113ma, kas nov\u0113r\u0161 st\u0101vo\u0161a \u016bdens uzkr\u0101\u0161anos un samazina t\u012br\u012b\u0161anas nepiecie\u0161am\u012bbu<\/li>\n<li>ADA standartiem atbilsto\u0161as konfigur\u0101cijas univers\u0101lai pieejam\u012bbai<\/li>\n<li>100 mikronu nogulumu filtrs, samazinot redzamo da\u013ci\u0146u daudzumu<\/li>\n<li class=\"translation-block\">Sader\u012bgs ar Oasis Green filtriem, nodro\u0161inot uzlabotu att\u012br\u012b\u0161anu un gar\u0161as uzlabo\u0161anu<\/li>\n<\/ul>\n<p>Oasis sist\u0113ma nodro\u0161ina higi\u0113nisku, ilgtsp\u0113j\u012bgu un lietot\u0101jam \u0113rtu \u016bdens pieg\u0101des risin\u0101jumu iek\u0161telpu vid\u0113s, kur dro\u0161\u012bba un t\u012br\u012bba ir nenegoci\u0113jamas. T\u0101 ide\u0101li piem\u0113rota slimn\u012bc\u0101m, laboratorij\u0101m, skol\u0101m, p\u0101rtikas ra\u017eo\u0161anas uz\u0146\u0113mumiem, transporta mezgliem, uz\u0146\u0113mumu birojiem un cit\u0101m augstas satiksmes viet\u0101m, kur nepiecie\u0161ama uzticama un pieejama \u016bdens pieg\u0101de.<\/p>","protected":false},"excerpt":{"rendered":"<p>Bekontaktu vai manu\u0101la pude\u013cu uzpilde ar integr\u0113tu str\u016bklaku, nodro\u0161inot atdzes\u0113tu un t\u012bru \u016bdens pieg\u0101di augstas satiksmes iek\u0161telpu viet\u0101s, vienlaikus samazinot plastmasas atkritumus.<\/p>","protected":false},"featured_media":6669,"comment_status":"closed","ping_status":"closed","template":"","meta":[],"product_brand":[],"product_cat":[71,99,73,72],"product_tag":[102,77,103,76,79],"class_list":{"0":"post-6612","1":"product","2":"type-product","3":"status-publish","4":"has-post-thumbnail","6":"product_cat-water-station-combos","7":"product_cat-manual-water-station-combos","8":"product_cat-contactless-water-station-combos","9":"product_cat-on-wall-water-station-combos","10":"product_tag-cooled","11":"product_tag-filler","12":"product_tag-filtered","13":"product_tag-fountain","14":"product_tag-station","16":"first","17":"instock","18":"featured","19":"taxable","20":"shipping-taxable","21":"purchasable","22":"product-type-variable"},"yoast_head":"<!-- This site is optimized with the Yoast SEO plugin v26.9 - https:\/\/yoast.com\/product\/yoast-seo-wordpress\/ -->\n<title>Oasis water bottle filling station with drinking fountain | aquaturo<\/title>\n<meta name=\"description\" content=\"Hygienic bottle filling and drinking fountain combo with optional UVC-LED purification and cooling. Designed for high-traffic indoor environments.\" \/>\n<meta name=\"robots\" content=\"index, follow, max-snippet:-1, max-image-preview:large, max-video-preview:-1\" \/>\n<link rel=\"canonical\" href=\"https:\/\/aquaturo.eu\/lv\/katalogs\/oasis-versafiller-versacooler-kombo\/\" \/>\n<script type=\"application\/ld+json\" class=\"yoast-schema-graph\">{\"@context\":\"https:\/\/schema.org\",\"@graph\":[{\"@type\":\"WebPage\",\"@id\":\"https:\/\/aquaturo.eu\/shop\/oasis-versafiller-versacooler-combo\/\",\"url\":\"https:\/\/aquaturo.eu\/shop\/oasis-versafiller-versacooler-combo\/\",\"name\":\"Oasis water bottle filling station with drinking fountain | aquaturo\",\"isPartOf\":{\"@id\":\"https:\/\/aquaturo.eu\/de\/#website\"},\"primaryImageOfPage\":{\"@id\":\"https:\/\/aquaturo.eu\/shop\/oasis-versafiller-versacooler-combo\/#primaryimage\"},\"image\":{\"@id\":\"https:\/\/aquaturo.eu\/shop\/oasis-versafiller-versacooler-combo\/#primaryimage\"},\"thumbnailUrl\":\"https:\/\/aquaturo.eu\/wp-content\/uploads\/2025\/10\/PWEBQ_SSAP8ACTY.jpg\",\"datePublished\":\"2025-10-26T09:22:20+00:00\",\"dateModified\":\"2025-11-20T19:42:55+00:00\",\"description\":\"Hygienic bottle filling and drinking fountain combo with optional UVC-LED purification and cooling. Designed for high-traffic indoor environments.\",\"breadcrumb\":{\"@id\":\"https:\/\/aquaturo.eu\/shop\/oasis-versafiller-versacooler-combo\/#breadcrumb\"},\"inLanguage\":\"lv-LV\",\"potentialAction\":[{\"@type\":\"ReadAction\",\"target\":[\"https:\/\/aquaturo.eu\/shop\/oasis-versafiller-versacooler-combo\/\"]}]},{\"@type\":\"ImageObject\",\"inLanguage\":\"lv-LV\",\"@id\":\"https:\/\/aquaturo.eu\/shop\/oasis-versafiller-versacooler-combo\/#primaryimage\",\"url\":\"https:\/\/aquaturo.eu\/wp-content\/uploads\/2025\/10\/PWEBQ_SSAP8ACTY.jpg\",\"contentUrl\":\"https:\/\/aquaturo.eu\/wp-content\/uploads\/2025\/10\/PWEBQ_SSAP8ACTY.jpg\",\"width\":1200,\"height\":1200,\"caption\":\"Oasis automatic bottle filler and drinking fountain wall-mounted set, model PWEBFY_SSA+P8ACTY\"},{\"@type\":\"BreadcrumbList\",\"@id\":\"https:\/\/aquaturo.eu\/shop\/oasis-versafiller-versacooler-combo\/#breadcrumb\",\"itemListElement\":[{\"@type\":\"ListItem\",\"position\":1,\"name\":\"Home\",\"item\":\"https:\/\/aquaturo.eu\/\"},{\"@type\":\"ListItem\",\"position\":2,\"name\":\"Shop\",\"item\":\"https:\/\/aquaturo.eu\/shop\/\"},{\"@type\":\"ListItem\",\"position\":3,\"name\":\"Oasis water bottle filling station with drinking fountain\"}]},{\"@type\":\"WebSite\",\"@id\":\"https:\/\/aquaturo.eu\/de\/#website\",\"url\":\"https:\/\/aquaturo.eu\/de\/\",\"name\":\"aquaturo\",\"description\":\"\",\"publisher\":{\"@id\":\"https:\/\/aquaturo.eu\/de\/#organization\"},\"potentialAction\":[{\"@type\":\"SearchAction\",\"target\":{\"@type\":\"EntryPoint\",\"urlTemplate\":\"https:\/\/aquaturo.eu\/de\/?s={search_term_string}\"},\"query-input\":{\"@type\":\"PropertyValueSpecification\",\"valueRequired\":true,\"valueName\":\"search_term_string\"}}],\"inLanguage\":\"lv-LV\"},{\"@type\":\"Organization\",\"@id\":\"https:\/\/aquaturo.eu\/de\/#organization\",\"name\":\"aquaturo\",\"url\":\"https:\/\/aquaturo.eu\/de\/\",\"logo\":{\"@type\":\"ImageObject\",\"inLanguage\":\"lv-LV\",\"@id\":\"https:\/\/aquaturo.eu\/de\/#\/schema\/logo\/image\/\",\"url\":\"https:\/\/aquaturo.eu\/wp-content\/uploads\/2025\/11\/aquaturo-logo-txt.png\",\"contentUrl\":\"https:\/\/aquaturo.eu\/wp-content\/uploads\/2025\/11\/aquaturo-logo-txt.png\",\"width\":652,\"height\":142,\"caption\":\"aquaturo\"},\"image\":{\"@id\":\"https:\/\/aquaturo.eu\/de\/#\/schema\/logo\/image\/\"}}]}<\/script>\n<!-- \/ Yoast SEO plugin. -->","yoast_head_json":{"title":"Oasis pude\u013cu uzpildes stacija ar dzeram\u0101 str\u016bklaku | aquaturo","description":"Higi\u0113niska dzeram\u0101 \u016bdens sist\u0113ma ar pudel\u012b\u0161u uzpildi un str\u016bklaku, ar UVC-LED dezinfekciju, piem\u0113rota noslogot\u0101m telp\u0101m.","robots":{"index":"index","follow":"follow","max-snippet":"max-snippet:-1","max-image-preview":"max-image-preview:large","max-video-preview":"max-video-preview:-1"},"canonical":"https:\/\/aquaturo.eu\/lv\/katalogs\/oasis-versafiller-versacooler-kombo\/","schema":{"@context":"https:\/\/schema.org","@graph":[{"@type":"WebPage","@id":"https:\/\/aquaturo.eu\/shop\/oasis-versafiller-versacooler-combo\/","url":"https:\/\/aquaturo.eu\/shop\/oasis-versafiller-versacooler-combo\/","name":"Oasis pude\u013cu uzpildes stacija ar dzeram\u0101 str\u016bklaku | aquaturo","isPartOf":{"@id":"https:\/\/aquaturo.eu\/de\/#website"},"primaryImageOfPage":{"@id":"https:\/\/aquaturo.eu\/shop\/oasis-versafiller-versacooler-combo\/#primaryimage"},"image":{"@id":"https:\/\/aquaturo.eu\/shop\/oasis-versafiller-versacooler-combo\/#primaryimage"},"thumbnailUrl":"https:\/\/aquaturo.eu\/wp-content\/uploads\/2025\/10\/PWEBQ_SSAP8ACTY.jpg","datePublished":"2025-10-26T09:22:20+00:00","dateModified":"2025-11-20T19:42:55+00:00","description":"Higi\u0113niska dzeram\u0101 \u016bdens sist\u0113ma ar pudel\u012b\u0161u uzpildi un str\u016bklaku, ar UVC-LED dezinfekciju, piem\u0113rota noslogot\u0101m telp\u0101m.","breadcrumb":{"@id":"https:\/\/aquaturo.eu\/shop\/oasis-versafiller-versacooler-combo\/#breadcrumb"},"inLanguage":"lv-LV","potentialAction":[{"@type":"ReadAction","target":["https:\/\/aquaturo.eu\/shop\/oasis-versafiller-versacooler-combo\/"]}]},{"@type":"ImageObject","inLanguage":"lv-LV","@id":"https:\/\/aquaturo.eu\/shop\/oasis-versafiller-versacooler-combo\/#primaryimage","url":"https:\/\/aquaturo.eu\/wp-content\/uploads\/2025\/10\/PWEBQ_SSAP8ACTY.jpg","contentUrl":"https:\/\/aquaturo.eu\/wp-content\/uploads\/2025\/10\/PWEBQ_SSAP8ACTY.jpg","width":1200,"height":1200,"caption":"Oasis automatic bottle filler and drinking fountain wall-mounted set, model PWEBFY_SSA+P8ACTY"},{"@type":"BreadcrumbList","@id":"https:\/\/aquaturo.eu\/shop\/oasis-versafiller-versacooler-combo\/#breadcrumb","itemListElement":[{"@type":"ListItem","position":1,"name":"Home","item":"https:\/\/aquaturo.eu\/"},{"@type":"ListItem","position":2,"name":"Shop","item":"https:\/\/aquaturo.eu\/shop\/"},{"@type":"ListItem","position":3,"name":"Oasis water bottle filling station with drinking fountain"}]},{"@type":"WebSite","@id":"https:\/\/aquaturo.eu\/de\/#website","url":"https:\/\/aquaturo.eu\/de\/","name":"aquaturo","description":"","publisher":{"@id":"https:\/\/aquaturo.eu\/de\/#organization"},"potentialAction":[{"@type":"SearchAction","target":{"@type":"EntryPoint","urlTemplate":"https:\/\/aquaturo.eu\/de\/?s={search_term_string}"},"query-input":{"@type":"PropertyValueSpecification","valueRequired":true,"valueName":"search_term_string"}}],"inLanguage":"lv-LV"},{"@type":"Organization","@id":"https:\/\/aquaturo.eu\/de\/#organization","name":"aquaturo","url":"https:\/\/aquaturo.eu\/de\/","logo":{"@type":"ImageObject","inLanguage":"lv-LV","@id":"https:\/\/aquaturo.eu\/de\/#\/schema\/logo\/image\/","url":"https:\/\/aquaturo.eu\/wp-content\/uploads\/2025\/11\/aquaturo-logo-txt.png","contentUrl":"https:\/\/aquaturo.eu\/wp-content\/uploads\/2025\/11\/aquaturo-logo-txt.png","width":652,"height":142,"caption":"aquaturo"},"image":{"@id":"https:\/\/aquaturo.eu\/de\/#\/schema\/logo\/image\/"}}]}},"_links":{"self":[{"href":"https:\/\/aquaturo.eu\/lv\/wp-json\/wp\/v2\/product\/6612","targetHints":{"allow":["GET"]}}],"collection":[{"href":"https:\/\/aquaturo.eu\/lv\/wp-json\/wp\/v2\/product"}],"about":[{"href":"https:\/\/aquaturo.eu\/lv\/wp-json\/wp\/v2\/types\/product"}],"replies":[{"embeddable":true,"href":"https:\/\/aquaturo.eu\/lv\/wp-json\/wp\/v2\/comments?post=6612"}],"wp:featuredmedia":[{"embeddable":true,"href":"https:\/\/aquaturo.eu\/lv\/wp-json\/wp\/v2\/media\/6669"}],"wp:attachment":[{"href":"https:\/\/aquaturo.eu\/lv\/wp-json\/wp\/v2\/media?parent=6612"}],"wp:term":[{"taxonomy":"product_brand","embeddable":true,"href":"https:\/\/aquaturo.eu\/lv\/wp-json\/wp\/v2\/product_brand?post=6612"},{"taxonomy":"product_cat","embeddable":true,"href":"https:\/\/aquaturo.eu\/lv\/wp-json\/wp\/v2\/product_cat?post=6612"},{"taxonomy":"product_tag","embeddable":true,"href":"https:\/\/aquaturo.eu\/lv\/wp-json\/wp\/v2\/product_tag?post=6612"}],"curies":[{"name":"wp","href":"https:\/\/api.w.org\/{rel}","templated":true}]}}