{"id":6693,"date":"2025-10-26T09:23:21","date_gmt":"2025-10-26T09:23:21","guid":{"rendered":"https:\/\/aquaturo.eu\/?post_type=product&#038;p=6693"},"modified":"2025-11-12T10:26:07","modified_gmt":"2025-11-12T10:26:07","slug":"oasis-dwm-bc-ulkoseinakiinnitteinen","status":"publish","type":"product","link":"https:\/\/aquaturo.eu\/fi\/kauppa\/oasis-dwm-bc-ulkoseinakiinnitteinen\/","title":{"rendered":"Sein\u00e4asenteinen ulkok\u00e4ytt\u00f6\u00f6n tarkoitettu pullon t\u00e4ytt\u00f6laite"},"content":{"rendered":"<h3 style=\"font-size: 28px; font-weight: bold; margin-bottom: 16px; color: #007bff;\">Oasis DWM-BC sein\u00e4asenteinen ulkok\u00e4ytt\u00f6\u00f6n tarkoitettu pullon t\u00e4ytt\u00f6laite<\/h3>\n<p class=\"translation-block\"><strong>Oasis DWM-BC<\/strong> on sein\u00e4asenteinen ulkok\u00e4ytt\u00f6\u00f6n tarkoitettu pullon t\u00e4ytt\u00f6laite, joka on suunniteltu pitk\u00e4aikaiseen k\u00e4ytt\u00f6\u00f6n ja sulautumaan saumattomasti julkisiin ymp\u00e4rist\u00f6ihin. Sen kompakti ja kest\u00e4v\u00e4 rakenne sopii erinomaisesti puistoihin, kouluihin, stadioneille, ulkoilureiteille ja yhteis\u00f6alueille.<\/p>\n<p>Laite toimii ilman s\u00e4hk\u00f6\u00e4, mik\u00e4 mahdollistaa asennuksen syrj\u00e4isiin tai energiatehokkuutta vaativiin kohteisiin. Mekaaninen painikenactivointi tekee k\u00e4yt\u00f6st\u00e4 yksinkertaista ja intuitiivista, ja sis\u00e4\u00e4nrakennettu 100 mikronin suodatin auttaa varmistamaan puhtaamman ja raikkaamman juomaveden.<\/p>\n<p>Ruostumattomasta ter\u00e4ksest\u00e4 valmistettu runko ja suojattu pulverimaalattu pinta kest\u00e4v\u00e4t vaihtelevat s\u00e4\u00e4olosuhteet ja yll\u00e4pit\u00e4v\u00e4t laitteen toimintaa ja ulkon\u00e4k\u00f6\u00e4 pitk\u00e4ll\u00e4 aikav\u00e4lill\u00e4. Kompakti muotoilu tekee siit\u00e4 k\u00e4yt\u00e4nn\u00f6llisen ja luotettavan vaihtoehdon infrastruktuuriprojekteihin, joissa vaaditaan v\u00e4h\u00e4ist\u00e4 yll\u00e4pitoa ja pitk\u00e4ik\u00e4ist\u00e4 arvoa.<\/p>\n<h4 style=\"margin-top: 32px; font-weight: bold; color: #007bff;\">Keskeiset ominaisuudet<\/h4>\n<ul style=\"margin-top: 12px; margin-bottom: 24px; line-height: 1.6;\">\n<li>Sein\u00e4asenteinen rakenne \u2013 tilatehokas ratkaisu ja helppo ulkoasennus<\/li>\n<li>Mekaaninen painikek\u00e4ytt\u00f6 \u2013 yksinkertainen ja luotettava<\/li>\n<li>Ei s\u00e4hk\u00f6\u00e4 \u2013 sopii syrj\u00e4isiin ulkokohteisiin<\/li>\n<li>100 mikronin suodatin \u2013 auttaa tarjoamaan puhtaampaa juomavett\u00e4 ja v\u00e4hent\u00e4m\u00e4\u00e4n sedimentti\u00e4<\/li>\n<li>Kest\u00e4v\u00e4 ruostumaton ter\u00e4s pulverimaalatulla pinnalla<\/li>\n<li>Nykyaikainen ja k\u00e4yt\u00e4nn\u00f6llinen muotoilu \u2013 ihanteellinen puistoihin, kouluihin, stadioneille ja julkisille alueille<\/li>\n<li>Kaksi v\u00e4rivaihtoehtoa \u2013 vihre\u00e4 tai valkoinen<\/li>\n<\/ul>\n<p style=\"opacity: 0.9;\" class=\"translation-block\"><strong>Oasis DWM-BC<\/strong> on kest\u00e4v\u00e4, luotettava ja visuaalisesti mukautuva ratkaisu kaikkiin ulkoalueisiin.<\/p>","protected":false},"excerpt":{"rendered":"<article class=\"text-token-text-primary w-full focus:outline-none [--shadow-height:45px] has-data-writing-block:pointer-events-none has-data-writing-block:-mt-(--shadow-height) has-data-writing-block:pt-(--shadow-height) [&amp;:has([data-writing-block])&gt;*]:pointer-events-auto [content-visibility:auto] supports-[content-visibility:auto]:[contain-intrinsic-size:auto_100lvh] scroll-mt-[calc(var(--header-height)+min(200px,max(70px,20svh)))]\" dir=\"auto\" tabindex=\"-1\" data-turn-id=\"request-WEB:114413c0-aa75-4161-b4e0-db2b0fcd5f24-22\" data-testid=\"conversation-turn-46\" data-scroll-anchor=\"true\" data-turn=\"assistant\">\n<div class=\"text-base my-auto mx-auto pb-10 [--thread-content-margin:--spacing(4)] thread-sm:[--thread-content-margin:--spacing(6)] thread-lg:[--thread-content-margin:--spacing(16)] px-(--thread-content-margin)\">\n<div class=\"[--thread-content-max-width:40rem] thread-lg:[--thread-content-max-width:48rem] mx-auto max-w-(--thread-content-max-width) flex-1 group\/turn-messages focus-visible:outline-hidden relative flex w-full min-w-0 flex-col agent-turn\" tabindex=\"-1\">\n<div class=\"flex max-w-full flex-col grow\">\n<div class=\"min-h-8 text-message relative flex w-full flex-col items-end gap-2 text-start break-words whitespace-normal [.text-message+&amp;]:mt-1\" dir=\"auto\" data-message-author-role=\"assistant\" data-message-id=\"6c992cad-bd02-49fc-b5a2-a619d1faafc5\" data-message-model-slug=\"gpt-5\">\n<div class=\"flex w-full flex-col gap-1 empty:hidden first:pt-[1px]\">\n<div class=\"markdown prose dark:prose-invert w-full break-words dark markdown-new-styling\">\n<p data-start=\"1610\" data-end=\"1684\" data-is-last-node=\"\" data-is-only-node=\"\">Sein\u00e4asenteinen ulkok\u00e4ytt\u00f6\u00f6n sopiva pullon t\u00e4ytt\u00f6laite julkisille ja vapaa-ajan alueille.<\/p>\n<\/div>\n<\/div>\n<\/div>\n<\/div>\n<\/div>\n<\/div>\n<\/article>","protected":false},"featured_media":6752,"comment_status":"closed","ping_status":"closed","template":"","meta":[],"product_brand":[],"product_cat":[127,158,81,113,93,126],"product_tag":[84,95,130,132,79,129],"class_list":{"0":"post-6693","1":"product","2":"type-product","3":"status-publish","4":"has-post-thumbnail","6":"product_cat-outdoor-water-stations","7":"product_cat-outdoor-on-wall","8":"product_cat-bottle-filling-stations","9":"product_cat-manual-bottle-filling-stations","10":"product_cat-on-wall-bottle-filling-stations","11":"product_cat-outdoor-bottle-filling-stations","12":"product_tag-bottle-fill","13":"product_tag-on-wall","14":"product_tag-outdoor","15":"product_tag-parks","16":"product_tag-station","17":"product_tag-vandal-resistant","19":"first","20":"instock","21":"taxable","22":"shipping-taxable","23":"purchasable","24":"product-type-variable","25":"has-default-attributes"},"yoast_head":"<!-- This site is optimized with the Yoast SEO plugin v26.9 - https:\/\/yoast.com\/product\/yoast-seo-wordpress\/ -->\n<title>On-wall outdoor bottle filling station | aquaturo<\/title>\n<meta name=\"description\" content=\"Compact and durable on-wall outdoor bottle filler \u2013 a hygienic, modern solution for schools, parks, and other public spaces.\" \/>\n<meta name=\"robots\" content=\"index, follow, max-snippet:-1, max-image-preview:large, max-video-preview:-1\" \/>\n<link rel=\"canonical\" href=\"https:\/\/aquaturo.eu\/fi\/kauppa\/oasis-dwm-bc-ulkoseinakiinnitteinen\/\" \/>\n<script type=\"application\/ld+json\" class=\"yoast-schema-graph\">{\"@context\":\"https:\/\/schema.org\",\"@graph\":[{\"@type\":\"WebPage\",\"@id\":\"https:\/\/aquaturo.eu\/shop\/oasis-dwm-bc-outdoor\/\",\"url\":\"https:\/\/aquaturo.eu\/shop\/oasis-dwm-bc-outdoor\/\",\"name\":\"On-wall outdoor bottle filling station | aquaturo\",\"isPartOf\":{\"@id\":\"https:\/\/aquaturo.eu\/de\/#website\"},\"primaryImageOfPage\":{\"@id\":\"https:\/\/aquaturo.eu\/shop\/oasis-dwm-bc-outdoor\/#primaryimage\"},\"image\":{\"@id\":\"https:\/\/aquaturo.eu\/shop\/oasis-dwm-bc-outdoor\/#primaryimage\"},\"thumbnailUrl\":\"https:\/\/aquaturo.eu\/wp-content\/uploads\/2025\/10\/DWM-BC-GRN.jpg\",\"datePublished\":\"2025-10-26T09:23:21+00:00\",\"dateModified\":\"2025-11-12T10:26:07+00:00\",\"description\":\"Compact and durable on-wall outdoor bottle filler \u2013 a hygienic, modern solution for schools, parks, and other public spaces.\",\"breadcrumb\":{\"@id\":\"https:\/\/aquaturo.eu\/shop\/oasis-dwm-bc-outdoor\/#breadcrumb\"},\"inLanguage\":\"fi\",\"potentialAction\":[{\"@type\":\"ReadAction\",\"target\":[\"https:\/\/aquaturo.eu\/shop\/oasis-dwm-bc-outdoor\/\"]}]},{\"@type\":\"ImageObject\",\"inLanguage\":\"fi\",\"@id\":\"https:\/\/aquaturo.eu\/shop\/oasis-dwm-bc-outdoor\/#primaryimage\",\"url\":\"https:\/\/aquaturo.eu\/wp-content\/uploads\/2025\/10\/DWM-BC-GRN.jpg\",\"contentUrl\":\"https:\/\/aquaturo.eu\/wp-content\/uploads\/2025\/10\/DWM-BC-GRN.jpg\",\"width\":1200,\"height\":1200,\"caption\":\"Oasis DWM-BC-GRN green wall-mounted outdoor bottle filler, non-electric design\"},{\"@type\":\"BreadcrumbList\",\"@id\":\"https:\/\/aquaturo.eu\/shop\/oasis-dwm-bc-outdoor\/#breadcrumb\",\"itemListElement\":[{\"@type\":\"ListItem\",\"position\":1,\"name\":\"Home\",\"item\":\"https:\/\/aquaturo.eu\/\"},{\"@type\":\"ListItem\",\"position\":2,\"name\":\"Shop\",\"item\":\"https:\/\/aquaturo.eu\/shop\/\"},{\"@type\":\"ListItem\",\"position\":3,\"name\":\"Outdoor on-wall bottle filling station\"}]},{\"@type\":\"WebSite\",\"@id\":\"https:\/\/aquaturo.eu\/de\/#website\",\"url\":\"https:\/\/aquaturo.eu\/de\/\",\"name\":\"aquaturo\",\"description\":\"\",\"publisher\":{\"@id\":\"https:\/\/aquaturo.eu\/de\/#organization\"},\"potentialAction\":[{\"@type\":\"SearchAction\",\"target\":{\"@type\":\"EntryPoint\",\"urlTemplate\":\"https:\/\/aquaturo.eu\/de\/?s={search_term_string}\"},\"query-input\":{\"@type\":\"PropertyValueSpecification\",\"valueRequired\":true,\"valueName\":\"search_term_string\"}}],\"inLanguage\":\"fi\"},{\"@type\":\"Organization\",\"@id\":\"https:\/\/aquaturo.eu\/de\/#organization\",\"name\":\"aquaturo\",\"url\":\"https:\/\/aquaturo.eu\/de\/\",\"logo\":{\"@type\":\"ImageObject\",\"inLanguage\":\"fi\",\"@id\":\"https:\/\/aquaturo.eu\/de\/#\/schema\/logo\/image\/\",\"url\":\"https:\/\/aquaturo.eu\/wp-content\/uploads\/2025\/11\/aquaturo-logo-txt.png\",\"contentUrl\":\"https:\/\/aquaturo.eu\/wp-content\/uploads\/2025\/11\/aquaturo-logo-txt.png\",\"width\":652,\"height\":142,\"caption\":\"aquaturo\"},\"image\":{\"@id\":\"https:\/\/aquaturo.eu\/de\/#\/schema\/logo\/image\/\"}}]}<\/script>\n<!-- \/ Yoast SEO plugin. -->","yoast_head_json":{"title":"Sein\u00e4asenteinen ulkok\u00e4ytt\u00f6\u00f6n tarkoitettu pullon t\u00e4ytt\u00f6laite | aquaturo","description":"Kompakti ja kest\u00e4v\u00e4 sein\u00e4asenteinen ulkok\u00e4ytt\u00f6\u00f6n tarkoitettu pullon t\u00e4ytt\u00f6laite \u2013 hygieeninen ja nykyaikainen ratkaisu kouluihin, puistoihin ja muihin julkisiin tiloihin.","robots":{"index":"index","follow":"follow","max-snippet":"max-snippet:-1","max-image-preview":"max-image-preview:large","max-video-preview":"max-video-preview:-1"},"canonical":"https:\/\/aquaturo.eu\/fi\/kauppa\/oasis-dwm-bc-ulkoseinakiinnitteinen\/","schema":{"@context":"https:\/\/schema.org","@graph":[{"@type":"WebPage","@id":"https:\/\/aquaturo.eu\/shop\/oasis-dwm-bc-outdoor\/","url":"https:\/\/aquaturo.eu\/shop\/oasis-dwm-bc-outdoor\/","name":"Sein\u00e4asenteinen ulkok\u00e4ytt\u00f6\u00f6n tarkoitettu pullon t\u00e4ytt\u00f6laite | aquaturo","isPartOf":{"@id":"https:\/\/aquaturo.eu\/de\/#website"},"primaryImageOfPage":{"@id":"https:\/\/aquaturo.eu\/shop\/oasis-dwm-bc-outdoor\/#primaryimage"},"image":{"@id":"https:\/\/aquaturo.eu\/shop\/oasis-dwm-bc-outdoor\/#primaryimage"},"thumbnailUrl":"https:\/\/aquaturo.eu\/wp-content\/uploads\/2025\/10\/DWM-BC-GRN.jpg","datePublished":"2025-10-26T09:23:21+00:00","dateModified":"2025-11-12T10:26:07+00:00","description":"Kompakti ja kest\u00e4v\u00e4 sein\u00e4asenteinen ulkok\u00e4ytt\u00f6\u00f6n tarkoitettu pullon t\u00e4ytt\u00f6laite \u2013 hygieeninen ja nykyaikainen ratkaisu kouluihin, puistoihin ja muihin julkisiin tiloihin.","breadcrumb":{"@id":"https:\/\/aquaturo.eu\/shop\/oasis-dwm-bc-outdoor\/#breadcrumb"},"inLanguage":"fi","potentialAction":[{"@type":"ReadAction","target":["https:\/\/aquaturo.eu\/shop\/oasis-dwm-bc-outdoor\/"]}]},{"@type":"ImageObject","inLanguage":"fi","@id":"https:\/\/aquaturo.eu\/shop\/oasis-dwm-bc-outdoor\/#primaryimage","url":"https:\/\/aquaturo.eu\/wp-content\/uploads\/2025\/10\/DWM-BC-GRN.jpg","contentUrl":"https:\/\/aquaturo.eu\/wp-content\/uploads\/2025\/10\/DWM-BC-GRN.jpg","width":1200,"height":1200,"caption":"Oasis DWM-BC-GRN green wall-mounted outdoor bottle filler, non-electric design"},{"@type":"BreadcrumbList","@id":"https:\/\/aquaturo.eu\/shop\/oasis-dwm-bc-outdoor\/#breadcrumb","itemListElement":[{"@type":"ListItem","position":1,"name":"Home","item":"https:\/\/aquaturo.eu\/"},{"@type":"ListItem","position":2,"name":"Shop","item":"https:\/\/aquaturo.eu\/shop\/"},{"@type":"ListItem","position":3,"name":"Outdoor on-wall bottle filling station"}]},{"@type":"WebSite","@id":"https:\/\/aquaturo.eu\/de\/#website","url":"https:\/\/aquaturo.eu\/de\/","name":"aquaturo","description":"","publisher":{"@id":"https:\/\/aquaturo.eu\/de\/#organization"},"potentialAction":[{"@type":"SearchAction","target":{"@type":"EntryPoint","urlTemplate":"https:\/\/aquaturo.eu\/de\/?s={search_term_string}"},"query-input":{"@type":"PropertyValueSpecification","valueRequired":true,"valueName":"search_term_string"}}],"inLanguage":"fi"},{"@type":"Organization","@id":"https:\/\/aquaturo.eu\/de\/#organization","name":"aquaturo","url":"https:\/\/aquaturo.eu\/de\/","logo":{"@type":"ImageObject","inLanguage":"fi","@id":"https:\/\/aquaturo.eu\/de\/#\/schema\/logo\/image\/","url":"https:\/\/aquaturo.eu\/wp-content\/uploads\/2025\/11\/aquaturo-logo-txt.png","contentUrl":"https:\/\/aquaturo.eu\/wp-content\/uploads\/2025\/11\/aquaturo-logo-txt.png","width":652,"height":142,"caption":"aquaturo"},"image":{"@id":"https:\/\/aquaturo.eu\/de\/#\/schema\/logo\/image\/"}}]}},"_links":{"self":[{"href":"https:\/\/aquaturo.eu\/fi\/wp-json\/wp\/v2\/product\/6693","targetHints":{"allow":["GET"]}}],"collection":[{"href":"https:\/\/aquaturo.eu\/fi\/wp-json\/wp\/v2\/product"}],"about":[{"href":"https:\/\/aquaturo.eu\/fi\/wp-json\/wp\/v2\/types\/product"}],"replies":[{"embeddable":true,"href":"https:\/\/aquaturo.eu\/fi\/wp-json\/wp\/v2\/comments?post=6693"}],"wp:featuredmedia":[{"embeddable":true,"href":"https:\/\/aquaturo.eu\/fi\/wp-json\/wp\/v2\/media\/6752"}],"wp:attachment":[{"href":"https:\/\/aquaturo.eu\/fi\/wp-json\/wp\/v2\/media?parent=6693"}],"wp:term":[{"taxonomy":"product_brand","embeddable":true,"href":"https:\/\/aquaturo.eu\/fi\/wp-json\/wp\/v2\/product_brand?post=6693"},{"taxonomy":"product_cat","embeddable":true,"href":"https:\/\/aquaturo.eu\/fi\/wp-json\/wp\/v2\/product_cat?post=6693"},{"taxonomy":"product_tag","embeddable":true,"href":"https:\/\/aquaturo.eu\/fi\/wp-json\/wp\/v2\/product_tag?post=6693"}],"curies":[{"name":"wp","href":"https:\/\/api.w.org\/{rel}","templated":true}]}}