{"id":6655,"date":"2025-10-26T09:22:58","date_gmt":"2025-10-26T09:22:58","guid":{"rendered":"https:\/\/aquaturo.eu\/?post_type=product&#038;p=6655"},"modified":"2025-11-12T11:01:25","modified_gmt":"2025-11-12T11:01:25","slug":"oasis-pcp","status":"publish","type":"product","link":"https:\/\/aquaturo.eu\/fi\/kauppa\/oasis-pcp\/","title":{"rendered":"Oasis lattiaseisova pullon t\u00e4ytt\u00f6laite"},"content":{"rendered":"<h2 style=\"color: #007bff;\">Oasis lattiaseisova pullon t\u00e4ytt\u00f6laite<\/h2>\n<p class=\"translation-block\">T\u00e4m\u00e4 Oasis lattiaseisova pullon t\u00e4ytt\u00f6laite on suunniteltu sis\u00e4tiloihin julkisiin ja ammatillisiin ymp\u00e4rist\u00f6ihin, joissa tarvitaan hygieenist\u00e4, helppoa ja jatkuvaa veden saantia. Laite liitet\u00e4\u00e4n suoraan k\u00e4ytt\u00f6vesiverkkoon ja sit\u00e4 on saatavilla kolmessa kokoonpanossa: j\u00e4\u00e4hdytyksell\u00e4 tai ilman j\u00e4\u00e4hdytyst\u00e4 sek\u00e4 <a href=\"https:\/\/aquaturo.eu\/fi\/keskeiset-teknologiat-moderneissa-vesiasemissa\/\" target=\"_self\">Quasar UVC-LED<\/a> puhdistuksella tai ilman sit\u00e4.<\/p>\n<p>Laite toimii kosketusvapaalla infrapuna-aktivaatiolla, jonka ansiosta pullot voidaan t\u00e4ytt\u00e4\u00e4 koskematta pintoihin. J\u00e4\u00e4hdytysvalinta tarjoaa tasaisesti kylm\u00e4\u00e4 vett\u00e4 vilkkaisiin sis\u00e4tiloihin ja valinnainen Quasar UVC-LED desinfioi veden annostelupisteess\u00e4, mik\u00e4 tukee korkeaa hygieniatasoa.<\/p>\n<p>Laaja pulloalue sopii erikokoisille uudelleenk\u00e4ytett\u00e4ville pulloille, joten asema soveltuu kouluihin, ty\u00f6paikoille, urheilutiloihin, terveydenhuollon ymp\u00e4rist\u00f6ihin ja muihin vilkkaisiin sis\u00e4tiloihin. Freshield antimikrobinen pinnoite v\u00e4hent\u00e4\u00e4 bakteerien ja hajujen muodostumista keskeisill\u00e4 pinnoilla ja kest\u00e4v\u00e4 sis\u00e4rakenne varmistaa pitk\u00e4n k\u00e4ytt\u00f6i\u00e4n.<\/p>\n<h3 style=\"color: #007bff;\">Keskeiset ominaisuudet<\/h3>\n<ul>\n<li>Kosketusvapaa infrapuna-aktivointi hygieeniseen k\u00e4ytt\u00f6\u00f6n<\/li>\n<li>Kylm\u00e4 tai huonel\u00e4mp\u00f6inen vesivaihtoehto<\/li>\n<li class=\"translation-block\">Valinnainen <a href=\"https:\/\/aquaturo.eu\/fi\/keskeiset-teknologiat-moderneissa-vesiasemissa\/\" target=\"_self\">Quasar UVC LED<\/a> -puhdistus annostelukohdassa<\/li>\n<li>Laaja pullotila sopii urheilupulloille ja uudelleenk\u00e4ytett\u00e4ville pulloille<\/li>\n<li>LED-laskuri edist\u00e4\u00e4 kest\u00e4v\u00e4\u00e4 k\u00e4ytt\u00f6\u00e4<\/li>\n<li>Freshield antimikrobinen suoja bakteerien ja hajujen v\u00e4hent\u00e4miseksi<\/li>\n<li>Integroitu vedenpoisto \u2013 est\u00e4\u00e4 veden kertymisen ja v\u00e4hent\u00e4\u00e4 siivoustarvetta<\/li>\n<li>100 mikronin sakka-suodatus v\u00e4hent\u00e4\u00e4 n\u00e4kyvi\u00e4 hiukkasia<\/li>\n<li>Lyijytt\u00f6m\u00e4t veden kanssa kosketuksissa olevat komponentit k\u00e4ytt\u00e4j\u00e4turvallisuuden varmistamiseksi<\/li>\n<li>Kest\u00e4v\u00e4 ter\u00e4srunko jatkuvaan julkiseen k\u00e4ytt\u00f6\u00f6n<\/li>\n<li class=\"translation-block\">Yhteensopiva <a href=\"https:\/\/aquaturo.eu\/fi\/product\/oasis-green-suodatin\/\" target=\"_self\">Oasis Green suodattimet<\/a> kanssa paremman puhdistuksen ja maun saavuttamiseksi<\/li>\n<\/ul>\n<p>T\u00e4m\u00e4 lattiaseisova vesiasema tarjoaa hygieenisen, kest\u00e4v\u00e4n ja helppok\u00e4ytt\u00f6isen vaihtoehdon pullovesiautomaateille ja sopii toimistoihin, kouluihin, kuntosaleille, sairaaloihin, tuotantotiloihin ja muihin sis\u00e4ymp\u00e4rist\u00f6ihin, joissa arvostetaan luotettavuutta ja puhtautta.<\/p>","protected":false},"excerpt":{"rendered":"<p>Kosketusvapaa lattiaseisova pullon t\u00e4ytt\u00f6laite, joka tarjoaa kylm\u00e4\u00e4 ja suodatettua vett\u00e4 vilkkaisiin sis\u00e4tiloihin ja v\u00e4hent\u00e4\u00e4 kertak\u00e4ytt\u00f6muovin tarvetta.<\/p>","protected":false},"featured_media":6706,"comment_status":"closed","ping_status":"closed","template":"","meta":[],"product_brand":[],"product_cat":[81,82,122],"product_tag":[84,74,102,103,123,79],"class_list":{"0":"post-6655","1":"product","2":"type-product","3":"status-publish","4":"has-post-thumbnail","6":"product_cat-bottle-filling-stations","7":"product_cat-contactless-bottle-filling-stations","8":"product_cat-freestanding-bottle-filling-stations","9":"product_tag-bottle-fill","10":"product_tag-contactless","11":"product_tag-cooled","12":"product_tag-filtered","13":"product_tag-freestanding","14":"product_tag-station","16":"first","17":"instock","18":"taxable","19":"shipping-taxable","20":"purchasable","21":"product-type-variable"},"yoast_head":"<!-- This site is optimized with the Yoast SEO plugin v26.9 - https:\/\/yoast.com\/product\/yoast-seo-wordpress\/ -->\n<title>Oasis floor-standing bottle filling station | aquaturo<\/title>\n<meta name=\"description\" content=\"Floor-standing touchless water filling station with LED display, drainage, filtration option, and steel body \u2013 fits large bottles.\" \/>\n<meta name=\"robots\" content=\"index, follow, max-snippet:-1, max-image-preview:large, max-video-preview:-1\" \/>\n<link rel=\"canonical\" href=\"https:\/\/aquaturo.eu\/fi\/kauppa\/oasis-pcp\/\" \/>\n<script type=\"application\/ld+json\" class=\"yoast-schema-graph\">{\"@context\":\"https:\/\/schema.org\",\"@graph\":[{\"@type\":\"WebPage\",\"@id\":\"https:\/\/aquaturo.eu\/shop\/oasis-pcp\/\",\"url\":\"https:\/\/aquaturo.eu\/shop\/oasis-pcp\/\",\"name\":\"Oasis floor-standing bottle filling station | aquaturo\",\"isPartOf\":{\"@id\":\"https:\/\/aquaturo.eu\/de\/#website\"},\"primaryImageOfPage\":{\"@id\":\"https:\/\/aquaturo.eu\/shop\/oasis-pcp\/#primaryimage\"},\"image\":{\"@id\":\"https:\/\/aquaturo.eu\/shop\/oasis-pcp\/#primaryimage\"},\"thumbnailUrl\":\"https:\/\/aquaturo.eu\/wp-content\/uploads\/2025\/10\/PCP8EBFY_SSA.jpg\",\"datePublished\":\"2025-10-26T09:22:58+00:00\",\"dateModified\":\"2025-11-12T11:01:25+00:00\",\"description\":\"Floor-standing touchless water filling station with LED display, drainage, filtration option, and steel body \u2013 fits large bottles.\",\"breadcrumb\":{\"@id\":\"https:\/\/aquaturo.eu\/shop\/oasis-pcp\/#breadcrumb\"},\"inLanguage\":\"fi\",\"potentialAction\":[{\"@type\":\"ReadAction\",\"target\":[\"https:\/\/aquaturo.eu\/shop\/oasis-pcp\/\"]}]},{\"@type\":\"ImageObject\",\"inLanguage\":\"fi\",\"@id\":\"https:\/\/aquaturo.eu\/shop\/oasis-pcp\/#primaryimage\",\"url\":\"https:\/\/aquaturo.eu\/wp-content\/uploads\/2025\/10\/PCP8EBFY_SSA.jpg\",\"contentUrl\":\"https:\/\/aquaturo.eu\/wp-content\/uploads\/2025\/10\/PCP8EBFY_SSA.jpg\",\"width\":1200,\"height\":1200,\"caption\":\"Oasis PCP8EBFY SSA free-standing water dispenser with touchless sensor and cooling for public spaces\"},{\"@type\":\"BreadcrumbList\",\"@id\":\"https:\/\/aquaturo.eu\/shop\/oasis-pcp\/#breadcrumb\",\"itemListElement\":[{\"@type\":\"ListItem\",\"position\":1,\"name\":\"Home\",\"item\":\"https:\/\/aquaturo.eu\/\"},{\"@type\":\"ListItem\",\"position\":2,\"name\":\"Shop\",\"item\":\"https:\/\/aquaturo.eu\/shop\/\"},{\"@type\":\"ListItem\",\"position\":3,\"name\":\"Oasis floor-standing bottle filling station\"}]},{\"@type\":\"WebSite\",\"@id\":\"https:\/\/aquaturo.eu\/de\/#website\",\"url\":\"https:\/\/aquaturo.eu\/de\/\",\"name\":\"aquaturo\",\"description\":\"\",\"publisher\":{\"@id\":\"https:\/\/aquaturo.eu\/de\/#organization\"},\"potentialAction\":[{\"@type\":\"SearchAction\",\"target\":{\"@type\":\"EntryPoint\",\"urlTemplate\":\"https:\/\/aquaturo.eu\/de\/?s={search_term_string}\"},\"query-input\":{\"@type\":\"PropertyValueSpecification\",\"valueRequired\":true,\"valueName\":\"search_term_string\"}}],\"inLanguage\":\"fi\"},{\"@type\":\"Organization\",\"@id\":\"https:\/\/aquaturo.eu\/de\/#organization\",\"name\":\"aquaturo\",\"url\":\"https:\/\/aquaturo.eu\/de\/\",\"logo\":{\"@type\":\"ImageObject\",\"inLanguage\":\"fi\",\"@id\":\"https:\/\/aquaturo.eu\/de\/#\/schema\/logo\/image\/\",\"url\":\"https:\/\/aquaturo.eu\/wp-content\/uploads\/2025\/11\/aquaturo-logo-txt.png\",\"contentUrl\":\"https:\/\/aquaturo.eu\/wp-content\/uploads\/2025\/11\/aquaturo-logo-txt.png\",\"width\":652,\"height\":142,\"caption\":\"aquaturo\"},\"image\":{\"@id\":\"https:\/\/aquaturo.eu\/de\/#\/schema\/logo\/image\/\"}}]}<\/script>\n<!-- \/ Yoast SEO plugin. -->","yoast_head_json":{"title":"Oasis lattiaseisova pullon t\u00e4ytt\u00f6laite | aquaturo","description":"Lattiaseisova kosketusvapaa veden t\u00e4ytt\u00f6laite LED-n\u00e4yt\u00f6ll\u00e4, viem\u00e4r\u00f6innill\u00e4, suodatusvaihtoehdolla ja ter\u00e4srungolla. Sopii isoille pulloille.","robots":{"index":"index","follow":"follow","max-snippet":"max-snippet:-1","max-image-preview":"max-image-preview:large","max-video-preview":"max-video-preview:-1"},"canonical":"https:\/\/aquaturo.eu\/fi\/kauppa\/oasis-pcp\/","schema":{"@context":"https:\/\/schema.org","@graph":[{"@type":"WebPage","@id":"https:\/\/aquaturo.eu\/shop\/oasis-pcp\/","url":"https:\/\/aquaturo.eu\/shop\/oasis-pcp\/","name":"Oasis lattiaseisova pullon t\u00e4ytt\u00f6laite | aquaturo","isPartOf":{"@id":"https:\/\/aquaturo.eu\/de\/#website"},"primaryImageOfPage":{"@id":"https:\/\/aquaturo.eu\/shop\/oasis-pcp\/#primaryimage"},"image":{"@id":"https:\/\/aquaturo.eu\/shop\/oasis-pcp\/#primaryimage"},"thumbnailUrl":"https:\/\/aquaturo.eu\/wp-content\/uploads\/2025\/10\/PCP8EBFY_SSA.jpg","datePublished":"2025-10-26T09:22:58+00:00","dateModified":"2025-11-12T11:01:25+00:00","description":"Lattiaseisova kosketusvapaa veden t\u00e4ytt\u00f6laite LED-n\u00e4yt\u00f6ll\u00e4, viem\u00e4r\u00f6innill\u00e4, suodatusvaihtoehdolla ja ter\u00e4srungolla. Sopii isoille pulloille.","breadcrumb":{"@id":"https:\/\/aquaturo.eu\/shop\/oasis-pcp\/#breadcrumb"},"inLanguage":"fi","potentialAction":[{"@type":"ReadAction","target":["https:\/\/aquaturo.eu\/shop\/oasis-pcp\/"]}]},{"@type":"ImageObject","inLanguage":"fi","@id":"https:\/\/aquaturo.eu\/shop\/oasis-pcp\/#primaryimage","url":"https:\/\/aquaturo.eu\/wp-content\/uploads\/2025\/10\/PCP8EBFY_SSA.jpg","contentUrl":"https:\/\/aquaturo.eu\/wp-content\/uploads\/2025\/10\/PCP8EBFY_SSA.jpg","width":1200,"height":1200,"caption":"Oasis PCP8EBFY SSA free-standing water dispenser with touchless sensor and cooling for public spaces"},{"@type":"BreadcrumbList","@id":"https:\/\/aquaturo.eu\/shop\/oasis-pcp\/#breadcrumb","itemListElement":[{"@type":"ListItem","position":1,"name":"Home","item":"https:\/\/aquaturo.eu\/"},{"@type":"ListItem","position":2,"name":"Shop","item":"https:\/\/aquaturo.eu\/shop\/"},{"@type":"ListItem","position":3,"name":"Oasis floor-standing bottle filling station"}]},{"@type":"WebSite","@id":"https:\/\/aquaturo.eu\/de\/#website","url":"https:\/\/aquaturo.eu\/de\/","name":"aquaturo","description":"","publisher":{"@id":"https:\/\/aquaturo.eu\/de\/#organization"},"potentialAction":[{"@type":"SearchAction","target":{"@type":"EntryPoint","urlTemplate":"https:\/\/aquaturo.eu\/de\/?s={search_term_string}"},"query-input":{"@type":"PropertyValueSpecification","valueRequired":true,"valueName":"search_term_string"}}],"inLanguage":"fi"},{"@type":"Organization","@id":"https:\/\/aquaturo.eu\/de\/#organization","name":"aquaturo","url":"https:\/\/aquaturo.eu\/de\/","logo":{"@type":"ImageObject","inLanguage":"fi","@id":"https:\/\/aquaturo.eu\/de\/#\/schema\/logo\/image\/","url":"https:\/\/aquaturo.eu\/wp-content\/uploads\/2025\/11\/aquaturo-logo-txt.png","contentUrl":"https:\/\/aquaturo.eu\/wp-content\/uploads\/2025\/11\/aquaturo-logo-txt.png","width":652,"height":142,"caption":"aquaturo"},"image":{"@id":"https:\/\/aquaturo.eu\/de\/#\/schema\/logo\/image\/"}}]}},"_links":{"self":[{"href":"https:\/\/aquaturo.eu\/fi\/wp-json\/wp\/v2\/product\/6655","targetHints":{"allow":["GET"]}}],"collection":[{"href":"https:\/\/aquaturo.eu\/fi\/wp-json\/wp\/v2\/product"}],"about":[{"href":"https:\/\/aquaturo.eu\/fi\/wp-json\/wp\/v2\/types\/product"}],"replies":[{"embeddable":true,"href":"https:\/\/aquaturo.eu\/fi\/wp-json\/wp\/v2\/comments?post=6655"}],"wp:featuredmedia":[{"embeddable":true,"href":"https:\/\/aquaturo.eu\/fi\/wp-json\/wp\/v2\/media\/6706"}],"wp:attachment":[{"href":"https:\/\/aquaturo.eu\/fi\/wp-json\/wp\/v2\/media?parent=6655"}],"wp:term":[{"taxonomy":"product_brand","embeddable":true,"href":"https:\/\/aquaturo.eu\/fi\/wp-json\/wp\/v2\/product_brand?post=6655"},{"taxonomy":"product_cat","embeddable":true,"href":"https:\/\/aquaturo.eu\/fi\/wp-json\/wp\/v2\/product_cat?post=6655"},{"taxonomy":"product_tag","embeddable":true,"href":"https:\/\/aquaturo.eu\/fi\/wp-json\/wp\/v2\/product_tag?post=6655"}],"curies":[{"name":"wp","href":"https:\/\/api.w.org\/{rel}","templated":true}]}}