{"id":6639,"date":"2025-10-26T09:22:57","date_gmt":"2025-10-26T09:22:57","guid":{"rendered":"https:\/\/aquaturo.eu\/?post_type=product&#038;p=6639"},"modified":"2025-11-12T11:23:37","modified_gmt":"2025-11-12T11:23:37","slug":"oasis-juomapiste","status":"publish","type":"product","link":"https:\/\/aquaturo.eu\/fi\/kauppa\/oasis-juomapiste\/","title":{"rendered":"Oasis juomapiste"},"content":{"rendered":"<h2 style=\"color: #007bff;\">Oasis juomapiste<\/h2>\n<p><strong>Oasis juomapiste<\/strong> on hygieeninen juomaratkaisu, joka on saatavana nelj\u00e4ll\u00e4 kokoonpanovaihtoehdolla. Voit valita kosketusvapaan (sensoriohjauksen) tai mekaanisen aktivoinnin sek\u00e4 j\u00e4\u00e4hdytetyn tai j\u00e4\u00e4hdytt\u00e4m\u00e4tt\u00f6m\u00e4n vesimallin tilan ja k\u00e4ytt\u00e4jien tarpeiden mukaan.<\/p>\n<p>Kosketusvapaa aktivointi (valinnainen) mahdollistaa juomisen koskematta ja v\u00e4hent\u00e4\u00e4 tartuntapintojen m\u00e4\u00e4r\u00e4\u00e4, mik\u00e4 tukee hygieniaa vilkkaissa sis\u00e4tiloissa. J\u00e4\u00e4hdytetyiss\u00e4 malleissa vesi pysyy viile\u00e4n\u00e4 ja raikkaana koko p\u00e4iv\u00e4n, mik\u00e4 on t\u00e4rke\u00e4\u00e4 ymp\u00e4rist\u00f6iss\u00e4, joissa kylm\u00e4 vesi on odotettu peruspalvelu.<\/p>\n<p>Freshield-antimikrobinen suojaus v\u00e4hent\u00e4\u00e4 bakteerien ja hajujen kertymist\u00e4 toistuvasti kosketeltuihin pintoihin. Ruostumattomasta ter\u00e4ksest\u00e4 valmistettu yl\u00e4osa ja vahvistettu sis\u00e4rakenne takaavat kest\u00e4vyyden ja pitk\u00e4n k\u00e4ytt\u00f6i\u00e4n, mik\u00e4 tekee juomapisteest\u00e4 sopivan jatkuvaan k\u00e4ytt\u00f6\u00f6n kouluissa, terveydenhuollossa, ty\u00f6paikoilla, liikennekeskuksissa ja muissa sis\u00e4tiloissa.<\/p>\n<h3 style=\"color: #007bff;\">Keskeiset ominaisuudet<\/h3>\n<ul>\n<li>Valinnainen kosketusvapaa (sensoriohjattu) tai mekaaninen aktivointi<\/li>\n<li>J\u00e4\u00e4hdytetty tai j\u00e4\u00e4hdytt\u00e4m\u00e4t\u00f6n vesimalli<\/li>\n<li>Freshield antimikrobinen suoja bakteerien ja hajujen v\u00e4hent\u00e4miseksi<\/li>\n<li>Ruostumattoman ter\u00e4ksen yl\u00e4osa ja vahvistettu sis\u00e4rakenne pitk\u00e4aikaiseen k\u00e4ytt\u00f6\u00f6n<\/li>\n<li>S\u00e4\u00e4dett\u00e4v\u00e4 vedenkaaren korkeus miellytt\u00e4v\u00e4\u00e4 juomista varten<\/li>\n<li>Energiaa s\u00e4\u00e4st\u00e4v\u00e4 j\u00e4\u00e4hdytys (j\u00e4\u00e4hdytetyiss\u00e4 malleissa)<\/li>\n<li>ADA-yhteensopiva suunnittelu esteett\u00f6m\u00e4\u00e4n k\u00e4ytt\u00f6\u00f6n<\/li>\n<li>100 mikronin sedimenttisuodatus n\u00e4kyvien hiukkasten v\u00e4hent\u00e4miseksi<\/li>\n<li>Lyijytt\u00f6m\u00e4t veden kanssa kosketuksissa olevat komponentit k\u00e4ytt\u00e4j\u00e4turvallisuuden varmistamiseksi<\/li>\n<li class=\"translation-block\">Yhteensopiva <a href=\"https:\/\/aquaturo.eu\/fi\/product\/oasis-green-suodatin\/\" target=\"_self\">Oasis Green suodattimet<\/a> kanssa paremman puhdistuksen ja maun saavuttamiseksi<\/li>\n<\/ul>\n<p><strong>Oasis juomapiste<\/strong> tarjoaa puhdasta, hygieenist\u00e4 ja luotettavaa vett\u00e4 sis\u00e4tiloihin, joissa kosketusvapaus, esteett\u00f6myys ja kest\u00e4vyys ovat olennaisia.<\/p>","protected":false},"excerpt":{"rendered":"<p>Kosketusvapaa tai mekaaninen juomapiste, saatavana j\u00e4\u00e4hdytyksell\u00e4 tai ilman. Tarjoaa hygieenisen ja kest\u00e4v\u00e4n juomaratkaisun vilkkaisiin sis\u00e4ymp\u00e4rist\u00f6ihin.<\/p>","protected":false},"featured_media":6674,"comment_status":"closed","ping_status":"closed","template":"","meta":[],"product_brand":[],"product_cat":[107,109,111,108],"product_tag":[74,102,103,76,79],"class_list":{"0":"post-6639","1":"product","2":"type-product","3":"status-publish","4":"has-post-thumbnail","6":"product_cat-water-fountains","7":"product_cat-manual-water-fountains","8":"product_cat-contactless-water-fountains","9":"product_cat-on-wall-water-fountains","10":"product_tag-contactless","11":"product_tag-cooled","12":"product_tag-filtered","13":"product_tag-fountain","14":"product_tag-station","16":"first","17":"instock","18":"taxable","19":"shipping-taxable","20":"purchasable","21":"product-type-variable"},"yoast_head":"<!-- This site is optimized with the Yoast SEO plugin v26.9 - https:\/\/yoast.com\/product\/yoast-seo-wordpress\/ -->\n<title>Oasis drinking fountain | aquaturo<\/title>\n<meta name=\"description\" content=\"Oasis on-wall drinking fountain with IR sensor and antimicrobial protection \u2013 a durable, hygienic solution for busy public space.\" \/>\n<meta name=\"robots\" content=\"index, follow, max-snippet:-1, max-image-preview:large, max-video-preview:-1\" \/>\n<link rel=\"canonical\" href=\"https:\/\/aquaturo.eu\/fi\/kauppa\/oasis-juomapiste\/\" \/>\n<script type=\"application\/ld+json\" class=\"yoast-schema-graph\">{\"@context\":\"https:\/\/schema.org\",\"@graph\":[{\"@type\":\"WebPage\",\"@id\":\"https:\/\/aquaturo.eu\/shop\/oasis-drinking-fountain\/\",\"url\":\"https:\/\/aquaturo.eu\/shop\/oasis-drinking-fountain\/\",\"name\":\"Oasis drinking fountain | aquaturo\",\"isPartOf\":{\"@id\":\"https:\/\/aquaturo.eu\/de\/#website\"},\"primaryImageOfPage\":{\"@id\":\"https:\/\/aquaturo.eu\/shop\/oasis-drinking-fountain\/#primaryimage\"},\"image\":{\"@id\":\"https:\/\/aquaturo.eu\/shop\/oasis-drinking-fountain\/#primaryimage\"},\"thumbnailUrl\":\"https:\/\/aquaturo.eu\/wp-content\/uploads\/2025\/10\/P8ACTY.jpg\",\"datePublished\":\"2025-10-26T09:22:57+00:00\",\"dateModified\":\"2025-11-12T11:23:37+00:00\",\"description\":\"Oasis on-wall drinking fountain with IR sensor and antimicrobial protection \u2013 a durable, hygienic solution for busy public space.\",\"breadcrumb\":{\"@id\":\"https:\/\/aquaturo.eu\/shop\/oasis-drinking-fountain\/#breadcrumb\"},\"inLanguage\":\"fi\",\"potentialAction\":[{\"@type\":\"ReadAction\",\"target\":[\"https:\/\/aquaturo.eu\/shop\/oasis-drinking-fountain\/\"]}]},{\"@type\":\"ImageObject\",\"inLanguage\":\"fi\",\"@id\":\"https:\/\/aquaturo.eu\/shop\/oasis-drinking-fountain\/#primaryimage\",\"url\":\"https:\/\/aquaturo.eu\/wp-content\/uploads\/2025\/10\/P8ACTY.jpg\",\"contentUrl\":\"https:\/\/aquaturo.eu\/wp-content\/uploads\/2025\/10\/P8ACTY.jpg\",\"width\":1200,\"height\":1200,\"caption\":\"Oasis Versacooler P8ACTY automatic touchless drinking fountain with IR sensor and cooling system\"},{\"@type\":\"BreadcrumbList\",\"@id\":\"https:\/\/aquaturo.eu\/shop\/oasis-drinking-fountain\/#breadcrumb\",\"itemListElement\":[{\"@type\":\"ListItem\",\"position\":1,\"name\":\"Home\",\"item\":\"https:\/\/aquaturo.eu\/\"},{\"@type\":\"ListItem\",\"position\":2,\"name\":\"Shop\",\"item\":\"https:\/\/aquaturo.eu\/shop\/\"},{\"@type\":\"ListItem\",\"position\":3,\"name\":\"Oasis drinking fountain\"}]},{\"@type\":\"WebSite\",\"@id\":\"https:\/\/aquaturo.eu\/de\/#website\",\"url\":\"https:\/\/aquaturo.eu\/de\/\",\"name\":\"aquaturo\",\"description\":\"\",\"publisher\":{\"@id\":\"https:\/\/aquaturo.eu\/de\/#organization\"},\"potentialAction\":[{\"@type\":\"SearchAction\",\"target\":{\"@type\":\"EntryPoint\",\"urlTemplate\":\"https:\/\/aquaturo.eu\/de\/?s={search_term_string}\"},\"query-input\":{\"@type\":\"PropertyValueSpecification\",\"valueRequired\":true,\"valueName\":\"search_term_string\"}}],\"inLanguage\":\"fi\"},{\"@type\":\"Organization\",\"@id\":\"https:\/\/aquaturo.eu\/de\/#organization\",\"name\":\"aquaturo\",\"url\":\"https:\/\/aquaturo.eu\/de\/\",\"logo\":{\"@type\":\"ImageObject\",\"inLanguage\":\"fi\",\"@id\":\"https:\/\/aquaturo.eu\/de\/#\/schema\/logo\/image\/\",\"url\":\"https:\/\/aquaturo.eu\/wp-content\/uploads\/2025\/11\/aquaturo-logo-txt.png\",\"contentUrl\":\"https:\/\/aquaturo.eu\/wp-content\/uploads\/2025\/11\/aquaturo-logo-txt.png\",\"width\":652,\"height\":142,\"caption\":\"aquaturo\"},\"image\":{\"@id\":\"https:\/\/aquaturo.eu\/de\/#\/schema\/logo\/image\/\"}}]}<\/script>\n<!-- \/ Yoast SEO plugin. -->","yoast_head_json":{"title":"Oasis juomapiste | aquaturo","description":"Oasis sein\u00e4asenteinen juomapiste IR-sensorilla ja antimikrobisella suojauksella \u2013 kest\u00e4v\u00e4 ja hygieeninen ratkaisu vilkkaisiin julkisiin tiloihin.","robots":{"index":"index","follow":"follow","max-snippet":"max-snippet:-1","max-image-preview":"max-image-preview:large","max-video-preview":"max-video-preview:-1"},"canonical":"https:\/\/aquaturo.eu\/fi\/kauppa\/oasis-juomapiste\/","schema":{"@context":"https:\/\/schema.org","@graph":[{"@type":"WebPage","@id":"https:\/\/aquaturo.eu\/shop\/oasis-drinking-fountain\/","url":"https:\/\/aquaturo.eu\/shop\/oasis-drinking-fountain\/","name":"Oasis juomapiste | aquaturo","isPartOf":{"@id":"https:\/\/aquaturo.eu\/de\/#website"},"primaryImageOfPage":{"@id":"https:\/\/aquaturo.eu\/shop\/oasis-drinking-fountain\/#primaryimage"},"image":{"@id":"https:\/\/aquaturo.eu\/shop\/oasis-drinking-fountain\/#primaryimage"},"thumbnailUrl":"https:\/\/aquaturo.eu\/wp-content\/uploads\/2025\/10\/P8ACTY.jpg","datePublished":"2025-10-26T09:22:57+00:00","dateModified":"2025-11-12T11:23:37+00:00","description":"Oasis sein\u00e4asenteinen juomapiste IR-sensorilla ja antimikrobisella suojauksella \u2013 kest\u00e4v\u00e4 ja hygieeninen ratkaisu vilkkaisiin julkisiin tiloihin.","breadcrumb":{"@id":"https:\/\/aquaturo.eu\/shop\/oasis-drinking-fountain\/#breadcrumb"},"inLanguage":"fi","potentialAction":[{"@type":"ReadAction","target":["https:\/\/aquaturo.eu\/shop\/oasis-drinking-fountain\/"]}]},{"@type":"ImageObject","inLanguage":"fi","@id":"https:\/\/aquaturo.eu\/shop\/oasis-drinking-fountain\/#primaryimage","url":"https:\/\/aquaturo.eu\/wp-content\/uploads\/2025\/10\/P8ACTY.jpg","contentUrl":"https:\/\/aquaturo.eu\/wp-content\/uploads\/2025\/10\/P8ACTY.jpg","width":1200,"height":1200,"caption":"Oasis Versacooler P8ACTY automatic touchless drinking fountain with IR sensor and cooling system"},{"@type":"BreadcrumbList","@id":"https:\/\/aquaturo.eu\/shop\/oasis-drinking-fountain\/#breadcrumb","itemListElement":[{"@type":"ListItem","position":1,"name":"Home","item":"https:\/\/aquaturo.eu\/"},{"@type":"ListItem","position":2,"name":"Shop","item":"https:\/\/aquaturo.eu\/shop\/"},{"@type":"ListItem","position":3,"name":"Oasis drinking fountain"}]},{"@type":"WebSite","@id":"https:\/\/aquaturo.eu\/de\/#website","url":"https:\/\/aquaturo.eu\/de\/","name":"aquaturo","description":"","publisher":{"@id":"https:\/\/aquaturo.eu\/de\/#organization"},"potentialAction":[{"@type":"SearchAction","target":{"@type":"EntryPoint","urlTemplate":"https:\/\/aquaturo.eu\/de\/?s={search_term_string}"},"query-input":{"@type":"PropertyValueSpecification","valueRequired":true,"valueName":"search_term_string"}}],"inLanguage":"fi"},{"@type":"Organization","@id":"https:\/\/aquaturo.eu\/de\/#organization","name":"aquaturo","url":"https:\/\/aquaturo.eu\/de\/","logo":{"@type":"ImageObject","inLanguage":"fi","@id":"https:\/\/aquaturo.eu\/de\/#\/schema\/logo\/image\/","url":"https:\/\/aquaturo.eu\/wp-content\/uploads\/2025\/11\/aquaturo-logo-txt.png","contentUrl":"https:\/\/aquaturo.eu\/wp-content\/uploads\/2025\/11\/aquaturo-logo-txt.png","width":652,"height":142,"caption":"aquaturo"},"image":{"@id":"https:\/\/aquaturo.eu\/de\/#\/schema\/logo\/image\/"}}]}},"_links":{"self":[{"href":"https:\/\/aquaturo.eu\/fi\/wp-json\/wp\/v2\/product\/6639","targetHints":{"allow":["GET"]}}],"collection":[{"href":"https:\/\/aquaturo.eu\/fi\/wp-json\/wp\/v2\/product"}],"about":[{"href":"https:\/\/aquaturo.eu\/fi\/wp-json\/wp\/v2\/types\/product"}],"replies":[{"embeddable":true,"href":"https:\/\/aquaturo.eu\/fi\/wp-json\/wp\/v2\/comments?post=6639"}],"wp:featuredmedia":[{"embeddable":true,"href":"https:\/\/aquaturo.eu\/fi\/wp-json\/wp\/v2\/media\/6674"}],"wp:attachment":[{"href":"https:\/\/aquaturo.eu\/fi\/wp-json\/wp\/v2\/media?parent=6639"}],"wp:term":[{"taxonomy":"product_brand","embeddable":true,"href":"https:\/\/aquaturo.eu\/fi\/wp-json\/wp\/v2\/product_brand?post=6639"},{"taxonomy":"product_cat","embeddable":true,"href":"https:\/\/aquaturo.eu\/fi\/wp-json\/wp\/v2\/product_cat?post=6639"},{"taxonomy":"product_tag","embeddable":true,"href":"https:\/\/aquaturo.eu\/fi\/wp-json\/wp\/v2\/product_tag?post=6639"}],"curies":[{"name":"wp","href":"https:\/\/api.w.org\/{rel}","templated":true}]}}