{"id":6612,"date":"2025-10-26T09:22:20","date_gmt":"2025-10-26T09:22:20","guid":{"rendered":"https:\/\/aquaturo.eu\/?post_type=product&#038;p=6612"},"modified":"2025-11-20T19:42:55","modified_gmt":"2025-11-20T19:42:55","slug":"oasis-versafiller-versacooler-yhdistelma","status":"publish","type":"product","link":"https:\/\/aquaturo.eu\/fi\/kauppa\/oasis-versafiller-versacooler-yhdistelma\/","title":{"rendered":"Oasis pullon t\u00e4ytt\u00f6asema juomapisteell\u00e4"},"content":{"rendered":"<h2 style=\"color: #007bff;\">Oasis Versafiller\u2013Versacooler pullon t\u00e4ytt\u00f6asema juomapisteell\u00e4<\/h2>\n<p>T\u00e4m\u00e4 Oasis-vesiasema on saatavilla kahdessatoista eri kokoonpanossa, jotta se voidaan sovittaa erilaisiin ymp\u00e4rist\u00f6ihin ja k\u00e4ytt\u00f6tarpeisiin.<\/p>\n<p class=\"translation-block\">Pullon t\u00e4ytt\u00f6moduuliin on saatavilla valinnainen <a href=\"https:\/\/aquaturo.eu\/fi\/keskeiset-teknologiat-moderneissa-vesiasemissa\/\" target=\"_self\">Quasar UVC-LED<\/a> -puhdistus.<br>\nVoit valita joko kosketusvapaan (sensoriohjatun) tai painikkeella toimivan k\u00e4yt\u00f6n ymp\u00e4rist\u00f6si ja k\u00e4ytt\u00e4jien tarpeiden mukaan.<\/p>\n<p>Sek\u00e4 pullon t\u00e4ytt\u00f6 ett\u00e4 juomapiste voidaan asentaa joko j\u00e4\u00e4hdytettyn\u00e4 tai huoneenl\u00e4mp\u00f6isen\u00e4.<\/p>\n<p>T\u00e4m\u00e4 joustavuus tekee Oasis-j\u00e4rjestelm\u00e4st\u00e4 sopivan kohteisiin, joissa vaaditaan luotettavaa suorituskyky\u00e4, esteett\u00f6myytt\u00e4 ja tiukkoja hygieniavaatimuksia.<\/p>\n<p class=\"translation-block\">Valinnainen Quasar UVC-LED -sterilointi desinfioi veden suoraan annostelupisteess\u00e4.<br>\nKosketusvapaa aktivointi (valinnainen) parantaa hygieniaa poistamalla tarpeen koskea jaettuja pintoja.<\/p>\n<p>Freshield-antimikrobinen suoja v\u00e4hent\u00e4\u00e4 bakteerien ja hajujen kertymist\u00e4 avainpintoihin, ja ruostumaton ter\u00e4srunko varmistaa pitk\u00e4ik\u00e4isyyden ja modernin ilmeen julkisissa tiloissa.<\/p>\n<h3 style=\"color: #007bff;\">Keskeiset ominaisuudet<\/h3>\n<ul>\n<li>Kosketusvapaa tai painikeaktivointi sek\u00e4 pullont\u00e4ytt\u00f6\u00f6n ett\u00e4 juomapisteeseen<\/li>\n<li>Valinnainen Quasar UVC LED puhdistus annostelukohdassa<\/li>\n<li class=\"translation-block\"><a href=\"https:\/\/aquaturo.eu\/fi\/digitaaliset-pullolaskurit-kestavyysseuranta\/\" target=\"_self\">\u00c4lyn\u00e4ytt\u00f6<\/a> pullolaskurilla ja suodatinilmoituksilla (saatavilla automaattisissa pullont\u00e4ytt\u00f6malleissa)<\/li>\n<li>Automaattinen ajastettu sulku hallittua pullont\u00e4ytt\u00f6\u00e4 varten<\/li>\n<li>J\u00e4\u00e4hdytetty tai huonel\u00e4mp\u00f6inen vesi<\/li>\n<li>Freshield mikrobisuoja v\u00e4hent\u00e4\u00e4 bakteerien ja hajujen muodostumista<\/li>\n<li>Kest\u00e4v\u00e4 ruostumaton ter\u00e4s ja lyijyt\u00f6n vesireitti<\/li>\n<li>Integroitu viem\u00e4r\u00f6inti est\u00e4m\u00e4\u00e4n seisovan veden muodostuminen ja v\u00e4hent\u00e4m\u00e4\u00e4n puhdistustarvetta<\/li>\n<li>ADA-yhteensopivat kokoonpanot esteett\u00f6m\u00e4\u00e4n k\u00e4ytt\u00f6\u00f6n<\/li>\n<li>100 mikronin sedimenttisuodatus n\u00e4kyvien hiukkasten v\u00e4hent\u00e4miseksi<\/li>\n<li class=\"translation-block\">Yhteensopiva <a href=\"https:\/\/aquaturo.eu\/fi\/product\/oasis-green-suodatin\/\" target=\"_self\">Oasis Green suodattimien<\/a> kanssa paremman puhdistuksen ja maun parantamiseksi<\/li>\n<\/ul>\n<p>Oasis j\u00e4rjestelm\u00e4 tarjoaa hygienisen, kest\u00e4v\u00e4n ja k\u00e4ytt\u00e4j\u00e4yst\u00e4v\u00e4llisen vesiratkaisun sis\u00e4tiloihin, joissa turvallisuus ja puhtaus ovat v\u00e4ltt\u00e4m\u00e4tt\u00f6mi\u00e4. Se sopii sairaaloihin, laboratorioihin, kouluihin, elintarviketuotantotiloihin, liikennekeskuksiin, toimistoihin ja muihin paljon liikenn\u00f6ityihin ymp\u00e4rist\u00f6ihin, joissa tarvitaan luotettavaa ja helposti saavutettavaa juomavett\u00e4.<\/p>","protected":false},"excerpt":{"rendered":"<p>Kosketusvapaa tai painikeaktivoitu pullon t\u00e4ytt\u00f6 integroidulla juomapisteell\u00e4 \u2013 j\u00e4\u00e4hdytetty, puhdas ja kest\u00e4v\u00e4 vesiratkaisu vilkkaisiin sis\u00e4ymp\u00e4rist\u00f6ihin muovij\u00e4tett\u00e4 v\u00e4hent\u00e4en.<\/p>","protected":false},"featured_media":6669,"comment_status":"closed","ping_status":"closed","template":"","meta":[],"product_brand":[],"product_cat":[71,99,73,72],"product_tag":[102,77,103,76,79],"class_list":{"0":"post-6612","1":"product","2":"type-product","3":"status-publish","4":"has-post-thumbnail","6":"product_cat-water-station-combos","7":"product_cat-manual-water-station-combos","8":"product_cat-contactless-water-station-combos","9":"product_cat-on-wall-water-station-combos","10":"product_tag-cooled","11":"product_tag-filler","12":"product_tag-filtered","13":"product_tag-fountain","14":"product_tag-station","16":"first","17":"instock","18":"featured","19":"taxable","20":"shipping-taxable","21":"purchasable","22":"product-type-variable"},"yoast_head":"<!-- This site is optimized with the Yoast SEO plugin v26.9 - https:\/\/yoast.com\/product\/yoast-seo-wordpress\/ -->\n<title>Oasis water bottle filling station with drinking fountain | aquaturo<\/title>\n<meta name=\"description\" content=\"Hygienic bottle filling and drinking fountain combo with optional UVC-LED purification and cooling. Designed for high-traffic indoor environments.\" \/>\n<meta name=\"robots\" content=\"index, follow, max-snippet:-1, max-image-preview:large, max-video-preview:-1\" \/>\n<link rel=\"canonical\" href=\"https:\/\/aquaturo.eu\/fi\/kauppa\/oasis-versafiller-versacooler-yhdistelma\/\" \/>\n<script type=\"application\/ld+json\" class=\"yoast-schema-graph\">{\"@context\":\"https:\/\/schema.org\",\"@graph\":[{\"@type\":\"WebPage\",\"@id\":\"https:\/\/aquaturo.eu\/shop\/oasis-versafiller-versacooler-combo\/\",\"url\":\"https:\/\/aquaturo.eu\/shop\/oasis-versafiller-versacooler-combo\/\",\"name\":\"Oasis water bottle filling station with drinking fountain | aquaturo\",\"isPartOf\":{\"@id\":\"https:\/\/aquaturo.eu\/de\/#website\"},\"primaryImageOfPage\":{\"@id\":\"https:\/\/aquaturo.eu\/shop\/oasis-versafiller-versacooler-combo\/#primaryimage\"},\"image\":{\"@id\":\"https:\/\/aquaturo.eu\/shop\/oasis-versafiller-versacooler-combo\/#primaryimage\"},\"thumbnailUrl\":\"https:\/\/aquaturo.eu\/wp-content\/uploads\/2025\/10\/PWEBQ_SSAP8ACTY.jpg\",\"datePublished\":\"2025-10-26T09:22:20+00:00\",\"dateModified\":\"2025-11-20T19:42:55+00:00\",\"description\":\"Hygienic bottle filling and drinking fountain combo with optional UVC-LED purification and cooling. Designed for high-traffic indoor environments.\",\"breadcrumb\":{\"@id\":\"https:\/\/aquaturo.eu\/shop\/oasis-versafiller-versacooler-combo\/#breadcrumb\"},\"inLanguage\":\"fi\",\"potentialAction\":[{\"@type\":\"ReadAction\",\"target\":[\"https:\/\/aquaturo.eu\/shop\/oasis-versafiller-versacooler-combo\/\"]}]},{\"@type\":\"ImageObject\",\"inLanguage\":\"fi\",\"@id\":\"https:\/\/aquaturo.eu\/shop\/oasis-versafiller-versacooler-combo\/#primaryimage\",\"url\":\"https:\/\/aquaturo.eu\/wp-content\/uploads\/2025\/10\/PWEBQ_SSAP8ACTY.jpg\",\"contentUrl\":\"https:\/\/aquaturo.eu\/wp-content\/uploads\/2025\/10\/PWEBQ_SSAP8ACTY.jpg\",\"width\":1200,\"height\":1200,\"caption\":\"Oasis automatic bottle filler and drinking fountain wall-mounted set, model PWEBFY_SSA+P8ACTY\"},{\"@type\":\"BreadcrumbList\",\"@id\":\"https:\/\/aquaturo.eu\/shop\/oasis-versafiller-versacooler-combo\/#breadcrumb\",\"itemListElement\":[{\"@type\":\"ListItem\",\"position\":1,\"name\":\"Home\",\"item\":\"https:\/\/aquaturo.eu\/\"},{\"@type\":\"ListItem\",\"position\":2,\"name\":\"Shop\",\"item\":\"https:\/\/aquaturo.eu\/shop\/\"},{\"@type\":\"ListItem\",\"position\":3,\"name\":\"Oasis water bottle filling station with drinking fountain\"}]},{\"@type\":\"WebSite\",\"@id\":\"https:\/\/aquaturo.eu\/de\/#website\",\"url\":\"https:\/\/aquaturo.eu\/de\/\",\"name\":\"aquaturo\",\"description\":\"\",\"publisher\":{\"@id\":\"https:\/\/aquaturo.eu\/de\/#organization\"},\"potentialAction\":[{\"@type\":\"SearchAction\",\"target\":{\"@type\":\"EntryPoint\",\"urlTemplate\":\"https:\/\/aquaturo.eu\/de\/?s={search_term_string}\"},\"query-input\":{\"@type\":\"PropertyValueSpecification\",\"valueRequired\":true,\"valueName\":\"search_term_string\"}}],\"inLanguage\":\"fi\"},{\"@type\":\"Organization\",\"@id\":\"https:\/\/aquaturo.eu\/de\/#organization\",\"name\":\"aquaturo\",\"url\":\"https:\/\/aquaturo.eu\/de\/\",\"logo\":{\"@type\":\"ImageObject\",\"inLanguage\":\"fi\",\"@id\":\"https:\/\/aquaturo.eu\/de\/#\/schema\/logo\/image\/\",\"url\":\"https:\/\/aquaturo.eu\/wp-content\/uploads\/2025\/11\/aquaturo-logo-txt.png\",\"contentUrl\":\"https:\/\/aquaturo.eu\/wp-content\/uploads\/2025\/11\/aquaturo-logo-txt.png\",\"width\":652,\"height\":142,\"caption\":\"aquaturo\"},\"image\":{\"@id\":\"https:\/\/aquaturo.eu\/de\/#\/schema\/logo\/image\/\"}}]}<\/script>\n<!-- \/ Yoast SEO plugin. -->","yoast_head_json":{"title":"Oasis pullon t\u00e4ytt\u00f6asema juomapisteell\u00e4 | aquaturo","description":"Hygieeninen pullon t\u00e4ytt\u00f6 ja juomapiste yhdess\u00e4, valinnaisella UVC-LED-puhdistuksella ja j\u00e4\u00e4hdytyksell\u00e4. Suunniteltu vilkkaisiin sis\u00e4tiloihin.","robots":{"index":"index","follow":"follow","max-snippet":"max-snippet:-1","max-image-preview":"max-image-preview:large","max-video-preview":"max-video-preview:-1"},"canonical":"https:\/\/aquaturo.eu\/fi\/kauppa\/oasis-versafiller-versacooler-yhdistelma\/","schema":{"@context":"https:\/\/schema.org","@graph":[{"@type":"WebPage","@id":"https:\/\/aquaturo.eu\/shop\/oasis-versafiller-versacooler-combo\/","url":"https:\/\/aquaturo.eu\/shop\/oasis-versafiller-versacooler-combo\/","name":"Oasis pullon t\u00e4ytt\u00f6asema juomapisteell\u00e4 | aquaturo","isPartOf":{"@id":"https:\/\/aquaturo.eu\/de\/#website"},"primaryImageOfPage":{"@id":"https:\/\/aquaturo.eu\/shop\/oasis-versafiller-versacooler-combo\/#primaryimage"},"image":{"@id":"https:\/\/aquaturo.eu\/shop\/oasis-versafiller-versacooler-combo\/#primaryimage"},"thumbnailUrl":"https:\/\/aquaturo.eu\/wp-content\/uploads\/2025\/10\/PWEBQ_SSAP8ACTY.jpg","datePublished":"2025-10-26T09:22:20+00:00","dateModified":"2025-11-20T19:42:55+00:00","description":"Hygieeninen pullon t\u00e4ytt\u00f6 ja juomapiste yhdess\u00e4, valinnaisella UVC-LED-puhdistuksella ja j\u00e4\u00e4hdytyksell\u00e4. Suunniteltu vilkkaisiin sis\u00e4tiloihin.","breadcrumb":{"@id":"https:\/\/aquaturo.eu\/shop\/oasis-versafiller-versacooler-combo\/#breadcrumb"},"inLanguage":"fi","potentialAction":[{"@type":"ReadAction","target":["https:\/\/aquaturo.eu\/shop\/oasis-versafiller-versacooler-combo\/"]}]},{"@type":"ImageObject","inLanguage":"fi","@id":"https:\/\/aquaturo.eu\/shop\/oasis-versafiller-versacooler-combo\/#primaryimage","url":"https:\/\/aquaturo.eu\/wp-content\/uploads\/2025\/10\/PWEBQ_SSAP8ACTY.jpg","contentUrl":"https:\/\/aquaturo.eu\/wp-content\/uploads\/2025\/10\/PWEBQ_SSAP8ACTY.jpg","width":1200,"height":1200,"caption":"Oasis automatic bottle filler and drinking fountain wall-mounted set, model PWEBFY_SSA+P8ACTY"},{"@type":"BreadcrumbList","@id":"https:\/\/aquaturo.eu\/shop\/oasis-versafiller-versacooler-combo\/#breadcrumb","itemListElement":[{"@type":"ListItem","position":1,"name":"Home","item":"https:\/\/aquaturo.eu\/"},{"@type":"ListItem","position":2,"name":"Shop","item":"https:\/\/aquaturo.eu\/shop\/"},{"@type":"ListItem","position":3,"name":"Oasis water bottle filling station with drinking fountain"}]},{"@type":"WebSite","@id":"https:\/\/aquaturo.eu\/de\/#website","url":"https:\/\/aquaturo.eu\/de\/","name":"aquaturo","description":"","publisher":{"@id":"https:\/\/aquaturo.eu\/de\/#organization"},"potentialAction":[{"@type":"SearchAction","target":{"@type":"EntryPoint","urlTemplate":"https:\/\/aquaturo.eu\/de\/?s={search_term_string}"},"query-input":{"@type":"PropertyValueSpecification","valueRequired":true,"valueName":"search_term_string"}}],"inLanguage":"fi"},{"@type":"Organization","@id":"https:\/\/aquaturo.eu\/de\/#organization","name":"aquaturo","url":"https:\/\/aquaturo.eu\/de\/","logo":{"@type":"ImageObject","inLanguage":"fi","@id":"https:\/\/aquaturo.eu\/de\/#\/schema\/logo\/image\/","url":"https:\/\/aquaturo.eu\/wp-content\/uploads\/2025\/11\/aquaturo-logo-txt.png","contentUrl":"https:\/\/aquaturo.eu\/wp-content\/uploads\/2025\/11\/aquaturo-logo-txt.png","width":652,"height":142,"caption":"aquaturo"},"image":{"@id":"https:\/\/aquaturo.eu\/de\/#\/schema\/logo\/image\/"}}]}},"_links":{"self":[{"href":"https:\/\/aquaturo.eu\/fi\/wp-json\/wp\/v2\/product\/6612","targetHints":{"allow":["GET"]}}],"collection":[{"href":"https:\/\/aquaturo.eu\/fi\/wp-json\/wp\/v2\/product"}],"about":[{"href":"https:\/\/aquaturo.eu\/fi\/wp-json\/wp\/v2\/types\/product"}],"replies":[{"embeddable":true,"href":"https:\/\/aquaturo.eu\/fi\/wp-json\/wp\/v2\/comments?post=6612"}],"wp:featuredmedia":[{"embeddable":true,"href":"https:\/\/aquaturo.eu\/fi\/wp-json\/wp\/v2\/media\/6669"}],"wp:attachment":[{"href":"https:\/\/aquaturo.eu\/fi\/wp-json\/wp\/v2\/media?parent=6612"}],"wp:term":[{"taxonomy":"product_brand","embeddable":true,"href":"https:\/\/aquaturo.eu\/fi\/wp-json\/wp\/v2\/product_brand?post=6612"},{"taxonomy":"product_cat","embeddable":true,"href":"https:\/\/aquaturo.eu\/fi\/wp-json\/wp\/v2\/product_cat?post=6612"},{"taxonomy":"product_tag","embeddable":true,"href":"https:\/\/aquaturo.eu\/fi\/wp-json\/wp\/v2\/product_tag?post=6612"}],"curies":[{"name":"wp","href":"https:\/\/api.w.org\/{rel}","templated":true}]}}