{"id":6606,"date":"2025-10-26T09:22:19","date_gmt":"2025-10-26T09:22:19","guid":{"rendered":"https:\/\/aquaturo.eu\/?post_type=product&#038;p=6606"},"modified":"2025-11-16T09:01:18","modified_gmt":"2025-11-16T09:01:18","slug":"elkay-51300c","status":"publish","type":"product","link":"https:\/\/aquaturo.eu\/fi\/kauppa\/elkay-51300c\/","title":{"rendered":"Elkay WaterSentry\u00ae vedensuodatin"},"content":{"rendered":"<h3 style=\"font-size: 28px; font-weight: bold; margin-bottom: 16px; color: #007bff;\">Elkay 51300C vedensuodatin<\/h3>\n<p class=\"translation-block\"><strong>Elkay 51300C<\/strong> on vara\u00adsuodatin, joka on suunniteltu k\u00e4ytett\u00e4v\u00e4ksi Elkay ezH2O pullon t\u00e4ytt\u00f6laitteiden, Liv Pro vesiautomaattien ja EWF3000 WaterSentry suodatusj\u00e4rjestelm\u00e4n kanssa. Se tarjoaa luotettavan vedenpuhdistuksen v\u00e4hent\u00e4m\u00e4ll\u00e4 lyijy\u00e4, klooria, partikkeleita sek\u00e4 ei toivottuja makuja ja hajuja.<\/p>\n<p>Suodatin vaihdetaan yksinkertaisella nelj\u00e4nneskierromekanismilla, ja sis\u00e4\u00e4nrakennettu automaattinen sulkuventtiili pys\u00e4ytt\u00e4\u00e4 veden virtauksen suodattimen irrotuksen ajaksi, mik\u00e4 tekee huollosta nopeaa ja siisti\u00e4. Yksi suodatin tuottaa jopa 11 400 litraa suodatettua vett\u00e4 tai noin vuoden k\u00e4ytt\u00f6ajan veden laadusta ja k\u00e4yt\u00f6st\u00e4 riippuen.<\/p>\n<h4 style=\"margin-top: 32px; font-weight: bold; color: #007bff;\">Keskeiset ominaisuudet<\/h4>\n<ul style=\"margin-top: 12px; margin-bottom: 24px; line-height: 1.6;\">\n<li>Yhteensopiva Elkay ezH2O, Liv Pro ja WaterSentry EWF3000 j\u00e4rjestelmien kanssa<\/li>\n<li>Suodattimen k\u00e4ytt\u00f6ik\u00e4 \u2013 jopa 11 400 litraa tai 12 kuukautta (sen mukaan kumpi t\u00e4yttyy ensin)<\/li>\n<li>Nelj\u00e4nneskierrolla teht\u00e4v\u00e4 vaihto \u2013 nopea ja helppo suodattimen vaihto<\/li>\n<li>Automaattinen sulkuventtiili \u2013 pys\u00e4ytt\u00e4\u00e4 veden virtauksen suodattimen vaihdon aikana<\/li>\n<li>NSF 42 ja 53 sertifioitu \u2013 v\u00e4hent\u00e4\u00e4 lyijy\u00e4, Class 1 partikkeleita, klooria, makuja ja hajuja<\/li>\n<li>NSF\/ANSI 401 sertifioitu \u2013 v\u00e4hent\u00e4\u00e4 mikromuoveja<\/li>\n<li>Tarjoaa puhtaampaa ja paremmalta maistuvaa juomavett\u00e4<\/li>\n<\/ul>\n<p style=\"opacity: 0.9;\" class=\"translation-block\"><strong>Elkay 51300C<\/strong> suodatin on luotettava, yksinkertainen ja suorituskykyinen suodatusratkaisu, joka tukee puhdasta juomavett\u00e4 sek\u00e4 kaupallisissa ett\u00e4 kotik\u00e4yt\u00f6n ymp\u00e4rist\u00f6iss\u00e4.<\/p>","protected":false},"excerpt":{"rendered":"<p style=\"text-align: left;\">Vara\u00adsuodatin Elkay ezH2O, Liv Pro ja WaterSentry j\u00e4rjestelmiin.<\/p>","protected":false},"featured_media":6658,"comment_status":"closed","ping_status":"closed","template":"","meta":[],"product_brand":[],"product_cat":[68,70],"product_tag":[75,97],"class_list":{"0":"post-6606","1":"product","2":"type-product","3":"status-publish","4":"has-post-thumbnail","6":"product_cat-accessories","7":"product_cat-water-filters","8":"product_tag-elkay","9":"product_tag-filter","11":"first","12":"instock","13":"taxable","14":"shipping-taxable","15":"purchasable","16":"product-type-simple"},"yoast_head":"<!-- This site is optimized with the Yoast SEO plugin v26.9 - https:\/\/yoast.com\/product\/yoast-seo-wordpress\/ -->\n<title>Elkay WaterSentry\u00ae water filter | aquaturo<\/title>\n<meta name=\"description\" content=\"This filter is designed for ezH2O\u00ae Elkay bottle filling stations, Liv\u00ae Pro water dispensers, and universal EWF3000 WaterSentry\u00ae systems.\" \/>\n<meta name=\"robots\" content=\"index, follow, max-snippet:-1, max-image-preview:large, max-video-preview:-1\" \/>\n<link rel=\"canonical\" href=\"https:\/\/aquaturo.eu\/fi\/kauppa\/elkay-51300c\/\" \/>\n<script type=\"application\/ld+json\" class=\"yoast-schema-graph\">{\"@context\":\"https:\/\/schema.org\",\"@graph\":[{\"@type\":\"WebPage\",\"@id\":\"https:\/\/aquaturo.eu\/shop\/elkay-51300c\/\",\"url\":\"https:\/\/aquaturo.eu\/shop\/elkay-51300c\/\",\"name\":\"Elkay WaterSentry\u00ae water filter | aquaturo\",\"isPartOf\":{\"@id\":\"https:\/\/aquaturo.eu\/de\/#website\"},\"primaryImageOfPage\":{\"@id\":\"https:\/\/aquaturo.eu\/shop\/elkay-51300c\/#primaryimage\"},\"image\":{\"@id\":\"https:\/\/aquaturo.eu\/shop\/elkay-51300c\/#primaryimage\"},\"thumbnailUrl\":\"https:\/\/aquaturo.eu\/wp-content\/uploads\/2025\/10\/51300C_RDR_2023_navy.jpeg\",\"datePublished\":\"2025-10-26T09:22:19+00:00\",\"dateModified\":\"2025-11-16T09:01:18+00:00\",\"description\":\"This filter is designed for ezH2O\u00ae Elkay bottle filling stations, Liv\u00ae Pro water dispensers, and universal EWF3000 WaterSentry\u00ae systems.\",\"breadcrumb\":{\"@id\":\"https:\/\/aquaturo.eu\/shop\/elkay-51300c\/#breadcrumb\"},\"inLanguage\":\"fi\",\"potentialAction\":[{\"@type\":\"ReadAction\",\"target\":[\"https:\/\/aquaturo.eu\/shop\/elkay-51300c\/\"]}]},{\"@type\":\"ImageObject\",\"inLanguage\":\"fi\",\"@id\":\"https:\/\/aquaturo.eu\/shop\/elkay-51300c\/#primaryimage\",\"url\":\"https:\/\/aquaturo.eu\/wp-content\/uploads\/2025\/10\/51300C_RDR_2023_navy.jpeg\",\"contentUrl\":\"https:\/\/aquaturo.eu\/wp-content\/uploads\/2025\/10\/51300C_RDR_2023_navy.jpeg\",\"width\":600,\"height\":600,\"caption\":\"Elkay 51300C WaterSentry\u00ae replacement filter cartridge\"},{\"@type\":\"BreadcrumbList\",\"@id\":\"https:\/\/aquaturo.eu\/shop\/elkay-51300c\/#breadcrumb\",\"itemListElement\":[{\"@type\":\"ListItem\",\"position\":1,\"name\":\"Home\",\"item\":\"https:\/\/aquaturo.eu\/\"},{\"@type\":\"ListItem\",\"position\":2,\"name\":\"Shop\",\"item\":\"https:\/\/aquaturo.eu\/shop\/\"},{\"@type\":\"ListItem\",\"position\":3,\"name\":\"Elkay WaterSentry\u00ae water filter\"}]},{\"@type\":\"WebSite\",\"@id\":\"https:\/\/aquaturo.eu\/de\/#website\",\"url\":\"https:\/\/aquaturo.eu\/de\/\",\"name\":\"aquaturo\",\"description\":\"\",\"publisher\":{\"@id\":\"https:\/\/aquaturo.eu\/de\/#organization\"},\"potentialAction\":[{\"@type\":\"SearchAction\",\"target\":{\"@type\":\"EntryPoint\",\"urlTemplate\":\"https:\/\/aquaturo.eu\/de\/?s={search_term_string}\"},\"query-input\":{\"@type\":\"PropertyValueSpecification\",\"valueRequired\":true,\"valueName\":\"search_term_string\"}}],\"inLanguage\":\"fi\"},{\"@type\":\"Organization\",\"@id\":\"https:\/\/aquaturo.eu\/de\/#organization\",\"name\":\"aquaturo\",\"url\":\"https:\/\/aquaturo.eu\/de\/\",\"logo\":{\"@type\":\"ImageObject\",\"inLanguage\":\"fi\",\"@id\":\"https:\/\/aquaturo.eu\/de\/#\/schema\/logo\/image\/\",\"url\":\"https:\/\/aquaturo.eu\/wp-content\/uploads\/2025\/11\/aquaturo-logo-txt.png\",\"contentUrl\":\"https:\/\/aquaturo.eu\/wp-content\/uploads\/2025\/11\/aquaturo-logo-txt.png\",\"width\":652,\"height\":142,\"caption\":\"aquaturo\"},\"image\":{\"@id\":\"https:\/\/aquaturo.eu\/de\/#\/schema\/logo\/image\/\"}}]}<\/script>\n<!-- \/ Yoast SEO plugin. -->","yoast_head_json":{"title":"Elkay WaterSentry\u00ae vedensuodatin | aquaturo","description":"T\u00e4m\u00e4 suodatin on suunniteltu ezH2O\u00ae Elkay pullon t\u00e4ytt\u00f6laitteille, Liv\u00ae Pro vesiautomaatille ja yleisiin EWF3000 WaterSentry\u00ae j\u00e4rjestelmiin.","robots":{"index":"index","follow":"follow","max-snippet":"max-snippet:-1","max-image-preview":"max-image-preview:large","max-video-preview":"max-video-preview:-1"},"canonical":"https:\/\/aquaturo.eu\/fi\/kauppa\/elkay-51300c\/","schema":{"@context":"https:\/\/schema.org","@graph":[{"@type":"WebPage","@id":"https:\/\/aquaturo.eu\/shop\/elkay-51300c\/","url":"https:\/\/aquaturo.eu\/shop\/elkay-51300c\/","name":"Elkay WaterSentry\u00ae vedensuodatin | aquaturo","isPartOf":{"@id":"https:\/\/aquaturo.eu\/de\/#website"},"primaryImageOfPage":{"@id":"https:\/\/aquaturo.eu\/shop\/elkay-51300c\/#primaryimage"},"image":{"@id":"https:\/\/aquaturo.eu\/shop\/elkay-51300c\/#primaryimage"},"thumbnailUrl":"https:\/\/aquaturo.eu\/wp-content\/uploads\/2025\/10\/51300C_RDR_2023_navy.jpeg","datePublished":"2025-10-26T09:22:19+00:00","dateModified":"2025-11-16T09:01:18+00:00","description":"T\u00e4m\u00e4 suodatin on suunniteltu ezH2O\u00ae Elkay pullon t\u00e4ytt\u00f6laitteille, Liv\u00ae Pro vesiautomaatille ja yleisiin EWF3000 WaterSentry\u00ae j\u00e4rjestelmiin.","breadcrumb":{"@id":"https:\/\/aquaturo.eu\/shop\/elkay-51300c\/#breadcrumb"},"inLanguage":"fi","potentialAction":[{"@type":"ReadAction","target":["https:\/\/aquaturo.eu\/shop\/elkay-51300c\/"]}]},{"@type":"ImageObject","inLanguage":"fi","@id":"https:\/\/aquaturo.eu\/shop\/elkay-51300c\/#primaryimage","url":"https:\/\/aquaturo.eu\/wp-content\/uploads\/2025\/10\/51300C_RDR_2023_navy.jpeg","contentUrl":"https:\/\/aquaturo.eu\/wp-content\/uploads\/2025\/10\/51300C_RDR_2023_navy.jpeg","width":600,"height":600,"caption":"Elkay 51300C WaterSentry\u00ae replacement filter cartridge"},{"@type":"BreadcrumbList","@id":"https:\/\/aquaturo.eu\/shop\/elkay-51300c\/#breadcrumb","itemListElement":[{"@type":"ListItem","position":1,"name":"Home","item":"https:\/\/aquaturo.eu\/"},{"@type":"ListItem","position":2,"name":"Shop","item":"https:\/\/aquaturo.eu\/shop\/"},{"@type":"ListItem","position":3,"name":"Elkay WaterSentry\u00ae water filter"}]},{"@type":"WebSite","@id":"https:\/\/aquaturo.eu\/de\/#website","url":"https:\/\/aquaturo.eu\/de\/","name":"aquaturo","description":"","publisher":{"@id":"https:\/\/aquaturo.eu\/de\/#organization"},"potentialAction":[{"@type":"SearchAction","target":{"@type":"EntryPoint","urlTemplate":"https:\/\/aquaturo.eu\/de\/?s={search_term_string}"},"query-input":{"@type":"PropertyValueSpecification","valueRequired":true,"valueName":"search_term_string"}}],"inLanguage":"fi"},{"@type":"Organization","@id":"https:\/\/aquaturo.eu\/de\/#organization","name":"aquaturo","url":"https:\/\/aquaturo.eu\/de\/","logo":{"@type":"ImageObject","inLanguage":"fi","@id":"https:\/\/aquaturo.eu\/de\/#\/schema\/logo\/image\/","url":"https:\/\/aquaturo.eu\/wp-content\/uploads\/2025\/11\/aquaturo-logo-txt.png","contentUrl":"https:\/\/aquaturo.eu\/wp-content\/uploads\/2025\/11\/aquaturo-logo-txt.png","width":652,"height":142,"caption":"aquaturo"},"image":{"@id":"https:\/\/aquaturo.eu\/de\/#\/schema\/logo\/image\/"}}]}},"_links":{"self":[{"href":"https:\/\/aquaturo.eu\/fi\/wp-json\/wp\/v2\/product\/6606","targetHints":{"allow":["GET"]}}],"collection":[{"href":"https:\/\/aquaturo.eu\/fi\/wp-json\/wp\/v2\/product"}],"about":[{"href":"https:\/\/aquaturo.eu\/fi\/wp-json\/wp\/v2\/types\/product"}],"replies":[{"embeddable":true,"href":"https:\/\/aquaturo.eu\/fi\/wp-json\/wp\/v2\/comments?post=6606"}],"wp:featuredmedia":[{"embeddable":true,"href":"https:\/\/aquaturo.eu\/fi\/wp-json\/wp\/v2\/media\/6658"}],"wp:attachment":[{"href":"https:\/\/aquaturo.eu\/fi\/wp-json\/wp\/v2\/media?parent=6606"}],"wp:term":[{"taxonomy":"product_brand","embeddable":true,"href":"https:\/\/aquaturo.eu\/fi\/wp-json\/wp\/v2\/product_brand?post=6606"},{"taxonomy":"product_cat","embeddable":true,"href":"https:\/\/aquaturo.eu\/fi\/wp-json\/wp\/v2\/product_cat?post=6606"},{"taxonomy":"product_tag","embeddable":true,"href":"https:\/\/aquaturo.eu\/fi\/wp-json\/wp\/v2\/product_tag?post=6606"}],"curies":[{"name":"wp","href":"https:\/\/api.w.org\/{rel}","templated":true}]}}