{"id":6653,"date":"2025-10-26T09:22:58","date_gmt":"2025-10-26T09:22:58","guid":{"rendered":"https:\/\/aquaturo.eu\/?post_type=product&#038;p=6653"},"modified":"2025-11-20T17:38:58","modified_gmt":"2025-11-20T17:38:58","slug":"oasis-mweb","status":"publish","type":"product","link":"https:\/\/aquaturo.eu\/et\/toodet\/oasis-mweb\/","title":{"rendered":"Oasis AquaPointe seinasisene veepudelite t\u00e4itejaam"},"content":{"rendered":"<h2 style=\"color: #007bff;\">Oasis seinasisene veepudelite t\u00e4itejaam<\/h2>\n<p class=\"translation-block\">See <strong>Oasis MWEB<\/strong> seinasisene pudelit\u00e4itja pakub h\u00fcgieenilist ja mugavat t\u00e4itmisv\u00f5imalust suure koormusega siseruumides. Saadaval on kaks konfiguratsiooni: Quasar UVC-LED desinfitseerimisega v\u00f5i ilma, v\u00f5imaldades valida vajalikku h\u00fcgieenitaset vastavalt rakendusele ja n\u00f5uetele.<\/p>\n<p>Seade t\u00f6\u00f6tab t\u00e4ielikult puutevaba infrapunaaktiveerimisega, mis v\u00f5imaldab pudeleid t\u00e4ita pindu puudutamata. Valikuline Quasar UVC-LED s\u00fcsteem desinfitseerib vee otse v\u00e4ljastuspunktis, toetades k\u00f5rgeid h\u00fcgieenistandardeid avalikes ja professionaalsetes keskkondades.<\/p>\n<p>Avatud t\u00e4iteala mahutab erineva suurusega korduvkasutatavaid pudeleid, samal ajal kui integreeritud \u00e4ravool hoiab \u00e4ra seisva vee ja v\u00e4hendab hooldusvajadust. Seinapaigaldusega lahendus sobib koridoridesse, spordialadesse, kontoritesse, koolidesse, tervishoiuasutustesse ja muudesse jagatud ruumidesse, kus on vaja t\u00f6\u00f6kindlat joogivee juurdep\u00e4\u00e4su.<\/p>\n<p>Mudel v\u00e4ljastab vaikimisi toatemperatuuril vett ning vajadusel saab selle \u00fchendada Oasis kaugjahutiga (valikuline), kui on vaja k\u00fclma vett.<\/p>\n<h3 style=\"color: #007bff;\">P\u00f5hifunktsioonid<\/h3>\n<ul>\n<li>Puutevaba infrapunaaktiveerimine h\u00fcgieeniliseks pudelit\u00e4itmiseks<\/li>\n<li class=\"translation-block\">Valikuline <a href=\"https:\/\/aquaturo.eu\/et\/tahtsamad-tehnoloogiad-kaasaegsetes-veeseadmetes\/\" target=\"_self\">Quasar UVC-LED<\/a> desinfitseerimine v\u00e4ljastuspunktis<\/li>\n<li>Mahukas t\u00e4iteala suurtele pudelitele ja spordipudelitele<\/li>\n<li>Integreeritud \u00e4ravool seisva vee v\u00e4ltimiseks<\/li>\n<li class=\"translation-block\"><a href=\"https:\/\/aquaturo.eu\/et\/digitaalsed-pudeliloendurid-nutikas-viis-jalgida-saastlikkust\/\" target=\"_self\">Digitaalne t\u00e4itelugeja<\/a> kestlikkuse edendamiseks<\/li>\n<li>Freshield antimikroobne kaitse bakterite ja l\u00f5hna v\u00e4hendamiseks<\/li>\n<li>100-mikroniline settes\u00f5el n\u00e4htavate osakeste v\u00e4hendamiseks<\/li>\n<li class=\"translation-block\">Saab \u00fchendada <a href=\"https:\/\/aquaturo.eu\/et\/tootekategooria\/lisatarvikud\/kaugjahutid\/\" target=\"_self\">Oasis kaugjahutiga<\/a> k\u00fclma vee jaoks (valikuline)<\/li>\n<li>Vastupidav terasraam pidevaks avalikuks kasutuseks<\/li>\n<li>Pliivabad veeteed kasutaja ohutuse tagamiseks<\/li>\n<li class=\"translation-block\">\u00dchilduv <a href=\"https:\/\/aquaturo.eu\/et\/tooted\/oasis-green-filter\/\" target=\"_self\">Oasis Green Filteritega<\/a>, tagades parema puhastuse ja maitse<\/li>\n<\/ul>\n<p class=\"translation-block\">See <strong>Oasis MWEB<\/strong> pudelit\u00e4itja on h\u00fcgieeniline, j\u00e4tkusuutlik ja kasutajas\u00f5bralik joogilahendus avalikesse ja professionaalsetesse siseruumidesse, kus t\u00f6\u00f6kindel puutevaba t\u00e4itmine on oluline.<\/p>","protected":false},"excerpt":{"rendered":"<p>Puutevaba seinasisene pudelit\u00e4itja valikulise Quasar desinfitseerimisega, pakkudes h\u00fcgieenilist t\u00e4itmist suure koormusega siseruumides.<\/p>","protected":false},"featured_media":6704,"comment_status":"closed","ping_status":"closed","template":"","meta":[],"product_brand":[],"product_cat":[81,82,83],"product_tag":[84,74,103,79,90],"class_list":{"0":"post-6653","1":"product","2":"type-product","3":"status-publish","4":"has-post-thumbnail","6":"product_cat-bottle-filling-stations","7":"product_cat-contactless-bottle-filling-stations","8":"product_cat-in-wall-bottle-filling-stations","9":"product_tag-bottle-fill","10":"product_tag-contactless","11":"product_tag-filtered","12":"product_tag-station","13":"product_tag-wall","15":"first","16":"instock","17":"taxable","18":"shipping-taxable","19":"purchasable","20":"product-type-variable"},"yoast_head":"<!-- This site is optimized with the Yoast SEO plugin v26.9 - https:\/\/yoast.com\/product\/yoast-seo-wordpress\/ -->\n<title>Oasis AquaPointe in-wall bottle filling station | aquaturo<\/title>\n<meta name=\"description\" content=\"In-wall Oasis touchless water station with UV-C LED disinfection, drainage, filter, and counter \u2013 a sustainable, hygienic solution for public spaces.\" \/>\n<meta name=\"robots\" content=\"index, follow, max-snippet:-1, max-image-preview:large, max-video-preview:-1\" \/>\n<link rel=\"canonical\" href=\"https:\/\/aquaturo.eu\/et\/toodet\/oasis-mweb\/\" \/>\n<script type=\"application\/ld+json\" class=\"yoast-schema-graph\">{\"@context\":\"https:\/\/schema.org\",\"@graph\":[{\"@type\":\"WebPage\",\"@id\":\"https:\/\/aquaturo.eu\/shop\/oasis-mweb\/\",\"url\":\"https:\/\/aquaturo.eu\/shop\/oasis-mweb\/\",\"name\":\"Oasis AquaPointe in-wall bottle filling station | aquaturo\",\"isPartOf\":{\"@id\":\"https:\/\/aquaturo.eu\/de\/#website\"},\"primaryImageOfPage\":{\"@id\":\"https:\/\/aquaturo.eu\/shop\/oasis-mweb\/#primaryimage\"},\"image\":{\"@id\":\"https:\/\/aquaturo.eu\/shop\/oasis-mweb\/#primaryimage\"},\"thumbnailUrl\":\"https:\/\/aquaturo.eu\/wp-content\/uploads\/2025\/10\/MWEBQ_SSA.jpg\",\"datePublished\":\"2025-10-26T09:22:58+00:00\",\"dateModified\":\"2025-11-20T17:38:58+00:00\",\"description\":\"In-wall Oasis touchless water station with UV-C LED disinfection, drainage, filter, and counter \u2013 a sustainable, hygienic solution for public spaces.\",\"breadcrumb\":{\"@id\":\"https:\/\/aquaturo.eu\/shop\/oasis-mweb\/#breadcrumb\"},\"inLanguage\":\"et\",\"potentialAction\":[{\"@type\":\"ReadAction\",\"target\":[\"https:\/\/aquaturo.eu\/shop\/oasis-mweb\/\"]}]},{\"@type\":\"ImageObject\",\"inLanguage\":\"et\",\"@id\":\"https:\/\/aquaturo.eu\/shop\/oasis-mweb\/#primaryimage\",\"url\":\"https:\/\/aquaturo.eu\/wp-content\/uploads\/2025\/10\/MWEBQ_SSA.jpg\",\"contentUrl\":\"https:\/\/aquaturo.eu\/wp-content\/uploads\/2025\/10\/MWEBQ_SSA.jpg\",\"width\":1200,\"height\":1200,\"caption\":\"Oasis AquaPointe MWEBQ SSA compact wall-mounted touchless bottle filler with Quasar\u00ae UVC LED disinfection\"},{\"@type\":\"BreadcrumbList\",\"@id\":\"https:\/\/aquaturo.eu\/shop\/oasis-mweb\/#breadcrumb\",\"itemListElement\":[{\"@type\":\"ListItem\",\"position\":1,\"name\":\"Home\",\"item\":\"https:\/\/aquaturo.eu\/\"},{\"@type\":\"ListItem\",\"position\":2,\"name\":\"Shop\",\"item\":\"https:\/\/aquaturo.eu\/shop\/\"},{\"@type\":\"ListItem\",\"position\":3,\"name\":\"Oasis AquaPointe in-wall bottle filling station\"}]},{\"@type\":\"WebSite\",\"@id\":\"https:\/\/aquaturo.eu\/de\/#website\",\"url\":\"https:\/\/aquaturo.eu\/de\/\",\"name\":\"aquaturo\",\"description\":\"\",\"publisher\":{\"@id\":\"https:\/\/aquaturo.eu\/de\/#organization\"},\"potentialAction\":[{\"@type\":\"SearchAction\",\"target\":{\"@type\":\"EntryPoint\",\"urlTemplate\":\"https:\/\/aquaturo.eu\/de\/?s={search_term_string}\"},\"query-input\":{\"@type\":\"PropertyValueSpecification\",\"valueRequired\":true,\"valueName\":\"search_term_string\"}}],\"inLanguage\":\"et\"},{\"@type\":\"Organization\",\"@id\":\"https:\/\/aquaturo.eu\/de\/#organization\",\"name\":\"aquaturo\",\"url\":\"https:\/\/aquaturo.eu\/de\/\",\"logo\":{\"@type\":\"ImageObject\",\"inLanguage\":\"et\",\"@id\":\"https:\/\/aquaturo.eu\/de\/#\/schema\/logo\/image\/\",\"url\":\"https:\/\/aquaturo.eu\/wp-content\/uploads\/2025\/11\/aquaturo-logo-txt.png\",\"contentUrl\":\"https:\/\/aquaturo.eu\/wp-content\/uploads\/2025\/11\/aquaturo-logo-txt.png\",\"width\":652,\"height\":142,\"caption\":\"aquaturo\"},\"image\":{\"@id\":\"https:\/\/aquaturo.eu\/de\/#\/schema\/logo\/image\/\"}}]}<\/script>\n<!-- \/ Yoast SEO plugin. -->","yoast_head_json":{"title":"Oasis AquaPointe seinasisene veepudelite t\u00e4itejaam | aquaturo","description":"Seinasisene Oasis puutevaba veejaam UV-C LED desinfitseerimise, \u00e4ravoolu, filtri ja loenduriga \u2013 j\u00e4tkusuutlik ja h\u00fcgieeniline lahendus avalikesse ruumidesse.","robots":{"index":"index","follow":"follow","max-snippet":"max-snippet:-1","max-image-preview":"max-image-preview:large","max-video-preview":"max-video-preview:-1"},"canonical":"https:\/\/aquaturo.eu\/et\/toodet\/oasis-mweb\/","schema":{"@context":"https:\/\/schema.org","@graph":[{"@type":"WebPage","@id":"https:\/\/aquaturo.eu\/shop\/oasis-mweb\/","url":"https:\/\/aquaturo.eu\/shop\/oasis-mweb\/","name":"Oasis AquaPointe seinasisene veepudelite t\u00e4itejaam | aquaturo","isPartOf":{"@id":"https:\/\/aquaturo.eu\/de\/#website"},"primaryImageOfPage":{"@id":"https:\/\/aquaturo.eu\/shop\/oasis-mweb\/#primaryimage"},"image":{"@id":"https:\/\/aquaturo.eu\/shop\/oasis-mweb\/#primaryimage"},"thumbnailUrl":"https:\/\/aquaturo.eu\/wp-content\/uploads\/2025\/10\/MWEBQ_SSA.jpg","datePublished":"2025-10-26T09:22:58+00:00","dateModified":"2025-11-20T17:38:58+00:00","description":"Seinasisene Oasis puutevaba veejaam UV-C LED desinfitseerimise, \u00e4ravoolu, filtri ja loenduriga \u2013 j\u00e4tkusuutlik ja h\u00fcgieeniline lahendus avalikesse ruumidesse.","breadcrumb":{"@id":"https:\/\/aquaturo.eu\/shop\/oasis-mweb\/#breadcrumb"},"inLanguage":"et","potentialAction":[{"@type":"ReadAction","target":["https:\/\/aquaturo.eu\/shop\/oasis-mweb\/"]}]},{"@type":"ImageObject","inLanguage":"et","@id":"https:\/\/aquaturo.eu\/shop\/oasis-mweb\/#primaryimage","url":"https:\/\/aquaturo.eu\/wp-content\/uploads\/2025\/10\/MWEBQ_SSA.jpg","contentUrl":"https:\/\/aquaturo.eu\/wp-content\/uploads\/2025\/10\/MWEBQ_SSA.jpg","width":1200,"height":1200,"caption":"Oasis AquaPointe MWEBQ SSA compact wall-mounted touchless bottle filler with Quasar\u00ae UVC LED disinfection"},{"@type":"BreadcrumbList","@id":"https:\/\/aquaturo.eu\/shop\/oasis-mweb\/#breadcrumb","itemListElement":[{"@type":"ListItem","position":1,"name":"Home","item":"https:\/\/aquaturo.eu\/"},{"@type":"ListItem","position":2,"name":"Shop","item":"https:\/\/aquaturo.eu\/shop\/"},{"@type":"ListItem","position":3,"name":"Oasis AquaPointe in-wall bottle filling station"}]},{"@type":"WebSite","@id":"https:\/\/aquaturo.eu\/de\/#website","url":"https:\/\/aquaturo.eu\/de\/","name":"aquaturo","description":"","publisher":{"@id":"https:\/\/aquaturo.eu\/de\/#organization"},"potentialAction":[{"@type":"SearchAction","target":{"@type":"EntryPoint","urlTemplate":"https:\/\/aquaturo.eu\/de\/?s={search_term_string}"},"query-input":{"@type":"PropertyValueSpecification","valueRequired":true,"valueName":"search_term_string"}}],"inLanguage":"et"},{"@type":"Organization","@id":"https:\/\/aquaturo.eu\/de\/#organization","name":"aquaturo","url":"https:\/\/aquaturo.eu\/de\/","logo":{"@type":"ImageObject","inLanguage":"et","@id":"https:\/\/aquaturo.eu\/de\/#\/schema\/logo\/image\/","url":"https:\/\/aquaturo.eu\/wp-content\/uploads\/2025\/11\/aquaturo-logo-txt.png","contentUrl":"https:\/\/aquaturo.eu\/wp-content\/uploads\/2025\/11\/aquaturo-logo-txt.png","width":652,"height":142,"caption":"aquaturo"},"image":{"@id":"https:\/\/aquaturo.eu\/de\/#\/schema\/logo\/image\/"}}]}},"_links":{"self":[{"href":"https:\/\/aquaturo.eu\/et\/wp-json\/wp\/v2\/product\/6653","targetHints":{"allow":["GET"]}}],"collection":[{"href":"https:\/\/aquaturo.eu\/et\/wp-json\/wp\/v2\/product"}],"about":[{"href":"https:\/\/aquaturo.eu\/et\/wp-json\/wp\/v2\/types\/product"}],"replies":[{"embeddable":true,"href":"https:\/\/aquaturo.eu\/et\/wp-json\/wp\/v2\/comments?post=6653"}],"wp:featuredmedia":[{"embeddable":true,"href":"https:\/\/aquaturo.eu\/et\/wp-json\/wp\/v2\/media\/6704"}],"wp:attachment":[{"href":"https:\/\/aquaturo.eu\/et\/wp-json\/wp\/v2\/media?parent=6653"}],"wp:term":[{"taxonomy":"product_brand","embeddable":true,"href":"https:\/\/aquaturo.eu\/et\/wp-json\/wp\/v2\/product_brand?post=6653"},{"taxonomy":"product_cat","embeddable":true,"href":"https:\/\/aquaturo.eu\/et\/wp-json\/wp\/v2\/product_cat?post=6653"},{"taxonomy":"product_tag","embeddable":true,"href":"https:\/\/aquaturo.eu\/et\/wp-json\/wp\/v2\/product_tag?post=6653"}],"curies":[{"name":"wp","href":"https:\/\/api.w.org\/{rel}","templated":true}]}}