{"id":6612,"date":"2025-10-26T09:22:20","date_gmt":"2025-10-26T09:22:20","guid":{"rendered":"https:\/\/aquaturo.eu\/?post_type=product&#038;p=6612"},"modified":"2025-11-20T19:42:55","modified_gmt":"2025-11-20T19:42:55","slug":"oasis-versafiller-versacooler-komplekt","status":"publish","type":"product","link":"https:\/\/aquaturo.eu\/et\/toodet\/oasis-versafiller-versacooler-komplekt\/","title":{"rendered":"Oasis veepudelite t\u00e4itejaam purskkaevuga"},"content":{"rendered":"<h2 style=\"color: #007bff;\">Oasis Versafiller\u2013Versacooler veepudelite t\u00e4itejaam purskkaevuga<\/h2>\n<p>Oasis on h\u00fcgieeniline joogilahendus, mis on saadaval kaheteistk\u00fcmnes konfiguratsioonis, et sobida erinevate ruumide ja kasutusn\u00f5uetega.<\/p>\n<p class=\"translation-block\">Pudelit\u00e4ite moodulile saab lisada valikulise <a href=\"https:\/\/aquaturo.eu\/et\/tahtsamad-tehnoloogiad-kaasaegsetes-veeseadmetes\/\" target=\"_self\">Quasar UVC-LED<\/a> desinfitseerimise.<br>\nSamuti saab valida puutevaba (sensoriaktiveeritud) v\u00f5i manuaalse kasutuse vastavalt ruumile ja kasutajate vajadustele.<\/p>\n<p>Nii pudelit\u00e4itja kui ka purskkaevu saab valida kas jahutatud v\u00f5i toatemperatuuriga veega.<\/p>\n<p>See paindlikkus muudab Oasis s\u00fcsteemi sobivaks keskkondadesse, kus n\u00f5utakse t\u00f6\u00f6kindlust, ligip\u00e4\u00e4setavust ja k\u00f5rgeid h\u00fcgieenistandardeid.<\/p>\n<p class=\"translation-block\">Valikuline Quasar UVC-LED desinfitseerimine puhastab vee otse v\u00e4ljastuspunktis.<br>\nPuutevaba aktiveerimine (valikuline) toetab h\u00fcgieeni, v\u00e4ltides vajadust puudutada jagatud pindu.<\/p>\n<p>Freshield antimikroobne kaitse aitab v\u00e4hendada bakterite ja l\u00f5hna kogunemist olulistel pindadel, samas kui roostevabast terasest korpus tagab vastupidavuse ja puhta, modernse v\u00e4limuse, mis sobib avalikesse ruumidesse.<\/p>\n<h3 style=\"color: #007bff;\">P\u00f5hifunktsioonid<\/h3>\n<ul>\n<li>Puutevaba v\u00f5i manuaalne kasutus nii pudelit\u00e4itjal kui ka purskkaevul<\/li>\n<li>Valikuline Quasar UVC-LED desinfitseerimine v\u00e4ljastuspunktis<\/li>\n<li class=\"translation-block\"><a href=\"https:\/\/aquaturo.eu\/et\/digitaalsed-pudeliloendurid-nutikas-viis-jalgida-saastlikkust\/\" target=\"_self\">Nutikas ekraan<\/a> t\u00e4itelugeja ja filtriteavitustega (saadaval automaatsetel pudelit\u00e4itemudelitel)<\/li>\n<li>Automaatne ajastatud v\u00e4ljal\u00fclitus kontrollitud pudelit\u00e4itmiseks<\/li>\n<li>Jahutatud v\u00f5i toatemperatuuriga vee valikud<\/li>\n<li>Freshield antimikroobne kaitse bakterite ja l\u00f5hna v\u00e4hendamiseks<\/li>\n<li>Vastupidav roostevaba konstruktsioon pliivaba veeteega<\/li>\n<li>Integreeritud \u00e4ravool, mis hoiab \u00e4ra seisva vee<\/li>\n<li>ADA-le vastavad konfiguratsioonid<\/li>\n<li>100-mikroniline setetefilter n\u00e4htavate osakeste v\u00e4hendamiseks<\/li>\n<li class=\"translation-block\">\u00dchilduv <a href=\"https:\/\/aquaturo.eu\/et\/tooted\/oasis-green-filter\/\" target=\"_self\">Oasis Green filtritega<\/a>, tagades parema puhastuse ja maitse<\/li>\n<\/ul>\n<p>Oasis s\u00fcsteem pakub h\u00fcgieenilist, j\u00e4tkusuutlikku ja kasutajas\u00f5bralikku joogilahendust siseruumidesse, kus ohutus ja puhtus on kohustuslikud. Sobib haiglatesse, laboritesse, koolidesse, toidut\u00f6\u00f6stusesse, transpordis\u00f5lmedesse, kontoritesse ja teistesse suure koormusega ruumidesse, kus on vaja t\u00f6\u00f6kindlat ja ligip\u00e4\u00e4setavat joogivett.<\/p>","protected":false},"excerpt":{"rendered":"<p>Puutevaba v\u00f5i manuaalne pudelit\u00e4itmine integreeritud purskkaevuga, pakkudes jahutatud ja puhast joogivett suure koormusega siseruumides ning v\u00e4hendades plastij\u00e4\u00e4tmeid.<\/p>","protected":false},"featured_media":6669,"comment_status":"closed","ping_status":"closed","template":"","meta":[],"product_brand":[],"product_cat":[71,99,73,72],"product_tag":[102,77,103,76,79],"class_list":{"0":"post-6612","1":"product","2":"type-product","3":"status-publish","4":"has-post-thumbnail","6":"product_cat-water-station-combos","7":"product_cat-manual-water-station-combos","8":"product_cat-contactless-water-station-combos","9":"product_cat-on-wall-water-station-combos","10":"product_tag-cooled","11":"product_tag-filler","12":"product_tag-filtered","13":"product_tag-fountain","14":"product_tag-station","16":"first","17":"instock","18":"featured","19":"taxable","20":"shipping-taxable","21":"purchasable","22":"product-type-variable"},"yoast_head":"<!-- This site is optimized with the Yoast SEO plugin v26.9 - https:\/\/yoast.com\/product\/yoast-seo-wordpress\/ -->\n<title>Oasis water bottle filling station with drinking fountain | aquaturo<\/title>\n<meta name=\"description\" content=\"Hygienic bottle filling and drinking fountain combo with optional UVC-LED purification and cooling. Designed for high-traffic indoor environments.\" \/>\n<meta name=\"robots\" content=\"index, follow, max-snippet:-1, max-image-preview:large, max-video-preview:-1\" \/>\n<link rel=\"canonical\" href=\"https:\/\/aquaturo.eu\/et\/toodet\/oasis-versafiller-versacooler-komplekt\/\" \/>\n<script type=\"application\/ld+json\" class=\"yoast-schema-graph\">{\"@context\":\"https:\/\/schema.org\",\"@graph\":[{\"@type\":\"WebPage\",\"@id\":\"https:\/\/aquaturo.eu\/shop\/oasis-versafiller-versacooler-combo\/\",\"url\":\"https:\/\/aquaturo.eu\/shop\/oasis-versafiller-versacooler-combo\/\",\"name\":\"Oasis water bottle filling station with drinking fountain | aquaturo\",\"isPartOf\":{\"@id\":\"https:\/\/aquaturo.eu\/de\/#website\"},\"primaryImageOfPage\":{\"@id\":\"https:\/\/aquaturo.eu\/shop\/oasis-versafiller-versacooler-combo\/#primaryimage\"},\"image\":{\"@id\":\"https:\/\/aquaturo.eu\/shop\/oasis-versafiller-versacooler-combo\/#primaryimage\"},\"thumbnailUrl\":\"https:\/\/aquaturo.eu\/wp-content\/uploads\/2025\/10\/PWEBQ_SSAP8ACTY.jpg\",\"datePublished\":\"2025-10-26T09:22:20+00:00\",\"dateModified\":\"2025-11-20T19:42:55+00:00\",\"description\":\"Hygienic bottle filling and drinking fountain combo with optional UVC-LED purification and cooling. Designed for high-traffic indoor environments.\",\"breadcrumb\":{\"@id\":\"https:\/\/aquaturo.eu\/shop\/oasis-versafiller-versacooler-combo\/#breadcrumb\"},\"inLanguage\":\"et\",\"potentialAction\":[{\"@type\":\"ReadAction\",\"target\":[\"https:\/\/aquaturo.eu\/shop\/oasis-versafiller-versacooler-combo\/\"]}]},{\"@type\":\"ImageObject\",\"inLanguage\":\"et\",\"@id\":\"https:\/\/aquaturo.eu\/shop\/oasis-versafiller-versacooler-combo\/#primaryimage\",\"url\":\"https:\/\/aquaturo.eu\/wp-content\/uploads\/2025\/10\/PWEBQ_SSAP8ACTY.jpg\",\"contentUrl\":\"https:\/\/aquaturo.eu\/wp-content\/uploads\/2025\/10\/PWEBQ_SSAP8ACTY.jpg\",\"width\":1200,\"height\":1200,\"caption\":\"Oasis automatic bottle filler and drinking fountain wall-mounted set, model PWEBFY_SSA+P8ACTY\"},{\"@type\":\"BreadcrumbList\",\"@id\":\"https:\/\/aquaturo.eu\/shop\/oasis-versafiller-versacooler-combo\/#breadcrumb\",\"itemListElement\":[{\"@type\":\"ListItem\",\"position\":1,\"name\":\"Home\",\"item\":\"https:\/\/aquaturo.eu\/\"},{\"@type\":\"ListItem\",\"position\":2,\"name\":\"Shop\",\"item\":\"https:\/\/aquaturo.eu\/shop\/\"},{\"@type\":\"ListItem\",\"position\":3,\"name\":\"Oasis water bottle filling station with drinking fountain\"}]},{\"@type\":\"WebSite\",\"@id\":\"https:\/\/aquaturo.eu\/de\/#website\",\"url\":\"https:\/\/aquaturo.eu\/de\/\",\"name\":\"aquaturo\",\"description\":\"\",\"publisher\":{\"@id\":\"https:\/\/aquaturo.eu\/de\/#organization\"},\"potentialAction\":[{\"@type\":\"SearchAction\",\"target\":{\"@type\":\"EntryPoint\",\"urlTemplate\":\"https:\/\/aquaturo.eu\/de\/?s={search_term_string}\"},\"query-input\":{\"@type\":\"PropertyValueSpecification\",\"valueRequired\":true,\"valueName\":\"search_term_string\"}}],\"inLanguage\":\"et\"},{\"@type\":\"Organization\",\"@id\":\"https:\/\/aquaturo.eu\/de\/#organization\",\"name\":\"aquaturo\",\"url\":\"https:\/\/aquaturo.eu\/de\/\",\"logo\":{\"@type\":\"ImageObject\",\"inLanguage\":\"et\",\"@id\":\"https:\/\/aquaturo.eu\/de\/#\/schema\/logo\/image\/\",\"url\":\"https:\/\/aquaturo.eu\/wp-content\/uploads\/2025\/11\/aquaturo-logo-txt.png\",\"contentUrl\":\"https:\/\/aquaturo.eu\/wp-content\/uploads\/2025\/11\/aquaturo-logo-txt.png\",\"width\":652,\"height\":142,\"caption\":\"aquaturo\"},\"image\":{\"@id\":\"https:\/\/aquaturo.eu\/de\/#\/schema\/logo\/image\/\"}}]}<\/script>\n<!-- \/ Yoast SEO plugin. -->","yoast_head_json":{"title":"Oasis veepudelite t\u00e4itejaam purskkaevuga | aquaturo","description":"H\u00fcgieeniline pudelit\u00e4itmise ja purskkaevu komplekt valikulise UVC desinfitseerimise ja jahutusega. M\u00f5eldud suure koormusega siseruumidesse.","robots":{"index":"index","follow":"follow","max-snippet":"max-snippet:-1","max-image-preview":"max-image-preview:large","max-video-preview":"max-video-preview:-1"},"canonical":"https:\/\/aquaturo.eu\/et\/toodet\/oasis-versafiller-versacooler-komplekt\/","schema":{"@context":"https:\/\/schema.org","@graph":[{"@type":"WebPage","@id":"https:\/\/aquaturo.eu\/shop\/oasis-versafiller-versacooler-combo\/","url":"https:\/\/aquaturo.eu\/shop\/oasis-versafiller-versacooler-combo\/","name":"Oasis veepudelite t\u00e4itejaam purskkaevuga | aquaturo","isPartOf":{"@id":"https:\/\/aquaturo.eu\/de\/#website"},"primaryImageOfPage":{"@id":"https:\/\/aquaturo.eu\/shop\/oasis-versafiller-versacooler-combo\/#primaryimage"},"image":{"@id":"https:\/\/aquaturo.eu\/shop\/oasis-versafiller-versacooler-combo\/#primaryimage"},"thumbnailUrl":"https:\/\/aquaturo.eu\/wp-content\/uploads\/2025\/10\/PWEBQ_SSAP8ACTY.jpg","datePublished":"2025-10-26T09:22:20+00:00","dateModified":"2025-11-20T19:42:55+00:00","description":"H\u00fcgieeniline pudelit\u00e4itmise ja purskkaevu komplekt valikulise UVC desinfitseerimise ja jahutusega. M\u00f5eldud suure koormusega siseruumidesse.","breadcrumb":{"@id":"https:\/\/aquaturo.eu\/shop\/oasis-versafiller-versacooler-combo\/#breadcrumb"},"inLanguage":"et","potentialAction":[{"@type":"ReadAction","target":["https:\/\/aquaturo.eu\/shop\/oasis-versafiller-versacooler-combo\/"]}]},{"@type":"ImageObject","inLanguage":"et","@id":"https:\/\/aquaturo.eu\/shop\/oasis-versafiller-versacooler-combo\/#primaryimage","url":"https:\/\/aquaturo.eu\/wp-content\/uploads\/2025\/10\/PWEBQ_SSAP8ACTY.jpg","contentUrl":"https:\/\/aquaturo.eu\/wp-content\/uploads\/2025\/10\/PWEBQ_SSAP8ACTY.jpg","width":1200,"height":1200,"caption":"Oasis automatic bottle filler and drinking fountain wall-mounted set, model PWEBFY_SSA+P8ACTY"},{"@type":"BreadcrumbList","@id":"https:\/\/aquaturo.eu\/shop\/oasis-versafiller-versacooler-combo\/#breadcrumb","itemListElement":[{"@type":"ListItem","position":1,"name":"Home","item":"https:\/\/aquaturo.eu\/"},{"@type":"ListItem","position":2,"name":"Shop","item":"https:\/\/aquaturo.eu\/shop\/"},{"@type":"ListItem","position":3,"name":"Oasis water bottle filling station with drinking fountain"}]},{"@type":"WebSite","@id":"https:\/\/aquaturo.eu\/de\/#website","url":"https:\/\/aquaturo.eu\/de\/","name":"aquaturo","description":"","publisher":{"@id":"https:\/\/aquaturo.eu\/de\/#organization"},"potentialAction":[{"@type":"SearchAction","target":{"@type":"EntryPoint","urlTemplate":"https:\/\/aquaturo.eu\/de\/?s={search_term_string}"},"query-input":{"@type":"PropertyValueSpecification","valueRequired":true,"valueName":"search_term_string"}}],"inLanguage":"et"},{"@type":"Organization","@id":"https:\/\/aquaturo.eu\/de\/#organization","name":"aquaturo","url":"https:\/\/aquaturo.eu\/de\/","logo":{"@type":"ImageObject","inLanguage":"et","@id":"https:\/\/aquaturo.eu\/de\/#\/schema\/logo\/image\/","url":"https:\/\/aquaturo.eu\/wp-content\/uploads\/2025\/11\/aquaturo-logo-txt.png","contentUrl":"https:\/\/aquaturo.eu\/wp-content\/uploads\/2025\/11\/aquaturo-logo-txt.png","width":652,"height":142,"caption":"aquaturo"},"image":{"@id":"https:\/\/aquaturo.eu\/de\/#\/schema\/logo\/image\/"}}]}},"_links":{"self":[{"href":"https:\/\/aquaturo.eu\/et\/wp-json\/wp\/v2\/product\/6612","targetHints":{"allow":["GET"]}}],"collection":[{"href":"https:\/\/aquaturo.eu\/et\/wp-json\/wp\/v2\/product"}],"about":[{"href":"https:\/\/aquaturo.eu\/et\/wp-json\/wp\/v2\/types\/product"}],"replies":[{"embeddable":true,"href":"https:\/\/aquaturo.eu\/et\/wp-json\/wp\/v2\/comments?post=6612"}],"wp:featuredmedia":[{"embeddable":true,"href":"https:\/\/aquaturo.eu\/et\/wp-json\/wp\/v2\/media\/6669"}],"wp:attachment":[{"href":"https:\/\/aquaturo.eu\/et\/wp-json\/wp\/v2\/media?parent=6612"}],"wp:term":[{"taxonomy":"product_brand","embeddable":true,"href":"https:\/\/aquaturo.eu\/et\/wp-json\/wp\/v2\/product_brand?post=6612"},{"taxonomy":"product_cat","embeddable":true,"href":"https:\/\/aquaturo.eu\/et\/wp-json\/wp\/v2\/product_cat?post=6612"},{"taxonomy":"product_tag","embeddable":true,"href":"https:\/\/aquaturo.eu\/et\/wp-json\/wp\/v2\/product_tag?post=6612"}],"curies":[{"name":"wp","href":"https:\/\/api.w.org\/{rel}","templated":true}]}}