{"id":6612,"date":"2025-10-26T09:22:20","date_gmt":"2025-10-26T09:22:20","guid":{"rendered":"https:\/\/aquaturo.eu\/?post_type=product&#038;p=6612"},"modified":"2025-11-20T19:42:55","modified_gmt":"2025-11-20T19:42:55","slug":"oasis-versafiller-versacooler-kombination","status":"publish","type":"product","link":"https:\/\/aquaturo.eu\/de\/produkte\/oasis-versafiller-versacooler-kombination\/","title":{"rendered":"Oasis Flaschenf\u00fcllstation mit Trinkbrunnen"},"content":{"rendered":"<h2 style=\"color: #007bff;\">Oasis Versafiller\u2013Versacooler Flaschenf\u00fcllstation mit Trinkbrunnen<\/h2>\n<p>Das Oasis System ist ein hochhygienisches Water Solutions System mit zw\u00f6lf Konfigurationsoptionen f\u00fcr unterschiedliche Umgebungen und Nutzeranforderungen<\/p>\n<p class=\"translation-block\">Das Flaschenf\u00fcllmodul kann optional mit <a href=\"https:\/\/aquaturo.eu\/de\/schlusseltechnologien-in-modernen-wasserstations\/\" target=\"_self\">Quasar UVC-LED<\/a> Aufbereitung ausgestattet werden.<br>\nSie k\u00f6nnen je nach Umgebung und Nutzerbedarf zwischen kontaktloser sensoraktivierter oder manueller Bedienung w\u00e4hlen.<\/p>\n<p>Sowohl das Flaschenf\u00fcllmodul als auch das Trinkbrunnenmodul k\u00f6nnen wahlweise mit gek\u00fchltem oder Umgebungstemperatur Wasser ausgestattet werden.<\/p>\n<p>Diese Flexibilit\u00e4t macht das Oasis System geeignet f\u00fcr Umgebungen, die zuverl\u00e4ssige Leistung, gute Zug\u00e4nglichkeit und strenge Hygienestandards ben\u00f6tigen.<\/p>\n<p class=\"translation-block\">Die optionale Quasar UVC-LED Sterilisation desinfiziert das Wasser direkt am Ausgabepunkt.<br>\nDie ber\u00fchrungslose Aktivierung (optional) unterst\u00fctzt die Hygiene, da gemeinsame Oberfl\u00e4chen nicht ber\u00fchrt werden m\u00fcssen.<\/p>\n<p>Freshield antimikrobieller Schutz hilft, Bakterien und Geruchsbildung auf wichtigen Oberfl\u00e4chen zu reduzieren, w\u00e4hrend das Edelstahlgeh\u00e4use f\u00fcr Haltbarkeit, lange Lebensdauer und ein sauberes, modernes Erscheinungsbild sorgt, das f\u00fcr \u00f6ffentliche Bereiche geeignet ist.<\/p>\n<h3 style=\"color: #007bff;\">Hauptmerkmale<\/h3>\n<ul>\n<li>Kontaktlose oder manuelle Aktivierungsoptionen f\u00fcr sowohl Flaschenf\u00fcller als auch Trinkbrunnen<\/li>\n<li>(Optionale) Quasar UVC-LED Reinigung direkt am Ausgabepunkt<\/li>\n<li class=\"translation-block\"><a href=\"https:\/\/aquaturo.eu\/de\/digitale-flaschenzahler\/\" target=\"_self\">Smart Display<\/a> mit Flaschenz\u00e4hler und Filterbenachrichtigungen (verf\u00fcgbar bei automatischen Flaschenf\u00fcllmodellen)<\/li>\n<li>Automatische zeitgesteuerte Abschaltung f\u00fcr kontrolliertes Flaschenf\u00fcllen<\/li>\n<li>Gek\u00fchlte oder ungek\u00fchlte Wasseroptionen<\/li>\n<li>Freshield antimikrobieller Schutz zur Reduzierung von Bakterien und Geruchsbildung<\/li>\n<li>Robuste Edelstahlkonstruktion mit einer bleifreien Wasserf\u00fchrung<\/li>\n<li>Integrierte Entw\u00e4sserung zur Vermeidung von stehendem Wasser und zur Reduzierung des Reinigungsaufwands<\/li>\n<li>ADA konforme Konfigurationen f\u00fcr universelle Zug\u00e4nglichkeit<\/li>\n<li>100 Mikron Sedimentfiltration zur Reduzierung sichtbarer Partikel<\/li>\n<li class=\"translation-block\">Kompatibel mit <a href=\"https:\/\/aquaturo.eu\/de\/produkt\/oasis-green-filter\/\" target=\"_self\">Oasis Green Filters<\/a> f\u00fcr verbesserte Reinigung und Geschmacksoptimierung<\/li>\n<\/ul>\n<p>Das Oasis System bietet ein hygienisches, nachhaltiges und benutzerfreundliches Trinkwassersystem f\u00fcr Innenbereiche, in denen Sicherheit und Sauberkeit unverzichtbar sind, und ist damit ideal f\u00fcr Krankenh\u00e4user, Labore, Schulen, Lebensmittelproduktionsst\u00e4tten, Verkehrsknotenpunkte, Firmenb\u00fcros und andere stark frequentierte Bereiche, die zuverl\u00e4ssige und gut zug\u00e4ngliche Trinkwassersysteme ben\u00f6tigen.<\/p>","protected":false},"excerpt":{"rendered":"<p>Kontaktlose oder manuelle Flaschenf\u00fcllung mit integriertem Trinkbrunnen f\u00fcr gek\u00fchlte, saubere Water Solutions in stark frequentierten Innenbereichen und zur Reduzierung von Kunststoffabfall<\/p>","protected":false},"featured_media":6669,"comment_status":"closed","ping_status":"closed","template":"","meta":[],"product_brand":[],"product_cat":[71,99,73,72],"product_tag":[102,77,103,76,79],"class_list":{"0":"post-6612","1":"product","2":"type-product","3":"status-publish","4":"has-post-thumbnail","6":"product_cat-water-station-combos","7":"product_cat-manual-water-station-combos","8":"product_cat-contactless-water-station-combos","9":"product_cat-on-wall-water-station-combos","10":"product_tag-cooled","11":"product_tag-filler","12":"product_tag-filtered","13":"product_tag-fountain","14":"product_tag-station","16":"first","17":"instock","18":"featured","19":"taxable","20":"shipping-taxable","21":"purchasable","22":"product-type-variable"},"yoast_head":"<!-- This site is optimized with the Yoast SEO plugin v26.9 - https:\/\/yoast.com\/product\/yoast-seo-wordpress\/ -->\n<title>Oasis water bottle filling station with drinking fountain | aquaturo<\/title>\n<meta name=\"description\" content=\"Hygienic bottle filling and drinking fountain combo with optional UVC-LED purification and cooling. Designed for high-traffic indoor environments.\" \/>\n<meta name=\"robots\" content=\"index, follow, max-snippet:-1, max-image-preview:large, max-video-preview:-1\" \/>\n<link rel=\"canonical\" href=\"https:\/\/aquaturo.eu\/de\/produkte\/oasis-versafiller-versacooler-kombination\/\" \/>\n<script type=\"application\/ld+json\" class=\"yoast-schema-graph\">{\"@context\":\"https:\/\/schema.org\",\"@graph\":[{\"@type\":\"WebPage\",\"@id\":\"https:\/\/aquaturo.eu\/shop\/oasis-versafiller-versacooler-combo\/\",\"url\":\"https:\/\/aquaturo.eu\/shop\/oasis-versafiller-versacooler-combo\/\",\"name\":\"Oasis water bottle filling station with drinking fountain | aquaturo\",\"isPartOf\":{\"@id\":\"https:\/\/aquaturo.eu\/de\/#website\"},\"primaryImageOfPage\":{\"@id\":\"https:\/\/aquaturo.eu\/shop\/oasis-versafiller-versacooler-combo\/#primaryimage\"},\"image\":{\"@id\":\"https:\/\/aquaturo.eu\/shop\/oasis-versafiller-versacooler-combo\/#primaryimage\"},\"thumbnailUrl\":\"https:\/\/aquaturo.eu\/wp-content\/uploads\/2025\/10\/PWEBQ_SSAP8ACTY.jpg\",\"datePublished\":\"2025-10-26T09:22:20+00:00\",\"dateModified\":\"2025-11-20T19:42:55+00:00\",\"description\":\"Hygienic bottle filling and drinking fountain combo with optional UVC-LED purification and cooling. Designed for high-traffic indoor environments.\",\"breadcrumb\":{\"@id\":\"https:\/\/aquaturo.eu\/shop\/oasis-versafiller-versacooler-combo\/#breadcrumb\"},\"inLanguage\":\"de\",\"potentialAction\":[{\"@type\":\"ReadAction\",\"target\":[\"https:\/\/aquaturo.eu\/shop\/oasis-versafiller-versacooler-combo\/\"]}]},{\"@type\":\"ImageObject\",\"inLanguage\":\"de\",\"@id\":\"https:\/\/aquaturo.eu\/shop\/oasis-versafiller-versacooler-combo\/#primaryimage\",\"url\":\"https:\/\/aquaturo.eu\/wp-content\/uploads\/2025\/10\/PWEBQ_SSAP8ACTY.jpg\",\"contentUrl\":\"https:\/\/aquaturo.eu\/wp-content\/uploads\/2025\/10\/PWEBQ_SSAP8ACTY.jpg\",\"width\":1200,\"height\":1200,\"caption\":\"Oasis automatic bottle filler and drinking fountain wall-mounted set, model PWEBFY_SSA+P8ACTY\"},{\"@type\":\"BreadcrumbList\",\"@id\":\"https:\/\/aquaturo.eu\/shop\/oasis-versafiller-versacooler-combo\/#breadcrumb\",\"itemListElement\":[{\"@type\":\"ListItem\",\"position\":1,\"name\":\"Home\",\"item\":\"https:\/\/aquaturo.eu\/\"},{\"@type\":\"ListItem\",\"position\":2,\"name\":\"Shop\",\"item\":\"https:\/\/aquaturo.eu\/shop\/\"},{\"@type\":\"ListItem\",\"position\":3,\"name\":\"Oasis water bottle filling station with drinking fountain\"}]},{\"@type\":\"WebSite\",\"@id\":\"https:\/\/aquaturo.eu\/de\/#website\",\"url\":\"https:\/\/aquaturo.eu\/de\/\",\"name\":\"aquaturo\",\"description\":\"\",\"publisher\":{\"@id\":\"https:\/\/aquaturo.eu\/de\/#organization\"},\"potentialAction\":[{\"@type\":\"SearchAction\",\"target\":{\"@type\":\"EntryPoint\",\"urlTemplate\":\"https:\/\/aquaturo.eu\/de\/?s={search_term_string}\"},\"query-input\":{\"@type\":\"PropertyValueSpecification\",\"valueRequired\":true,\"valueName\":\"search_term_string\"}}],\"inLanguage\":\"de\"},{\"@type\":\"Organization\",\"@id\":\"https:\/\/aquaturo.eu\/de\/#organization\",\"name\":\"aquaturo\",\"url\":\"https:\/\/aquaturo.eu\/de\/\",\"logo\":{\"@type\":\"ImageObject\",\"inLanguage\":\"de\",\"@id\":\"https:\/\/aquaturo.eu\/de\/#\/schema\/logo\/image\/\",\"url\":\"https:\/\/aquaturo.eu\/wp-content\/uploads\/2025\/11\/aquaturo-logo-txt.png\",\"contentUrl\":\"https:\/\/aquaturo.eu\/wp-content\/uploads\/2025\/11\/aquaturo-logo-txt.png\",\"width\":652,\"height\":142,\"caption\":\"aquaturo\"},\"image\":{\"@id\":\"https:\/\/aquaturo.eu\/de\/#\/schema\/logo\/image\/\"}}]}<\/script>\n<!-- \/ Yoast SEO plugin. -->","yoast_head_json":{"title":"Oasis Flaschenf\u00fcllstation mit Trinkbrunnen | aquaturo","description":"Hygienische Flaschenf\u00fcllung und Trinkbrunnen mit UVC-LED Aufbereitung und K\u00fchlung f\u00fcr stark frequentierte Innenbereiche","robots":{"index":"index","follow":"follow","max-snippet":"max-snippet:-1","max-image-preview":"max-image-preview:large","max-video-preview":"max-video-preview:-1"},"canonical":"https:\/\/aquaturo.eu\/de\/produkte\/oasis-versafiller-versacooler-kombination\/","schema":{"@context":"https:\/\/schema.org","@graph":[{"@type":"WebPage","@id":"https:\/\/aquaturo.eu\/shop\/oasis-versafiller-versacooler-combo\/","url":"https:\/\/aquaturo.eu\/shop\/oasis-versafiller-versacooler-combo\/","name":"Oasis Flaschenf\u00fcllstation mit Trinkbrunnen | aquaturo","isPartOf":{"@id":"https:\/\/aquaturo.eu\/de\/#website"},"primaryImageOfPage":{"@id":"https:\/\/aquaturo.eu\/shop\/oasis-versafiller-versacooler-combo\/#primaryimage"},"image":{"@id":"https:\/\/aquaturo.eu\/shop\/oasis-versafiller-versacooler-combo\/#primaryimage"},"thumbnailUrl":"https:\/\/aquaturo.eu\/wp-content\/uploads\/2025\/10\/PWEBQ_SSAP8ACTY.jpg","datePublished":"2025-10-26T09:22:20+00:00","dateModified":"2025-11-20T19:42:55+00:00","description":"Hygienische Flaschenf\u00fcllung und Trinkbrunnen mit UVC-LED Aufbereitung und K\u00fchlung f\u00fcr stark frequentierte Innenbereiche","breadcrumb":{"@id":"https:\/\/aquaturo.eu\/shop\/oasis-versafiller-versacooler-combo\/#breadcrumb"},"inLanguage":"de","potentialAction":[{"@type":"ReadAction","target":["https:\/\/aquaturo.eu\/shop\/oasis-versafiller-versacooler-combo\/"]}]},{"@type":"ImageObject","inLanguage":"de","@id":"https:\/\/aquaturo.eu\/shop\/oasis-versafiller-versacooler-combo\/#primaryimage","url":"https:\/\/aquaturo.eu\/wp-content\/uploads\/2025\/10\/PWEBQ_SSAP8ACTY.jpg","contentUrl":"https:\/\/aquaturo.eu\/wp-content\/uploads\/2025\/10\/PWEBQ_SSAP8ACTY.jpg","width":1200,"height":1200,"caption":"Oasis automatic bottle filler and drinking fountain wall-mounted set, model PWEBFY_SSA+P8ACTY"},{"@type":"BreadcrumbList","@id":"https:\/\/aquaturo.eu\/shop\/oasis-versafiller-versacooler-combo\/#breadcrumb","itemListElement":[{"@type":"ListItem","position":1,"name":"Home","item":"https:\/\/aquaturo.eu\/"},{"@type":"ListItem","position":2,"name":"Shop","item":"https:\/\/aquaturo.eu\/shop\/"},{"@type":"ListItem","position":3,"name":"Oasis water bottle filling station with drinking fountain"}]},{"@type":"WebSite","@id":"https:\/\/aquaturo.eu\/de\/#website","url":"https:\/\/aquaturo.eu\/de\/","name":"aquaturo","description":"","publisher":{"@id":"https:\/\/aquaturo.eu\/de\/#organization"},"potentialAction":[{"@type":"SearchAction","target":{"@type":"EntryPoint","urlTemplate":"https:\/\/aquaturo.eu\/de\/?s={search_term_string}"},"query-input":{"@type":"PropertyValueSpecification","valueRequired":true,"valueName":"search_term_string"}}],"inLanguage":"de"},{"@type":"Organization","@id":"https:\/\/aquaturo.eu\/de\/#organization","name":"aquaturo","url":"https:\/\/aquaturo.eu\/de\/","logo":{"@type":"ImageObject","inLanguage":"de","@id":"https:\/\/aquaturo.eu\/de\/#\/schema\/logo\/image\/","url":"https:\/\/aquaturo.eu\/wp-content\/uploads\/2025\/11\/aquaturo-logo-txt.png","contentUrl":"https:\/\/aquaturo.eu\/wp-content\/uploads\/2025\/11\/aquaturo-logo-txt.png","width":652,"height":142,"caption":"aquaturo"},"image":{"@id":"https:\/\/aquaturo.eu\/de\/#\/schema\/logo\/image\/"}}]}},"_links":{"self":[{"href":"https:\/\/aquaturo.eu\/de\/wp-json\/wp\/v2\/product\/6612","targetHints":{"allow":["GET"]}}],"collection":[{"href":"https:\/\/aquaturo.eu\/de\/wp-json\/wp\/v2\/product"}],"about":[{"href":"https:\/\/aquaturo.eu\/de\/wp-json\/wp\/v2\/types\/product"}],"replies":[{"embeddable":true,"href":"https:\/\/aquaturo.eu\/de\/wp-json\/wp\/v2\/comments?post=6612"}],"wp:featuredmedia":[{"embeddable":true,"href":"https:\/\/aquaturo.eu\/de\/wp-json\/wp\/v2\/media\/6669"}],"wp:attachment":[{"href":"https:\/\/aquaturo.eu\/de\/wp-json\/wp\/v2\/media?parent=6612"}],"wp:term":[{"taxonomy":"product_brand","embeddable":true,"href":"https:\/\/aquaturo.eu\/de\/wp-json\/wp\/v2\/product_brand?post=6612"},{"taxonomy":"product_cat","embeddable":true,"href":"https:\/\/aquaturo.eu\/de\/wp-json\/wp\/v2\/product_cat?post=6612"},{"taxonomy":"product_tag","embeddable":true,"href":"https:\/\/aquaturo.eu\/de\/wp-json\/wp\/v2\/product_tag?post=6612"}],"curies":[{"name":"wp","href":"https:\/\/api.w.org\/{rel}","templated":true}]}}